{"id":857,"date":"2018-07-16T12:57:26","date_gmt":"2018-07-16T10:57:26","guid":{"rendered":"https:\/\/nettsteder.regjeringen.no\/visum\/?page_id=857"},"modified":"2025-11-04T14:54:42","modified_gmt":"2025-11-04T13:54:42","slug":"somalia","status":"publish","type":"page","link":"https:\/\/nettsteder.regjeringen.no\/visum\/land\/somalia\/","title":{"rendered":"Somalia"},"content":{"rendered":"<div id=\"module-0\" class=\"hogan-module hogan-module-text hogan-module-0 text-wrap\"><div class=\"hogan-module-inner clearfix\"><p><a class=\"button\" href=\"https:\/\/etas.gov.so\/\" target=\"_blank\" rel=\"noopener\">Elektronisk s\u00f8knadsportal (m\u00e5 benyttes)<\/a><\/p>\n<p>&nbsp;<\/p><\/div><\/div><div id=\"module-1\" class=\"hogan-module hogan-module-dss_sidebar hogan-module-1\"><div class=\"hogan-module-inner\"><div class=\"columns sidebar-columns\">\n\t<div class=\"column text-wrap\">\n\t\t<p>Representasjon: n\u00e6rmeste ambassade er i Paris<br \/>\nVisumkrav:\u00a0<strong>Ja<\/strong><br \/>\nVisum ved ankomst: <strong>Ja<\/strong><\/p>\n<p>Somalia har innf\u00f8rt en elektronisk visums\u00f8knad, og passet skal ikke leveres til ambassaden.<\/p>\n<ul>\n<li>Alle typer innreiser til Somalia krever s\u00f8knad om visum.<\/li>\n<li>S\u00f8knad med tjeneste- eller diplomapass skal v\u00e6re avgiftsfri.<\/li>\n<li>S\u00f8knadsprosessen for visum til Somalia er ny, s\u00e5 her har ikke Diplomatseksjonen mottatt all informasjon om prosessen enda. Skal du s\u00f8ke visum til Somalia kontakt oss p\u00e5 visum@mfa.no om du har behov for f\u00f8lgenote eller annen info.<\/li>\n<\/ul>\n<p>Behandlingstid: ca. 48 timer, men s\u00f8k gjerne i god tid.<\/p>\t<\/div>\n\t<div class=\"column text-wrap\">\n\t\t<section class=\"widget text-2 widget_text\"><h3>Kontakt<\/h3>\t\t\t<div class=\"textwidget\"><p><a href=\"mailto:visum@mfa.no\">visum@mfa.no<\/a><\/p>\n<p><strong>Ekspedisjonstider<\/strong><\/p>\n<p>Det er drop-in for UD-ansatte p\u00e5 MK3110 mandag-torsdag kl 0900-1000. For eksterne leveres s\u00f8knader i samme tidsrom i resepsjonen i UD, Midtkvartalet, Victoria terrasse 7.<\/p>\n<p><strong>Samleoversikt for informasjon til Det diplomatiske korps i Norge<\/strong><br \/>\n<a href=\"https:\/\/www.regjeringen.no\/en\/dep\/ud\/about_mfa\/diplomatic_relations\/id447053\/\">Diplomatic relations<\/a> (regjeringen.no)<\/p>\n<p><strong>Oversikt over kontaktinformasjon til alle ambassader i Oslo ligger p\u00e5 samme side.<\/strong><\/p>\n<p>&nbsp;<\/p>\n<\/div>\n\t\t<\/section>\t<\/div>\n<\/div>\n<\/div><\/div>\n<div class=\"module module-was-this-helpful\">\n\t<div class=\"text-wrap\">\n\t\t<h2>Var dette nyttig?<\/h2>\n\t\t<form id=\"dekode-wth-form\">\n\t\t\t<button id=\"dekode-wth-yes\" class=\"button\" name=\"dekode-wth-feedback\" type=\"submit\"\n\t\t\t\t\tvalue=\"1\">Ja<\/button>\n\t\t\t<button id=\"dekode-wth-no\" class=\"button\" name=\"dekode-wth-feedback\" type=\"submit\"\n\t\t\t\t\tvalue=\"0\">Nei<\/button>\n\t\t\t<input type=\"hidden\" name=\"post_id\" value=\"857\"\/>\n\t\t<\/form>\n\t<\/div>\n<\/div>\n","protected":false},"excerpt":{"rendered":"<p>Elektronisk s\u00f8knadsportal (m\u00e5 benyttes) &nbsp; Representasjon: n\u00e6rmeste ambassade er i Paris Visumkrav:\u00a0Ja Visum ved ankomst: Ja Somalia har innf\u00f8rt en &#8230;<\/p>\n","protected":false},"author":533,"featured_media":0,"parent":99,"menu_order":0,"comment_status":"closed","ping_status":"closed","template":"","meta":{"_acf_changed":false,"footnotes":""},"class_list":["post-857","page","type-page","status-publish","hentry"],"acf":[],"language":"nb-NO","_links":{"self":[{"href":"https:\/\/nettsteder.regjeringen.no\/visum\/wp-json\/wp\/v2\/pages\/857","targetHints":{"allow":["GET"]}}],"collection":[{"href":"https:\/\/nettsteder.regjeringen.no\/visum\/wp-json\/wp\/v2\/pages"}],"about":[{"href":"https:\/\/nettsteder.regjeringen.no\/visum\/wp-json\/wp\/v2\/types\/page"}],"author":[{"embeddable":true,"href":"https:\/\/nettsteder.regjeringen.no\/visum\/wp-json\/wp\/v2\/users\/533"}],"replies":[{"embeddable":true,"href":"https:\/\/nettsteder.regjeringen.no\/visum\/wp-json\/wp\/v2\/comments?post=857"}],"version-history":[{"count":3,"href":"https:\/\/nettsteder.regjeringen.no\/visum\/wp-json\/wp\/v2\/pages\/857\/revisions"}],"predecessor-version":[{"id":3123,"href":"https:\/\/nettsteder.regjeringen.no\/visum\/wp-json\/wp\/v2\/pages\/857\/revisions\/3123"}],"up":[{"embeddable":true,"href":"https:\/\/nettsteder.regjeringen.no\/visum\/wp-json\/wp\/v2\/pages\/99"}],"wp:attachment":[{"href":"https:\/\/nettsteder.regjeringen.no\/visum\/wp-json\/wp\/v2\/media?parent=857"}],"curies":[{"name":"wp","href":"https:\/\/api.w.org\/{rel}","templated":true}]}}