{"id":479,"date":"2018-07-16T11:10:34","date_gmt":"2018-07-16T09:10:34","guid":{"rendered":"https:\/\/nettsteder.regjeringen.no\/visum\/?page_id=479"},"modified":"2026-04-16T09:54:24","modified_gmt":"2026-04-16T07:54:24","slug":"indonesia","status":"publish","type":"page","link":"https:\/\/nettsteder.regjeringen.no\/visum\/land\/indonesia\/","title":{"rendered":"Indonesia"},"content":{"rendered":"<div id=\"module-0\" class=\"hogan-module hogan-module-text hogan-module-0 text-wrap\"><div class=\"hogan-module-inner clearfix\"><p><a class=\"button\" href=\"https:\/\/lovdata.no\/dokument\/TRAKTAT\/traktat\/2017-06-12-9\" target=\"_blank\" rel=\"noopener\">Avtale mellom Norge og Indonesia om fritak for visumplikt for innehavere av diplomatpass og tjenestepass<\/a><\/p>\n<p><a class=\"button\" href=\"https:\/\/files.nettsteder.regjeringen.no\/wpuploads01\/sites\/313\/2025\/11\/User-Manual-Visa-Indonesia.pdf\" target=\"_blank\" rel=\"noopener\">Veiledning visums\u00f8knad &#8211; kun ved tjenestegj\u00f8ring<\/a><\/p>\n<p><a class=\"button\" href=\"https:\/\/kemlu.go.id\/files\/childmenu\/additional_file\/174177687067d167e6869f4_Form_Visa.pdf\" target=\"_blank\" rel=\"noopener\">S\u00f8knadsskjema &#8211; kun ved tjenestegj\u00f8ring<\/a><\/p>\n<p><a class=\"button\" href=\"https:\/\/kemlu.go.id\/files\/childmenu\/additional_file\/174177687067d167e6869f4_Form_Visa.pdf\" target=\"_blank\" rel=\"noopener\">E-Arrival Card<\/a><\/p>\n<p><a class=\"button\" href=\"https:\/\/allindonesia.imigrasi.go.id\/\" target=\"_blank\" rel=\"noopener\">Ambassadens nettside<\/a><\/p><\/div><\/div><div id=\"module-1\" class=\"hogan-module hogan-module-dss_sidebar hogan-module-1\"><div class=\"hogan-module-inner\"><div class=\"columns sidebar-columns\">\n\t<div class=\"column text-wrap\">\n\t\t<p>Representasjon: Oslo<br \/>\nVisumkrav: <strong>Nei &#8211; tjenestereise (inntil 30 dager)<\/strong>.<br \/>\nVisumkrav: <strong>Ja &#8211; tjenestegj\u00f8ring.\u00a0<\/strong>Se beskrivelse nedenfor.<\/p>\n<p><strong>Alle reisende til Indonesia m\u00e5 fylle inn e-Arrival Card f\u00f8r ankomst! Se link over.<\/strong><\/p>\n<p>&nbsp;<\/p>\n<p>Tjenestegj\u00f8ring:<\/p>\n<ul>\n<li>Les veiledning visums\u00f8knad f\u00f8r du begynner utfylling av elektronisk s\u00f8knadsskjema.<\/li>\n<li>Fyll ut elektronisk s\u00f8knadsskjema.<\/li>\n<li>Pass, kopi av f\u00f8dselsattest for medf\u00f8lgende familiemedlemmer, utskrift av ferdig visums\u00f8knad, bilde og andre tilh\u00f8rende dokumenter leveres inn til Diplomatseksjonen, se ekspedisjonstider lenger ned p\u00e5 siden.<\/li>\n<li>Fyll inn e-arrival card<\/li>\n<\/ul>\n<p>Tjenestereise over 30 dager:<\/p>\n<p>For tjenestereiser over 30 dager kreves visum. Dette kan s\u00f8kes ved ankomst eller p\u00e5 forh\u00e5nd via denne linken &#8211; <a href=\"https:\/\/evisa.imigrasi.go.id\/\">The Official eVisa website for Indonesia.<\/a><\/p>\n<h2><\/h2>\n<p>&nbsp;<\/p>\n<h2>Bilder<\/h2>\n<ul>\n<li>1 passfoto i farger med hvit bakgrunn. 3 x 4cm.<\/li>\n<li>Papirkopi\/utskrift\/skannet er ikke akseptabelt.<\/li>\n<\/ul>\n<p>Behandlingstid ved ambassaden: ca 2 uker.<\/p>\t<\/div>\n\t<div class=\"column text-wrap\">\n\t\t<section class=\"widget_text widget custom_html-7 widget_custom_html\"><div class=\"textwidget custom-html-widget\"><\/div><\/section><section class=\"widget_text widget custom_html-4 widget_custom_html\"><h3>Merknader<\/h3><div class=\"textwidget custom-html-widget\"><div class=\"highlight\">\r\n<ul>\r\n<li>\r\n<strong>Tjenestereise:<\/strong> Send e-post p\u00e5 engelsk til <a href=\"mailto:visum@mfa.no\">visum@mfa.no<\/a> med detaljert beskrivelse av form\u00e5let med reisen og tidspunkt for inn- og utreise. <font color=\"#FF0000\">Manglende informasjon f\u00f8rer til lengre saksbehandlingstid, og i verste fall blir s\u00f8knaden avsl\u00e5tt.<\/font><\/li>\r\n\t<br>\r\n<li>\r\n<strong>For tjenestegj\u00f8ring: <\/strong> Send e-post med stilling\/tittel, antatt ankomstdato, lengde p\u00e5 tjenestegj\u00f8ringen, samt fullt navn og stilling\/tittel p\u00e5 forgjenger til <a href=\"mailto:visum@mfa.no\">visum@mfa.no<\/a> <font color=\"#FF0000\"> Husk \u00e5 ta med papirkopi av vedlegg til arbeidsavtale ved forflytning.<\/font><\/li>\r\n\t<br>\r\n<li>\r\nPasset m\u00e5 v\u00e6re gyldig i minst 6 m\u00e5neder p\u00e5 hjemreisedato, og passfoto til visums\u00f8knad skal ikke v\u00e6re eldre enn 6 m\u00e5neder. <font color=\"#FF0000\">Passet skal leveres sammen med s\u00f8knaden.<\/font><\/li>\r\n<br>\r\n<li>\r\nTo ganger fargekopi av bildesiden i passet m\u00e5 leveres sammen med s\u00f8knaden. <\/li>\r\n\r\n\r\n\r\n<\/ul>\r\n<\/div><\/div><\/section><section class=\"widget_text widget custom_html-5 widget_custom_html\"><h3>Kontakt<\/h3><div class=\"textwidget custom-html-widget\"><a href=\"mailto:visum@mfa.no\">visum@mfa.no<\/a>\r\n\r\n<br \/><br \/>\r\n<strong>Ekspedisjonstider<\/strong><br \/>\r\nDet er drop-in for UD-ansatte p\u00e5 MK3110 mandag-torsdag kl 0900-1000. For eksterne leveres s\u00f8knader i samme tidsrom i resepsjonen i UD, Midtkvartalet, Victoria terrasse 7. \r\n<br \/><br \/>\r\nSamleoversikt for informasjon til Det diplomatiske korps i Norge\r\n<a href=\"https:\/\/www.regjeringen.no\/en\/dep\/ud\/about_mfa\/diplomatic_relations\/id447053\/\">Diplomatic relations<\/a> (regjeringen.no). <br \/>\r\nOversikt over kontaktinformasjon til alle ambassader i Oslo ligger p\u00e5 samme side<br \/><br \/><\/div><\/section><section class=\"widget_text widget custom_html-3 widget_custom_html\"><h3>Se ogs\u00e5<\/h3><div class=\"textwidget custom-html-widget\"><a class=\"button\" href=\"https:\/\/nettsteder.regjeringen.no\/visum\/retningslinjer\/\">Retningslinjer<\/a>  <a class=\"button\" href=\"https:\/\/nettsteder.regjeringen.no\/visum\/sjekkliste\/\">Sjekkliste<\/a> <a class=\"button\" href=\"https:\/\/nettsteder.regjeringen.no\/visum\/land\/\">Land<\/a><\/div><\/section>\t<\/div>\n<\/div>\n<\/div><\/div>\n<div class=\"module module-was-this-helpful\">\n\t<div class=\"text-wrap\">\n\t\t<h2>Var dette nyttig?<\/h2>\n\t\t<form id=\"dekode-wth-form\">\n\t\t\t<button id=\"dekode-wth-yes\" class=\"button\" name=\"dekode-wth-feedback\" type=\"submit\"\n\t\t\t\t\tvalue=\"1\">Ja<\/button>\n\t\t\t<button id=\"dekode-wth-no\" class=\"button\" name=\"dekode-wth-feedback\" type=\"submit\"\n\t\t\t\t\tvalue=\"0\">Nei<\/button>\n\t\t\t<input type=\"hidden\" name=\"post_id\" value=\"479\"\/>\n\t\t<\/form>\n\t<\/div>\n<\/div>\n","protected":false},"excerpt":{"rendered":"<p>Avtale mellom Norge og Indonesia om fritak for visumplikt for innehavere av diplomatpass og tjenestepass Veiledning visums\u00f8knad &#8211; kun ved &#8230;<\/p>\n","protected":false},"author":533,"featured_media":0,"parent":99,"menu_order":0,"comment_status":"closed","ping_status":"closed","template":"","meta":{"_acf_changed":false,"footnotes":""},"class_list":["post-479","page","type-page","status-publish","hentry"],"acf":[],"language":"nb-NO","_links":{"self":[{"href":"https:\/\/nettsteder.regjeringen.no\/visum\/wp-json\/wp\/v2\/pages\/479","targetHints":{"allow":["GET"]}}],"collection":[{"href":"https:\/\/nettsteder.regjeringen.no\/visum\/wp-json\/wp\/v2\/pages"}],"about":[{"href":"https:\/\/nettsteder.regjeringen.no\/visum\/wp-json\/wp\/v2\/types\/page"}],"author":[{"embeddable":true,"href":"https:\/\/nettsteder.regjeringen.no\/visum\/wp-json\/wp\/v2\/users\/533"}],"replies":[{"embeddable":true,"href":"https:\/\/nettsteder.regjeringen.no\/visum\/wp-json\/wp\/v2\/comments?post=479"}],"version-history":[{"count":5,"href":"https:\/\/nettsteder.regjeringen.no\/visum\/wp-json\/wp\/v2\/pages\/479\/revisions"}],"predecessor-version":[{"id":3172,"href":"https:\/\/nettsteder.regjeringen.no\/visum\/wp-json\/wp\/v2\/pages\/479\/revisions\/3172"}],"up":[{"embeddable":true,"href":"https:\/\/nettsteder.regjeringen.no\/visum\/wp-json\/wp\/v2\/pages\/99"}],"wp:attachment":[{"href":"https:\/\/nettsteder.regjeringen.no\/visum\/wp-json\/wp\/v2\/media?parent=479"}],"curies":[{"name":"wp","href":"https:\/\/api.w.org\/{rel}","templated":true}]}}