{"id":31,"date":"2018-05-31T08:58:54","date_gmt":"2018-05-31T06:58:54","guid":{"rendered":"https:\/\/nettsteder.regjeringen.no\/visum\/?page_id=31"},"modified":"2025-11-03T12:51:08","modified_gmt":"2025-11-03T11:51:08","slug":"sjekkliste","status":"publish","type":"page","link":"https:\/\/nettsteder.regjeringen.no\/visum\/sjekkliste\/","title":{"rendered":"Sjekkliste visum"},"content":{"rendered":"<div id=\"module-0\" class=\"hogan-module hogan-module-dss_sidebar hogan-module-0\"><div class=\"hogan-module-inner\"><div class=\"columns sidebar-columns\">\n\t<div class=\"column text-wrap\">\n\t\t<p><a class=\"button\" href=\"https:\/\/files.nettsteder.regjeringen.no\/wpuploads01\/sites\/313\/2025\/11\/Sjekkliste-Visum.pdf\">Sjekkliste utskriftsversjon<\/a><\/p>\n<ul>\n<li>Sjekk om du faktisk trenger visum <a href=\"https:\/\/nettsteder.regjeringen.no\/visum\/land\/\">her<\/a><\/li>\n<li>Sjekk i <a href=\"https:\/\/nettsteder.regjeringen.no\/visum\/retningslinjer\/\">retningslinjene<\/a> om du tilh\u00f8rer kategorien av s\u00f8kere hvor Utenriksdepartementet bist\u00e5r med innhenting av visum. Hvis ikke m\u00e5 du og din arbeidsgiver selv innhente visumet.<\/li>\n<li>Sjekk at du har pass som er gyldig i minst 6 m\u00e5neder utover oppholdet i landet du skal bes\u00f8ke.<\/li>\n<li>Sjekk visumkrav for aktuelt land i <a href=\"https:\/\/nettsteder.regjeringen.no\/visum\/land\/\">landlisten<\/a>.<\/li>\n<li>Sjekk om det er flere som skal p\u00e5 samme reise. Dersom flere reiser sammen bes\u00a0<strong>\u00e9n <\/strong>av de reisende s\u00f8rge for at s\u00f8knadene blir levert samlet til Diplomatseksjonen.<\/li>\n<li>Fyll inn s\u00f8knadsskjemaet. Ta en ekstra kopi av den utfylte s\u00f8knaden og behold denne til visum er utstedt.<\/li>\n<li>Legg ved korrekt antall passfoto\/lim p\u00e5 s\u00f8knaden dersom dette er et krav. Sjekk om digitalt foto skal lastes opp i en eventuell elektronisk s\u00f8knad.<\/li>\n<li><strong>Legg ved 2 fargekopier av ID-siden i passet.\u00a0 Dette er et generelt krav til alle s\u00f8knader.<\/strong><\/li>\n<li>Det er midlertidig stans i booking av time for innlevering av visums\u00f8knad. Det er drop-in for UD-ansatte p\u00e5 MK3110 mandag-torsdag kl 0900-1000. For eksterne leveres s\u00f8knader i samme tidsrom i resepsjonen i UD, Midtkvartalet, Victoria terrasse 7. Ved <u>hastesaker<\/u> kontakt <a href=\"mailto:visum@mfa.no\">visum@mfa.no<\/a> for foresp\u00f8rsel om innlevering av s\u00f8knader utover drop-in tiden.<\/li>\n<li>E-post p\u00e5 engelsk med beskrivelse av form\u00e5let med reisen og fra- og til-dato p\u00e5 visum sendes til <a href=\"mailto:visum@mfa.no\">visum@mfa.no<\/a>.<\/li>\n<li>Lever komplett s\u00f8knad for alle reisende samlet til Diplomatseksjonen.<strong> S\u00f8knader med manglende dokumentasjon kan ikke oversendes ambassade. Det er s\u00f8kers ansvar \u00e5 levere kopi av n\u00f8dvendige vedlegg.<\/strong><\/li>\n<\/ul>\n<p>&nbsp;<\/p>\n<ul>\n<li><u><a href=\"https:\/\/nettsteder.regjeringen.no\/visum\/retningslinjer\/\">Les retningslinjene<\/a><\/u> om\u00a0hvordan du selv kan levere s\u00f8knad p\u00e5 aktuell ambassade dersom det haster meget.<\/li>\n<\/ul>\t<\/div>\n\t<div class=\"column text-wrap\">\n\t\t<section class=\"widget text-2 widget_text\"><h3>Kontakt<\/h3>\t\t\t<div class=\"textwidget\"><p><a href=\"mailto:visum@mfa.no\">visum@mfa.no<\/a><\/p>\n<p><strong>Ekspedisjonstider<\/strong><\/p>\n<p>Det er drop-in for UD-ansatte p\u00e5 MK3110 mandag-torsdag kl 0900-1000. For eksterne leveres s\u00f8knader i samme tidsrom i resepsjonen i UD, Midtkvartalet, Victoria terrasse 7.<\/p>\n<p><strong>Samleoversikt for informasjon til Det diplomatiske korps i Norge<\/strong><br \/>\n<a href=\"https:\/\/www.regjeringen.no\/en\/dep\/ud\/about_mfa\/diplomatic_relations\/id447053\/\">Diplomatic relations<\/a> (regjeringen.no)<\/p>\n<p><strong>Oversikt over kontaktinformasjon til alle ambassader i Oslo ligger p\u00e5 samme side.<\/strong><\/p>\n<p>&nbsp;<\/p>\n<\/div>\n\t\t<\/section>\t<\/div>\n<\/div>\n<\/div><\/div>\n<div class=\"module module-was-this-helpful\">\n\t<div class=\"text-wrap\">\n\t\t<h2>Var dette nyttig?<\/h2>\n\t\t<form id=\"dekode-wth-form\">\n\t\t\t<button id=\"dekode-wth-yes\" class=\"button\" name=\"dekode-wth-feedback\" type=\"submit\"\n\t\t\t\t\tvalue=\"1\">Ja<\/button>\n\t\t\t<button id=\"dekode-wth-no\" class=\"button\" name=\"dekode-wth-feedback\" type=\"submit\"\n\t\t\t\t\tvalue=\"0\">Nei<\/button>\n\t\t\t<input type=\"hidden\" name=\"post_id\" value=\"31\"\/>\n\t\t<\/form>\n\t<\/div>\n<\/div>\n","protected":false},"excerpt":{"rendered":"<p>Sjekkliste utskriftsversjon Sjekk om du faktisk trenger visum her Sjekk i retningslinjene om du tilh\u00f8rer kategorien av s\u00f8kere hvor Utenriksdepartementet &#8230;<\/p>\n","protected":false},"author":306,"featured_media":1967,"parent":0,"menu_order":0,"comment_status":"closed","ping_status":"closed","template":"","meta":{"_acf_changed":false,"footnotes":""},"class_list":["post-31","page","type-page","status-publish","has-post-thumbnail","hentry"],"acf":[],"language":"nb-NO","_links":{"self":[{"href":"https:\/\/nettsteder.regjeringen.no\/visum\/wp-json\/wp\/v2\/pages\/31","targetHints":{"allow":["GET"]}}],"collection":[{"href":"https:\/\/nettsteder.regjeringen.no\/visum\/wp-json\/wp\/v2\/pages"}],"about":[{"href":"https:\/\/nettsteder.regjeringen.no\/visum\/wp-json\/wp\/v2\/types\/page"}],"author":[{"embeddable":true,"href":"https:\/\/nettsteder.regjeringen.no\/visum\/wp-json\/wp\/v2\/users\/306"}],"replies":[{"embeddable":true,"href":"https:\/\/nettsteder.regjeringen.no\/visum\/wp-json\/wp\/v2\/comments?post=31"}],"version-history":[{"count":3,"href":"https:\/\/nettsteder.regjeringen.no\/visum\/wp-json\/wp\/v2\/pages\/31\/revisions"}],"predecessor-version":[{"id":3118,"href":"https:\/\/nettsteder.regjeringen.no\/visum\/wp-json\/wp\/v2\/pages\/31\/revisions\/3118"}],"wp:featuredmedia":[{"embeddable":true,"href":"https:\/\/nettsteder.regjeringen.no\/visum\/wp-json\/wp\/v2\/media\/1967"}],"wp:attachment":[{"href":"https:\/\/nettsteder.regjeringen.no\/visum\/wp-json\/wp\/v2\/media?parent=31"}],"curies":[{"name":"wp","href":"https:\/\/api.w.org\/{rel}","templated":true}]}}