{"id":6,"date":"2022-07-20T12:23:14","date_gmt":"2022-07-20T10:23:14","guid":{"rendered":"https:\/\/nettsteder.regjeringen.no\/varselutvalget\/?page_id=6"},"modified":"2022-07-20T13:21:23","modified_gmt":"2022-07-20T11:21:23","slug":"om-utvalget","status":"publish","type":"page","link":"https:\/\/nettsteder.regjeringen.no\/varselutvalget\/","title":{"rendered":"Om utvalget"},"content":{"rendered":"\n<p>Varselutvalget skal gjennomg\u00e5 varselordningene til Helsetilsynet og Statens unders\u00f8kelseskommisjon for helse- og omsorgstjenesten (Ukom). Utvalget skal se p\u00e5 hvordan ordningene blir praktisert i dag, og hvordan de blir fulgt opp av virksomhetene, Helsetilsynet og Ukom, i tillegg til hvilke konsekvenser dette har for Statsforvalteren. Utvalget skal  avgi sin rapport innen 1. april 2023.<\/p>\n","protected":false},"excerpt":{"rendered":"<p>Varselutvalget skal gjennomg\u00e5 varselordningene til Helsetilsynet og Statens unders\u00f8kelseskommisjon for helse- og omsorgstjenesten (Ukom). Utvalget skal se p\u00e5 hvordan ordningene blir praktisert i dag, og hvordan de blir fulgt opp av virksomhetene, Helsetilsynet og Ukom, i tillegg til hvilke konsekvenser dette har for Statsforvalteren. Utvalget skal avgi sin rapport innen 1. april 2023.<\/p>\n","protected":false},"author":2877,"featured_media":0,"parent":0,"menu_order":0,"comment_status":"closed","ping_status":"closed","template":"","meta":{"dss_simple_post_excerpt":"","dss_show_featured_image":true,"footnotes":""},"class_list":["post-6","page","type-page","status-publish","hentry"],"language":"nb-NO","_links":{"self":[{"href":"https:\/\/nettsteder.regjeringen.no\/varselutvalget\/wp-json\/wp\/v2\/pages\/6","targetHints":{"allow":["GET"]}}],"collection":[{"href":"https:\/\/nettsteder.regjeringen.no\/varselutvalget\/wp-json\/wp\/v2\/pages"}],"about":[{"href":"https:\/\/nettsteder.regjeringen.no\/varselutvalget\/wp-json\/wp\/v2\/types\/page"}],"author":[{"embeddable":true,"href":"https:\/\/nettsteder.regjeringen.no\/varselutvalget\/wp-json\/wp\/v2\/users\/2877"}],"replies":[{"embeddable":true,"href":"https:\/\/nettsteder.regjeringen.no\/varselutvalget\/wp-json\/wp\/v2\/comments?post=6"}],"version-history":[{"count":3,"href":"https:\/\/nettsteder.regjeringen.no\/varselutvalget\/wp-json\/wp\/v2\/pages\/6\/revisions"}],"predecessor-version":[{"id":52,"href":"https:\/\/nettsteder.regjeringen.no\/varselutvalget\/wp-json\/wp\/v2\/pages\/6\/revisions\/52"}],"wp:attachment":[{"href":"https:\/\/nettsteder.regjeringen.no\/varselutvalget\/wp-json\/wp\/v2\/media?parent=6"}],"curies":[{"name":"wp","href":"https:\/\/api.w.org\/{rel}","templated":true}]}}