{"id":60,"date":"2025-07-04T11:50:22","date_gmt":"2025-07-04T09:50:22","guid":{"rendered":"https:\/\/nettsteder.regjeringen.no\/ungdomsloftet\/?page_id=60"},"modified":"2026-03-23T09:29:05","modified_gmt":"2026-03-23T08:29:05","slug":"hva-er-ungdomsloftet","status":"publish","type":"page","link":"https:\/\/nettsteder.regjeringen.no\/ungdomsloftet\/hva-er-ungdomsloftet\/","title":{"rendered":"Hva er ungdomsl\u00f8ftet?"},"content":{"rendered":"\n<h2 class=\"wp-block-heading\" style=\"font-size:clamp(20px, 1.25rem + ((1vw - 3.2px) * 1.481), 32px);\">Hva er ungdomsl\u00f8ftet?<\/h2>\n\n\n<p class=\"t2-ingress wp-block-t2-ingress\">Ungdomsl\u00f8ftet er regjeringens satsing for \u00e5 f\u00e5 flere unge som st\u00e5r utenfor arbeidslivet inn i jobb. Vi vil gi flere unge bedre muligheter i arbeidslivet. Samtidig vil vi styrke arbeidsplassenes tilgang p\u00e5 arbeidskraft.<\/p>\n\n\n<p>Jobberfaring i ung alder kan bidra til en varig tilknytning til arbeidslivet. Det kan v\u00e6re sommerjobb, deltidsjobb, praksisplass eller vikariat. Det som teller er veien inn, og hva den kan bety p\u00e5 sikt. Ungdomsl\u00f8ftet handler ogs\u00e5 om \u00e5 gi unge veier inn i fellesskapet.<\/p>\n\n\n\n<h2 class=\"wp-block-heading has-text-color has-link-color wp-elements-a08110b40ec85a27b1aab2c5f532b472\" style=\"color:#009b9f\">Ungdomsl\u00f8ftet er to ting<\/h2>\n\n\n\n<ul class=\"wp-block-list is-layout-flow wp-block-list-is-layout-flow\">\n<li>En \u00abparaply\u00bb for mange ulike arbeidsrettede tiltak som allerede er igangsatt, som er p\u00e5 trappene eller som kommer, som har det til felles at de skal bidra til at unge f\u00e5r jobberfaring.&nbsp;<\/li>\n\n\n\n<li>En ny avtale, der regjeringen, partene i arbeidslivet, store virksomheter og frivillige organisasjoner forplikter seg til sammen \u00e5 jobbe for \u00e5 n\u00e5 det overordnede m\u00e5let \u2013 flere unge inn i jobb.\u00a0<\/li>\n\n\n\n<li><a href=\"https:\/\/www.regjeringen.no\/contentassets\/050a4009b8544b7f816da9578bf42a81\/intensjonsavtale-signert.pdf\">Les eller laste ned intensjonsavtalen<\/a>.<\/li>\n<\/ul>\n\n\n\n<h2 class=\"wp-block-heading has-text-color has-link-color wp-elements-050cd0bea9a778286774676e13181510\" style=\"color:#009b9f\">M\u00e5l med ungdomsl\u00f8ftet<\/h2>\n\n\n\n<p>30&nbsp;000 flere sysselsatte under 30 \u00e5r i 2030.<\/p>\n\n\n\n<p><em>\u00c5 v\u00e6re sysselsatt inneb\u00e6rer \u00e5 jobbe \u2013 enten det er i en liten stilling; full stilling; i fast stilling eller p\u00e5 midlertidig kontrakt; ved siden av skole og studier eller som hovedaktivitet.<\/em><\/p>\n\n\n\n<div class=\"wp-block-group has-background is-layout-constrained wp-block-group-is-layout-constrained\" style=\"background-color:#f6cde2\">\n<h4 class=\"wp-block-heading\">Dette er grepene regjeringen har tatt og skal ta for \u00e5 f\u00e5 flere unge i jobb<\/h4>\n\n\n\n<ul class=\"wp-block-list is-layout-flow wp-block-list-is-layout-flow\">\n<li><strong>Ungdomsgaranti<\/strong><\/li>\n\n\n\n<li>Fors\u00f8k med <strong>ungdomsprogram<\/strong><\/li>\n\n\n\n<li>Forslag om fors\u00f8k med <strong>skattefradrag&nbsp;<\/strong><\/li>\n\n\n\n<li>Fors\u00f8k med fire\u00e5rig <strong>l\u00f8nnstilskudd<\/strong><\/li>\n\n\n\n<li>Mer <strong>fleksibelt oppl\u00e6ringstiltak&nbsp;<\/strong><\/li>\n\n\n\n<li><strong>Rekrutteringsprogram<\/strong> i helse- og omsorgssektoren<\/li>\n\n\n\n<li><strong>Arbeidsmarkedstiltak<\/strong> (9 milliarder \u00e5rlig) og andre virkemidler i Nav<\/li>\n\n\n\n<li><strong>Bedre lavterskeltilbud<\/strong> og mer tilpassede tjenester for unge med sammensatte behov<\/li>\n\n\n\n<li>Styrking av <strong>markedsarbeidet i Nav<\/strong><\/li>\n<\/ul>\n<\/div>\n","protected":false},"excerpt":{"rendered":"<p>Hva er ungdomsl\u00f8ftet? Jobberfaring i ung alder kan bidra til en varig tilknytning til arbeidslivet. Det kan v\u00e6re sommerjobb, deltidsjobb, praksisplass eller vikariat. Det som teller er veien inn, og hva den kan bety p\u00e5 sikt. Ungdomsl\u00f8ftet handler ogs\u00e5 om \u00e5 gi unge veier inn i fellesskapet. Ungdomsl\u00f8ftet er to ting M\u00e5l med ungdomsl\u00f8ftet 30&nbsp;000\u2026<\/p>\n","protected":false},"author":2877,"featured_media":0,"parent":0,"menu_order":0,"comment_status":"closed","ping_status":"closed","template":"","meta":{"dss_simple_post_excerpt":"","dss_show_featured_image":true,"dss_show_title":true,"footnotes":""},"class_list":["post-60","page","type-page","status-publish","hentry"],"language":"nb-NO","_links":{"self":[{"href":"https:\/\/nettsteder.regjeringen.no\/ungdomsloftet\/wp-json\/wp\/v2\/pages\/60","targetHints":{"allow":["GET"]}}],"collection":[{"href":"https:\/\/nettsteder.regjeringen.no\/ungdomsloftet\/wp-json\/wp\/v2\/pages"}],"about":[{"href":"https:\/\/nettsteder.regjeringen.no\/ungdomsloftet\/wp-json\/wp\/v2\/types\/page"}],"author":[{"embeddable":true,"href":"https:\/\/nettsteder.regjeringen.no\/ungdomsloftet\/wp-json\/wp\/v2\/users\/2877"}],"replies":[{"embeddable":true,"href":"https:\/\/nettsteder.regjeringen.no\/ungdomsloftet\/wp-json\/wp\/v2\/comments?post=60"}],"version-history":[{"count":3,"href":"https:\/\/nettsteder.regjeringen.no\/ungdomsloftet\/wp-json\/wp\/v2\/pages\/60\/revisions"}],"predecessor-version":[{"id":601,"href":"https:\/\/nettsteder.regjeringen.no\/ungdomsloftet\/wp-json\/wp\/v2\/pages\/60\/revisions\/601"}],"wp:attachment":[{"href":"https:\/\/nettsteder.regjeringen.no\/ungdomsloftet\/wp-json\/wp\/v2\/media?parent=60"}],"curies":[{"name":"wp","href":"https:\/\/api.w.org\/{rel}","templated":true}]}}