{"id":523,"date":"2026-02-16T10:00:58","date_gmt":"2026-02-16T09:00:58","guid":{"rendered":"https:\/\/nettsteder.regjeringen.no\/ungdomsloftet\/?page_id=523"},"modified":"2026-03-23T10:36:12","modified_gmt":"2026-03-23T09:36:12","slug":"nyheter","status":"publish","type":"page","link":"https:\/\/nettsteder.regjeringen.no\/ungdomsloftet\/nyheter\/","title":{"rendered":"Nyheter"},"content":{"rendered":"\n<ul class=\"wp-block-list is-layout-flow wp-block-list-is-layout-flow\">\n<li><a href=\"https:\/\/www.vg.no\/nyheter\/i\/RjzOrd\/sommerjobb-gi-en-ungdom-en-start-mener-kjersti-stenseng\">Debattinnlegg: Sommerjobb: Gi \u00e9n ungdom en start mener Kjersti Stenseng<\/a><\/li>\n\n\n\n<li><a href=\"https:\/\/www.dagsavisen.no\/nyheter\/fikk-fast-jobb-gjennom-ikea-program-det-har-vaert-en-veldig-god-mulighet-for-meg\/10179922\">Ikea og Nav gir unge og flyktninger vei inn i jobb: \u2013 En veldig god mulighet<\/a><\/li>\n\n\n\n<li><a href=\"https:\/\/www.itromso.no\/nyheter\/i\/j0BAWL\/regjeringen-vil-at-flere-gjoer-som-magnus-17\">Regjeringen vil at flere gj\u00f8r som Magnus (17) &#8211; itromso.no<\/a><\/li>\n\n\n\n<li><a href=\"https:\/\/www.nidaros.no\/fra-arbeidsledig-til-fast-ansatt-pa-rekordtid-det-gir-en-trygghet\/s\/5-113-793825\">Arbeidsliv, Nardo | Fra arbeidsledig til fast ansatt p\u00e5 rekordtid: \u2013 Det gir en trygghet<\/a><\/li>\n\n\n\n<li><a href=\"https:\/\/www.h-a.no\/flere-og-flere-blir-staende-utenfor-jobb-slik-fant-olekseii-34-sin-pa-en-maned\/s\/5-139-1897048\">Arbeidsliv, Jobb og utdanning | Flere og flere blir st\u00e5ende utenfor jobb. Slik fant Olekseii (34) sin p\u00e5 en m\u00e5ned<\/a><\/li>\n\n\n\n<li><a href=\"https:\/\/www.adressa.no\/nyheter\/trondheim\/i\/6qjxze\/brukte-lang-tid-paa-aa-hjelpe-kristoffer-robin-28-i-jobb-naa-vil-nav-gjoere-alt-enklere\">Slik skal de gj\u00f8re Nav enklere &#8211; adressa.no<\/a><\/li>\n\n\n\n<li><a href=\"https:\/\/www.dagsavisen.no\/nyheter\/silje-28-gikk-fra-hullete-cv-til-ferskvaresjef-pa-fa-ar-man-ma-feile-litt-og-laere-av-det\/10041427\">Silje gikk fra hullete CV til ferskvaresjef: Regjeringen vil ha flere som henne<\/a><\/li>\n<\/ul>\n\n\n\n<h2 class=\"wp-block-heading\">Saker fra regjeringen.no<\/h2>\n\n\n\n<ul class=\"wp-block-list is-layout-flow wp-block-list-is-layout-flow\">\n<li><a href=\"https:\/\/www.regjeringen.no\/no\/aktuelt\/regjeringa-held-fram-med-ungdomsloftet-ber-nav-sikre-at-unge-far-god-oppfolging\/id3146839\/\">Vil sikre god oppf\u00f8lging av unge &#8211; regjeringen.no<\/a><\/li>\n\n\n\n<li><a href=\"https:\/\/www.regjeringen.no\/no\/aktuelt\/nytt-tilskudd-skal-fa-flere-i-arbeid-og-flere-ansatte-i-helse-og-omsorgstjenestene\/id3148594\/\">Nytt tilskudd skal f\u00e5 flere i arbeid og flere ansatte i helse- og omsorgstjenestene &#8211; regjeringen.no<\/a><\/li>\n\n\n\n<li><a href=\"https:\/\/www.regjeringen.no\/no\/aktuelt\/forsok-med-firearig-lonnstilskudd-vedteken\/id3148595\/\">Fors\u00f8k med fire\u00e5rig l\u00f8nnstilskot vedteken &#8211; regjeringen.no<\/a><\/li>\n\n\n\n<li><a href=\"https:\/\/www.regjeringen.no\/no\/aktuelt\/regjeringa-sin-plan-for-arbeid-og-inkludering\/id3143209\/\">Regjeringa sin plan for arbeid og inkludering &#8211; regjeringen.no<\/a><\/li>\n<\/ul>\n\n\n\n<figure class=\"wp-block-gallery has-nested-images columns-default is-cropped wp-block-gallery-1 is-layout-flex wp-block-gallery-is-layout-flex\">\n<figure class=\"wp-block-image size-large\"><img loading=\"lazy\" decoding=\"async\" width=\"943\" height=\"1024\" data-id=\"596\" src=\"https:\/\/files.nettsteder.regjeringen.no\/wpuploads01\/sites\/593\/2026\/02\/Skjermbilde-2026-02-16-115351-943x1024.jpg\" alt=\"\" class=\"wp-image-596\" srcset=\"https:\/\/files.nettsteder.regjeringen.no\/wpuploads01\/sites\/593\/2026\/02\/Skjermbilde-2026-02-16-115351-943x1024.jpg 943w, https:\/\/files.nettsteder.regjeringen.no\/wpuploads01\/sites\/593\/2026\/02\/Skjermbilde-2026-02-16-115351-276x300.jpg 276w, https:\/\/files.nettsteder.regjeringen.no\/wpuploads01\/sites\/593\/2026\/02\/Skjermbilde-2026-02-16-115351-768x834.jpg 768w, https:\/\/files.nettsteder.regjeringen.no\/wpuploads01\/sites\/593\/2026\/02\/Skjermbilde-2026-02-16-115351.jpg 1018w\" sizes=\"auto, (max-width: 943px) 100vw, 943px\" \/><\/figure>\n\n\n\n<figure class=\"wp-block-image size-large\"><img loading=\"lazy\" decoding=\"async\" width=\"1024\" height=\"907\" data-id=\"595\" src=\"https:\/\/files.nettsteder.regjeringen.no\/wpuploads01\/sites\/593\/2026\/02\/Skjermbilde-2026-02-16-115507-1024x907.jpg\" alt=\"\" class=\"wp-image-595\" srcset=\"https:\/\/files.nettsteder.regjeringen.no\/wpuploads01\/sites\/593\/2026\/02\/Skjermbilde-2026-02-16-115507-1024x907.jpg 1024w, https:\/\/files.nettsteder.regjeringen.no\/wpuploads01\/sites\/593\/2026\/02\/Skjermbilde-2026-02-16-115507-300x266.jpg 300w, https:\/\/files.nettsteder.regjeringen.no\/wpuploads01\/sites\/593\/2026\/02\/Skjermbilde-2026-02-16-115507-768x681.jpg 768w, https:\/\/files.nettsteder.regjeringen.no\/wpuploads01\/sites\/593\/2026\/02\/Skjermbilde-2026-02-16-115507.jpg 1045w\" sizes=\"auto, (max-width: 1024px) 100vw, 1024px\" \/><\/figure>\n\n\n\n<figure class=\"wp-block-image size-large\"><img loading=\"lazy\" decoding=\"async\" width=\"1011\" height=\"1020\" data-id=\"593\" src=\"https:\/\/files.nettsteder.regjeringen.no\/wpuploads01\/sites\/593\/2026\/02\/Skjermbilde-2026-02-16-115415.jpg\" alt=\"\" class=\"wp-image-593\" srcset=\"https:\/\/files.nettsteder.regjeringen.no\/wpuploads01\/sites\/593\/2026\/02\/Skjermbilde-2026-02-16-115415.jpg 1011w, https:\/\/files.nettsteder.regjeringen.no\/wpuploads01\/sites\/593\/2026\/02\/Skjermbilde-2026-02-16-115415-297x300.jpg 297w, https:\/\/files.nettsteder.regjeringen.no\/wpuploads01\/sites\/593\/2026\/02\/Skjermbilde-2026-02-16-115415-150x150.jpg 150w, https:\/\/files.nettsteder.regjeringen.no\/wpuploads01\/sites\/593\/2026\/02\/Skjermbilde-2026-02-16-115415-768x775.jpg 768w\" sizes=\"auto, (max-width: 1011px) 100vw, 1011px\" \/><\/figure>\n\n\n\n<figure class=\"wp-block-image size-large\"><img loading=\"lazy\" decoding=\"async\" width=\"1010\" height=\"1024\" data-id=\"603\" src=\"https:\/\/files.nettsteder.regjeringen.no\/wpuploads01\/sites\/593\/2026\/03\/Skjermbilde-2026-03-23-103503-1010x1024.jpg\" alt=\"\" class=\"wp-image-603\" srcset=\"https:\/\/files.nettsteder.regjeringen.no\/wpuploads01\/sites\/593\/2026\/03\/Skjermbilde-2026-03-23-103503-1010x1024.jpg 1010w, https:\/\/files.nettsteder.regjeringen.no\/wpuploads01\/sites\/593\/2026\/03\/Skjermbilde-2026-03-23-103503-296x300.jpg 296w, https:\/\/files.nettsteder.regjeringen.no\/wpuploads01\/sites\/593\/2026\/03\/Skjermbilde-2026-03-23-103503-768x779.jpg 768w, https:\/\/files.nettsteder.regjeringen.no\/wpuploads01\/sites\/593\/2026\/03\/Skjermbilde-2026-03-23-103503.jpg 1200w\" sizes=\"auto, (max-width: 1010px) 100vw, 1010px\" \/><\/figure>\n<\/figure>\n\n\n\n<p><\/p>\n","protected":false},"excerpt":{"rendered":"<p>Saker fra regjeringen.no<\/p>\n","protected":false},"author":3467,"featured_media":0,"parent":0,"menu_order":0,"comment_status":"closed","ping_status":"closed","template":"","meta":{"dss_simple_post_excerpt":"","dss_show_featured_image":true,"dss_show_title":false,"footnotes":""},"class_list":["post-523","page","type-page","status-publish","hentry"],"language":"nb-NO","_links":{"self":[{"href":"https:\/\/nettsteder.regjeringen.no\/ungdomsloftet\/wp-json\/wp\/v2\/pages\/523","targetHints":{"allow":["GET"]}}],"collection":[{"href":"https:\/\/nettsteder.regjeringen.no\/ungdomsloftet\/wp-json\/wp\/v2\/pages"}],"about":[{"href":"https:\/\/nettsteder.regjeringen.no\/ungdomsloftet\/wp-json\/wp\/v2\/types\/page"}],"author":[{"embeddable":true,"href":"https:\/\/nettsteder.regjeringen.no\/ungdomsloftet\/wp-json\/wp\/v2\/users\/3467"}],"replies":[{"embeddable":true,"href":"https:\/\/nettsteder.regjeringen.no\/ungdomsloftet\/wp-json\/wp\/v2\/comments?post=523"}],"version-history":[{"count":3,"href":"https:\/\/nettsteder.regjeringen.no\/ungdomsloftet\/wp-json\/wp\/v2\/pages\/523\/revisions"}],"predecessor-version":[{"id":605,"href":"https:\/\/nettsteder.regjeringen.no\/ungdomsloftet\/wp-json\/wp\/v2\/pages\/523\/revisions\/605"}],"wp:attachment":[{"href":"https:\/\/nettsteder.regjeringen.no\/ungdomsloftet\/wp-json\/wp\/v2\/media?parent=523"}],"curies":[{"name":"wp","href":"https:\/\/api.w.org\/{rel}","templated":true}]}}