{"id":5,"date":"2025-07-01T08:22:40","date_gmt":"2025-07-01T06:22:40","guid":{"rendered":"https:\/\/nettsteder.regjeringen.no\/ungdomsloftet\/?page_id=5"},"modified":"2026-02-18T15:30:33","modified_gmt":"2026-02-18T14:30:33","slug":"forside","status":"publish","type":"page","link":"https:\/\/nettsteder.regjeringen.no\/ungdomsloftet\/","title":{"rendered":"Forside"},"content":{"rendered":"\n<div style=\"height:2px\" aria-hidden=\"true\" class=\"wp-block-spacer\"><\/div>\n\n\n\n<div class=\"wp-block-media-text alignwide has-media-on-the-right is-stacked-on-mobile is-image-fill-element has-background-100-background-color has-background\" style=\"grid-template-columns:auto 34%\"><div class=\"wp-block-media-text__content\">\n<h2 class=\"wp-block-heading\" style=\"font-size:clamp(20px, 1.25rem + ((1vw - 3.2px) * 1.481), 32px);\">Til deg som skal s\u00f8ke sommerjobb n\u00e5 \u2013 her kan du f\u00e5 praktiske tips<\/h2>\n\n\n\n<p>For mange unge er sommerjobb det f\u00f8rste m\u00f8te med arbeidslivet, og tidlig arbeidserfaring blir derfor stadig viktigere.<\/p>\n\n\n\n<p>En sommerjobb gir deg sjansen til \u00e5 pr\u00f8ve noe nytt, tjene dine egne penger og bli en del av et st\u00f8rre fellesskap.<\/p>\n\n\n\n<p>Det kan v\u00e6re mange om beinet, s\u00e5 s\u00f8k tidlig \u2013 og gjerne flere steder. Bruk familie, venner og naboer om du trenger tips eller hjelp underveis.<\/p>\n\n\n\n<p>Gjennom ungdomsl\u00f8ftet jobber regjeringen og partene i arbeidslivet sammen for \u00e5 gi flere unge en fot innenfor. N\u00e5 er det din tur til \u00e5 gripe sjansen!<\/p>\n\n\n\n<p><a href=\"https:\/\/arbeidsplassen.nav.no\/ung\" data-type=\"link\" data-id=\"https:\/\/arbeidsplassen.nav.no\/ung\"><\/a><a href=\"https:\/\/arbeidsplassen.nav.no\/sommerjobb\">Sommerjobben 2026 &#8211; arbeidsplassen.no<\/a><br><a href=\"https:\/\/arbeidsplassen.nav.no\/sommerjobb?under18=true\">Sommerjobben 2026 &#8211; arbeidsplassen.no &#8211; For meg under 18 \u00e5r<\/a><br><a href=\"https:\/\/www.ung.no\/temaer\/jobb\" data-type=\"link\" data-id=\"https:\/\/www.ung.no\/temaer\/jobb\">Tips og triks til hvordan du skriver CV og jobbs\u00f8knader<\/a><\/p>\n\n\n\n<div style=\"height:26px\" aria-hidden=\"true\" class=\"wp-block-spacer\"><\/div>\n\n\n\n<div class=\"wp-block-buttons is-layout-flex wp-container-core-buttons-is-layout-6b4e3324 wp-block-buttons-is-layout-flex\">\n<div class=\"wp-block-button\"><a class=\"wp-block-button__link has-black-color has-text-color has-background has-link-color wp-element-button\" href=\"https:\/\/nettsteder.regjeringen.no\/ungdomsloftet\/jeg-er-ung\/\" style=\"--border-color:#fbb900;background-color:#fbb900\"><strong>Jeg er ung<\/strong><\/a><\/div>\n\n\n\n<div class=\"wp-block-button\"><a class=\"wp-block-button__link has-background wp-element-button\" href=\"https:\/\/nettsteder.regjeringen.no\/ungdomsloftet\/jeg-er-arbeidsgiver\/\" style=\"--border-color:#009b9f;background-color:#009b9f\"><strong>Jeg er arbeidsgiver<\/strong><\/a><\/div>\n<\/div>\n<\/div><figure class=\"wp-block-media-text__media\"><img loading=\"lazy\" decoding=\"async\" width=\"1024\" height=\"683\" src=\"https:\/\/files.nettsteder.regjeringen.no\/wpuploads01\/sites\/593\/2026\/02\/Coop-Mega-Kolbotn-1-1024x683.jpg\" alt=\"\" class=\"wp-image-507 size-full\" style=\"object-position:90% 62%\" srcset=\"https:\/\/files.nettsteder.regjeringen.no\/wpuploads01\/sites\/593\/2026\/02\/Coop-Mega-Kolbotn-1-1024x683.jpg 1024w, https:\/\/files.nettsteder.regjeringen.no\/wpuploads01\/sites\/593\/2026\/02\/Coop-Mega-Kolbotn-1-300x200.jpg 300w, https:\/\/files.nettsteder.regjeringen.no\/wpuploads01\/sites\/593\/2026\/02\/Coop-Mega-Kolbotn-1-768x512.jpg 768w, https:\/\/files.nettsteder.regjeringen.no\/wpuploads01\/sites\/593\/2026\/02\/Coop-Mega-Kolbotn-1-1536x1024.jpg 1536w, https:\/\/files.nettsteder.regjeringen.no\/wpuploads01\/sites\/593\/2026\/02\/Coop-Mega-Kolbotn-1-2048x1365.jpg 2048w\" sizes=\"auto, (max-width: 1024px) 100vw, 1024px\" \/><\/figure><\/div>\n\n\n\n<div class=\"wp-block-media-text alignwide is-stacked-on-mobile is-vertically-aligned-center has-white-background-color has-background\" style=\"grid-template-columns:33% auto\"><figure class=\"wp-block-media-text__media\"><img decoding=\"async\" src=\"https:\/\/files.nettsteder.regjeringen.no\/wpuploads01\/sites\/593\/2025\/08\/rosa-pil.svg\" alt=\"\" class=\"wp-image-429 size-full\" \/><\/figure><div class=\"wp-block-media-text__content\">\n<h2 class=\"wp-block-heading\" style=\"font-size:clamp(20px, 1.25rem + ((1vw - 3.2px) * 1.481), 32px);\">Til deg som arbeidsgivar \u2013 gi ungdomen ei sjanse<\/h2>\n\n\n\n<p>\u00c5 gi en ungdom sjansen i sommer er mer enn \u00e5 fylle et vaktbehov. Det er en investering i framtidens arbeidskraft.<br>For mange unge er en sommerjobb den aller f\u00f8rste inngangen til arbeidslivet \u2013 en mulighet til \u00e5 l\u00e6re, utvikle seg og kjenne mestring \u2013 b\u00e5de alene og sammen med andre.<\/p>\n\n\n\n<p>Som arbeidsgiver kan du gj\u00f8re en reel forskjell. Noen uker med erfaring kan v\u00e6re avgj\u00f8rende for en ungdom som aldri har jobba f\u00f8r, og bidra til \u00e5 bygge b\u00e5de kompetanse og selvtillit. Samtidig f\u00e5r arbeidsplassen din ekstra kapasitet og mulighet til \u00e5 rekruttere framtidige medarbeidere.<\/p>\n\n\n\n<p>Ved \u00e5 opne d\u00f8rene for en sommervikar er du med p\u00e5 \u00e5 styrke ungdomsl\u00f8ftet \u2013 et felles arbeid mellom regjeringen og partene i arbeidslivet for \u00e5 f\u00e5 flere unge inn i jobb.<\/p>\n\n\n\n<p><strong><a href=\"https:\/\/www.nav.no\/arbeidsgiver\/sommerjobb\" data-type=\"link\" data-id=\"https:\/\/www.nav.no\/arbeidsgiver\/sommerjobb\">Tilskot til sommarjobb<\/a><\/strong><\/p>\n<\/div><\/div>\n\n\n\n<div class=\"wp-block-media-text alignwide has-media-on-the-right is-stacked-on-mobile is-image-fill-element has-background-100-background-color has-background\" style=\"min-height:0px;grid-template-columns:auto 34%\"><div class=\"wp-block-media-text__content\">\n<h2 class=\"wp-block-heading\" style=\"font-size:clamp(20px, 1.25rem + ((1vw - 3.2px) * 1.481), 32px);\">Norge trenger flere unge i arbeid<\/h2>\n\n\n<p class=\"t2-ingress wp-block-t2-ingress\">Norge vil trenge flere i jobb i \u00e5rene fremover. <br>Samtidig st\u00e5r over 100 000 unge i dag utenfor arbeid og utdanning.<\/p>\n\n\n<p>Derfor inviterer regjeringen til et ungdomsl\u00f8ft. Vi vil gi flere unge bedre muligheter i arbeidslivet, for de fleste unge b\u00e5de kan, og vil jobbe. Dette vil ogs\u00e5 styrke tilgangen p\u00e5 arbeidskraft for private bedrifter og offentlig sektor.&nbsp;<\/p>\n\n\n\n<p>P\u00e5 denne nettsiden skal unge finne praktisk informasjon om hvordan de kan f\u00e5 hjelp til \u00e5 komme seg inn i arbeidslivet. Den skal ogs\u00e5 gj\u00f8re det enklere for arbeidsgivere til \u00e5 finne frem til ulike st\u00f8tteordninger og tiltak som de kan benytte seg av for \u00e5 gi flere en sjanse.<\/p>\n<\/div><figure class=\"wp-block-media-text__media\"><img loading=\"lazy\" decoding=\"async\" width=\"683\" height=\"1024\" src=\"https:\/\/files.nettsteder.regjeringen.no\/wpuploads01\/sites\/593\/2025\/08\/Bilde1-683x1024.jpg\" alt=\"\" class=\"wp-image-250 size-full\" style=\"object-position:50% 50%\" srcset=\"https:\/\/files.nettsteder.regjeringen.no\/wpuploads01\/sites\/593\/2025\/08\/Bilde1-683x1024.jpg 683w, https:\/\/files.nettsteder.regjeringen.no\/wpuploads01\/sites\/593\/2025\/08\/Bilde1-200x300.jpg 200w, https:\/\/files.nettsteder.regjeringen.no\/wpuploads01\/sites\/593\/2025\/08\/Bilde1-768x1152.jpg 768w, https:\/\/files.nettsteder.regjeringen.no\/wpuploads01\/sites\/593\/2025\/08\/Bilde1-1024x1536.jpg 1024w, https:\/\/files.nettsteder.regjeringen.no\/wpuploads01\/sites\/593\/2025\/08\/Bilde1.jpg 1365w\" sizes=\"auto, (max-width: 683px) 100vw, 683px\" \/><\/figure><\/div>\n\n\n\n<div class=\"wp-block-media-text alignwide is-stacked-on-mobile is-vertically-aligned-center has-white-background-color has-background\" style=\"grid-template-columns:33% auto\"><figure class=\"wp-block-media-text__media\"><img loading=\"lazy\" decoding=\"async\" width=\"1024\" height=\"502\" src=\"https:\/\/files.nettsteder.regjeringen.no\/wpuploads01\/sites\/593\/2025\/07\/Logo_ungdomsloftet_positiv_turkis_rosa-1024x502.png\" alt=\"\" class=\"wp-image-17 size-full\" srcset=\"https:\/\/files.nettsteder.regjeringen.no\/wpuploads01\/sites\/593\/2025\/07\/Logo_ungdomsloftet_positiv_turkis_rosa-1024x502.png 1024w, https:\/\/files.nettsteder.regjeringen.no\/wpuploads01\/sites\/593\/2025\/07\/Logo_ungdomsloftet_positiv_turkis_rosa-300x147.png 300w, https:\/\/files.nettsteder.regjeringen.no\/wpuploads01\/sites\/593\/2025\/07\/Logo_ungdomsloftet_positiv_turkis_rosa-768x376.png 768w, https:\/\/files.nettsteder.regjeringen.no\/wpuploads01\/sites\/593\/2025\/07\/Logo_ungdomsloftet_positiv_turkis_rosa-1536x752.png 1536w, https:\/\/files.nettsteder.regjeringen.no\/wpuploads01\/sites\/593\/2025\/07\/Logo_ungdomsloftet_positiv_turkis_rosa-2048x1003.png 2048w\" sizes=\"auto, (max-width: 1024px) 100vw, 1024px\" \/><\/figure><div class=\"wp-block-media-text__content\">\n<h2 class=\"wp-block-heading\" style=\"font-size:clamp(20px, 1.25rem + ((1vw - 3.2px) * 1.481), 32px);\">Hva er ungdomsl\u00f8ftet?<\/h2>\n\n\n\n<h3 class=\"wp-block-heading\"><strong>Ungdomsl\u00f8ftet er to ting<\/strong>&nbsp;<\/h3>\n\n\n\n<p><mark style=\"background-color:#fcb900\" class=\"has-inline-color\"><strong>EN NY AVTALE<\/strong>,<\/mark> der regjeringen, partene i arbeidslivet, store virksomheter og frivillige organisasjoner forplikter seg til sammen \u00e5 jobbe for \u00e5 n\u00e5 det overordnede m\u00e5let \u2013 flere unge inn i jobb.<\/p>\n\n\n\n<p><strong><mark style=\"background-color:#fcb900\" class=\"has-inline-color\">EN \u00abPARAPLY\u00bb<\/mark><\/strong> for mange ulike arbeidsrettede tiltak som allerede er igangsatt, som er p\u00e5 trappene eller som kommer, som har det til felles at de skal bidra til at unge f\u00e5r jobberfaring.&nbsp;<\/p>\n\n\n\n<p><strong><a href=\"https:\/\/nettsteder.regjeringen.no\/ungdomsloftet\/hva-er-ungdomsloftet\/\">Les mer om ungdomsl\u00f8ftet<\/a><\/strong><\/p>\n<\/div><\/div>\n\n\n\n<div class=\"wp-block-group alignfull is-layout-constrained wp-block-group-is-layout-constrained\">\n<div class=\"wp-block-columns alignwide is-layout-flex wp-container-core-columns-is-layout-9d6595d7 wp-block-columns-is-layout-flex\">\n<div class=\"wp-block-column is-layout-flow wp-block-column-is-layout-flow\">\n<div style=\"height:42px\" aria-hidden=\"true\" class=\"wp-block-spacer\"><\/div>\n\n\n\n<div class=\"wp-block-group is-layout-constrained wp-block-group-is-layout-constrained\">\n<p style=\"font-size:clamp(14px, 0.875rem + ((1vw - 3.2px) * 0.247), 16px);\"><\/p>\n\n\n\n<div style=\"height:28px\" aria-hidden=\"true\" class=\"wp-block-spacer\"><\/div>\n<\/div>\n\n\n\n<blockquote class=\"wp-block-quote is-layout-flow wp-block-quote-is-layout-flow\">\n<p style=\"font-size:clamp(14px, 0.875rem + ((1vw - 3.2px) * 0.494), 18px);\">Norge trenger mer arbeidskraft. Derfor er Ungdomsl\u00f8ftet en av regjeringens viktigste satsinger. Regjeringen vil at alle unge under 30 \u00e5r som st\u00e5r utenfor arbeidslivet skal f\u00e5 tilbud om jobberfaring, oppf\u00f8lging eller utdanning. Som samfunn kan vi ikke akseptere at unge mennesker blir st\u00e5ende utenfor utdanning og arbeid. N\u00e5r det skjer, mister vi ikke bare framtidige arbeidstakere \u2013 vi mister ideer, engasjement og nye perspektiver vi trenger for \u00e5 lykkes. Hver ungdom som finner sin plass i utdanning eller jobb, er en investering i Norges framtid. Til deg som er ung: Vi trenger deg!<br><br><em>arbeids- og inkluderingsminister Kjersti Stenseng<\/em><\/p>\n<\/blockquote>\n<\/div>\n\n\n\n<div class=\"wp-block-column is-layout-constrained wp-container-core-column-is-layout-7e278a2d wp-block-column-is-layout-constrained\">\n<div style=\"height:33px\" aria-hidden=\"true\" class=\"wp-block-spacer\"><\/div>\n\n\n\n<div style=\"height:33px\" aria-hidden=\"true\" class=\"wp-block-spacer\"><\/div>\n\n\n\n<figure class=\"wp-block-image size-full is-resized\"><img loading=\"lazy\" decoding=\"async\" width=\"1706\" height=\"2560\" src=\"https:\/\/files.nettsteder.regjeringen.no\/wpuploads01\/sites\/593\/2025\/11\/3N2A8921-scaled.jpg\" alt=\"\" class=\"wp-image-493\" style=\"object-fit:cover;width:420px;height:480px\" srcset=\"https:\/\/files.nettsteder.regjeringen.no\/wpuploads01\/sites\/593\/2025\/11\/3N2A8921-scaled.jpg 1706w, https:\/\/files.nettsteder.regjeringen.no\/wpuploads01\/sites\/593\/2025\/11\/3N2A8921-200x300.jpg 200w, https:\/\/files.nettsteder.regjeringen.no\/wpuploads01\/sites\/593\/2025\/11\/3N2A8921-683x1024.jpg 683w, https:\/\/files.nettsteder.regjeringen.no\/wpuploads01\/sites\/593\/2025\/11\/3N2A8921-768x1152.jpg 768w, https:\/\/files.nettsteder.regjeringen.no\/wpuploads01\/sites\/593\/2025\/11\/3N2A8921-1024x1536.jpg 1024w, https:\/\/files.nettsteder.regjeringen.no\/wpuploads01\/sites\/593\/2025\/11\/3N2A8921-1365x2048.jpg 1365w\" sizes=\"auto, (max-width: 1706px) 100vw, 1706px\" \/><\/figure>\n<\/div>\n<\/div>\n<\/div>\n","protected":false},"excerpt":{"rendered":"<p>Til deg som arbeidsgivar \u2013 gi ungdomen ei sjanse \u00c5 gi en ungdom sjansen i sommer er mer enn \u00e5 fylle et vaktbehov. Det er en investering i framtidens arbeidskraft.For mange unge er en sommerjobb den aller f\u00f8rste inngangen til arbeidslivet \u2013 en mulighet til \u00e5 l\u00e6re, utvikle seg og kjenne mestring \u2013 b\u00e5de alene\u2026<\/p>\n","protected":false},"author":2877,"featured_media":0,"parent":0,"menu_order":0,"comment_status":"closed","ping_status":"closed","template":"","meta":{"dss_simple_post_excerpt":"","dss_show_featured_image":true,"dss_show_title":true,"footnotes":""},"class_list":["post-5","page","type-page","status-publish","hentry"],"language":"nb-NO","_links":{"self":[{"href":"https:\/\/nettsteder.regjeringen.no\/ungdomsloftet\/wp-json\/wp\/v2\/pages\/5","targetHints":{"allow":["GET"]}}],"collection":[{"href":"https:\/\/nettsteder.regjeringen.no\/ungdomsloftet\/wp-json\/wp\/v2\/pages"}],"about":[{"href":"https:\/\/nettsteder.regjeringen.no\/ungdomsloftet\/wp-json\/wp\/v2\/types\/page"}],"author":[{"embeddable":true,"href":"https:\/\/nettsteder.regjeringen.no\/ungdomsloftet\/wp-json\/wp\/v2\/users\/2877"}],"replies":[{"embeddable":true,"href":"https:\/\/nettsteder.regjeringen.no\/ungdomsloftet\/wp-json\/wp\/v2\/comments?post=5"}],"version-history":[{"count":2,"href":"https:\/\/nettsteder.regjeringen.no\/ungdomsloftet\/wp-json\/wp\/v2\/pages\/5\/revisions"}],"predecessor-version":[{"id":587,"href":"https:\/\/nettsteder.regjeringen.no\/ungdomsloftet\/wp-json\/wp\/v2\/pages\/5\/revisions\/587"}],"wp:attachment":[{"href":"https:\/\/nettsteder.regjeringen.no\/ungdomsloftet\/wp-json\/wp\/v2\/media?parent=5"}],"curies":[{"name":"wp","href":"https:\/\/api.w.org\/{rel}","templated":true}]}}