{"id":44,"date":"2025-07-04T11:45:01","date_gmt":"2025-07-04T09:45:01","guid":{"rendered":"https:\/\/nettsteder.regjeringen.no\/ungdomsloftet\/?page_id=44"},"modified":"2025-11-17T14:29:37","modified_gmt":"2025-11-17T13:29:37","slug":"jeg-er-arbeidsgiver","status":"publish","type":"page","link":"https:\/\/nettsteder.regjeringen.no\/ungdomsloftet\/jeg-er-arbeidsgiver\/","title":{"rendered":"Jeg er arbeidsgiver"},"content":{"rendered":"\n<div class=\"wp-block-media-text alignwide has-media-on-the-right is-stacked-on-mobile is-vertically-aligned-center has-background\" style=\"background-color:#00999e0a;grid-template-columns:auto 38%\"><div class=\"wp-block-media-text__content\">\n<h2 class=\"wp-block-heading\" style=\"font-size:clamp(20px, 1.25rem + ((1vw - 3.2px) * 1.481), 32px);\">For deg som er arbeidsgiver<\/h2>\n\n\n<p class=\"t2-ingress wp-block-t2-ingress\">Vi vil ha et stort behov for arbeidskraft fremover og konkurransen om arbeidskraften vil bli t\u00f8ff. Derfor m\u00e5 vi f\u00e5 flere i jobb \u2013 spesielt unge.\u00a0<\/p>\n\n\n<p>Det er arbeidsgivere, i offentlig og privat sektor, som ansetter. Derfor er det viktig at arbeidsgivere gj\u00f8r en innsats for \u00e5 f\u00e5 flere unge i jobb og inkludere flere av de som st\u00e5r utenfor. Det vil kreve en innsats, men den innsatsen vil det v\u00e6re verdt.&nbsp;<\/p>\n\n\n\n<p>For vi trenger de unge for \u00e5 l\u00f8se framtidens utfordringer. Unge mennesker er en ressurs, for virksomheten din og for samfunnet. Ungdom har med seg ferske perspektiver, ny energi \u2013 og er de ansatte virksomheten din skal drives av i fremtiden. Hvis du kaprer unge arbeidstakere n\u00e5 og bidrar til at de kan utvikle seg i virksomheten din, stiller du sterkere i konkurransen om arbeidskraft.&nbsp;<\/p>\n<\/div><figure class=\"wp-block-media-text__media\"><img loading=\"lazy\" decoding=\"async\" width=\"843\" height=\"733\" src=\"https:\/\/files.nettsteder.regjeringen.no\/wpuploads01\/sites\/593\/2025\/08\/gronneviken1.jpg\" alt=\"\" class=\"wp-image-294 size-full\" srcset=\"https:\/\/files.nettsteder.regjeringen.no\/wpuploads01\/sites\/593\/2025\/08\/gronneviken1.jpg 843w, https:\/\/files.nettsteder.regjeringen.no\/wpuploads01\/sites\/593\/2025\/08\/gronneviken1-300x261.jpg 300w, https:\/\/files.nettsteder.regjeringen.no\/wpuploads01\/sites\/593\/2025\/08\/gronneviken1-768x668.jpg 768w\" sizes=\"auto, (max-width: 843px) 100vw, 843px\" \/><\/figure><\/div>\n\n\n\n<div class=\"wp-block-columns alignwide is-layout-flex wp-container-core-columns-is-layout-9d6595d7 wp-block-columns-is-layout-flex\">\n<div class=\"wp-block-column is-vertically-aligned-top is-layout-flow wp-block-column-is-layout-flow\">\n<div class=\"wp-block-group has-white-background-color has-background is-layout-constrained wp-block-group-is-layout-constrained\">\n<h2 class=\"wp-block-heading\" style=\"font-size:clamp(20px, 1.25rem + ((1vw - 3.2px) * 1.481), 32px);\">Kan du bidra?<\/h2>\n\n\n\n<p>Regjeringen skal gj\u00f8re sitt for ungdomsl\u00f8ftet. Vi har blant annet innf\u00f8rt ungdomsgarantien og et nytt ungdomsprogram. Vi lanserer denne h\u00f8sten et nytt fors\u00f8k med rekrutteringsprogram for helse- og omsorgssektoren, som skal gj\u00f8re det enklere \u00e5 ansette personer som trenger noe oppf\u00f8lging, p\u00e5 sykehjem og i hjemmetjenesten.&nbsp;<\/p>\n\n\n\n<p>Men, hvis vi skal lykkes med ungdomsl\u00f8ftet m\u00e5 vi ha flere med p\u00e5 laget.<\/p>\n\n\n\n<p>Vi trenger arbeidsgivere i privat og offentlig sektor som \u00e5pner d\u00f8rene for unge som b\u00e5de kan og vil jobbe. Mange arbeidsgivere er allerede flinke til \u00e5 invitere ungdom inn og se mulighetene i den enkelte, men vi trenger flere.&nbsp;<\/p>\n\n\n\n<p>Vi trenger ogs\u00e5 frivillige organisasjoner. De som taler de unges sak, de som skaper fellesskap og de som alltid utfordrer oss til \u00e5 gj\u00f8re mer.&nbsp;<\/p>\n\n\n\n<p>Derfor vil vi n\u00e5 utfordre deg. Kan du v\u00e6re med \u00e5 bidra?<\/p>\n\n\n\n<div class=\"wp-block-group is-layout-constrained wp-block-group-is-layout-constrained\" style=\"box-shadow:none\">\n<h3 class=\"wp-block-heading\">Hvis du vil bidra til ungdomsl\u00f8ftet, kan du gj\u00f8re f\u00f8lgende:<\/h3>\n\n\n\n<p><strong>Send inn til <a href=\"https:\/\/kontaktskjema.arbeidsgiver.nav.no\/s\/\">Navs kontaktskjema for arbeidsgivere<\/a><\/strong> <strong>eller du kan ringe Navs arbeidsgivertelefon p\u00e5 55 55 33 36<\/strong>.<\/p>\n<\/div>\n\n\n\n<h2 class=\"wp-block-heading\"><br><\/h2>\n\n\n\n<p class=\"has-black-color has-text-color has-link-color wp-elements-bfc48396da44d453b2bbcea4e9c928aa\"><br><\/p>\n<\/div>\n<\/div>\n\n\n\n<div class=\"wp-block-column is-vertically-aligned-center is-layout-constrained wp-container-core-column-is-layout-7e278a2d wp-block-column-is-layout-constrained\">\n<figure class=\"wp-block-image size-large\"><img loading=\"lazy\" decoding=\"async\" width=\"768\" height=\"1024\" src=\"https:\/\/files.nettsteder.regjeringen.no\/wpuploads01\/sites\/593\/2025\/11\/arbeids-og-inkluderingsministeren-besokjer-Coop-Mega-Carl-Berner-1-768x1024.png\" alt=\"\" class=\"wp-image-496\" srcset=\"https:\/\/files.nettsteder.regjeringen.no\/wpuploads01\/sites\/593\/2025\/11\/arbeids-og-inkluderingsministeren-besokjer-Coop-Mega-Carl-Berner-1-768x1024.png 768w, https:\/\/files.nettsteder.regjeringen.no\/wpuploads01\/sites\/593\/2025\/11\/arbeids-og-inkluderingsministeren-besokjer-Coop-Mega-Carl-Berner-1-225x300.png 225w, https:\/\/files.nettsteder.regjeringen.no\/wpuploads01\/sites\/593\/2025\/11\/arbeids-og-inkluderingsministeren-besokjer-Coop-Mega-Carl-Berner-1-1152x1536.png 1152w, https:\/\/files.nettsteder.regjeringen.no\/wpuploads01\/sites\/593\/2025\/11\/arbeids-og-inkluderingsministeren-besokjer-Coop-Mega-Carl-Berner-1.png 1280w\" sizes=\"auto, (max-width: 768px) 100vw, 768px\" \/><\/figure>\n<\/div>\n<\/div>\n\n\n\n<div class=\"wp-block-group has-background-100-background-color has-background is-layout-constrained wp-block-group-is-layout-constrained\">\n<h2 class=\"wp-block-heading\">Navs virkemidler<\/h2>\n\n\n\n<p class=\"has-black-color has-text-color has-link-color wp-elements-d30055e62853f571dfa04deee5d74924\"><strong><a href=\"https:\/\/eur02.safelinks.protection.outlook.com\/?url=https%3A%2F%2Fwww.nav.no%2Farbeidsgiver%2Finkludere&amp;data=05%7C02%7CSimen.Gald%40aid.dep.no%7Cd34555b47fbc4876429e08ddbad7b6eb%7Cf696e1861c3b44cdbf765ace0e7007bd%7C0%7C0%7C638872157833842768%7CUnknown%7CTWFpbGZsb3d8eyJFbXB0eU1hcGkiOnRydWUsIlYiOiIwLjAuMDAwMCIsIlAiOiJXaW4zMiIsIkFOIjoiTWFpbCIsIldUIjoyfQ%3D%3D%7C0%7C%7C%7C&amp;sdata=HZW%2FcA4IXR3ryBrwX5C32HaptR%2B%2B4BgrUBSH5drrKo0%3D&amp;reserved=0\" data-type=\"link\" data-id=\"https:\/\/eur02.safelinks.protection.outlook.com\/?url=https%3A%2F%2Fwww.nav.no%2Farbeidsgiver%2Finkludere&amp;data=05%7C02%7CSimen.Gald%40aid.dep.no%7Cd34555b47fbc4876429e08ddbad7b6eb%7Cf696e1861c3b44cdbf765ace0e7007bd%7C0%7C0%7C638872157833842768%7CUnknown%7CTWFpbGZsb3d8eyJFbXB0eU1hcGkiOnRydWUsIlYiOiIwLjAuMDAwMCIsIlAiOiJXaW4zMiIsIkFOIjoiTWFpbCIsIldUIjoyfQ%3D%3D%7C0%7C%7C%7C&amp;sdata=HZW%2FcA4IXR3ryBrwX5C32HaptR%2B%2B4BgrUBSH5drrKo0%3D&amp;reserved=0\">Oversikt over tiltakene for arbeidsgivere som vil ansette med st\u00f8tte fra Nav<\/a><\/strong><\/p>\n<\/div>\n\n\n\n<p><\/p>\n","protected":false},"excerpt":{"rendered":"<p>Kan du bidra? Regjeringen skal gj\u00f8re sitt for ungdomsl\u00f8ftet. Vi har blant annet innf\u00f8rt ungdomsgarantien og et nytt ungdomsprogram. Vi lanserer denne h\u00f8sten et nytt fors\u00f8k med rekrutteringsprogram for helse- og omsorgssektoren, som skal gj\u00f8re det enklere \u00e5 ansette personer som trenger noe oppf\u00f8lging, p\u00e5 sykehjem og i hjemmetjenesten.&nbsp; Men, hvis vi skal lykkes med\u2026<\/p>\n","protected":false},"author":2877,"featured_media":0,"parent":0,"menu_order":0,"comment_status":"closed","ping_status":"closed","template":"","meta":{"dss_simple_post_excerpt":"","dss_show_featured_image":true,"dss_show_title":true,"footnotes":""},"class_list":["post-44","page","type-page","status-publish","hentry"],"language":"nb-NO","_links":{"self":[{"href":"https:\/\/nettsteder.regjeringen.no\/ungdomsloftet\/wp-json\/wp\/v2\/pages\/44","targetHints":{"allow":["GET"]}}],"collection":[{"href":"https:\/\/nettsteder.regjeringen.no\/ungdomsloftet\/wp-json\/wp\/v2\/pages"}],"about":[{"href":"https:\/\/nettsteder.regjeringen.no\/ungdomsloftet\/wp-json\/wp\/v2\/types\/page"}],"author":[{"embeddable":true,"href":"https:\/\/nettsteder.regjeringen.no\/ungdomsloftet\/wp-json\/wp\/v2\/users\/2877"}],"replies":[{"embeddable":true,"href":"https:\/\/nettsteder.regjeringen.no\/ungdomsloftet\/wp-json\/wp\/v2\/comments?post=44"}],"version-history":[{"count":5,"href":"https:\/\/nettsteder.regjeringen.no\/ungdomsloftet\/wp-json\/wp\/v2\/pages\/44\/revisions"}],"predecessor-version":[{"id":497,"href":"https:\/\/nettsteder.regjeringen.no\/ungdomsloftet\/wp-json\/wp\/v2\/pages\/44\/revisions\/497"}],"wp:attachment":[{"href":"https:\/\/nettsteder.regjeringen.no\/ungdomsloftet\/wp-json\/wp\/v2\/media?parent=44"}],"curies":[{"name":"wp","href":"https:\/\/api.w.org\/{rel}","templated":true}]}}