{"id":42,"date":"2025-07-04T11:44:49","date_gmt":"2025-07-04T09:44:49","guid":{"rendered":"https:\/\/nettsteder.regjeringen.no\/ungdomsloftet\/?page_id=42"},"modified":"2026-02-10T10:18:43","modified_gmt":"2026-02-10T09:18:43","slug":"jeg-er-ung","status":"publish","type":"page","link":"https:\/\/nettsteder.regjeringen.no\/ungdomsloftet\/jeg-er-ung\/","title":{"rendered":"Jeg er ung"},"content":{"rendered":"\n<div class=\"wp-block-media-text alignwide has-media-on-the-right is-stacked-on-mobile has-background\" style=\"background-color:#fffbf2;grid-template-columns:auto 47%\"><div class=\"wp-block-media-text__content\">\n<div class=\"wp-block-group is-content-justification-left is-layout-constrained wp-container-core-group-is-layout-8c890d92 wp-block-group-is-layout-constrained\">\n<h2 class=\"wp-block-heading\" style=\"font-size:clamp(20px, 1.25rem + ((1vw - 3.2px) * 1.481), 32px);\">Her kan du f\u00e5 hjelp til \u00e5 komme i jobb<\/h2>\n<\/div>\n\n\n\n<p style=\"font-size:clamp(14px, 0.875rem + ((1vw - 3.2px) * 0.494), 18px);\">Nav har mange virkemidler for deg som trenger hjelp til \u00e5 komme i jobb: <a href=\"https:\/\/eur02.safelinks.protection.outlook.com\/?url=https%3A%2F%2Fwww.nav.no%2Fkomme-i-jobb&amp;data=05%7C02%7CSimen.Gald%40aid.dep.no%7Cd34555b47fbc4876429e08ddbad7b6eb%7Cf696e1861c3b44cdbf765ace0e7007bd%7C0%7C0%7C638872157833967022%7CUnknown%7CTWFpbGZsb3d8eyJFbXB0eU1hcGkiOnRydWUsIlYiOiIwLjAuMDAwMCIsIlAiOiJXaW4zMiIsIkFOIjoiTWFpbCIsIldUIjoyfQ%3D%3D%7C0%7C%7C%7C&amp;sdata=IS5b3Mm2GvhNJOc7%2BGuWpkY819X2rXjedgoVaNELlPI%3D&amp;reserved=0\"><strong>Trenger hjelp til \u00e5 komme i jobb<\/strong><\/a><\/p>\n\n\n\n<p>Regjeringen har innf\u00f8rt en ungdomsgaranti i Nav, som sikrer deg som er ung tett, tidlig og tilpasset hjelp og oppf\u00f8lging: <a href=\"https:\/\/eur02.safelinks.protection.outlook.com\/?url=https%3A%2F%2Fwww.nav.no%2Fsamarbeidspartner%2Fungdomsgaranti&amp;data=05%7C02%7CSimen.Gald%40aid.dep.no%7Cd34555b47fbc4876429e08ddbad7b6eb%7Cf696e1861c3b44cdbf765ace0e7007bd%7C0%7C0%7C638872157833953171%7CUnknown%7CTWFpbGZsb3d8eyJFbXB0eU1hcGkiOnRydWUsIlYiOiIwLjAuMDAwMCIsIlAiOiJXaW4zMiIsIkFOIjoiTWFpbCIsIldUIjoyfQ%3D%3D%7C0%7C%7C%7C&amp;sdata=8GiJELvh3hYq1pTXSZAM6qE4a365%2FhG8bFaHQiQ47EY%3D&amp;reserved=0\"><strong>Ungdomsgarantien i Nav<\/strong><\/a><\/p>\n\n\n\n<p>Ungdomsprogrammet er et fulltidsprogram for deg mellom 18 og 29 \u00e5r som trenger hjelp fra Nav til \u00e5 komme i jobb: <a href=\"https:\/\/www.nav.no\/ungdomsprogrammet\"><strong>Ungdomsprogrammet &#8211; nav.no<\/strong><\/a><\/p>\n\n\n\n<p>P\u00e5 <a href=\"https:\/\/arbeidsplassen.nav.no\/stillinger?utm_source=regjeringen.no&amp;utm_campaign=ungdomsloeftet\"><strong>Arbeidsplassen.no<\/strong><\/a>&nbsp;finner du ledige jobber. Raskt og enkelt!<\/p>\n\n\n\n<p>S\u00f8ker du jobb for f\u00f8rste gang, lurer du p\u00e5 hvordan du finner en jobb, eller skriver s\u00f8knad? Sjekk ut&nbsp;<a href=\"https:\/\/eur02.safelinks.protection.outlook.com\/?url=https%3A%2F%2Fwww.ung.no%2Fjobb&amp;data=05%7C02%7CSimen.Gald%40aid.dep.no%7Cd34555b47fbc4876429e08ddbad7b6eb%7Cf696e1861c3b44cdbf765ace0e7007bd%7C0%7C0%7C638872157833880871%7CUnknown%7CTWFpbGZsb3d8eyJFbXB0eU1hcGkiOnRydWUsIlYiOiIwLjAuMDAwMCIsIlAiOiJXaW4zMiIsIkFOIjoiTWFpbCIsIldUIjoyfQ%3D%3D%7C0%7C%7C%7C&amp;sdata=USTC9Ll24m3QFKOwvm75HXqg5uK1n8s244QN10B8TXU%3D&amp;reserved=0\"><strong>jobbsidene p\u00e5 ung.no<\/strong><\/a><\/p>\n\n\n\n<p>F\u00f8lg gjerne&nbsp;<a href=\"https:\/\/eur02.safelinks.protection.outlook.com\/?url=https%3A%2F%2Fwww.snapchat.com%2Fadd%2Fnavjobblyst&amp;data=05%7C02%7CSimen.Gald%40aid.dep.no%7Cd34555b47fbc4876429e08ddbad7b6eb%7Cf696e1861c3b44cdbf765ace0e7007bd%7C0%7C0%7C638872157833893041%7CUnknown%7CTWFpbGZsb3d8eyJFbXB0eU1hcGkiOnRydWUsIlYiOiIwLjAuMDAwMCIsIlAiOiJXaW4zMiIsIkFOIjoiTWFpbCIsIldUIjoyfQ%3D%3D%7C0%7C%7C%7C&amp;sdata=TjiSqrwlKZVWQbidsYTlemH1za92yodh%2B21sd6VRz1k%3D&amp;reserved=0\"><strong>Nav jobblyst p\u00e5 Snapchat<\/strong><\/a>&nbsp;for jobbs\u00f8kertips<\/p>\n\n\n\n<p><a href=\"https:\/\/eur02.safelinks.protection.outlook.com\/?url=https%3A%2F%2Fkarriereveiledning.no%2F&amp;data=05%7C02%7CSimen.Gald%40aid.dep.no%7Cd34555b47fbc4876429e08ddbad7b6eb%7Cf696e1861c3b44cdbf765ace0e7007bd%7C0%7C0%7C638872157833929043%7CUnknown%7CTWFpbGZsb3d8eyJFbXB0eU1hcGkiOnRydWUsIlYiOiIwLjAuMDAwMCIsIlAiOiJXaW4zMiIsIkFOIjoiTWFpbCIsIldUIjoyfQ%3D%3D%7C0%7C%7C%7C&amp;sdata=gu3xfMnRM8ybURswyEsVa84e8GiLPPy4achNSQydVT8%3D&amp;reserved=0\"><strong>Karriereveiledning.no<\/strong><\/a>&nbsp;har nyttige verkt\u00f8y for deg som er nyutdannet, skal s\u00f8ke jobb, eller som \u00f8nsker \u00e5 skifte jobb<\/p>\n\n\n\n<p style=\"font-size:clamp(14px, 0.875rem + ((1vw - 3.2px) * 0.247), 16px);\">Usikker p\u00e5 hva du vil jobbe med? Pr\u00f8v<strong>&nbsp;<a href=\"https:\/\/eur02.safelinks.protection.outlook.com\/?url=https%3A%2F%2Futdanning.no%2Fjobbkompasset&amp;data=05%7C02%7CSimen.Gald%40aid.dep.no%7Cd34555b47fbc4876429e08ddbad7b6eb%7Cf696e1861c3b44cdbf765ace0e7007bd%7C0%7C0%7C638872157833941074%7CUnknown%7CTWFpbGZsb3d8eyJFbXB0eU1hcGkiOnRydWUsIlYiOiIwLjAuMDAwMCIsIlAiOiJXaW4zMiIsIkFOIjoiTWFpbCIsIldUIjoyfQ%3D%3D%7C0%7C%7C%7C&amp;sdata=c1g4HNLWbM4zQDH%2B0aqRRY9v3HD2MAzWE4x8ITMS5zc%3D&amp;reserved=0\">Jobbkompasset<\/a><\/strong>&nbsp;p\u00e5 utdanning.no<\/p>\n<\/div><figure class=\"wp-block-media-text__media\"><img loading=\"lazy\" decoding=\"async\" width=\"768\" height=\"1024\" src=\"https:\/\/files.nettsteder.regjeringen.no\/wpuploads01\/sites\/593\/2025\/11\/arbeids-og-inkluderingsministeren-besokjer-Coop-Mega-Carl-Berner-1-768x1024.png\" alt=\"\" class=\"wp-image-496 size-full\" srcset=\"https:\/\/files.nettsteder.regjeringen.no\/wpuploads01\/sites\/593\/2025\/11\/arbeids-og-inkluderingsministeren-besokjer-Coop-Mega-Carl-Berner-1-768x1024.png 768w, https:\/\/files.nettsteder.regjeringen.no\/wpuploads01\/sites\/593\/2025\/11\/arbeids-og-inkluderingsministeren-besokjer-Coop-Mega-Carl-Berner-1-225x300.png 225w, https:\/\/files.nettsteder.regjeringen.no\/wpuploads01\/sites\/593\/2025\/11\/arbeids-og-inkluderingsministeren-besokjer-Coop-Mega-Carl-Berner-1-1152x1536.png 1152w, https:\/\/files.nettsteder.regjeringen.no\/wpuploads01\/sites\/593\/2025\/11\/arbeids-og-inkluderingsministeren-besokjer-Coop-Mega-Carl-Berner-1.png 1280w\" sizes=\"auto, (max-width: 768px) 100vw, 768px\" \/><\/figure><\/div>\n\n\n\n<div class=\"wp-block-media-text alignwide has-media-on-the-right is-stacked-on-mobile has-white-background-color has-background\" style=\"grid-template-columns:auto 47%\"><div class=\"wp-block-media-text__content\">\n<div class=\"wp-block-group is-content-justification-left is-layout-constrained wp-container-core-group-is-layout-8c890d92 wp-block-group-is-layout-constrained\">\n<p>JEG ER UNG<\/p>\n\n\n\n<h2 class=\"wp-block-heading\" style=\"font-size:clamp(20px, 1.25rem + ((1vw - 3.2px) * 1.481), 32px);\">Vi trenger deg<\/h2>\n<\/div>\n\n\n<p class=\"t2-ingress wp-block-t2-ingress\">Vi trenger dere som er unge n\u00e5. Dere har ideer, kunnskap og forst\u00e5else for verden som arbeidslivet v\u00e5rt har behov for. Hver enkelt av dere utgj\u00f8r en viktig ressurs.\u00a0<\/p>\n\n\n<p style=\"font-size:clamp(14px, 0.875rem + ((1vw - 3.2px) * 0.247), 16px);\">De fleste av oss bruker tid p\u00e5 \u00e5 finne ut hvem vi er, og hva vi kan. Det er helt greit.<\/p>\n\n\n\n<p>Hvis du ikke kan jobbe hver dag eller trenger hjelp for \u00e5 g\u00e5 p\u00e5 skolen eller \u00e5 jobbe, s\u00e5 finnes det muligheter og det finnes hjelp.<\/p>\n\n\n\n<p>Ta kontakt med Nav. Sammen kan dere finne ut hva som er riktig for deg. Hvis du ikke klarte \u00e5 fullf\u00f8re skolen da du var yngre, men vil gj\u00f8re det n\u00e5, kan du f\u00e5 mulighet til det. Hvis du vil jobbe, men ikke klarer \u00e5 jobbe hver dag og trenger pauser; det finnes jobber for deg ogs\u00e5.<\/p>\n\n\n\n<p style=\"font-size:clamp(14px, 0.875rem + ((1vw - 3.2px) * 0.247), 16px);\"><strong>Vi skal gj\u00f8re plass til dere!<\/strong><\/p>\n<\/div><figure class=\"wp-block-media-text__media\"><div class=\"t2-image-credit-wrapper\"><img loading=\"lazy\" decoding=\"async\" width=\"640\" height=\"427\" src=\"https:\/\/files.nettsteder.regjeringen.no\/wpuploads01\/sites\/593\/2025\/11\/sketch_SCA34288.jpg\" alt=\"\" class=\"wp-image-498 size-full\" srcset=\"https:\/\/files.nettsteder.regjeringen.no\/wpuploads01\/sites\/593\/2025\/11\/sketch_SCA34288.jpg 640w, https:\/\/files.nettsteder.regjeringen.no\/wpuploads01\/sites\/593\/2025\/11\/sketch_SCA34288-300x200.jpg 300w\" sizes=\"auto, (max-width: 640px) 100vw, 640px\" \/><span class=\"t2-image-credit\">\n\t\t\t\t<button type=\"button\" class=\"t2-image-credit-toggle\" aria-expanded=\"false\" aria-controls=\"image-credit\" aria-label=\"Toggle image credit\"><svg xmlns=\"http:\/\/www.w3.org\/2000\/svg\" viewBox=\"0 0 24 24\" height=\"24\" width=\"24\" class=\"t2-icon t2-icon-info\" aria-hidden=\"true\" focusable=\"false\"><path d=\"M12 17c.3 0 .5-.1.7-.3s.3-.4.3-.7v-4c0-.3-.1-.5-.3-.7-.2-.2-.4-.3-.7-.3s-.5.1-.7.3c-.2.2-.3.4-.3.7v4c0 .3.1.5.3.7s.4.3.7.3zm0-8c.3 0 .5-.1.7-.3.2-.2.3-.4.3-.7 0-.3-.1-.5-.3-.7-.2-.2-.4-.3-.7-.3s-.5.1-.7.3c-.2.2-.3.4-.3.7 0 .3.1.5.3.7.2.2.4.3.7.3zm0 13c-1.4 0-2.7-.3-3.9-.8-1.2-.5-2.3-1.2-3.2-2.1s-1.6-2-2.1-3.2S2 13.4 2 12s.3-2.7.8-3.9S4 5.8 4.9 4.9s2-1.6 3.2-2.1S10.6 2 12 2s2.7.3 3.9.8 2.3 1.2 3.2 2.1 1.6 2 2.1 3.2c.5 1.2.8 2.5.8 3.9s-.3 2.7-.8 3.9c-.5 1.2-1.2 2.3-2.1 3.2s-2 1.6-3.2 2.1c-1.2.5-2.5.8-3.9.8z\" fill=\"currentColor\" \/><\/svg><\/button>\n\t\t\t\t<span class=\"t2-image-credit-text wp-element-caption\" id=\"image-credit\" hidden>Foto: John\u008er Images\/Plattform<\/span>\n\t\t\t<\/span><\/div><\/figure><\/div>\n\n\n\n<div class=\"wp-block-group alignfull has-background-100-background-color has-background is-layout-constrained wp-block-group-is-layout-constrained\">\n<div class=\"wp-block-group alignwide is-layout-constrained wp-block-group-is-layout-constrained\">\n<div class=\"wp-block-columns alignfull is-layout-flex wp-container-core-columns-is-layout-9d6595d7 wp-block-columns-is-layout-flex\">\n<div class=\"wp-block-column is-layout-flow wp-block-column-is-layout-flow\">\n<div class=\"wp-block-group is-layout-constrained wp-block-group-is-layout-constrained\">\n<figure class=\"wp-block-image size-large\"><div class=\"t2-image-credit-wrapper\"><img loading=\"lazy\" decoding=\"async\" width=\"1156\" height=\"867\" src=\"https:\/\/files.nettsteder.regjeringen.no\/wpuploads01\/sites\/593\/2025\/08\/hotelltul-edited.jpg\" alt=\"\" class=\"wp-image-320\" srcset=\"https:\/\/files.nettsteder.regjeringen.no\/wpuploads01\/sites\/593\/2025\/08\/hotelltul-edited.jpg 1156w, https:\/\/files.nettsteder.regjeringen.no\/wpuploads01\/sites\/593\/2025\/08\/hotelltul-edited-300x225.jpg 300w, https:\/\/files.nettsteder.regjeringen.no\/wpuploads01\/sites\/593\/2025\/08\/hotelltul-edited-1024x768.jpg 1024w, https:\/\/files.nettsteder.regjeringen.no\/wpuploads01\/sites\/593\/2025\/08\/hotelltul-edited-768x576.jpg 768w\" sizes=\"auto, (max-width: 1156px) 100vw, 1156px\" \/><span class=\"t2-image-credit\">\n\t\t\t\t<button type=\"button\" class=\"t2-image-credit-toggle\" aria-expanded=\"false\" aria-controls=\"image-credit-1\" aria-label=\"Toggle image credit\"><svg xmlns=\"http:\/\/www.w3.org\/2000\/svg\" viewBox=\"0 0 24 24\" height=\"24\" width=\"24\" class=\"t2-icon t2-icon-info\" aria-hidden=\"true\" focusable=\"false\"><path d=\"M12 17c.3 0 .5-.1.7-.3s.3-.4.3-.7v-4c0-.3-.1-.5-.3-.7-.2-.2-.4-.3-.7-.3s-.5.1-.7.3c-.2.2-.3.4-.3.7v4c0 .3.1.5.3.7s.4.3.7.3zm0-8c.3 0 .5-.1.7-.3.2-.2.3-.4.3-.7 0-.3-.1-.5-.3-.7-.2-.2-.4-.3-.7-.3s-.5.1-.7.3c-.2.2-.3.4-.3.7 0 .3.1.5.3.7.2.2.4.3.7.3zm0 13c-1.4 0-2.7-.3-3.9-.8-1.2-.5-2.3-1.2-3.2-2.1s-1.6-2-2.1-3.2S2 13.4 2 12s.3-2.7.8-3.9S4 5.8 4.9 4.9s2-1.6 3.2-2.1S10.6 2 12 2s2.7.3 3.9.8 2.3 1.2 3.2 2.1 1.6 2 2.1 3.2c.5 1.2.8 2.5.8 3.9s-.3 2.7-.8 3.9c-.5 1.2-1.2 2.3-2.1 3.2s-2 1.6-3.2 2.1c-1.2.5-2.5.8-3.9.8z\" fill=\"currentColor\" \/><\/svg><\/button>\n\t\t\t\t<span class=\"t2-image-credit-text wp-element-caption\" id=\"image-credit-1\" hidden>Foto: Foto: Arbeids- inkluderingsdepartementet<\/span>\n\t\t\t<\/span><\/div><\/figure>\n<\/div>\n\n\n\n<h3 class=\"wp-block-heading\">L\u00f8nnstilskudd<\/h3>\n\n\n\n<p>S\u00f8strene Svitlana og Larysa fra Ukraina, som er d\u00f8ve, fikk l\u00f8nnstilskudd fra Nav for \u00e5 jobbe p\u00e5 Strawberry-hotellet the Hub.&nbsp;<\/p>\n\n\n\n<p>Midlertidig l\u00f8nnstilskudd er en ordning der Nav dekker en del av l\u00f8nnen til en ansatt i en periode.&nbsp;<\/p>\n\n\n\n<p><a href=\"https:\/\/www.nav.no\/arbeidsgiver\/midlertidig-lonnstilskudd\" data-type=\"link\" data-id=\"https:\/\/www.nav.no\/arbeidsgiver\/midlertidig-lonnstilskudd\"><strong>Les mer om l\u00f8nnstilskudd<\/strong><\/a><\/p>\n<\/div>\n\n\n\n<div class=\"wp-block-column is-layout-flow wp-block-column-is-layout-flow\">\n<div class=\"wp-block-group is-layout-constrained wp-block-group-is-layout-constrained\">\n<figure class=\"wp-block-image aligncenter size-large\"><img loading=\"lazy\" decoding=\"async\" width=\"1024\" height=\"762\" src=\"https:\/\/files.nettsteder.regjeringen.no\/wpuploads01\/sites\/593\/2025\/10\/Skjermbilde-2025-10-23-141348-1024x762.jpg\" alt=\"\" class=\"wp-image-489\" srcset=\"https:\/\/files.nettsteder.regjeringen.no\/wpuploads01\/sites\/593\/2025\/10\/Skjermbilde-2025-10-23-141348-1024x762.jpg 1024w, https:\/\/files.nettsteder.regjeringen.no\/wpuploads01\/sites\/593\/2025\/10\/Skjermbilde-2025-10-23-141348-300x223.jpg 300w, https:\/\/files.nettsteder.regjeringen.no\/wpuploads01\/sites\/593\/2025\/10\/Skjermbilde-2025-10-23-141348-768x571.jpg 768w, https:\/\/files.nettsteder.regjeringen.no\/wpuploads01\/sites\/593\/2025\/10\/Skjermbilde-2025-10-23-141348.jpg 1063w\" sizes=\"auto, (max-width: 1024px) 100vw, 1024px\" \/><\/figure>\n<\/div>\n\n\n\n<h3 class=\"wp-block-heading\">Ungdomsgarantien<\/h3>\n\n\n\n<p>Ronny hadde st\u00e5tt utenfor arbeidslivet i mange \u00e5r, f\u00f8r han m\u00f8tte Nav-veilederen og jobbspesialisten Melina hjalp ham \u00e5 s\u00f8ke p\u00e5 jobb som IT-medarbeider i Securitas. Ronny fikk etter hvert fast jobb.<\/p>\n\n\n\n<p>Ungdomsgarantien i Nav skal sikre god og tett oppf\u00f8lging av unge mellom 16 og 30 \u00e5r som trenger det. Alle unge i m\u00e5lgruppen skal for eksempel f\u00e5 tilbud om en fast kontaktperson. <\/p>\n\n\n\n<p><a href=\"https:\/\/www.nav.no\/samarbeidspartner\/ungdomsgaranti\" data-type=\"link\" data-id=\"https:\/\/www.nav.no\/samarbeidspartner\/ungdomsgaranti\"><strong>Ungdomsgarantien i NAV<\/strong><\/a><\/p>\n<\/div>\n<\/div>\n<\/div>\n<\/div>\n\n\n\n<div class=\"wp-block-group alignfull has-white-background-color has-background is-layout-constrained wp-block-group-is-layout-constrained\">\n<div class=\"wp-block-group alignwide is-layout-constrained wp-block-group-is-layout-constrained\">\n<div class=\"wp-block-columns alignfull is-layout-flex wp-container-core-columns-is-layout-9d6595d7 wp-block-columns-is-layout-flex\">\n<div class=\"wp-block-column is-layout-flow wp-block-column-is-layout-flow\">\n<div class=\"wp-block-group is-layout-constrained wp-block-group-is-layout-constrained\">\n<figure class=\"wp-block-image size-large\"><div class=\"t2-image-credit-wrapper\"><img loading=\"lazy\" decoding=\"async\" width=\"1024\" height=\"768\" src=\"https:\/\/files.nettsteder.regjeringen.no\/wpuploads01\/sites\/593\/2025\/07\/Statsrad_Tonje_Brenna_Sommervikar_KIWI_Skjarhalden_KW_11642_Foto_Borge_Solem-edited-1024x768.jpg\" alt=\"\" class=\"wp-image-214\" srcset=\"https:\/\/files.nettsteder.regjeringen.no\/wpuploads01\/sites\/593\/2025\/07\/Statsrad_Tonje_Brenna_Sommervikar_KIWI_Skjarhalden_KW_11642_Foto_Borge_Solem-edited-1024x768.jpg 1024w, https:\/\/files.nettsteder.regjeringen.no\/wpuploads01\/sites\/593\/2025\/07\/Statsrad_Tonje_Brenna_Sommervikar_KIWI_Skjarhalden_KW_11642_Foto_Borge_Solem-edited-300x225.jpg 300w, https:\/\/files.nettsteder.regjeringen.no\/wpuploads01\/sites\/593\/2025\/07\/Statsrad_Tonje_Brenna_Sommervikar_KIWI_Skjarhalden_KW_11642_Foto_Borge_Solem-edited-768x576.jpg 768w, https:\/\/files.nettsteder.regjeringen.no\/wpuploads01\/sites\/593\/2025\/07\/Statsrad_Tonje_Brenna_Sommervikar_KIWI_Skjarhalden_KW_11642_Foto_Borge_Solem-edited-1536x1152.jpg 1536w, https:\/\/files.nettsteder.regjeringen.no\/wpuploads01\/sites\/593\/2025\/07\/Statsrad_Tonje_Brenna_Sommervikar_KIWI_Skjarhalden_KW_11642_Foto_Borge_Solem-edited.jpg 1708w\" sizes=\"auto, (max-width: 1024px) 100vw, 1024px\" \/><span class=\"t2-image-credit\">\n\t\t\t\t<button type=\"button\" class=\"t2-image-credit-toggle\" aria-expanded=\"false\" aria-controls=\"image-credit-2\" aria-label=\"Toggle image credit\"><svg xmlns=\"http:\/\/www.w3.org\/2000\/svg\" viewBox=\"0 0 24 24\" height=\"24\" width=\"24\" class=\"t2-icon t2-icon-info\" aria-hidden=\"true\" focusable=\"false\"><path d=\"M12 17c.3 0 .5-.1.7-.3s.3-.4.3-.7v-4c0-.3-.1-.5-.3-.7-.2-.2-.4-.3-.7-.3s-.5.1-.7.3c-.2.2-.3.4-.3.7v4c0 .3.1.5.3.7s.4.3.7.3zm0-8c.3 0 .5-.1.7-.3.2-.2.3-.4.3-.7 0-.3-.1-.5-.3-.7-.2-.2-.4-.3-.7-.3s-.5.1-.7.3c-.2.2-.3.4-.3.7 0 .3.1.5.3.7.2.2.4.3.7.3zm0 13c-1.4 0-2.7-.3-3.9-.8-1.2-.5-2.3-1.2-3.2-2.1s-1.6-2-2.1-3.2S2 13.4 2 12s.3-2.7.8-3.9S4 5.8 4.9 4.9s2-1.6 3.2-2.1S10.6 2 12 2s2.7.3 3.9.8 2.3 1.2 3.2 2.1 1.6 2 2.1 3.2c.5 1.2.8 2.5.8 3.9s-.3 2.7-.8 3.9c-.5 1.2-1.2 2.3-2.1 3.2s-2 1.6-3.2 2.1c-1.2.5-2.5.8-3.9.8z\" fill=\"currentColor\" \/><\/svg><\/button>\n\t\t\t\t<span class=\"t2-image-credit-text wp-element-caption\" id=\"image-credit-2\" hidden>Foto: Foto: Arbeids- inkluderingsdepartementet<\/span>\n\t\t\t<\/span><\/div><\/figure>\n<\/div>\n\n\n\n<h3 class=\"wp-block-heading\">Ekstrajobber<\/h3>\n\n\n\n<p>Ella og Emma p\u00e5 15 var p\u00e5 sin f\u00f8rste sommerjobb p\u00e5 Kiwi i Skj\u00e6rhalden.<\/p>\n\n\n\n<p>En ekstrajobb gir deg inntekt, men ogs\u00e5 erfaring med arbeidslivet og noe \u00e5 vise til n\u00e5r du skal s\u00f8ke jobb senere. Visste du at if\u00f8lge Statistisk Sentralbyr\u00e5 s\u00e5 tjener de som har hatt en jobb f\u00f8r fylte 17 \u00e5r mer n\u00e5r de ble voksne enn de som ikke hadde hatt det?<\/p>\n\n\n\n<p><a href=\"https:\/\/arbeidsplassen.nav.no\/stillinger\"><strong>Finn ledige stillinger<\/strong><\/a><\/p>\n<\/div>\n\n\n\n<div class=\"wp-block-column is-layout-flow wp-block-column-is-layout-flow\">\n<div class=\"wp-block-group is-layout-constrained wp-block-group-is-layout-constrained\">\n<figure class=\"wp-block-image size-large\"><div class=\"t2-image-credit-wrapper\"><img loading=\"lazy\" decoding=\"async\" width=\"1024\" height=\"768\" src=\"https:\/\/files.nettsteder.regjeringen.no\/wpuploads01\/sites\/593\/2025\/07\/veronica-edited-1024x768.jpg\" alt=\"\" class=\"wp-image-216\" srcset=\"https:\/\/files.nettsteder.regjeringen.no\/wpuploads01\/sites\/593\/2025\/07\/veronica-edited-1024x768.jpg 1024w, https:\/\/files.nettsteder.regjeringen.no\/wpuploads01\/sites\/593\/2025\/07\/veronica-edited-300x225.jpg 300w, https:\/\/files.nettsteder.regjeringen.no\/wpuploads01\/sites\/593\/2025\/07\/veronica-edited-768x576.jpg 768w, https:\/\/files.nettsteder.regjeringen.no\/wpuploads01\/sites\/593\/2025\/07\/veronica-edited.jpg 1524w\" sizes=\"auto, (max-width: 1024px) 100vw, 1024px\" \/><span class=\"t2-image-credit\">\n\t\t\t\t<button type=\"button\" class=\"t2-image-credit-toggle\" aria-expanded=\"false\" aria-controls=\"image-credit-3\" aria-label=\"Toggle image credit\"><svg xmlns=\"http:\/\/www.w3.org\/2000\/svg\" viewBox=\"0 0 24 24\" height=\"24\" width=\"24\" class=\"t2-icon t2-icon-info\" aria-hidden=\"true\" focusable=\"false\"><path d=\"M12 17c.3 0 .5-.1.7-.3s.3-.4.3-.7v-4c0-.3-.1-.5-.3-.7-.2-.2-.4-.3-.7-.3s-.5.1-.7.3c-.2.2-.3.4-.3.7v4c0 .3.1.5.3.7s.4.3.7.3zm0-8c.3 0 .5-.1.7-.3.2-.2.3-.4.3-.7 0-.3-.1-.5-.3-.7-.2-.2-.4-.3-.7-.3s-.5.1-.7.3c-.2.2-.3.4-.3.7 0 .3.1.5.3.7.2.2.4.3.7.3zm0 13c-1.4 0-2.7-.3-3.9-.8-1.2-.5-2.3-1.2-3.2-2.1s-1.6-2-2.1-3.2S2 13.4 2 12s.3-2.7.8-3.9S4 5.8 4.9 4.9s2-1.6 3.2-2.1S10.6 2 12 2s2.7.3 3.9.8 2.3 1.2 3.2 2.1 1.6 2 2.1 3.2c.5 1.2.8 2.5.8 3.9s-.3 2.7-.8 3.9c-.5 1.2-1.2 2.3-2.1 3.2s-2 1.6-3.2 2.1c-1.2.5-2.5.8-3.9.8z\" fill=\"currentColor\" \/><\/svg><\/button>\n\t\t\t\t<span class=\"t2-image-credit-text wp-element-caption\" id=\"image-credit-3\" hidden>Foto: Foto: Arbeids- inkluderingsdepartementet<\/span>\n\t\t\t<\/span><\/div><\/figure>\n<\/div>\n\n\n\n<h3 class=\"wp-block-heading\">Varig tilrettelagt arbeid<\/h3>\n\n\n\n<p>Veronica er uf\u00f8r, men f\u00e5r jobbe n\u00e5r hun kan p\u00e5 Jula i L\u00f8renskog. Veronica er med i en ordning som heter Varig tilrettelagt arbeid. Veronica sier jobben gj\u00f8r at hun f\u00f8ler seg normal og liker at hun kan jobbe slik at det passer inn i hennes hverdag. <\/p>\n\n\n\n<p><a href=\"https:\/\/www.nav.no\/varig-tilrettelagt-arbeid\" data-type=\"link\" data-id=\"https:\/\/www.nav.no\/varig-tilrettelagt-arbeid\"><strong>Les mer om hvordan du kan f\u00e5 hjelp gjennom VTO<\/strong><\/a><\/p>\n<\/div>\n<\/div>\n<\/div>\n<\/div>\n","protected":false},"excerpt":{"rendered":"<p>L\u00f8nnstilskudd S\u00f8strene Svitlana og Larysa fra Ukraina, som er d\u00f8ve, fikk l\u00f8nnstilskudd fra Nav for \u00e5 jobbe p\u00e5 Strawberry-hotellet the Hub.&nbsp; Midlertidig l\u00f8nnstilskudd er en ordning der Nav dekker en del av l\u00f8nnen til en ansatt i en periode.&nbsp; Les mer om l\u00f8nnstilskudd Ungdomsgarantien Ronny hadde st\u00e5tt utenfor arbeidslivet i mange \u00e5r, f\u00f8r han m\u00f8tte\u2026<\/p>\n","protected":false},"author":2877,"featured_media":0,"parent":0,"menu_order":0,"comment_status":"closed","ping_status":"closed","template":"","meta":{"dss_simple_post_excerpt":"","dss_show_featured_image":false,"dss_show_title":true,"footnotes":""},"class_list":["post-42","page","type-page","status-publish","hentry"],"language":"nb-NO","_links":{"self":[{"href":"https:\/\/nettsteder.regjeringen.no\/ungdomsloftet\/wp-json\/wp\/v2\/pages\/42","targetHints":{"allow":["GET"]}}],"collection":[{"href":"https:\/\/nettsteder.regjeringen.no\/ungdomsloftet\/wp-json\/wp\/v2\/pages"}],"about":[{"href":"https:\/\/nettsteder.regjeringen.no\/ungdomsloftet\/wp-json\/wp\/v2\/types\/page"}],"author":[{"embeddable":true,"href":"https:\/\/nettsteder.regjeringen.no\/ungdomsloftet\/wp-json\/wp\/v2\/users\/2877"}],"replies":[{"embeddable":true,"href":"https:\/\/nettsteder.regjeringen.no\/ungdomsloftet\/wp-json\/wp\/v2\/comments?post=42"}],"version-history":[{"count":2,"href":"https:\/\/nettsteder.regjeringen.no\/ungdomsloftet\/wp-json\/wp\/v2\/pages\/42\/revisions"}],"predecessor-version":[{"id":511,"href":"https:\/\/nettsteder.regjeringen.no\/ungdomsloftet\/wp-json\/wp\/v2\/pages\/42\/revisions\/511"}],"wp:attachment":[{"href":"https:\/\/nettsteder.regjeringen.no\/ungdomsloftet\/wp-json\/wp\/v2\/media?parent=42"}],"curies":[{"name":"wp","href":"https:\/\/api.w.org\/{rel}","templated":true}]}}