{"id":166,"date":"2025-07-24T12:45:02","date_gmt":"2025-07-24T10:45:02","guid":{"rendered":"https:\/\/nettsteder.regjeringen.no\/ungdomsloftet\/?page_id=166"},"modified":"2026-02-10T10:21:11","modified_gmt":"2026-02-10T09:21:11","slug":"jeg-vil-bidra","status":"publish","type":"page","link":"https:\/\/nettsteder.regjeringen.no\/ungdomsloftet\/jeg-vil-bidra\/","title":{"rendered":"Jeg vil bidra"},"content":{"rendered":"\n<div class=\"wp-block-media-text alignwide has-media-on-the-right is-stacked-on-mobile is-image-fill-element has-background\" style=\"background-color:#f78da83d;grid-template-columns:auto 38%\"><div class=\"wp-block-media-text__content\">\n<h2 class=\"wp-block-heading\" style=\"font-size:clamp(20px, 1.25rem + ((1vw - 3.2px) * 1.481), 32px);\">Jeg vil bidra<\/h2>\n\n\n<p class=\"t2-ingress wp-block-t2-ingress\">Vi trenger enda flere arbeidsgivere som er gode p\u00e5 inkludering og som ser mulighetene i den enkelte, i stedet for \u00e5 lete etter perfekte CVer. <\/p>\n\n\n<p><strong>Regjeringens m\u00e5l er at 30 000 flere under 30 \u00e5r skal v\u00e6re i jobb innen 2030<\/strong>.<\/p>\n\n\n\n<p>Det f\u00e5r vi bare til i felleskap og derfor inviterer vi flere med i Ungdomsl\u00f8ftet. Har du en virksomhet som kan bidra eller vil du l\u00e6re mer om hvordan Nav kan bidra til \u00e5 senke terskelen for \u00e5 gi flere unge en sjanse?<\/p>\n<\/div><figure class=\"wp-block-media-text__media\"><div class=\"t2-image-credit-wrapper\"><img loading=\"lazy\" decoding=\"async\" width=\"640\" height=\"427\" src=\"https:\/\/files.nettsteder.regjeringen.no\/wpuploads01\/sites\/593\/2025\/08\/sketch_SCA33967.jpg\" alt=\"\" class=\"wp-image-417 size-full\" style=\"object-position:50% 50%\" srcset=\"https:\/\/files.nettsteder.regjeringen.no\/wpuploads01\/sites\/593\/2025\/08\/sketch_SCA33967.jpg 640w, https:\/\/files.nettsteder.regjeringen.no\/wpuploads01\/sites\/593\/2025\/08\/sketch_SCA33967-300x200.jpg 300w\" sizes=\"auto, (max-width: 640px) 100vw, 640px\" \/><span class=\"t2-image-credit\">\n\t\t\t\t<button type=\"button\" class=\"t2-image-credit-toggle\" aria-expanded=\"false\" aria-controls=\"image-credit\" aria-label=\"Toggle image credit\"><svg xmlns=\"http:\/\/www.w3.org\/2000\/svg\" viewBox=\"0 0 24 24\" height=\"24\" width=\"24\" class=\"t2-icon t2-icon-info\" aria-hidden=\"true\" focusable=\"false\"><path d=\"M12 17c.3 0 .5-.1.7-.3s.3-.4.3-.7v-4c0-.3-.1-.5-.3-.7-.2-.2-.4-.3-.7-.3s-.5.1-.7.3c-.2.2-.3.4-.3.7v4c0 .3.1.5.3.7s.4.3.7.3zm0-8c.3 0 .5-.1.7-.3.2-.2.3-.4.3-.7 0-.3-.1-.5-.3-.7-.2-.2-.4-.3-.7-.3s-.5.1-.7.3c-.2.2-.3.4-.3.7 0 .3.1.5.3.7.2.2.4.3.7.3zm0 13c-1.4 0-2.7-.3-3.9-.8-1.2-.5-2.3-1.2-3.2-2.1s-1.6-2-2.1-3.2S2 13.4 2 12s.3-2.7.8-3.9S4 5.8 4.9 4.9s2-1.6 3.2-2.1S10.6 2 12 2s2.7.3 3.9.8 2.3 1.2 3.2 2.1 1.6 2 2.1 3.2c.5 1.2.8 2.5.8 3.9s-.3 2.7-.8 3.9c-.5 1.2-1.2 2.3-2.1 3.2s-2 1.6-3.2 2.1c-1.2.5-2.5.8-3.9.8z\" fill=\"currentColor\" \/><\/svg><\/button>\n\t\t\t\t<span class=\"t2-image-credit-text wp-element-caption\" id=\"image-credit\" hidden>Foto: John\u008er Images\/Anders Andersson<\/span>\n\t\t\t<\/span><\/div><\/figure><\/div>\n\n\n\n<div class=\"wp-block-media-text alignwide is-stacked-on-mobile is-vertically-aligned-top\" style=\"grid-template-columns:20% auto\"><figure class=\"wp-block-media-text__media\"><img decoding=\"async\" src=\"https:\/\/files.nettsteder.regjeringen.no\/wpuploads01\/sites\/593\/2025\/08\/rosa-pil.svg\" alt=\"\" class=\"wp-image-429 size-full\"\/><\/figure><div class=\"wp-block-media-text__content\">\n<h3 class=\"wp-block-heading\" style=\"font-size:clamp(16.293px, 1.018rem + ((1vw - 3.2px) * 1.075), 25px);\">Hvis du vil bidra til ungdomsl\u00f8ftet, kan du gj\u00f8re f\u00f8lgende:<\/h3>\n\n\n\n<p style=\"font-size:clamp(14px, 0.875rem + ((1vw - 3.2px) * 0.741), 20px);\"><strong>Send inn<\/strong> <a href=\"https:\/\/kontaktskjema.arbeidsgiver.nav.no\/s\/\"><strong>Navs kontaktskjema for arbeidsgivere<\/strong><\/a> <strong>eller du kan ringe Navs arbeidsgivertelefon p\u00e5 55 55 33 36<\/strong> <\/p>\n<\/div><\/div>\n\n\n\n<div class=\"wp-block-group has-background-100-background-color has-background is-layout-constrained wp-block-group-is-layout-constrained\">\n<h2 class=\"wp-block-heading\">Disse er med p\u00e5 ungdomsl\u00f8ftet<\/h2>\n\n\n\n<ul class=\"wp-block-list is-layout-flow wp-block-list-is-layout-flow\">\n<li><a href=\"https:\/\/www.lo.no\/\">Landsorganisasjonen i Norge (LO)<\/a><\/li>\n\n\n\n<li><a href=\"https:\/\/www.nho.no\/\">N\u00e6ringslivets hovedorganisasjon (NHO)<\/a><\/li>\n\n\n\n<li><a href=\"https:\/\/www.unio.no\/\">Unio<\/a><\/li>\n\n\n\n<li><a href=\"https:\/\/www.akademikerne.no\/\">Akademikerne<\/a><\/li>\n\n\n\n<li><a href=\"https:\/\/www.virke.no\/?utm_source=google&amp;utm_medium=cpc&amp;gad_source=1&amp;gad_campaignid=701053344&amp;gclid=Cj0KCQjwqebEBhD9ARIsAFZMbfyfiLxkAFaG9jGh8CO7mhQAO9e-rzoB8CyH1gAkDoOw83jP-2TGZzUaAp51EALw_wcB\" data-type=\"link\" data-id=\"https:\/\/www.virke.no\/?utm_source=google&amp;utm_medium=cpc&amp;gad_source=1&amp;gad_campaignid=701053344&amp;gclid=Cj0KCQjwqebEBhD9ARIsAFZMbfyfiLxkAFaG9jGh8CO7mhQAO9e-rzoB8CyH1gAkDoOw83jP-2TGZzUaAp51EALw_wcB\">Virke<\/a><\/li>\n\n\n\n<li><a href=\"https:\/\/ys.no\/\" data-type=\"link\" data-id=\"https:\/\/ys.no\/\">YS<\/a> <\/li>\n\n\n\n<li><a href=\"https:\/\/www.spekter.no\/\" data-type=\"link\" data-id=\"https:\/\/www.spekter.no\/\">Spekter<\/a><\/li>\n\n\n\n<li><a href=\"https:\/\/www.ks.no\/\" data-type=\"link\" data-id=\"https:\/\/www.ks.no\/\">KS<\/a><\/li>\n\n\n\n<li><a href=\"https:\/\/www.ffo.no\/\" data-type=\"link\" data-id=\"https:\/\/www.ffo.no\/\">FFO<\/a><\/li>\n\n\n\n<li><a href=\"https:\/\/www.safo.no\/\" data-type=\"link\" data-id=\"https:\/\/www.safo.no\/\">SAFO<\/a><\/li>\n\n\n\n<li><a href=\"https:\/\/mentalhelseungdom.no\/?utm_campaign=always_on-andre&amp;utm_term=mental%20helse%20ungdom&amp;utm_source=google&amp;utm_medium=cpc&amp;utm_content=699670370788&amp;gad_source=1&amp;gad_campaignid=21215339942&amp;gclid=Cj0KCQjwqebEBhD9ARIsAFZMbfwpwpRGbo6IAaQjPekMF5zNProy8dDz53PNuXM6GCSBnxdK6p3u8LIaAh3UEALw_wcB\" data-type=\"link\" data-id=\"https:\/\/mentalhelseungdom.no\/?utm_campaign=always_on-andre&amp;utm_term=mental%20helse%20ungdom&amp;utm_source=google&amp;utm_medium=cpc&amp;utm_content=699670370788&amp;gad_source=1&amp;gad_campaignid=21215339942&amp;gclid=Cj0KCQjwqebEBhD9ARIsAFZMbfwpwpRGbo6IAaQjPekMF5zNProy8dDz53PNuXM6GCSBnxdK6p3u8LIaAh3UEALw_wcB\">Mental helse ungdom<\/a><\/li>\n\n\n\n<li><a href=\"https:\/\/ungefunksjonshemmede.no\/\" data-type=\"link\" data-id=\"https:\/\/ungefunksjonshemmede.no\/\">Unge funksjonshemmede<\/a><\/li>\n\n\n\n<li><a href=\"https:\/\/www.regjeringen.no\/no\/dep\/dfd\/id810\/\" data-type=\"link\" data-id=\"https:\/\/www.regjeringen.no\/no\/dep\/dfd\/id810\/\">Digitaliserings- og forvaltningsdepartementet (DFD)<\/a><\/li>\n\n\n\n<li><a href=\"https:\/\/www.regjeringen.no\/no\/dep\/aid\/id165\/\">Arbeids- og inkluderingsdepartementet  (AID)<\/a><\/li>\n\n\n\n<li><a href=\"https:\/\/www.nav.no\/\" data-type=\"link\" data-id=\"https:\/\/www.nav.no\/\">Arbeids- og velferdsdirektoratet<\/a><\/li>\n<\/ul>\n<\/div>\n\n\n\n<div class=\"wp-block-columns is-layout-flex wp-container-core-columns-is-layout-9d6595d7 wp-block-columns-is-layout-flex\">\n<div class=\"wp-block-column is-layout-flow wp-block-column-is-layout-flow\">\n<figure class=\"wp-block-image size-full\"><img loading=\"lazy\" decoding=\"async\" width=\"1009\" height=\"411\" src=\"https:\/\/files.nettsteder.regjeringen.no\/wpuploads01\/sites\/593\/2025\/08\/coop.png\" alt=\"\" class=\"wp-image-451\" srcset=\"https:\/\/files.nettsteder.regjeringen.no\/wpuploads01\/sites\/593\/2025\/08\/coop.png 1009w, https:\/\/files.nettsteder.regjeringen.no\/wpuploads01\/sites\/593\/2025\/08\/coop-300x122.png 300w, https:\/\/files.nettsteder.regjeringen.no\/wpuploads01\/sites\/593\/2025\/08\/coop-768x313.png 768w\" sizes=\"auto, (max-width: 1009px) 100vw, 1009px\" \/><\/figure>\n<\/div>\n\n\n\n<div class=\"wp-block-column is-layout-flow wp-block-column-is-layout-flow\">\n<figure class=\"wp-block-image size-full\"><img loading=\"lazy\" decoding=\"async\" width=\"1009\" height=\"411\" src=\"https:\/\/files.nettsteder.regjeringen.no\/wpuploads01\/sites\/593\/2025\/08\/ikea.png\" alt=\"\" class=\"wp-image-452\" srcset=\"https:\/\/files.nettsteder.regjeringen.no\/wpuploads01\/sites\/593\/2025\/08\/ikea.png 1009w, https:\/\/files.nettsteder.regjeringen.no\/wpuploads01\/sites\/593\/2025\/08\/ikea-300x122.png 300w, https:\/\/files.nettsteder.regjeringen.no\/wpuploads01\/sites\/593\/2025\/08\/ikea-768x313.png 768w\" sizes=\"auto, (max-width: 1009px) 100vw, 1009px\" \/><\/figure>\n<\/div>\n\n\n\n<div class=\"wp-block-column is-layout-flow wp-block-column-is-layout-flow\">\n<figure class=\"wp-block-image size-full\"><img loading=\"lazy\" decoding=\"async\" width=\"1009\" height=\"411\" src=\"https:\/\/files.nettsteder.regjeringen.no\/wpuploads01\/sites\/593\/2025\/08\/iss.png\" alt=\"\" class=\"wp-image-453\" srcset=\"https:\/\/files.nettsteder.regjeringen.no\/wpuploads01\/sites\/593\/2025\/08\/iss.png 1009w, https:\/\/files.nettsteder.regjeringen.no\/wpuploads01\/sites\/593\/2025\/08\/iss-300x122.png 300w, https:\/\/files.nettsteder.regjeringen.no\/wpuploads01\/sites\/593\/2025\/08\/iss-768x313.png 768w\" sizes=\"auto, (max-width: 1009px) 100vw, 1009px\" \/><\/figure>\n<\/div>\n\n\n\n<div class=\"wp-block-column is-layout-flow wp-block-column-is-layout-flow\">\n<figure class=\"wp-block-image size-full\"><img loading=\"lazy\" decoding=\"async\" width=\"1009\" height=\"411\" src=\"https:\/\/files.nettsteder.regjeringen.no\/wpuploads01\/sites\/593\/2025\/08\/jysk.png\" alt=\"\" class=\"wp-image-454\" srcset=\"https:\/\/files.nettsteder.regjeringen.no\/wpuploads01\/sites\/593\/2025\/08\/jysk.png 1009w, https:\/\/files.nettsteder.regjeringen.no\/wpuploads01\/sites\/593\/2025\/08\/jysk-300x122.png 300w, https:\/\/files.nettsteder.regjeringen.no\/wpuploads01\/sites\/593\/2025\/08\/jysk-768x313.png 768w\" sizes=\"auto, (max-width: 1009px) 100vw, 1009px\" \/><\/figure>\n<\/div>\n<\/div>\n\n\n\n<div class=\"wp-block-columns is-layout-flex wp-container-core-columns-is-layout-9d6595d7 wp-block-columns-is-layout-flex\">\n<div class=\"wp-block-column is-layout-flow wp-block-column-is-layout-flow\">\n<figure class=\"wp-block-image size-full\"><img loading=\"lazy\" decoding=\"async\" width=\"1009\" height=\"411\" src=\"https:\/\/files.nettsteder.regjeringen.no\/wpuploads01\/sites\/593\/2025\/08\/norgesgruppen.png\" alt=\"\" class=\"wp-image-455\" srcset=\"https:\/\/files.nettsteder.regjeringen.no\/wpuploads01\/sites\/593\/2025\/08\/norgesgruppen.png 1009w, https:\/\/files.nettsteder.regjeringen.no\/wpuploads01\/sites\/593\/2025\/08\/norgesgruppen-300x122.png 300w, https:\/\/files.nettsteder.regjeringen.no\/wpuploads01\/sites\/593\/2025\/08\/norgesgruppen-768x313.png 768w\" sizes=\"auto, (max-width: 1009px) 100vw, 1009px\" \/><\/figure>\n<\/div>\n\n\n\n<div class=\"wp-block-column is-layout-flow wp-block-column-is-layout-flow\">\n<figure class=\"wp-block-image size-full\"><img loading=\"lazy\" decoding=\"async\" width=\"1009\" height=\"411\" src=\"https:\/\/files.nettsteder.regjeringen.no\/wpuploads01\/sites\/593\/2025\/08\/reitan.png\" alt=\"\" class=\"wp-image-456\" srcset=\"https:\/\/files.nettsteder.regjeringen.no\/wpuploads01\/sites\/593\/2025\/08\/reitan.png 1009w, https:\/\/files.nettsteder.regjeringen.no\/wpuploads01\/sites\/593\/2025\/08\/reitan-300x122.png 300w, https:\/\/files.nettsteder.regjeringen.no\/wpuploads01\/sites\/593\/2025\/08\/reitan-768x313.png 768w\" sizes=\"auto, (max-width: 1009px) 100vw, 1009px\" \/><\/figure>\n<\/div>\n\n\n\n<div class=\"wp-block-column is-layout-flow wp-block-column-is-layout-flow\">\n<figure class=\"wp-block-image size-full\"><img loading=\"lazy\" decoding=\"async\" width=\"1009\" height=\"411\" src=\"https:\/\/files.nettsteder.regjeringen.no\/wpuploads01\/sites\/593\/2025\/08\/strawberry.png\" alt=\"\" class=\"wp-image-457\" srcset=\"https:\/\/files.nettsteder.regjeringen.no\/wpuploads01\/sites\/593\/2025\/08\/strawberry.png 1009w, https:\/\/files.nettsteder.regjeringen.no\/wpuploads01\/sites\/593\/2025\/08\/strawberry-300x122.png 300w, https:\/\/files.nettsteder.regjeringen.no\/wpuploads01\/sites\/593\/2025\/08\/strawberry-768x313.png 768w\" sizes=\"auto, (max-width: 1009px) 100vw, 1009px\" \/><\/figure>\n<\/div>\n\n\n\n<div class=\"wp-block-column is-layout-flow wp-block-column-is-layout-flow\"><\/div>\n<\/div>\n\n\n\n<p><\/p>\n","protected":false},"excerpt":{"rendered":"<p>Hvis du vil bidra til ungdomsl\u00f8ftet, kan du gj\u00f8re f\u00f8lgende: Send inn Navs kontaktskjema for arbeidsgivere eller du kan ringe Navs arbeidsgivertelefon p\u00e5 55 55 33 36 Disse er med p\u00e5 ungdomsl\u00f8ftet<\/p>\n","protected":false},"author":2877,"featured_media":0,"parent":0,"menu_order":0,"comment_status":"closed","ping_status":"closed","template":"","meta":{"dss_simple_post_excerpt":"","dss_show_featured_image":true,"dss_show_title":true,"footnotes":""},"class_list":["post-166","page","type-page","status-publish","hentry"],"language":"nb-NO","_links":{"self":[{"href":"https:\/\/nettsteder.regjeringen.no\/ungdomsloftet\/wp-json\/wp\/v2\/pages\/166","targetHints":{"allow":["GET"]}}],"collection":[{"href":"https:\/\/nettsteder.regjeringen.no\/ungdomsloftet\/wp-json\/wp\/v2\/pages"}],"about":[{"href":"https:\/\/nettsteder.regjeringen.no\/ungdomsloftet\/wp-json\/wp\/v2\/types\/page"}],"author":[{"embeddable":true,"href":"https:\/\/nettsteder.regjeringen.no\/ungdomsloftet\/wp-json\/wp\/v2\/users\/2877"}],"replies":[{"embeddable":true,"href":"https:\/\/nettsteder.regjeringen.no\/ungdomsloftet\/wp-json\/wp\/v2\/comments?post=166"}],"version-history":[{"count":3,"href":"https:\/\/nettsteder.regjeringen.no\/ungdomsloftet\/wp-json\/wp\/v2\/pages\/166\/revisions"}],"predecessor-version":[{"id":516,"href":"https:\/\/nettsteder.regjeringen.no\/ungdomsloftet\/wp-json\/wp\/v2\/pages\/166\/revisions\/516"}],"wp:attachment":[{"href":"https:\/\/nettsteder.regjeringen.no\/ungdomsloftet\/wp-json\/wp\/v2\/media?parent=166"}],"curies":[{"name":"wp","href":"https:\/\/api.w.org\/{rel}","templated":true}]}}