{"id":46,"date":"2025-02-04T14:21:21","date_gmt":"2025-02-04T13:21:21","guid":{"rendered":"https:\/\/nettsteder.regjeringen.no\/tbu\/?page_id=46"},"modified":"2026-03-06T09:01:41","modified_gmt":"2026-03-06T08:01:41","slug":"tbu-rapporter","status":"publish","type":"page","link":"https:\/\/nettsteder.regjeringen.no\/tbu\/tbu-rapporter\/","title":{"rendered":"Rapporter fra utvalget"},"content":{"rendered":"<p class=\"t2-ingress wp-block-t2-ingress\">Utvalget utarbeider fra og med 2025 tre rapporter i \u00e5ret, to om v\u00e5ren og \u00e9n om h\u00f8sten. Utvalgets notater til konsultasjonsordningen mellom staten og kommunesektoren utgj\u00f8r n\u00e5 den f\u00f8rste v\u00e5rrapporten.<\/p>\n\n\n<figure class=\"wp-block-image size-full\"><div class=\"t2-image-credit-wrapper\"><img loading=\"lazy\" decoding=\"async\" width=\"1000\" height=\"626\" src=\"https:\/\/files.nettsteder.regjeringen.no\/wpuploads01\/sites\/587\/2025\/11\/TBU-NOU-rapport-nov-2025.png\" alt=\"Forsiden p\u00e5 TBUs h\u00f8strapport november 2025.\" class=\"wp-image-402\" srcset=\"https:\/\/files.nettsteder.regjeringen.no\/wpuploads01\/sites\/587\/2025\/11\/TBU-NOU-rapport-nov-2025.png 1000w, https:\/\/files.nettsteder.regjeringen.no\/wpuploads01\/sites\/587\/2025\/11\/TBU-NOU-rapport-nov-2025-300x188.png 300w, https:\/\/files.nettsteder.regjeringen.no\/wpuploads01\/sites\/587\/2025\/11\/TBU-NOU-rapport-nov-2025-768x481.png 768w\" sizes=\"auto, (max-width: 1000px) 100vw, 1000px\" \/><span class=\"t2-image-credit\">\n\t\t\t\t<button type=\"button\" class=\"t2-image-credit-toggle\" aria-expanded=\"false\" aria-controls=\"image-credit\" aria-label=\"Toggle image credit\"><svg xmlns=\"http:\/\/www.w3.org\/2000\/svg\" viewBox=\"0 0 24 24\" height=\"24\" width=\"24\" class=\"t2-icon t2-icon-info\" aria-hidden=\"true\" focusable=\"false\"><path d=\"M12 17c.3 0 .5-.1.7-.3s.3-.4.3-.7v-4c0-.3-.1-.5-.3-.7-.2-.2-.4-.3-.7-.3s-.5.1-.7.3c-.2.2-.3.4-.3.7v4c0 .3.1.5.3.7s.4.3.7.3zm0-8c.3 0 .5-.1.7-.3.2-.2.3-.4.3-.7 0-.3-.1-.5-.3-.7-.2-.2-.4-.3-.7-.3s-.5.1-.7.3c-.2.2-.3.4-.3.7 0 .3.1.5.3.7.2.2.4.3.7.3zm0 13c-1.4 0-2.7-.3-3.9-.8-1.2-.5-2.3-1.2-3.2-2.1s-1.6-2-2.1-3.2S2 13.4 2 12s.3-2.7.8-3.9S4 5.8 4.9 4.9s2-1.6 3.2-2.1S10.6 2 12 2s2.7.3 3.9.8 2.3 1.2 3.2 2.1 1.6 2 2.1 3.2c.5 1.2.8 2.5.8 3.9s-.3 2.7-.8 3.9c-.5 1.2-1.2 2.3-2.1 3.2s-2 1.6-3.2 2.1c-1.2.5-2.5.8-3.9.8z\" fill=\"currentColor\" \/><\/svg><\/button>\n\t\t\t\t<span class=\"t2-image-credit-text wp-element-caption\" id=\"image-credit\" hidden>Foto: iStock<\/span>\n\t\t\t<\/span><\/div><figcaption class=\"wp-element-caption\">Teknisk beregningsutvalg for kommunal og fylkeskommunal \u00f8konomi sin rapport for h\u00f8sten 2025.<\/figcaption><\/figure>\n\n\n\n<ul class=\"wp-block-list is-layout-flow wp-block-list-is-layout-flow\">\n<li><a href=\"https:\/\/www.regjeringen.no\/no\/dokumenter\/rapport-med-notater-fra-teknisk-beregningsutvalg-for-kommunal-og-fylkeskommunal-okonomi\/id3151161\/\">Mars 2026<\/a><\/li>\n\n\n\n<li><a href=\"https:\/\/www.regjeringen.no\/no\/dokumenter\/nou-2025-10\/id3140593\/\">November 2025<\/a><\/li>\n\n\n\n<li><a href=\"https:\/\/www.regjeringen.no\/no\/dokumenter\/rapport-fra-teknisk-beregningsutvalg-for-kommunal-og-fylkeskommunal-okonomi\/id3112705\/\">Juni 2025<\/a><\/li>\n\n\n\n<li><a href=\"https:\/\/www.regjeringen.no\/no\/dokumenter\/rapport-fra-det-tekniske-beregningsutvalg-for-kommunal-og-fylkeskommunal-okonomi\/id3090666\/\">Mars 2025&nbsp;<\/a><\/li>\n\n\n\n<li><a href=\"https:\/\/www.regjeringen.no\/no\/dokumenter\/nou-2024-23\/id3076113\/\">November 2024<\/a><\/li>\n\n\n\n<li><a href=\"https:\/\/www.regjeringen.no\/no\/dokumenter\/rapport-fra-det-tekniske-beregningsutvalg-for-kommunal-og-fylkeskommunal-okonomi\/id3047198\/\">Juni 2024<\/a><\/li>\n\n\n\n<li><a href=\"https:\/\/www.regjeringen.no\/no\/dokumenter\/rapport-fra-det-tekniske-beregningsutvalg-for-kommunal-og-fylkeskommunal-okonomi\/id3015560\/\">November 2023<\/a><\/li>\n\n\n\n<li><a href=\"https:\/\/www.regjeringen.no\/no\/dokumenter\/rapport-fra-det-tekniske-beregningsutvalg-for-kommunal-og-fylkeskommunal-okonomi-juni-2023\/id2987434\/\">Juni 2023<\/a><\/li>\n\n\n\n<li><a href=\"https:\/\/www.regjeringen.no\/no\/dokumenter\/rapport-fra-det-tekniske-beregningsutvalg-for-kommunal-og-fylkeskommunal-okonomi-november-2022\/id2948377\/\">November 2022<\/a><\/li>\n\n\n\n<li><a href=\"https:\/\/www.regjeringen.no\/no\/dokumenter\/rapport-fra-det-tekniske-beregningsutvalg-for-kommunal-og-fylkeskommunal-okonomi-juni-2022\/id2921596\/\">Juni 2022<\/a><\/li>\n\n\n\n<li><a href=\"https:\/\/www.regjeringen.no\/no\/dokumenter\/rapport-fra-det-tekniske-beregningsutvalg-for-kommunal-og-fylkeskommunal-okonomi-november-2021\/id2889822\/\">November 2021<\/a><\/li>\n\n\n\n<li><a href=\"https:\/\/www.regjeringen.no\/no\/dokumenter\/rapport-fra-det-tekniske-beregningsutvalg-for-kommunal-og-fylkeskommunal-okonomi-juni-2021\/id2864994\/\">Juni 2021<\/a><\/li>\n\n\n\n<li><a href=\"https:\/\/www.regjeringen.no\/no\/dokumenter\/rapport-fra-det-tekniske-beregningsutvalg-for-kommunal-og-fylkeskommunal-okonomi-november-2020\/id2786312\/\">November 2020<\/a><\/li>\n\n\n\n<li><a href=\"https:\/\/www.regjeringen.no\/no\/dokumenter\/rapport-fra-det-tekniske-beregningsutvalg-for-kommunal-og-fylkeskommunal-okonomi---juni-2020\/id2721286\/\">Juni 2020<\/a><\/li>\n\n\n\n<li><a href=\"https:\/\/www.regjeringen.no\/no\/dokumenter\/rapport-fra-det-tekniske-beregningsutvalg-for-kommunal-og-fylkeskommunal-okonomi---november-2019\/id2678145\/\">November 2019<\/a><\/li>\n\n\n\n<li><a href=\"https:\/\/www.regjeringen.no\/no\/dokumenter\/rapport-fra-det-tekniske-beregningsutvalg-for-kommunal-og-fylkeskommunal-okonomi---juni-2019\/id2662452\/\">Juni 2019&nbsp;<\/a><\/li>\n\n\n\n<li><a href=\"https:\/\/www.regjeringen.no\/no\/dokumenter\/rapport-fra-det-tekniske-beregningsutvalg-for-kommunal-og-fylkeskommunal-okonomi---november-2018\/id2619677\/\">November 2018<\/a><\/li>\n\n\n\n<li><a href=\"https:\/\/www.regjeringen.no\/no\/dokumenter\/rapport-fra-det-tekniske-beregningsutvalg-for-kommunal-og-fylkeskommunal-okonomi---juni-2018\/id2606826\/\">Juni 2018<\/a><\/li>\n\n\n\n<li><a href=\"https:\/\/www.regjeringen.no\/no\/dokumenter\/rapport-fra-det-tekniske-beregningsutvalget-for-kommunal-og-fylkeskommunal-okonomi---november-2017\/id2580410\/\">November 2017<\/a><\/li>\n\n\n\n<li><a href=\"https:\/\/www.regjeringen.no\/contentassets\/e7b6fc88b8ee447ca6b5b251e812418d\/tbu_juni_2017.pdf\">Juni 2017<\/a><\/li>\n\n\n\n<li><a href=\"https:\/\/www.regjeringen.no\/contentassets\/e7b6fc88b8ee447ca6b5b251e812418d\/tbu_november_2016.pdf\">November 2016<\/a><\/li>\n\n\n\n<li><a href=\"https:\/\/www.regjeringen.no\/contentassets\/e7b6fc88b8ee447ca6b5b251e812418d\/tbu-2016.pdf\">Juni 2016<\/a><\/li>\n\n\n\n<li><a href=\"https:\/\/www.regjeringen.no\/contentassets\/e7b6fc88b8ee447ca6b5b251e812418d\/tbu_nov_2015.pdf\">November 2015<\/a><\/li>\n\n\n\n<li><a href=\"https:\/\/www.regjeringen.no\/no\/dokumenter\/Rapport-TBU-for-kommunal-og-fylkeskommunal-okonomi_nov_2014\/id2340810\/\">April 2015<\/a><\/li>\n\n\n\n<li><a href=\"https:\/\/www.regjeringen.no\/contentassets\/e7b6fc88b8ee447ca6b5b251e812418d\/tbu-rapport_nov_2014.pdf\">November 2014<\/a><\/li>\n\n\n\n<li><a href=\"https:\/\/www.regjeringen.no\/no\/dokumenter\/Rapport-fra-Det-tekniske-beregningsutvalg-for-kommunal-og-fylkeskommunal-okonomi\/id759126\/\">Mai 2014<\/a><\/li>\n\n\n\n<li><a href=\"https:\/\/www.regjeringen.no\/no\/dokumenter\/rapport-fra-det-tekniske-beregningsutv-2\/id746909\/\">November 2013<\/a><\/li>\n\n\n\n<li><a href=\"https:\/\/www.regjeringen.no\/globalassets\/upload\/krd\/komm\/tbu_ny26042013.pdf\">April 2013<\/a><\/li>\n\n\n\n<li><a href=\"https:\/\/www.regjeringen.no\/globalassets\/upload\/krd\/komm\/tbu_rapport_26nov2012.pdf\">November 2012<\/a><\/li>\n\n\n\n<li><a href=\"https:\/\/www.regjeringen.no\/no\/dokumenter\/rapport-fra-det-tekniske-beregningsutval\/id680393\/\" target=\"_blank\" rel=\"noreferrer noopener\">April 2012<\/a><\/li>\n\n\n\n<li><a href=\"https:\/\/www.regjeringen.no\/no\/dokumenter\/rapport-fra-det-tekniske-beregningsutv-2\/id663742\/\" target=\"_blank\" rel=\"noreferrer noopener\">November 2011<\/a><\/li>\n\n\n\n<li><a href=\"https:\/\/www.regjeringen.no\/no\/dokumenter\/rapport-fra-det-tekniske-beregningsutval\/id641041\/\" target=\"_blank\" rel=\"noreferrer noopener\">April 2011<\/a><\/li>\n\n\n\n<li><a href=\"https:\/\/www.regjeringen.no\/no\/dokumenter\/rapport-fra-det-tekniske-beregningsutval\/id625501\/\">November 2010<\/a><\/li>\n\n\n\n<li><a href=\"https:\/\/www.regjeringen.no\/no\/dokumenter\/Rapport-fra-Det-tekniske-beregningsutvalg-for-kommunal-og-fylkeskommunal-okonomi\/id600328\/\">April 2010<\/a><\/li>\n\n\n\n<li><a href=\"https:\/\/www.regjeringen.no\/no\/dokumenter\/rapport-fra-det-tekniske-beregningsutval-2\/id587154\/\">November 2009<\/a><\/li>\n\n\n\n<li><a href=\"https:\/\/www.regjeringen.no\/no\/dokumenter\/rapport-fra-det-tekniske-beregningsutval\/id556195\/\">April 2009<\/a><\/li>\n\n\n\n<li><a href=\"https:\/\/www.regjeringen.no\/no\/dokumenter\/rapport-fra-det-tekniske-beregningsutval-2\/id536924\/\">November 2008<\/a><\/li>\n\n\n\n<li><a href=\"https:\/\/www.regjeringen.no\/no\/dokumenter\/rapport-fra-det-tekniske-beregningsutval\/id508306\/\">April 2008<\/a><\/li>\n\n\n\n<li><a href=\"https:\/\/www.regjeringen.no\/no\/dokumenter\/rapport-fra-det-tekniske-beregningsutval-2\/id489239\/\">November 2007<\/a><\/li>\n\n\n\n<li><a href=\"https:\/\/www.regjeringen.no\/no\/dokumenter\/rapport-fra-det-tekniske-beregningsutval\/id464843\/\">April 2007<\/a><\/li>\n\n\n\n<li><a href=\"https:\/\/www.regjeringen.no\/contentassets\/e7b6fc88b8ee447ca6b5b251e812418d\/tbu-tbu-november-2006.pdf\">November 2006 (PDF)<\/a><\/li>\n\n\n\n<li><a href=\"https:\/\/www.regjeringen.no\/contentassets\/e7b6fc88b8ee447ca6b5b251e812418d\/tbu-april-2006.pdf\">April 2006 (PDF)<\/a><\/li>\n\n\n\n<li><a href=\"https:\/\/www.regjeringen.no\/contentassets\/e7b6fc88b8ee447ca6b5b251e812418d\/tbu-april-2005.pdf\">April 2005 (PDF)<\/a><\/li>\n<\/ul>\n","protected":false},"excerpt":{"rendered":"","protected":false},"author":2877,"featured_media":0,"parent":0,"menu_order":0,"comment_status":"closed","ping_status":"closed","template":"","meta":{"dss_simple_post_excerpt":"","dss_show_featured_image":true,"footnotes":""},"class_list":["post-46","page","type-page","status-publish","hentry"],"language":"nb-NO","_links":{"self":[{"href":"https:\/\/nettsteder.regjeringen.no\/tbu\/wp-json\/wp\/v2\/pages\/46","targetHints":{"allow":["GET"]}}],"collection":[{"href":"https:\/\/nettsteder.regjeringen.no\/tbu\/wp-json\/wp\/v2\/pages"}],"about":[{"href":"https:\/\/nettsteder.regjeringen.no\/tbu\/wp-json\/wp\/v2\/types\/page"}],"author":[{"embeddable":true,"href":"https:\/\/nettsteder.regjeringen.no\/tbu\/wp-json\/wp\/v2\/users\/2877"}],"replies":[{"embeddable":true,"href":"https:\/\/nettsteder.regjeringen.no\/tbu\/wp-json\/wp\/v2\/comments?post=46"}],"version-history":[{"count":3,"href":"https:\/\/nettsteder.regjeringen.no\/tbu\/wp-json\/wp\/v2\/pages\/46\/revisions"}],"predecessor-version":[{"id":496,"href":"https:\/\/nettsteder.regjeringen.no\/tbu\/wp-json\/wp\/v2\/pages\/46\/revisions\/496"}],"wp:attachment":[{"href":"https:\/\/nettsteder.regjeringen.no\/tbu\/wp-json\/wp\/v2\/media?parent=46"}],"curies":[{"name":"wp","href":"https:\/\/api.w.org\/{rel}","templated":true}]}}