{"id":938,"date":"2026-03-18T10:25:35","date_gmt":"2026-03-18T09:25:35","guid":{"rendered":"https:\/\/nettsteder.regjeringen.no\/stylu\/?page_id=938"},"modified":"2026-03-18T10:54:26","modified_gmt":"2026-03-18T09:54:26","slug":"fase-4-fastsettelse-av-felles-rammeplan-for-laererutdanningene","status":"publish","type":"page","link":"https:\/\/nettsteder.regjeringen.no\/stylu\/fase-4-fastsettelse-av-felles-rammeplan-for-laererutdanningene\/","title":{"rendered":"Fase 4: Fastsettelse av felles rammeplan for l\u00e6rerutdanningene"},"content":{"rendered":"<p class=\"t2-ingress wp-block-t2-ingress\">Kunnskapsdepartementet har n\u00e5 startet fasen for \u00e5 fastsette felles rammeplan for l\u00e6rerutdanningene.<\/p>\n\n\n<p>15. januar 2026 mottok Kunnskapsdepartementet siste del av forslaget til felles rammeplan for l\u00e6rerutdanning. Departementet mottar forslag til felles rammeplan for samisk l\u00e6rerutdanning 1. juni. V\u00e5ren 2026 gjennomg\u00e5r og vurderer Kunnskapsdepartementet de innkomne forslagene. Et bearbeidet forslag\u00a0sendes\u00a0p\u00e5 h\u00f8ring\u00a0i september, med frist i desember 2026.\u00a0Nye forskrifter skal etter planen fastsettes v\u00e5ren 2027.\u00a0\u00a0<\/p>\n\n\n\n<p>V\u00e5ren 2026 inviteres medlemmene i Nasjonalt forum for l\u00e6rerutdanning og profesjonsutvikling (NFLP), herunder Universitets- og h\u00f8gskoler\u00e5det, til&nbsp;\u00e5 komme&nbsp;med innspill&nbsp;til forslagene&nbsp;som foreligger.&nbsp;Andre interessenter kan ogs\u00e5 spille inn. Fristen er&nbsp;10. juni 2026, og alle&nbsp;innspill legges ut p\u00e5 denne nettsiden.&nbsp;<\/p>\n\n\n\n<h2 class=\"wp-block-heading\"><\/h2>\n\n\n\n<h2 class=\"wp-block-heading\"><\/h2>\n","protected":false},"excerpt":{"rendered":"<p>15. januar 2026 mottok Kunnskapsdepartementet siste del av forslaget til felles rammeplan for l\u00e6rerutdanning. Departementet mottar forslag til felles rammeplan for samisk l\u00e6rerutdanning 1. juni. V\u00e5ren 2026 gjennomg\u00e5r og vurderer Kunnskapsdepartementet de innkomne forslagene. Et bearbeidet forslag\u00a0sendes\u00a0p\u00e5 h\u00f8ring\u00a0i september, med frist i desember 2026.\u00a0Nye forskrifter skal etter planen fastsettes v\u00e5ren 2027.\u00a0\u00a0 V\u00e5ren 2026 inviteres medlemmene\u2026<\/p>\n","protected":false},"author":2877,"featured_media":0,"parent":0,"menu_order":0,"comment_status":"closed","ping_status":"closed","template":"","meta":{"dss_simple_post_excerpt":"","dss_show_featured_image":true,"footnotes":""},"class_list":["post-938","page","type-page","status-publish","hentry"],"language":"nb-NO","_links":{"self":[{"href":"https:\/\/nettsteder.regjeringen.no\/stylu\/wp-json\/wp\/v2\/pages\/938","targetHints":{"allow":["GET"]}}],"collection":[{"href":"https:\/\/nettsteder.regjeringen.no\/stylu\/wp-json\/wp\/v2\/pages"}],"about":[{"href":"https:\/\/nettsteder.regjeringen.no\/stylu\/wp-json\/wp\/v2\/types\/page"}],"author":[{"embeddable":true,"href":"https:\/\/nettsteder.regjeringen.no\/stylu\/wp-json\/wp\/v2\/users\/2877"}],"replies":[{"embeddable":true,"href":"https:\/\/nettsteder.regjeringen.no\/stylu\/wp-json\/wp\/v2\/comments?post=938"}],"version-history":[{"count":3,"href":"https:\/\/nettsteder.regjeringen.no\/stylu\/wp-json\/wp\/v2\/pages\/938\/revisions"}],"predecessor-version":[{"id":947,"href":"https:\/\/nettsteder.regjeringen.no\/stylu\/wp-json\/wp\/v2\/pages\/938\/revisions\/947"}],"wp:attachment":[{"href":"https:\/\/nettsteder.regjeringen.no\/stylu\/wp-json\/wp\/v2\/media?parent=938"}],"curies":[{"name":"wp","href":"https:\/\/api.w.org\/{rel}","templated":true}]}}