{"id":732,"date":"2025-06-06T10:45:41","date_gmt":"2025-06-06T08:45:41","guid":{"rendered":"https:\/\/nettsteder.regjeringen.no\/stylu\/?page_id=732"},"modified":"2025-09-15T13:03:38","modified_gmt":"2025-09-15T11:03:38","slug":"innspill-fra-laererutdanningene-og-nflp","status":"publish","type":"page","link":"https:\/\/nettsteder.regjeringen.no\/stylu\/innspill-fra-laererutdanningene-og-nflp\/","title":{"rendered":"Innspill fra l\u00e6rerutdanningene, NFLP og andre"},"content":{"rendered":"\n<h4 class=\"wp-block-heading\">I mai inviterte R\u00e5det medlemmer av Nasjonalt Forum for L\u00e6rerutdanning og Profesjonsutvikling (NFLP) og institusjoner som tilbyr l\u00e6rerutdanning til \u00e5 sende innspill.&nbsp;&nbsp;<\/h4>\n\n\n\n<p><a href=\"https:\/\/files.nettsteder.regjeringen.no\/wpuploads01\/sites\/530\/2025\/06\/Invitasjon-til-innspill.pdf\">Invitasjonen<\/a>&nbsp;<\/p>\n\n\n\n<p><\/p>\n\n\n\n<p><\/p>\n\n\n\n<p><strong>Innspill fra l\u00e6rerutdanningene:<\/strong><\/p>\n\n\n\n<ul class=\"wp-block-list is-layout-flow wp-block-list-is-layout-flow\">\n<li><a href=\"https:\/\/files.nettsteder.regjeringen.no\/wpuploads01\/sites\/530\/2025\/06\/DMMH.pdf\">Dronning Mauds Minne H\u00f8gskole for barnehagel\u00e6rerutdanning<\/a>&nbsp;<\/li>\n\n\n\n<li><a href=\"https:\/\/files.nettsteder.regjeringen.no\/wpuploads01\/sites\/530\/2025\/06\/HiOF.pdf\">H\u00f8gskolen i \u00d8stfold, Fakultet for l\u00e6rerutdanninger og spr\u00e5k<\/a>&nbsp;<\/li>\n\n\n\n<li><a href=\"https:\/\/files.nettsteder.regjeringen.no\/wpuploads01\/sites\/530\/2025\/06\/HVL.pdf\">H\u00f8gskulen p\u00e5 Vestlandet, Fakultet for l\u00e6rerutdanning, kultur og idrett<\/a>&nbsp;<\/li>\n\n\n\n<li><a href=\"https:\/\/files.nettsteder.regjeringen.no\/wpuploads01\/sites\/530\/2025\/06\/HVO.pdf\">H\u00f8gskulen i\u202fVolda, Humanistiske fag og l\u00e6rerutdanning<\/a>&nbsp;<\/li>\n\n\n\n<li><a href=\"https:\/\/files.nettsteder.regjeringen.no\/wpuploads01\/sites\/530\/2025\/06\/NORD-universitet-FLU.pdf\">Nord Universitetet, Fakultet for l\u00e6rerutdanning og kunst og kulturfag<\/a>&nbsp;<\/li>\n\n\n\n<li><a href=\"https:\/\/files.nettsteder.regjeringen.no\/wpuploads01\/sites\/530\/2025\/06\/Nord-universitet-MAGLU.pdf\">Nord Universitetet, Fakultet for l\u00e6rerutdanning og kunst og kulturfag, Faggruppe MAGLU<\/a>&nbsp;<\/li>\n\n\n\n<li><a href=\"https:\/\/files.nettsteder.regjeringen.no\/wpuploads01\/sites\/530\/2025\/06\/NIH_Innspill-til-FRLU-ang-felles-rammeplan-og-underkapitler_mai2025.pdf\">Norges idrettsh\u00f8gskole, Institutt for l\u00e6rerutdanning og friluftslivstudier<\/a>&nbsp;<\/li>\n\n\n\n<li><a href=\"https:\/\/files.nettsteder.regjeringen.no\/wpuploads01\/sites\/530\/2025\/06\/NTNU.pdf\">Norges teknisk-naturvitenskapelige universitet, Institutt for l\u00e6rerutdanning og Forvaltningsutvalget for de 5-\u00e5rige lektorutdanningene<\/a>&nbsp;<\/li>\n\n\n\n<li><a href=\"https:\/\/files.nettsteder.regjeringen.no\/wpuploads01\/sites\/530\/2025\/06\/OsloMet.pdf\">OsloMet \u2013 storbyuniversitetet, Fakultet for l\u00e6rerutdanning og internasjonale studier<\/a>&nbsp;&nbsp;<\/li>\n\n\n\n<li><a href=\"https:\/\/files.nettsteder.regjeringen.no\/wpuploads01\/sites\/530\/2025\/06\/OsloMet-praktest.pdf\">OsloMet \u2013 storbyuniversitetet, Institutt for estetiske fag<\/a>&nbsp;<\/li>\n\n\n\n<li><a href=\"https:\/\/files.nettsteder.regjeringen.no\/wpuploads01\/sites\/530\/2025\/06\/Nasjonalt-fagorgan-LUPE.pdf\">OsloMet \u2013 storbyuniversitetet, Nasjonalt fagorgan for fagl\u00e6rerutdanning<\/a>&nbsp;<\/li>\n\n\n\n<li><a href=\"https:\/\/files.nettsteder.regjeringen.no\/wpuploads01\/sites\/530\/2025\/06\/Samisk-hogskole.pdf\">S\u00e1mi allaskuvla \/ Samisk h\u00f8gskole, Institutt for samiske l\u00e6rerutdanninger<\/a>&nbsp;<\/li>\n\n\n\n<li><a href=\"https:\/\/files.nettsteder.regjeringen.no\/wpuploads01\/sites\/530\/2025\/06\/UiA-Felles-rammeplan-innspill-til-FRLU.pdf\">Universitetet i Agder, Avdeling for l\u00e6rerutdanning og Fakultet for humaniora og pedagogikk<\/a>&nbsp;<\/li>\n\n\n\n<li><a href=\"https:\/\/files.nettsteder.regjeringen.no\/wpuploads01\/sites\/530\/2025\/06\/HINN.pdf\">Universitetet i Innlandet, Fakultet for l\u00e6rerutdanning og pedagogikk<\/a>&nbsp;<\/li>\n\n\n\n<li><a href=\"https:\/\/files.nettsteder.regjeringen.no\/wpuploads01\/sites\/530\/2025\/06\/UiB.pdf\">Universitetet i Bergen, Lektorsenteret<\/a>&nbsp;<\/li>\n\n\n\n<li><a href=\"https:\/\/files.nettsteder.regjeringen.no\/wpuploads01\/sites\/530\/2025\/06\/UiO-innspill-fra-ILS.pdf\">Universitet i Oslo, Institutt for l\u00e6rerutdanning og skoleforskning<\/a>&nbsp;<\/li>\n\n\n\n<li><a href=\"https:\/\/files.nettsteder.regjeringen.no\/wpuploads01\/sites\/530\/2025\/06\/UiS.pdf\">Universitet i Stavanger, Institutt for barnehagel\u00e6rerutdanning og Institutt for grunnskolel\u00e6rerutdanning, idrett og spesialpedagogikk<\/a>&nbsp;<\/li>\n\n\n\n<li><a href=\"https:\/\/files.nettsteder.regjeringen.no\/wpuploads01\/sites\/530\/2025\/06\/UiT.pdf\">Universitet i Troms\u00f8, Institutt for l\u00e6rerutdanning og pedagogikk<\/a>&nbsp;<\/li>\n<\/ul>\n\n\n\n<p><strong>Innspill fra medlemmer av NFLP:<\/strong><\/p>\n\n\n\n<ul class=\"wp-block-list is-layout-flow wp-block-list-is-layout-flow\">\n<li><a href=\"https:\/\/files.nettsteder.regjeringen.no\/wpuploads01\/sites\/530\/2025\/06\/Elevorganisasjonen.pdf\">Elevorganisasjonen<\/a>&nbsp;<\/li>\n\n\n\n<li><a href=\"https:\/\/files.nettsteder.regjeringen.no\/wpuploads01\/sites\/530\/2025\/06\/FUG.pdf\">Foreldreutvalget for grunnoppl\u00e6ringen\/barnehage<\/a>&nbsp;<\/li>\n\n\n\n<li><a href=\"https:\/\/files.nettsteder.regjeringen.no\/wpuploads01\/sites\/530\/2025\/06\/KS.pdf\">KS<\/a>&nbsp;<\/li>\n\n\n\n<li><a href=\"https:\/\/files.nettsteder.regjeringen.no\/wpuploads01\/sites\/530\/2025\/06\/Laererstudentene.pdf\">L\u00e6rerstudentene<\/a>&nbsp;<\/li>\n\n\n\n<li><a href=\"https:\/\/files.nettsteder.regjeringen.no\/wpuploads01\/sites\/530\/2025\/06\/Lektorlaget.pdf\">Lektorlaget<\/a>&nbsp;<\/li>\n\n\n\n<li><a href=\"https:\/\/files.nettsteder.regjeringen.no\/wpuploads01\/sites\/530\/2025\/06\/PBL.pdf\">PBL<\/a>&nbsp;<\/li>\n\n\n\n<li><a href=\"https:\/\/files.nettsteder.regjeringen.no\/wpuploads01\/sites\/530\/2025\/06\/Skolelederforbundet.pdf\">Skolelederforbundet<\/a>&nbsp;<\/li>\n\n\n\n<li><a href=\"https:\/\/files.nettsteder.regjeringen.no\/wpuploads01\/sites\/530\/2025\/06\/UHR-LU.pdf\">UHR-LU<\/a>&nbsp;<\/li>\n\n\n\n<li><a href=\"https:\/\/files.nettsteder.regjeringen.no\/wpuploads01\/sites\/530\/2025\/06\/UDF.pdf\">Utdanningsforbundet<\/a>&nbsp;<\/li>\n\n\n\n<li><a href=\"https:\/\/files.nettsteder.regjeringen.no\/wpuploads01\/sites\/530\/2025\/06\/UDF-Innspill-til-samisk-rammeplan.pdf\">Utdanningsforbundet \u2013 innspill til samisk rammeplan<\/a>&nbsp;<\/li>\n<\/ul>\n\n\n\n<p><strong>Andre<\/strong><\/p>\n\n\n\n<ul class=\"wp-block-list is-layout-flow wp-block-list-is-layout-flow\">\n<li><a href=\"https:\/\/files.nettsteder.regjeringen.no\/wpuploads01\/sites\/530\/2025\/09\/Innspel-til-innhald-i-hovuddelen-av-ny-felles-rammeplan-for-laerarutdanningane.pdf\" data-type=\"attachment\" data-id=\"835\">Spr\u00e5kr\u00e5det<\/a><\/li>\n<\/ul>\n\n\n\n<p><\/p>\n","protected":false},"excerpt":{"rendered":"<p>I mai inviterte R\u00e5det medlemmer av Nasjonalt Forum for L\u00e6rerutdanning og Profesjonsutvikling (NFLP) og institusjoner som tilbyr l\u00e6rerutdanning til \u00e5 sende innspill.&nbsp;&nbsp; Invitasjonen&nbsp; Innspill fra l\u00e6rerutdanningene: Innspill fra medlemmer av NFLP: Andre<\/p>\n","protected":false},"author":2399,"featured_media":0,"parent":0,"menu_order":0,"comment_status":"closed","ping_status":"closed","template":"","meta":{"dss_simple_post_excerpt":"","dss_show_featured_image":true,"footnotes":""},"class_list":["post-732","page","type-page","status-publish","hentry"],"language":"nb-NO","_links":{"self":[{"href":"https:\/\/nettsteder.regjeringen.no\/stylu\/wp-json\/wp\/v2\/pages\/732","targetHints":{"allow":["GET"]}}],"collection":[{"href":"https:\/\/nettsteder.regjeringen.no\/stylu\/wp-json\/wp\/v2\/pages"}],"about":[{"href":"https:\/\/nettsteder.regjeringen.no\/stylu\/wp-json\/wp\/v2\/types\/page"}],"author":[{"embeddable":true,"href":"https:\/\/nettsteder.regjeringen.no\/stylu\/wp-json\/wp\/v2\/users\/2399"}],"replies":[{"embeddable":true,"href":"https:\/\/nettsteder.regjeringen.no\/stylu\/wp-json\/wp\/v2\/comments?post=732"}],"version-history":[{"count":3,"href":"https:\/\/nettsteder.regjeringen.no\/stylu\/wp-json\/wp\/v2\/pages\/732\/revisions"}],"predecessor-version":[{"id":839,"href":"https:\/\/nettsteder.regjeringen.no\/stylu\/wp-json\/wp\/v2\/pages\/732\/revisions\/839"}],"wp:attachment":[{"href":"https:\/\/nettsteder.regjeringen.no\/stylu\/wp-json\/wp\/v2\/media?parent=732"}],"curies":[{"name":"wp","href":"https:\/\/api.w.org\/{rel}","templated":true}]}}