{"id":50,"date":"2022-12-12T08:10:46","date_gmt":"2022-12-12T07:10:46","guid":{"rendered":"https:\/\/nettsteder.regjeringen.no\/stylu\/?page_id=50"},"modified":"2026-01-21T13:47:27","modified_gmt":"2026-01-21T12:47:27","slug":"sporsmal-og-svar","status":"publish","type":"page","link":"https:\/\/nettsteder.regjeringen.no\/stylu\/sporsmal-og-svar\/","title":{"rendered":"Sp\u00f8rsm\u00e5l og svar"},"content":{"rendered":"\n<p>Sp\u00f8rsm\u00e5l eller innspill til arbeidet som helhet kan rettes til Kunnskapsdepartementet ved Bodil Nagell Holb\u00e6k  <a href=\"mailto:Bodil-Nagell.Holbak@kd.dep.no\">Bodil-Nagell.Holbak@kd.dep.no<\/a> eller Martine L\u00f8kholm L\u00f8kholm Martine <a href=\"mailto:Martine.Lokholm@kd.dep.no\">Martine.Lokholm@kd.dep.no<\/a>.<\/p>\n\n\n\n<p><\/p>\n\n\n\n<p><\/p>\n","protected":false},"excerpt":{"rendered":"<p>Sp\u00f8rsm\u00e5l eller innspill til arbeidet som helhet kan rettes til Kunnskapsdepartementet ved Bodil Nagell Holb\u00e6k Bodil-Nagell.Holbak@kd.dep.no eller Martine L\u00f8kholm L\u00f8kholm Martine Martine.Lokholm@kd.dep.no.<\/p>\n","protected":false},"author":2877,"featured_media":0,"parent":0,"menu_order":0,"comment_status":"closed","ping_status":"closed","template":"","meta":{"dss_simple_post_excerpt":"","dss_show_featured_image":true,"footnotes":""},"class_list":["post-50","page","type-page","status-publish","hentry"],"language":"nb-NO","_links":{"self":[{"href":"https:\/\/nettsteder.regjeringen.no\/stylu\/wp-json\/wp\/v2\/pages\/50","targetHints":{"allow":["GET"]}}],"collection":[{"href":"https:\/\/nettsteder.regjeringen.no\/stylu\/wp-json\/wp\/v2\/pages"}],"about":[{"href":"https:\/\/nettsteder.regjeringen.no\/stylu\/wp-json\/wp\/v2\/types\/page"}],"author":[{"embeddable":true,"href":"https:\/\/nettsteder.regjeringen.no\/stylu\/wp-json\/wp\/v2\/users\/2877"}],"replies":[{"embeddable":true,"href":"https:\/\/nettsteder.regjeringen.no\/stylu\/wp-json\/wp\/v2\/comments?post=50"}],"version-history":[{"count":3,"href":"https:\/\/nettsteder.regjeringen.no\/stylu\/wp-json\/wp\/v2\/pages\/50\/revisions"}],"predecessor-version":[{"id":921,"href":"https:\/\/nettsteder.regjeringen.no\/stylu\/wp-json\/wp\/v2\/pages\/50\/revisions\/921"}],"wp:attachment":[{"href":"https:\/\/nettsteder.regjeringen.no\/stylu\/wp-json\/wp\/v2\/media?parent=50"}],"curies":[{"name":"wp","href":"https:\/\/api.w.org\/{rel}","templated":true}]}}