{"id":14,"date":"2022-12-09T13:50:36","date_gmt":"2022-12-09T12:50:36","guid":{"rendered":"https:\/\/nettsteder.regjeringen.no\/stylu\/?page_id=14"},"modified":"2026-03-18T09:21:11","modified_gmt":"2026-03-18T08:21:11","slug":"gi-innspill","status":"publish","type":"page","link":"https:\/\/nettsteder.regjeringen.no\/stylu\/gi-innspill\/","title":{"rendered":"Gi innspill"},"content":{"rendered":"\n<p>Kunnskapsdepartementet \u00f8nsker gjerne innspill til arbeidet. Innsendte innspill vil bli publisert p\u00e5 denne siden.<\/p>\n\n\n\n<p>Innspill sendes til: <a href=\"mailto:postmottak@kd.dep.no\">postmottak@kd.dep.no<\/a><\/p>\n\n\n\n<p>Frist for \u00e5 gi innspill til arbeidet i fase 4 er 10. juni 2026<\/p>\n\n\n\n<p><\/p>\n","protected":false},"excerpt":{"rendered":"<p>Kunnskapsdepartementet \u00f8nsker gjerne innspill til arbeidet. Innsendte innspill vil bli publisert p\u00e5 denne siden. Innspill sendes til: postmottak@kd.dep.no Frist for \u00e5 gi innspill til arbeidet i fase 4 er 10. juni 2026<\/p>\n","protected":false},"author":2877,"featured_media":0,"parent":0,"menu_order":0,"comment_status":"closed","ping_status":"closed","template":"","meta":{"dss_simple_post_excerpt":"","dss_show_featured_image":true,"footnotes":""},"class_list":["post-14","page","type-page","status-publish","hentry"],"language":"nb-NO","_links":{"self":[{"href":"https:\/\/nettsteder.regjeringen.no\/stylu\/wp-json\/wp\/v2\/pages\/14","targetHints":{"allow":["GET"]}}],"collection":[{"href":"https:\/\/nettsteder.regjeringen.no\/stylu\/wp-json\/wp\/v2\/pages"}],"about":[{"href":"https:\/\/nettsteder.regjeringen.no\/stylu\/wp-json\/wp\/v2\/types\/page"}],"author":[{"embeddable":true,"href":"https:\/\/nettsteder.regjeringen.no\/stylu\/wp-json\/wp\/v2\/users\/2877"}],"replies":[{"embeddable":true,"href":"https:\/\/nettsteder.regjeringen.no\/stylu\/wp-json\/wp\/v2\/comments?post=14"}],"version-history":[{"count":3,"href":"https:\/\/nettsteder.regjeringen.no\/stylu\/wp-json\/wp\/v2\/pages\/14\/revisions"}],"predecessor-version":[{"id":932,"href":"https:\/\/nettsteder.regjeringen.no\/stylu\/wp-json\/wp\/v2\/pages\/14\/revisions\/932"}],"wp:attachment":[{"href":"https:\/\/nettsteder.regjeringen.no\/stylu\/wp-json\/wp\/v2\/media?parent=14"}],"curies":[{"name":"wp","href":"https:\/\/api.w.org\/{rel}","templated":true}]}}