{"id":7,"date":"2020-02-20T08:11:25","date_gmt":"2020-02-20T07:11:25","guid":{"rendered":"https:\/\/nettsteder.regjeringen.no\/straffelovradet\/?page_id=7"},"modified":"2020-02-21T08:23:51","modified_gmt":"2020-02-21T07:23:51","slug":"om-straffelovradet","status":"publish","type":"page","link":"https:\/\/nettsteder.regjeringen.no\/straffelovradet\/om-straffelovradet\/","title":{"rendered":"Om Straffelovr\u00e5det"},"content":{"rendered":"<div class=\"text-wrap post-content clearfix\"><p>Det opprinnelige Straffelovr\u00e5det ble opprettet ved kgl.res. av 11. juli 1947. R\u00e5det avga en rekke innstillinger og mange av forslagene ble etterfulgt av ny lovgivning. Det opprinelige r\u00e5det hadde ikke f\u00e5tt oppdrag siden 2000. Ved kgl.res. 14. juni 2019 ble det opprinnelige r\u00e5det nedlagt, og erstattet med et nytt r\u00e5d med samme navn.<\/p>\n<p>R\u00e5det er bredt sammensatt av medlemmer med erfaring fra domstolene, p\u00e5talemyndigheten, forsvarerstanden og akademia. Medlemmene oppnevnes for 4 \u00e5r om gangen. Tidligere medlemmer kan oppnevnes p\u00e5 nytt.<\/p>\n<p>R\u00e5det jobber etter n\u00e6rmere oppdrag fra Justis- og beredskapsdepartementet.<\/p>\n<\/div>","protected":false},"excerpt":{"rendered":"<p>Kort om historikk.<\/p>\n","protected":false},"author":306,"featured_media":0,"parent":0,"menu_order":0,"comment_status":"closed","ping_status":"closed","template":"","meta":{"_acf_changed":false,"footnotes":""},"class_list":["post-7","page","type-page","status-publish","hentry"],"acf":[],"language":"nb-NO","_links":{"self":[{"href":"https:\/\/nettsteder.regjeringen.no\/straffelovradet\/wp-json\/wp\/v2\/pages\/7","targetHints":{"allow":["GET"]}}],"collection":[{"href":"https:\/\/nettsteder.regjeringen.no\/straffelovradet\/wp-json\/wp\/v2\/pages"}],"about":[{"href":"https:\/\/nettsteder.regjeringen.no\/straffelovradet\/wp-json\/wp\/v2\/types\/page"}],"author":[{"embeddable":true,"href":"https:\/\/nettsteder.regjeringen.no\/straffelovradet\/wp-json\/wp\/v2\/users\/306"}],"replies":[{"embeddable":true,"href":"https:\/\/nettsteder.regjeringen.no\/straffelovradet\/wp-json\/wp\/v2\/comments?post=7"}],"version-history":[{"count":7,"href":"https:\/\/nettsteder.regjeringen.no\/straffelovradet\/wp-json\/wp\/v2\/pages\/7\/revisions"}],"predecessor-version":[{"id":195,"href":"https:\/\/nettsteder.regjeringen.no\/straffelovradet\/wp-json\/wp\/v2\/pages\/7\/revisions\/195"}],"wp:attachment":[{"href":"https:\/\/nettsteder.regjeringen.no\/straffelovradet\/wp-json\/wp\/v2\/media?parent=7"}],"curies":[{"name":"wp","href":"https:\/\/api.w.org\/{rel}","templated":true}]}}