{"id":33,"date":"2020-02-20T10:08:47","date_gmt":"2020-02-20T09:08:47","guid":{"rendered":"https:\/\/nettsteder.regjeringen.no\/straffelovradet\/?page_id=33"},"modified":"2021-04-06T13:02:26","modified_gmt":"2021-04-06T11:02:26","slug":"moter-og-studiereiser","status":"publish","type":"page","link":"https:\/\/nettsteder.regjeringen.no\/straffelovradet\/moter-og-studiereiser\/","title":{"rendered":"M\u00f8ter og studiereiser"},"content":{"rendered":"<div class=\"text-wrap post-content clearfix\"><p><strong>12. desember 2019:<\/strong><br \/>\nM\u00f8te med representanter fra det finske justisdepartementet og finsk politi<\/p>\n<p><strong>9. januar 2020:<\/strong><br \/>\nM\u00f8te med representanter fra det danske Rigsadvokatembetet i K\u00f8benhavn<\/p>\n<p><strong>10. januar 2020:<\/strong><br \/>\nM\u00f8te med representanter fra politi og p\u00e5talemyndighet i Malm\u00f6<\/p>\n<\/div>","protected":false},"excerpt":{"rendered":"<div class=\"entry-summary\"><p>Oversikt over m\u00f8ter og studiereiser.<\/p><\/div>","protected":false},"author":306,"featured_media":0,"parent":0,"menu_order":0,"comment_status":"closed","ping_status":"closed","template":"","meta":{"_acf_changed":false,"footnotes":""},"class_list":["post-33","page","type-page","status-publish","hentry"],"acf":[],"language":"nb-NO","_links":{"self":[{"href":"https:\/\/nettsteder.regjeringen.no\/straffelovradet\/wp-json\/wp\/v2\/pages\/33","targetHints":{"allow":["GET"]}}],"collection":[{"href":"https:\/\/nettsteder.regjeringen.no\/straffelovradet\/wp-json\/wp\/v2\/pages"}],"about":[{"href":"https:\/\/nettsteder.regjeringen.no\/straffelovradet\/wp-json\/wp\/v2\/types\/page"}],"author":[{"embeddable":true,"href":"https:\/\/nettsteder.regjeringen.no\/straffelovradet\/wp-json\/wp\/v2\/users\/306"}],"replies":[{"embeddable":true,"href":"https:\/\/nettsteder.regjeringen.no\/straffelovradet\/wp-json\/wp\/v2\/comments?post=33"}],"version-history":[{"count":5,"href":"https:\/\/nettsteder.regjeringen.no\/straffelovradet\/wp-json\/wp\/v2\/pages\/33\/revisions"}],"predecessor-version":[{"id":325,"href":"https:\/\/nettsteder.regjeringen.no\/straffelovradet\/wp-json\/wp\/v2\/pages\/33\/revisions\/325"}],"wp:attachment":[{"href":"https:\/\/nettsteder.regjeringen.no\/straffelovradet\/wp-json\/wp\/v2\/media?parent=33"}],"curies":[{"name":"wp","href":"https:\/\/api.w.org\/{rel}","templated":true}]}}