{"id":31,"date":"2020-02-20T10:08:15","date_gmt":"2020-02-20T09:08:15","guid":{"rendered":"https:\/\/nettsteder.regjeringen.no\/straffelovradet\/?page_id=31"},"modified":"2023-02-08T13:26:47","modified_gmt":"2023-02-08T12:26:47","slug":"medlemmer","status":"publish","type":"page","link":"https:\/\/nettsteder.regjeringen.no\/straffelovradet\/medlemmer\/","title":{"rendered":"Medlemmer"},"content":{"rendered":"<div id=\"module-0\" class=\"hogan-module hogan-module-people hogan-module-0 text-wrap\"><div class=\"hogan-module-inner image-column-size-30\"><h2 class=\"hogan-heading\">Leder<\/h2><ul>\n\t\t\t<li class=\"columns\">\n\t\t\t<div class=\"column\">\n\t\t\t\t<div class=\"square\">\n\t\t\t\t\t<img loading=\"lazy\" decoding=\"async\" width=\"400\" height=\"400\" src=\"https:\/\/files.nettsteder.regjeringen.no\/wpuploads01\/blogs.dir\/413\/files\/2020\/04\/picture-6963-1510216958-400x400.jpg\" class=\"\" alt=\"\" srcset=\"https:\/\/files.nettsteder.regjeringen.no\/wpuploads01\/blogs.dir\/413\/files\/2020\/04\/picture-6963-1510216958-400x400.jpg 400w, https:\/\/files.nettsteder.regjeringen.no\/wpuploads01\/blogs.dir\/413\/files\/2020\/04\/picture-6963-1510216958-150x150.jpg 150w\" sizes=\"auto, (max-width: 400px) 100vw, 400px\" \/>\t\t\t\t<\/div>\n\t\t\t<\/div>\n\t\t\t<div class=\"column\">\n\t\t\t\t<div class=\"name\">Linda Gr\u00f6ning<\/div><div class=\"position\">professor, UiB<\/div><a href=\"javascript:\/\/\" class=\"show-hide-link\"\n\t\t\t\t   data-show-text=\"Vis beskrivelse\"\n\t\t\t\t   data-hide-text=\"Skjul beskrivelse\">Vis beskrivelse<\/a>\t\t\t\t<div class=\"description\"\n\t\t\t\t\t aria-expanded=\"false\"><\/div>\n\t\t\t<\/div>\n\t\t<\/li>\n\t<\/ul>\n<\/div><\/div><div id=\"module-1\" class=\"hogan-module hogan-module-people hogan-module-1 text-wrap\"><div class=\"hogan-module-inner image-column-size-30\"><h2 class=\"hogan-heading\">Medlemmer<\/h2><ul>\n\t\t\t<li class=\"columns\">\n\t\t\t<div class=\"column\">\n\t\t\t\t<div class=\"square\">\n\t\t\t\t\t<img loading=\"lazy\" decoding=\"async\" width=\"380\" height=\"380\" src=\"https:\/\/files.nettsteder.regjeringen.no\/wpuploads01\/sites\/413\/2022\/01\/Torgersen-Runar_UT.jpg\" class=\"\" alt=\"Runar Torgersen\" srcset=\"https:\/\/files.nettsteder.regjeringen.no\/wpuploads01\/sites\/413\/2022\/01\/Torgersen-Runar_UT.jpg 380w, https:\/\/files.nettsteder.regjeringen.no\/wpuploads01\/sites\/413\/2022\/01\/Torgersen-Runar_UT-300x300.jpg 300w, https:\/\/files.nettsteder.regjeringen.no\/wpuploads01\/sites\/413\/2022\/01\/Torgersen-Runar_UT-150x150.jpg 150w, https:\/\/files.nettsteder.regjeringen.no\/wpuploads01\/sites\/413\/2022\/01\/Torgersen-Runar_UT-335x335.jpg 335w\" sizes=\"auto, (max-width: 380px) 100vw, 380px\" \/>\t\t\t\t<\/div>\n\t\t\t<\/div>\n\t\t\t<div class=\"column\">\n\t\t\t\t<div class=\"name\">Runar Torgersen<\/div><a href=\"javascript:\/\/\" class=\"show-hide-link\"\n\t\t\t\t   data-show-text=\"Vis beskrivelse\"\n\t\t\t\t   data-hide-text=\"Skjul beskrivelse\">Vis beskrivelse<\/a>\t\t\t\t<div class=\"description\"\n\t\t\t\t\t aria-expanded=\"false\"><\/div>\n\t\t\t<\/div>\n\t\t<\/li>\n\t\t\t<li class=\"columns\">\n\t\t\t<div class=\"column\">\n\t\t\t\t<div class=\"square\">\n\t\t\t\t\t<img loading=\"lazy\" decoding=\"async\" width=\"400\" height=\"400\" src=\"https:\/\/files.nettsteder.regjeringen.no\/wpuploads01\/blogs.dir\/413\/files\/2020\/04\/4RxRFb0Q-400x400.jpg\" class=\"\" alt=\"\" srcset=\"https:\/\/files.nettsteder.regjeringen.no\/wpuploads01\/blogs.dir\/413\/files\/2020\/04\/4RxRFb0Q-400x400.jpg 400w, https:\/\/files.nettsteder.regjeringen.no\/wpuploads01\/blogs.dir\/413\/files\/2020\/04\/4RxRFb0Q-300x300.jpg 300w, https:\/\/files.nettsteder.regjeringen.no\/wpuploads01\/blogs.dir\/413\/files\/2020\/04\/4RxRFb0Q.jpg 1024w, https:\/\/files.nettsteder.regjeringen.no\/wpuploads01\/blogs.dir\/413\/files\/2020\/04\/4RxRFb0Q-150x150.jpg 150w, https:\/\/files.nettsteder.regjeringen.no\/wpuploads01\/blogs.dir\/413\/files\/2020\/04\/4RxRFb0Q-768x768.jpg 768w, https:\/\/files.nettsteder.regjeringen.no\/wpuploads01\/blogs.dir\/413\/files\/2020\/04\/4RxRFb0Q-335x335.jpg 335w, https:\/\/files.nettsteder.regjeringen.no\/wpuploads01\/blogs.dir\/413\/files\/2020\/04\/4RxRFb0Q-670x670.jpg 670w\" sizes=\"auto, (max-width: 400px) 100vw, 400px\" \/>\t\t\t\t<\/div>\n\t\t\t<\/div>\n\t\t\t<div class=\"column\">\n\t\t\t\t<div class=\"name\">Susann Skogvang<\/div><div class=\"position\">lagdommer<\/div><a href=\"javascript:\/\/\" class=\"show-hide-link\"\n\t\t\t\t   data-show-text=\"Vis beskrivelse\"\n\t\t\t\t   data-hide-text=\"Skjul beskrivelse\">Vis beskrivelse<\/a>\t\t\t\t<div class=\"description\"\n\t\t\t\t\t aria-expanded=\"false\"><\/div>\n\t\t\t<\/div>\n\t\t<\/li>\n\t\t\t<li class=\"columns\">\n\t\t\t<div class=\"column\">\n\t\t\t\t<div class=\"square\">\n\t\t\t\t\t<img loading=\"lazy\" decoding=\"async\" width=\"400\" height=\"400\" src=\"https:\/\/files.nettsteder.regjeringen.no\/wpuploads01\/blogs.dir\/413\/files\/2020\/04\/AMB-presse-400x400.jpg\" class=\"\" alt=\"\" srcset=\"https:\/\/files.nettsteder.regjeringen.no\/wpuploads01\/blogs.dir\/413\/files\/2020\/04\/AMB-presse-400x400.jpg 400w, https:\/\/files.nettsteder.regjeringen.no\/wpuploads01\/blogs.dir\/413\/files\/2020\/04\/AMB-presse-150x150.jpg 150w\" sizes=\"auto, (max-width: 400px) 100vw, 400px\" \/>\t\t\t\t<\/div>\n\t\t\t<\/div>\n\t\t\t<div class=\"column\">\n\t\t\t\t<div class=\"name\">Anders Brosveet<\/div><div class=\"position\">advokat<\/div><a href=\"javascript:\/\/\" class=\"show-hide-link\"\n\t\t\t\t   data-show-text=\"Vis beskrivelse\"\n\t\t\t\t   data-hide-text=\"Skjul beskrivelse\">Vis beskrivelse<\/a>\t\t\t\t<div class=\"description\"\n\t\t\t\t\t aria-expanded=\"false\"><\/div>\n\t\t\t<\/div>\n\t\t<\/li>\n\t<\/ul>\n<\/div><\/div>","protected":false},"excerpt":{"rendered":"<p>R\u00e5det skal v\u00e6re sammensatt av fire faste medlemmer. Medlemmene oppnevnes for 4 \u00e5r om gangen. Departementet kan ved behov supplere &#8230;<\/p>\n","protected":false},"author":306,"featured_media":0,"parent":0,"menu_order":0,"comment_status":"closed","ping_status":"closed","template":"","meta":{"_acf_changed":false,"footnotes":""},"class_list":["post-31","page","type-page","status-publish","hentry"],"acf":[],"language":"nb-NO","_links":{"self":[{"href":"https:\/\/nettsteder.regjeringen.no\/straffelovradet\/wp-json\/wp\/v2\/pages\/31","targetHints":{"allow":["GET"]}}],"collection":[{"href":"https:\/\/nettsteder.regjeringen.no\/straffelovradet\/wp-json\/wp\/v2\/pages"}],"about":[{"href":"https:\/\/nettsteder.regjeringen.no\/straffelovradet\/wp-json\/wp\/v2\/types\/page"}],"author":[{"embeddable":true,"href":"https:\/\/nettsteder.regjeringen.no\/straffelovradet\/wp-json\/wp\/v2\/users\/306"}],"replies":[{"embeddable":true,"href":"https:\/\/nettsteder.regjeringen.no\/straffelovradet\/wp-json\/wp\/v2\/comments?post=31"}],"version-history":[{"count":4,"href":"https:\/\/nettsteder.regjeringen.no\/straffelovradet\/wp-json\/wp\/v2\/pages\/31\/revisions"}],"predecessor-version":[{"id":385,"href":"https:\/\/nettsteder.regjeringen.no\/straffelovradet\/wp-json\/wp\/v2\/pages\/31\/revisions\/385"}],"wp:attachment":[{"href":"https:\/\/nettsteder.regjeringen.no\/straffelovradet\/wp-json\/wp\/v2\/media?parent=31"}],"curies":[{"name":"wp","href":"https:\/\/api.w.org\/{rel}","templated":true}]}}