{"id":21,"date":"2020-02-20T09:29:40","date_gmt":"2020-02-20T08:29:40","guid":{"rendered":"https:\/\/nettsteder.regjeringen.no\/straffelovradet\/?page_id=21"},"modified":"2021-04-06T11:55:49","modified_gmt":"2021-04-06T09:55:49","slug":"forsiden","status":"publish","type":"page","link":"https:\/\/nettsteder.regjeringen.no\/straffelovradet\/","title":{"rendered":"Straffelovr\u00e5det"},"content":{"rendered":"<div class=\"text-wrap post-content clearfix\"><p>Straffelovr\u00e5det jobber for tiden med to tilleggsoppdrag knyttet til inndragning (se mandat) og et oppdrag om \u00e5 gjennomg\u00e5 straffelovens kapittel om seksuallovbrudd (se mandat)<\/p>\n<\/div>","protected":false},"excerpt":{"rendered":"<p>Straffelovr\u00e5det ble reetablert ved kongelig resolusjon av 14. juni 2019, og erstatter tidligere r\u00e5d med samme navn. R\u00e5det skal utrede &#8230;<\/p>\n","protected":false},"author":306,"featured_media":0,"parent":0,"menu_order":0,"comment_status":"closed","ping_status":"closed","template":"","meta":{"_acf_changed":false,"footnotes":""},"class_list":["post-21","page","type-page","status-publish","hentry"],"acf":[],"language":"nb-NO","_links":{"self":[{"href":"https:\/\/nettsteder.regjeringen.no\/straffelovradet\/wp-json\/wp\/v2\/pages\/21","targetHints":{"allow":["GET"]}}],"collection":[{"href":"https:\/\/nettsteder.regjeringen.no\/straffelovradet\/wp-json\/wp\/v2\/pages"}],"about":[{"href":"https:\/\/nettsteder.regjeringen.no\/straffelovradet\/wp-json\/wp\/v2\/types\/page"}],"author":[{"embeddable":true,"href":"https:\/\/nettsteder.regjeringen.no\/straffelovradet\/wp-json\/wp\/v2\/users\/306"}],"replies":[{"embeddable":true,"href":"https:\/\/nettsteder.regjeringen.no\/straffelovradet\/wp-json\/wp\/v2\/comments?post=21"}],"version-history":[{"count":5,"href":"https:\/\/nettsteder.regjeringen.no\/straffelovradet\/wp-json\/wp\/v2\/pages\/21\/revisions"}],"predecessor-version":[{"id":293,"href":"https:\/\/nettsteder.regjeringen.no\/straffelovradet\/wp-json\/wp\/v2\/pages\/21\/revisions\/293"}],"wp:attachment":[{"href":"https:\/\/nettsteder.regjeringen.no\/straffelovradet\/wp-json\/wp\/v2\/media?parent=21"}],"curies":[{"name":"wp","href":"https:\/\/api.w.org\/{rel}","templated":true}]}}