{"id":4,"date":"2022-06-14T12:43:49","date_gmt":"2022-06-14T10:43:49","guid":{"rendered":"https:\/\/nettsteder.regjeringen.no\/stasjonssjefsmotet\/?page_id=4"},"modified":"2022-08-12T11:52:05","modified_gmt":"2022-08-12T09:52:05","slug":"forside-2","status":"publish","type":"page","link":"https:\/\/nettsteder.regjeringen.no\/stasjonssjefsmotet\/","title":{"rendered":"Forside"},"content":{"rendered":"\n<div class=\"wp-block-cover alignfull is-light\" style=\"min-height:390px;aspect-ratio:unset;\"><span aria-hidden=\"true\" class=\"has-vivid-green-cyan-background-color has-background-dim-0 wp-block-cover__gradient-background has-background-dim\"><\/span><img loading=\"lazy\" decoding=\"async\" width=\"2560\" height=\"1440\" class=\"wp-block-cover__image-background wp-image-57\" alt=\"\" src=\"https:\/\/files.nettsteder.regjeringen.no\/wpuploads01\/sites\/511\/2022\/06\/webbanner_stasjonssjefsmote_2022_oppdatert-scaled.jpg\" style=\"object-position:82% 17%\" data-object-fit=\"cover\" data-object-position=\"82% 17%\" srcset=\"https:\/\/files.nettsteder.regjeringen.no\/wpuploads01\/sites\/511\/2022\/06\/webbanner_stasjonssjefsmote_2022_oppdatert-scaled.jpg 2560w, https:\/\/files.nettsteder.regjeringen.no\/wpuploads01\/sites\/511\/2022\/06\/webbanner_stasjonssjefsmote_2022_oppdatert-300x169.jpg 300w, https:\/\/files.nettsteder.regjeringen.no\/wpuploads01\/sites\/511\/2022\/06\/webbanner_stasjonssjefsmote_2022_oppdatert-1024x576.jpg 1024w, https:\/\/files.nettsteder.regjeringen.no\/wpuploads01\/sites\/511\/2022\/06\/webbanner_stasjonssjefsmote_2022_oppdatert-768x432.jpg 768w, https:\/\/files.nettsteder.regjeringen.no\/wpuploads01\/sites\/511\/2022\/06\/webbanner_stasjonssjefsmote_2022_oppdatert-1536x864.jpg 1536w, https:\/\/files.nettsteder.regjeringen.no\/wpuploads01\/sites\/511\/2022\/06\/webbanner_stasjonssjefsmote_2022_oppdatert-2048x1152.jpg 2048w, https:\/\/files.nettsteder.regjeringen.no\/wpuploads01\/sites\/511\/2022\/06\/webbanner_stasjonssjefsmote_2022_oppdatert-1200x675.jpg 1200w\" sizes=\"auto, (max-width: 2560px) 100vw, 2560px\" \/><div class=\"wp-block-cover__inner-container is-layout-flow wp-block-cover-is-layout-flow\">\n<p class=\"has-text-align-center has-large-font-size\"><\/p>\n<\/div><\/div>\n\n\n\n<div class=\"wp-block-group has-background-100-background-color has-background is-layout-flow wp-block-group-is-layout-flow\">\n<p>Stasjonssjefsm\u00f8tet 2022 avholdes p\u00e5 Radisson Blu Scandinavia mandag 22. august og tirsdag 23. august og p\u00e5 Ingeni\u00f8renes hus onsdag 24. august og torsdag 25. august.<br><br>P\u00e5 denne nettsiden finner du programmet for m\u00f8tet, og p\u00e5melding til de parallelle sesjonene onsdag 24. august og torsdag 25. august. Vi ber deg om \u00e5 g\u00e5 inn og melde deg p\u00e5 de sesjonene du \u00f8nsker \u00e5 delta p\u00e5, slik at vi f\u00e5r en oversikt over antall deltakere. Dette er viktig for \u00e5 kunne planlegge rom og evt. lunsjservering.<\/p>\n\n\n\n<p>F\u00f8lg med p\u00e5 denne nettsiden. Den vil oppdateres l\u00f8pende med relevant informasjon.<\/p>\n\n\n\n<p>Vi \u00f8nsker deg velkommen til \u00e5rets stasjonssjefsm\u00f8te!<\/p>\n\n\n\n<p>Hilsen<br>UKS<\/p>\n<\/div>\n\n\n\n<p><\/p>\n","protected":false},"excerpt":{"rendered":"<p>Stasjonssjefsm\u00f8tet 2022 avholdes p\u00e5 Radisson Blu Scandinavia mandag 22. august og tirsdag 23. august og p\u00e5 Ingeni\u00f8renes hus onsdag 24. august og torsdag 25. august. P\u00e5 denne nettsiden finner du programmet for m\u00f8tet, og p\u00e5melding til de parallelle sesjonene onsdag 24. august og torsdag 25. august. Vi ber deg om \u00e5 g\u00e5 inn og melde\u2026<\/p>\n","protected":false},"author":2877,"featured_media":0,"parent":0,"menu_order":0,"comment_status":"closed","ping_status":"closed","template":"","meta":{"dss_simple_post_excerpt":"","dss_show_featured_image":true,"dss_show_title":true,"footnotes":""},"class_list":["post-4","page","type-page","status-publish","hentry"],"language":"nb-NO","_links":{"self":[{"href":"https:\/\/nettsteder.regjeringen.no\/stasjonssjefsmotet\/wp-json\/wp\/v2\/pages\/4","targetHints":{"allow":["GET"]}}],"collection":[{"href":"https:\/\/nettsteder.regjeringen.no\/stasjonssjefsmotet\/wp-json\/wp\/v2\/pages"}],"about":[{"href":"https:\/\/nettsteder.regjeringen.no\/stasjonssjefsmotet\/wp-json\/wp\/v2\/types\/page"}],"author":[{"embeddable":true,"href":"https:\/\/nettsteder.regjeringen.no\/stasjonssjefsmotet\/wp-json\/wp\/v2\/users\/2877"}],"replies":[{"embeddable":true,"href":"https:\/\/nettsteder.regjeringen.no\/stasjonssjefsmotet\/wp-json\/wp\/v2\/comments?post=4"}],"version-history":[{"count":2,"href":"https:\/\/nettsteder.regjeringen.no\/stasjonssjefsmotet\/wp-json\/wp\/v2\/pages\/4\/revisions"}],"predecessor-version":[{"id":108,"href":"https:\/\/nettsteder.regjeringen.no\/stasjonssjefsmotet\/wp-json\/wp\/v2\/pages\/4\/revisions\/108"}],"wp:attachment":[{"href":"https:\/\/nettsteder.regjeringen.no\/stasjonssjefsmotet\/wp-json\/wp\/v2\/media?parent=4"}],"curies":[{"name":"wp","href":"https:\/\/api.w.org\/{rel}","templated":true}]}}