{"id":28,"date":"2022-06-14T13:17:23","date_gmt":"2022-06-14T11:17:23","guid":{"rendered":"https:\/\/nettsteder.regjeringen.no\/stasjonssjefsmotet\/?page_id=28"},"modified":"2022-08-12T08:39:02","modified_gmt":"2022-08-12T06:39:02","slug":"kontakt-oss","status":"publish","type":"page","link":"https:\/\/nettsteder.regjeringen.no\/stasjonssjefsmotet\/kontakt-oss\/","title":{"rendered":"Kontakt oss"},"content":{"rendered":"\n<p><\/p>\n\n\n\n<p>Sp\u00f8rsm\u00e5l om:<\/p>\n\n\n\n<p><strong>Program<\/strong><br>\u00d8sterberg, Hild<br>Seniorr\u00e5dgiver<br>Utenrikstjenestens kompetansesenter<br>hild.osterberg@mfa.no<br>+4723950827<\/p>\n\n\n\n<p><strong>Adgangskontroll, bevertning, allergier<\/strong><br>Meinert, Kristin<br>Seniorr\u00e5dgiver<br>Utenrikstjenestens kompetansesenter<br>Kristin.Meinert@mfa.no<br>+4723950561<\/p>\n\n\n\n<p><strong>Tekniske sp\u00f8rsm\u00e5l<br><\/strong>M\u00f8llerhaug, Eivind Bj\u00f8rge<br>R\u00e5dgiver<br>Utenrikstjenestens kompetansesenter<br>Eivind.Bjorge.Mollerhaug@mfa.no<br>+4723950504<\/p>\n","protected":false},"excerpt":{"rendered":"<p>Sp\u00f8rsm\u00e5l om: Program\u00d8sterberg, HildSeniorr\u00e5dgiverUtenrikstjenestens kompetansesenterhild.osterberg@mfa.no+4723950827 Adgangskontroll, bevertning, allergierMeinert, KristinSeniorr\u00e5dgiverUtenrikstjenestens kompetansesenterKristin.Meinert@mfa.no+4723950561 Tekniske sp\u00f8rsm\u00e5lM\u00f8llerhaug, Eivind Bj\u00f8rgeR\u00e5dgiverUtenrikstjenestens kompetansesenterEivind.Bjorge.Mollerhaug@mfa.no+4723950504<\/p>\n","protected":false},"author":2877,"featured_media":0,"parent":0,"menu_order":0,"comment_status":"closed","ping_status":"closed","template":"","meta":{"dss_simple_post_excerpt":"","dss_show_featured_image":true,"dss_show_title":false,"footnotes":""},"class_list":["post-28","page","type-page","status-publish","hentry"],"language":"nb-NO","_links":{"self":[{"href":"https:\/\/nettsteder.regjeringen.no\/stasjonssjefsmotet\/wp-json\/wp\/v2\/pages\/28","targetHints":{"allow":["GET"]}}],"collection":[{"href":"https:\/\/nettsteder.regjeringen.no\/stasjonssjefsmotet\/wp-json\/wp\/v2\/pages"}],"about":[{"href":"https:\/\/nettsteder.regjeringen.no\/stasjonssjefsmotet\/wp-json\/wp\/v2\/types\/page"}],"author":[{"embeddable":true,"href":"https:\/\/nettsteder.regjeringen.no\/stasjonssjefsmotet\/wp-json\/wp\/v2\/users\/2877"}],"replies":[{"embeddable":true,"href":"https:\/\/nettsteder.regjeringen.no\/stasjonssjefsmotet\/wp-json\/wp\/v2\/comments?post=28"}],"version-history":[{"count":3,"href":"https:\/\/nettsteder.regjeringen.no\/stasjonssjefsmotet\/wp-json\/wp\/v2\/pages\/28\/revisions"}],"predecessor-version":[{"id":106,"href":"https:\/\/nettsteder.regjeringen.no\/stasjonssjefsmotet\/wp-json\/wp\/v2\/pages\/28\/revisions\/106"}],"wp:attachment":[{"href":"https:\/\/nettsteder.regjeringen.no\/stasjonssjefsmotet\/wp-json\/wp\/v2\/media?parent=28"}],"curies":[{"name":"wp","href":"https:\/\/api.w.org\/{rel}","templated":true}]}}