{"id":5,"date":"2024-11-05T10:10:47","date_gmt":"2024-11-05T09:10:47","guid":{"rendered":"https:\/\/nettsteder.regjeringen.no\/sry\/?page_id=5"},"modified":"2026-02-17T08:17:00","modified_gmt":"2026-02-17T07:17:00","slug":"om-utvalget","status":"publish","type":"page","link":"https:\/\/nettsteder.regjeringen.no\/sry\/","title":{"rendered":"Om Samarbeidsr\u00e5det for yrkesoppl\u00e6ring (SRY)"},"content":{"rendered":"\n<h3 class=\"wp-block-heading\"><\/h3>\n\n\n\n<p>Samarbeidsr\u00e5det for yrkesoppl\u00e6ring (SRY) er oppnevnt av Kunnskapsdepartementet i henhold til \u00a7&nbsp;8-1 f\u00f8rste ledd i oppl\u00e6ringsloven og skal gi departementet r\u00e5d og ta initiativ for \u00e5 fremme fag- og yrkesoppl\u00e6ringen. <\/p>\n\n\n\n<p>SRY skal ha et overordnet ansvar og strategisk perspektiv, som bygger p\u00e5 relevant arbeidslivskompetanse. SRY skal v\u00e6re et forum for dialog mellom departementet, partene i arbeidslivet, elev- og l\u00e6rerorganisasjonene og skoleeier.<\/p>\n\n\n\n<p>Det er departementet som fastsetter mandat for SRY. Mandatet inneholder en n\u00e6rmere beskrivelse av SRY sine oppgaver. <\/p>\n\n\n\n<p>SRY skal:<\/p>\n\n\n\n<ul class=\"wp-block-list is-layout-flow wp-block-list-is-layout-flow\">\n<li>arbeide for \u00e5 fremme yrkesfagene, og bedre tilgangen p\u00e5 l\u00e6replasser<\/li>\n\n\n\n<li>bidra til \u00e5 utvikle fag- og yrkesoppl\u00e6ringen, inkludert karriereveiledning, slik at den ivaretar den enkeltes, virksomhetenes og samfunnets behov for kompetanse<\/li>\n\n\n\n<li>bidra til samarbeid mellom aktuelle akt\u00f8rer for fag- og yrkesoppl\u00e6ringen nasjonalt, regionalt og lokalt, samt mellom bransjer og sektorer<\/li>\n\n\n\n<li>gi r\u00e5d om fag- og yrkesoppl\u00e6ringens rolle i den samlede utdannings- og kompetansepolitikken<\/li>\n\n\n\n<li>ta initiativ til forskning og innovasjon i fag- og yrkesoppl\u00e6ringen<\/li>\n\n\n\n<li>gi r\u00e5d om antall faglige r\u00e5d og r\u00e5denes arbeidsomr\u00e5de og sammensetning<\/li>\n\n\n\n<li>ha en aktiv rolle i det internasjonale samarbeidet for \u00e5 utvikle fag- og yrkesoppl\u00e6ringen<\/li>\n<\/ul>\n\n\n\n<p>Les mer om <a href=\"https:\/\/www.udir.no\/utdanningslopet\/videregaende-opplaring\/felles-for-fagopplaringen\/mandat-og-retningslinjer-for-samarbeidet-mellom-sry-faglige-rad-og-utdanningsdirektoratet-20212025\/\">Mandat og retningslinjer for samarbeidet mellom SRY, faglige r\u00e5d og Utdanningsdirektoratet 2025\u20132029 <\/a><\/p>\n\n\n\n<p><a href=\"https:\/\/www.regjeringen.no\/no\/dep\/kd\/org\/styrer-rad-og-utvalg\/samarbeidsradet-for-yrkesopplaring\/id2922425\/\" data-type=\"link\" data-id=\"https:\/\/www.regjeringen.no\/no\/dep\/kd\/org\/styrer-rad-og-utvalg\/samarbeidsradet-for-yrkesopplaring\/id2922425\/\">Oppnevnelsen av utvalget<\/a> (regjeringen.no)<\/p>\n","protected":false},"excerpt":{"rendered":"<p>Samarbeidsr\u00e5det for yrkesoppl\u00e6ring (SRY) er oppnevnt av Kunnskapsdepartementet i henhold til \u00a7&nbsp;8-1 f\u00f8rste ledd i oppl\u00e6ringsloven og skal gi departementet r\u00e5d og ta initiativ for \u00e5 fremme fag- og yrkesoppl\u00e6ringen. SRY skal ha et overordnet ansvar og strategisk perspektiv, som bygger p\u00e5 relevant arbeidslivskompetanse. SRY skal v\u00e6re et forum for dialog mellom departementet, partene i\u2026<\/p>\n","protected":false},"author":2877,"featured_media":0,"parent":0,"menu_order":0,"comment_status":"closed","ping_status":"closed","template":"","meta":{"dss_simple_post_excerpt":"","dss_show_featured_image":true,"footnotes":""},"class_list":["post-5","page","type-page","status-publish","hentry"],"language":"nb-NO","_links":{"self":[{"href":"https:\/\/nettsteder.regjeringen.no\/sry\/wp-json\/wp\/v2\/pages\/5","targetHints":{"allow":["GET"]}}],"collection":[{"href":"https:\/\/nettsteder.regjeringen.no\/sry\/wp-json\/wp\/v2\/pages"}],"about":[{"href":"https:\/\/nettsteder.regjeringen.no\/sry\/wp-json\/wp\/v2\/types\/page"}],"author":[{"embeddable":true,"href":"https:\/\/nettsteder.regjeringen.no\/sry\/wp-json\/wp\/v2\/users\/2877"}],"replies":[{"embeddable":true,"href":"https:\/\/nettsteder.regjeringen.no\/sry\/wp-json\/wp\/v2\/comments?post=5"}],"version-history":[{"count":3,"href":"https:\/\/nettsteder.regjeringen.no\/sry\/wp-json\/wp\/v2\/pages\/5\/revisions"}],"predecessor-version":[{"id":95,"href":"https:\/\/nettsteder.regjeringen.no\/sry\/wp-json\/wp\/v2\/pages\/5\/revisions\/95"}],"wp:attachment":[{"href":"https:\/\/nettsteder.regjeringen.no\/sry\/wp-json\/wp\/v2\/media?parent=5"}],"curies":[{"name":"wp","href":"https:\/\/api.w.org\/{rel}","templated":true}]}}