{"id":17,"date":"2020-02-27T11:23:07","date_gmt":"2020-02-27T10:23:07","guid":{"rendered":"https:\/\/nettsteder.regjeringen.no\/skolebidrag\/?page_id=17"},"modified":"2020-12-03T15:14:32","modified_gmt":"2020-12-03T14:14:32","slug":"mandat","status":"publish","type":"page","link":"https:\/\/nettsteder.regjeringen.no\/skolebidrag\/mandat\/","title":{"rendered":"Mandat"},"content":{"rendered":"<div class=\"text-wrap post-content clearfix\"><h3>Bakgrunn<\/h3>\n<p>SSB og Utdanningsdirektoratet har siden 2017 publisert skolebidragsindikatorer for grunnskolen og videreg\u00e5ende skole. Elevenes familiebakgrunn og tidligere resultater forklarer mye av forskjellen i elevenes resultater slik de framkommer av for eksempel nasjonale pr\u00f8ver eller av karakterer. Ulike skoler har et ulikt elevgrunnlag, og skolebidragsindikatoren gir en indikasjon p\u00e5 skolens bidrag til l\u00e6ring ved \u00e5 skille ut den delen av l\u00e6ringsresultatet som skyldes forutsetninger som elevene har med seg.<\/p>\n<p>Sammenlignet med mange andre land, er det forholdsvis sm\u00e5 sosiale forskjeller knyttet til elevenes l\u00e6ringsutbytte i Norge. Samtidig er det ogs\u00e5 i Norge systematisk sammenheng mellom sosial bakgrunn og skoleresultater. Skolen er v\u00e5rt viktigste verkt\u00f8y for \u00e5 gi alle barn uavhengig av bakgrunn muligheter til \u00e5 leve et selvstendig liv. En god skole er ogs\u00e5 avgj\u00f8rende for \u00e5 bevare sm\u00e5 forskjeller i det norske samfunn. Det er derfor viktig at vi fremover b\u00e5de p\u00e5 skoleniv\u00e5, lokalt og nasjonalt jobber bevisst og kunnskapsbasert for at sammenhengen mellom elevenes bakgrunn og resultater blir s\u00e5 sm\u00e5 som mulige.<\/p>\n<p>Skolebidragsindikatorene for grunnskolen tar hensyn til foreldrebakgrunn (foreldrenes utdanningsniv\u00e5, husholdningsinntekt og innvandringsbakgrunn) og tidligere resultater. Skolebidragsindikatorene for videreg\u00e5ende skole kontrollerer for kj\u00f8nn, utdanningsprogram, trinn og tidligere resultater. Indikatorene fors\u00f8ker \u00e5 gi svar p\u00e5 hva resultatforskjellene mellom skoler ville v\u00e6rt dersom de hadde hatt det samme elevgrunnlaget.<\/p>\n<p>Skolebidragsindikatorene viser at det er forskjeller mellom hvor mye skolene, kommunene og fylkeskommunene bidrar til elevenes l\u00e6ring. Det betyr at hvor elevene er bosatt og deres sosiale bakgrunn, har betydning for hvor mye den enkelte l\u00e6rer i skolen. Indikatorene gir et mer utfyllende og nyansert bilde av hva skolene bidrar med til elevenes l\u00e6ring enn f.eks. nasjonale pr\u00f8ver alene. Indikatorene sier imidlertid ikke noe om hvorfor vi finner disse forskjellene, og hva som skal til for \u00e5 l\u00f8fte skolenes bidrag. Vi m\u00e5 derfor vite mer om hva som skjer i skolen og kommunen, og hvorfor noen skoler klarer \u00e5 jobbe bedre med \u00e5 l\u00f8fte elevene, enn andre.<\/p>\n<h3>Mandat<\/h3>\n<p>Ekspertgruppen skal anbefale tiltak som skal bidra til \u00e5 redusere den betydningen elevens kj\u00f8nn, bakgrunn og tidligere resultater kan ha for utbyttet av oppl\u00e6ringen. Gruppen skal derfor vurdere hvordan skoleeier og skoler bedre kan drive et systematisk kvalitetsutviklingsarbeid for \u00e5 l\u00f8fte kvaliteten p\u00e5 oppl\u00e6ringen for elevene, og gjennom dette bidra til bedre l\u00e6ringsresultater.<\/p>\n<p>Ekspertgruppen skal beskrive hva som kjennetegner skoler og kommuner som lykkes best i \u00e5 l\u00f8fte kvaliteten. I den sammenheng er det ogs\u00e5 relevant \u00e5 vurdere skoleeiers rolle. Ekspertgruppen skal spesielt se p\u00e5 hva som skal til for at skoler med lavt skolebidrag over tid kan l\u00f8fte kvaliteten p\u00e5 oppl\u00e6ringen. Anbefalingene skal b\u00e5de v\u00e6re rettet mot nasjonalt niv\u00e5 og skoleeier-og skoleniv\u00e5.Anbefalingene skal tydeliggj\u00f8re hva som vil v\u00e6re de viktigste tiltakene.<\/p>\n<p>Arbeidet skal deles i to deler, der f\u00f8rste del skal best\u00e5 av kunnskapsinnhenting, mens ekspertgruppen i del to skal v\u00e6re i dialog med skoleeiere, skoleledere og l\u00e6rere, og f\u00e5 innspill til tiltak.<\/p>\n<p>Hovedvekten av gruppens arbeid skal ligge p\u00e5 grunnskolefeltet. Videreg\u00e5ende oppl\u00e6ring skal bare inkluderes i f\u00f8rste del av gruppens arbeid. Relevant kunnskap fra kunnskapsdelen for videreg\u00e5ende vil ogs\u00e5 bli sett i sammenheng med Kunnskapsdepartementets arbeid med en melding til Stortinget om videreg\u00e5ende oppl\u00e6ring i et livslangt l\u00e6ringsperspektiv.<\/p>\n<h3>Oppgaver og avgrensinger<\/h3>\n<ul>\n<li><strong><strong>Ekspertgruppen skal levere en delrapport innen 1. september* 2020 som presenterer et kunnskapsgrunnlag og en analyse av resultater fra relevante kilder:<br \/>\n<\/strong><\/strong>Som del 1 av arbeidet skal gruppen unders\u00f8ke resultatene fra skolebidragsindikatorene og identifisere og analysere kjennetegn p\u00e5 kommuner, fylkeskommuner og skoler med stabile skoleresultater p\u00e5 den positive eller negative siden. Gruppen skal finne mulige \u00e5rsaker til de forskjellene som kommer til uttrykk gjennom skolebidragsindikatorene og andre relevante kilder, for eksempel elevunders\u00f8kelsen, nasjonale pr\u00f8ver og annen relevant statistikk.<\/li>\n<li><strong>Ekspertgruppen skal levere en hovedrapport innen 1. februar 2021** med forslag til tiltak:Gruppen skal i l\u00f8pet av november 2020 presentere forel\u00f8pige funn og vurderinger i et m\u00f8te med departementet.<br \/>\n<\/strong>Som del 2 av arbeidet skal ekspertutvalget utforme, igangsette og lede regionale dialogbaserte prosesser med skoleeiere, skoleledere og l\u00e6rere p\u00e5 grunnskolens omr\u00e5de.1 Basert p\u00e5 det en finner i del 1 skal utvalget p\u00e5 bakgrunn av denne dialogen med sektoren,utforme forslag til tiltak. Utvalget b\u00f8r i denne fasen ogs\u00e5 blant annet se til arbeidet OECD har gjort gjennom rapporten &laquo;Improving School Quality in Norway&raquo; (OECD 2019).<\/li>\n<li><strong><strong><strong>Gruppen skal beskrive\/ ansl\u00e5 \u00f8konomiske, administrative og juridiske konsekvenser av forslagene.<\/strong><\/strong><\/strong><\/li>\n<li><strong><strong><strong>Gruppen skal ogs\u00e5 foresl\u00e5 tiltak som kan gjennomf\u00f8res uten \u00f8konomiske merkostnader.<\/strong><\/strong><\/strong><\/li>\n<li><strong>Gruppen kan foresl\u00e5 endringer av skolebidragsindikatorene for at de skal gi bedre nytte for skoler og skoleeiere. Dette forutsetter at disse indikatorene ses i sammenheng med annen styringsinformasjon<\/strong><\/li>\n<\/ul>\n<p>&nbsp;<\/p>\n<p>&nbsp;<\/p>\n<p>*Ekspertgruppen ba om utsettelse fra 15. mai 2020<br \/>\n** Ekspertgruppen leverer sluttrapport ila. v\u00e5ren 2021<\/p>\n<\/div>","protected":false},"excerpt":{"rendered":"<p>Her kan du lese mandatet i sin helhet<\/p>\n","protected":false},"author":2107,"featured_media":0,"parent":0,"menu_order":0,"comment_status":"closed","ping_status":"closed","template":"","meta":{"_acf_changed":false,"footnotes":""},"class_list":["post-17","page","type-page","status-publish","hentry"],"acf":[],"language":"nb-NO","_links":{"self":[{"href":"https:\/\/nettsteder.regjeringen.no\/skolebidrag\/wp-json\/wp\/v2\/pages\/17","targetHints":{"allow":["GET"]}}],"collection":[{"href":"https:\/\/nettsteder.regjeringen.no\/skolebidrag\/wp-json\/wp\/v2\/pages"}],"about":[{"href":"https:\/\/nettsteder.regjeringen.no\/skolebidrag\/wp-json\/wp\/v2\/types\/page"}],"author":[{"embeddable":true,"href":"https:\/\/nettsteder.regjeringen.no\/skolebidrag\/wp-json\/wp\/v2\/users\/2107"}],"replies":[{"embeddable":true,"href":"https:\/\/nettsteder.regjeringen.no\/skolebidrag\/wp-json\/wp\/v2\/comments?post=17"}],"version-history":[{"count":25,"href":"https:\/\/nettsteder.regjeringen.no\/skolebidrag\/wp-json\/wp\/v2\/pages\/17\/revisions"}],"predecessor-version":[{"id":607,"href":"https:\/\/nettsteder.regjeringen.no\/skolebidrag\/wp-json\/wp\/v2\/pages\/17\/revisions\/607"}],"wp:attachment":[{"href":"https:\/\/nettsteder.regjeringen.no\/skolebidrag\/wp-json\/wp\/v2\/media?parent=17"}],"curies":[{"name":"wp","href":"https:\/\/api.w.org\/{rel}","templated":true}]}}