{"id":9,"date":"2025-10-24T12:29:33","date_gmt":"2025-10-24T10:29:33","guid":{"rendered":"https:\/\/nettsteder.regjeringen.no\/salerutvalget\/?page_id=9"},"modified":"2025-12-16T16:11:03","modified_gmt":"2025-12-16T15:11:03","slug":"medlemmer","status":"publish","type":"page","link":"https:\/\/nettsteder.regjeringen.no\/salerutvalget\/medlemmer\/","title":{"rendered":"Medlemmer"},"content":{"rendered":"<ul class=\"wp-block-dss-people\">\n<li class=\"wp-block-dss-person\">\t<div class=\"dss-person-image\">\n\t\t<figure>\n\t\t\t<img loading=\"lazy\" decoding=\"async\" width=\"250\" height=\"250\" src=\"https:\/\/files.nettsteder.regjeringen.no\/wpuploads01\/sites\/605\/2025\/12\/Bilde-Ivar-K.-Iversen-300x300.jpg\" class=\"attachment-250x250 size-250x250\" alt=\"\" srcset=\"https:\/\/files.nettsteder.regjeringen.no\/wpuploads01\/sites\/605\/2025\/12\/Bilde-Ivar-K.-Iversen-300x300.jpg 300w, https:\/\/files.nettsteder.regjeringen.no\/wpuploads01\/sites\/605\/2025\/12\/Bilde-Ivar-K.-Iversen-1024x1024.jpg 1024w, https:\/\/files.nettsteder.regjeringen.no\/wpuploads01\/sites\/605\/2025\/12\/Bilde-Ivar-K.-Iversen-150x150.jpg 150w, https:\/\/files.nettsteder.regjeringen.no\/wpuploads01\/sites\/605\/2025\/12\/Bilde-Ivar-K.-Iversen-768x768.jpg 768w, https:\/\/files.nettsteder.regjeringen.no\/wpuploads01\/sites\/605\/2025\/12\/Bilde-Ivar-K.-Iversen-1536x1536.jpg 1536w, https:\/\/files.nettsteder.regjeringen.no\/wpuploads01\/sites\/605\/2025\/12\/Bilde-Ivar-K.-Iversen-2048x2048.jpg 2048w\" sizes=\"auto, (max-width: 250px) 100vw, 250px\" \/><span class=\"t2-image-credit\">\n\t\t\t\t<button type=\"button\" class=\"t2-image-credit-toggle\" aria-expanded=\"false\" aria-controls=\"image-credit\" aria-label=\"Toggle image credit\"><svg xmlns=\"http:\/\/www.w3.org\/2000\/svg\" viewBox=\"0 0 24 24\" height=\"24\" width=\"24\" class=\"t2-icon t2-icon-info\" aria-hidden=\"true\" focusable=\"false\"><path d=\"M12 17c.3 0 .5-.1.7-.3s.3-.4.3-.7v-4c0-.3-.1-.5-.3-.7-.2-.2-.4-.3-.7-.3s-.5.1-.7.3c-.2.2-.3.4-.3.7v4c0 .3.1.5.3.7s.4.3.7.3zm0-8c.3 0 .5-.1.7-.3.2-.2.3-.4.3-.7 0-.3-.1-.5-.3-.7-.2-.2-.4-.3-.7-.3s-.5.1-.7.3c-.2.2-.3.4-.3.7 0 .3.1.5.3.7.2.2.4.3.7.3zm0 13c-1.4 0-2.7-.3-3.9-.8-1.2-.5-2.3-1.2-3.2-2.1s-1.6-2-2.1-3.2S2 13.4 2 12s.3-2.7.8-3.9S4 5.8 4.9 4.9s2-1.6 3.2-2.1S10.6 2 12 2s2.7.3 3.9.8 2.3 1.2 3.2 2.1 1.6 2 2.1 3.2c.5 1.2.8 2.5.8 3.9s-.3 2.7-.8 3.9c-.5 1.2-1.2 2.3-2.1 3.2s-2 1.6-3.2 2.1c-1.2.5-2.5.8-3.9.8z\" fill=\"currentColor\" \/><\/svg><\/button>\n\t\t\t\t<span class=\"t2-image-credit-text wp-element-caption\" id=\"image-credit\" hidden>Foto: NIKON D5 (3)<\/span>\n\t\t\t<\/span>\t\t<\/figure>\n\t<\/div>\n\t<div class=\"dss-person-content\">\n\t\t<h3 class=\"dss-person-name\">Ivar Kristian Iversen<\/h3><p class=\"dss-person-position\">utvalgsleder<\/p><div class=\"dss-person-content\">\n\n<p>Ivar K. Iversen er sorenskriver og tidligere domstolleder. Han arbeider n\u00e5 som dommer ved Tr\u00f8ndelag tingrett. Han er utdannet jurist fra Universitetet i Bergen og har en variert yrkesbakgrunn, blant annet som forretningsadvokat og fra lederstillinger i n\u00e6ringslivet.<br><\/p>\n\n<\/div>\t<\/div>\n\t<\/li>\n\n<li class=\"wp-block-dss-person\">\t<div class=\"dss-person-image\">\n\t\t<figure>\n\t\t\t<img loading=\"lazy\" decoding=\"async\" width=\"250\" height=\"250\" src=\"https:\/\/files.nettsteder.regjeringen.no\/wpuploads01\/sites\/605\/2025\/11\/Jann-Ola-Berget-300x300.png\" class=\"attachment-250x250 size-250x250\" alt=\"\" srcset=\"https:\/\/files.nettsteder.regjeringen.no\/wpuploads01\/sites\/605\/2025\/11\/Jann-Ola-Berget-300x300.png 300w, https:\/\/files.nettsteder.regjeringen.no\/wpuploads01\/sites\/605\/2025\/11\/Jann-Ola-Berget-150x150.png 150w, https:\/\/files.nettsteder.regjeringen.no\/wpuploads01\/sites\/605\/2025\/11\/Jann-Ola-Berget.png 369w\" sizes=\"auto, (max-width: 250px) 100vw, 250px\" \/>\t\t<\/figure>\n\t<\/div>\n\t<div class=\"dss-person-content\">\n\t\t<h3 class=\"dss-person-name\">Jann Ola Berget<\/h3><p class=\"dss-person-position\">utvalgsmedlem<\/p><div class=\"dss-person-content\">\n\n<p>Jann Ola Berget er avdelingsdirekt\u00f8r ved Domstoladministrasjonen i Trondheim. Han er utdannet sivil\u00f8konom fra Handelsh\u00f8gskolen i Bod\u00f8 og har en master i offentlig administrasjon fra Copenhagen Business School. Han har ogs\u00e5 erfaring fra Nordisk ministerr\u00e5d og Fylkesr\u00e5dsmannen i S\u00f8r-Tr\u00f8ndelag fylkeskommune.<\/p>\n\n<\/div>\t<\/div>\n\t<\/li>\n\n<li class=\"wp-block-dss-person\">\t<div class=\"dss-person-image\">\n\t\t<figure>\n\t\t\t<img loading=\"lazy\" decoding=\"async\" width=\"179\" height=\"250\" src=\"https:\/\/files.nettsteder.regjeringen.no\/wpuploads01\/sites\/605\/2025\/11\/Oddvar-Kaarboe-HV-2022.jpg\" class=\"attachment-250x250 size-250x250\" alt=\"\" srcset=\"https:\/\/files.nettsteder.regjeringen.no\/wpuploads01\/sites\/605\/2025\/11\/Oddvar-Kaarboe-HV-2022.jpg 1617w, https:\/\/files.nettsteder.regjeringen.no\/wpuploads01\/sites\/605\/2025\/11\/Oddvar-Kaarboe-HV-2022-214x300.jpg 214w, https:\/\/files.nettsteder.regjeringen.no\/wpuploads01\/sites\/605\/2025\/11\/Oddvar-Kaarboe-HV-2022-731x1024.jpg 731w, https:\/\/files.nettsteder.regjeringen.no\/wpuploads01\/sites\/605\/2025\/11\/Oddvar-Kaarboe-HV-2022-768x1075.jpg 768w, https:\/\/files.nettsteder.regjeringen.no\/wpuploads01\/sites\/605\/2025\/11\/Oddvar-Kaarboe-HV-2022-1097x1536.jpg 1097w, https:\/\/files.nettsteder.regjeringen.no\/wpuploads01\/sites\/605\/2025\/11\/Oddvar-Kaarboe-HV-2022-1463x2048.jpg 1463w\" sizes=\"auto, (max-width: 179px) 100vw, 179px\" \/><span class=\"t2-image-credit\">\n\t\t\t\t<button type=\"button\" class=\"t2-image-credit-toggle\" aria-expanded=\"false\" aria-controls=\"image-credit-1\" aria-label=\"Toggle image credit\"><svg xmlns=\"http:\/\/www.w3.org\/2000\/svg\" viewBox=\"0 0 24 24\" height=\"24\" width=\"24\" class=\"t2-icon t2-icon-info\" aria-hidden=\"true\" focusable=\"false\"><path d=\"M12 17c.3 0 .5-.1.7-.3s.3-.4.3-.7v-4c0-.3-.1-.5-.3-.7-.2-.2-.4-.3-.7-.3s-.5.1-.7.3c-.2.2-.3.4-.3.7v4c0 .3.1.5.3.7s.4.3.7.3zm0-8c.3 0 .5-.1.7-.3.2-.2.3-.4.3-.7 0-.3-.1-.5-.3-.7-.2-.2-.4-.3-.7-.3s-.5.1-.7.3c-.2.2-.3.4-.3.7 0 .3.1.5.3.7.2.2.4.3.7.3zm0 13c-1.4 0-2.7-.3-3.9-.8-1.2-.5-2.3-1.2-3.2-2.1s-1.6-2-2.1-3.2S2 13.4 2 12s.3-2.7.8-3.9S4 5.8 4.9 4.9s2-1.6 3.2-2.1S10.6 2 12 2s2.7.3 3.9.8 2.3 1.2 3.2 2.1 1.6 2 2.1 3.2c.5 1.2.8 2.5.8 3.9s-.3 2.7-.8 3.9c-.5 1.2-1.2 2.3-2.1 3.2s-2 1.6-3.2 2.1c-1.2.5-2.5.8-3.9.8z\" fill=\"currentColor\" \/><\/svg><\/button>\n\t\t\t\t<span class=\"t2-image-credit-text wp-element-caption\" id=\"image-credit-1\" hidden>Foto: Kjetil Alsvik<\/span>\n\t\t\t<\/span>\t\t<\/figure>\n\t<\/div>\n\t<div class=\"dss-person-content\">\n\t\t<h3 class=\"dss-person-name\">Oddvar Martin Kaarb\u00f8e<\/h3><p class=\"dss-person-position\">utvalgsmedlem<\/p><div class=\"dss-person-content\">\n\n<p>Oddvar Kaarb\u00f8e er professor i helse\u00f8konomi ved Universitetet i Bergen. Han er utdannet samfunns\u00f8konom fra samme universitet og har en doktorgrad i spillteori. Kaarb\u00f8e har omfattende erfaring med forskning innen helse\u00f8konomi, styringsmodeller og bruk av \u00f8konomiske insentiver. Han har hatt flere sentrale verv og ledet store forskningsprosjekter. Oddvar Kaarb\u00f8e er nestleder i styret for Helse Vest og medlem av Helsereformutvalget. <\/p>\n\n\n\n<p>Foto: Kjetil Alsvik<\/p>\n\n<\/div>\t<\/div>\n\t<\/li>\n\n<li class=\"wp-block-dss-person\">\t<div class=\"dss-person-image\">\n\t\t<figure>\n\t\t\t<img loading=\"lazy\" decoding=\"async\" width=\"179\" height=\"250\" src=\"https:\/\/files.nettsteder.regjeringen.no\/wpuploads01\/sites\/605\/2025\/12\/Bilde-Mette-Yvonne-Larsen.jpg\" class=\"attachment-250x250 size-250x250\" alt=\"\" srcset=\"https:\/\/files.nettsteder.regjeringen.no\/wpuploads01\/sites\/605\/2025\/12\/Bilde-Mette-Yvonne-Larsen.jpg 1600w, https:\/\/files.nettsteder.regjeringen.no\/wpuploads01\/sites\/605\/2025\/12\/Bilde-Mette-Yvonne-Larsen-214x300.jpg 214w, https:\/\/files.nettsteder.regjeringen.no\/wpuploads01\/sites\/605\/2025\/12\/Bilde-Mette-Yvonne-Larsen-731x1024.jpg 731w, https:\/\/files.nettsteder.regjeringen.no\/wpuploads01\/sites\/605\/2025\/12\/Bilde-Mette-Yvonne-Larsen-768x1075.jpg 768w, https:\/\/files.nettsteder.regjeringen.no\/wpuploads01\/sites\/605\/2025\/12\/Bilde-Mette-Yvonne-Larsen-1097x1536.jpg 1097w, https:\/\/files.nettsteder.regjeringen.no\/wpuploads01\/sites\/605\/2025\/12\/Bilde-Mette-Yvonne-Larsen-1463x2048.jpg 1463w\" sizes=\"auto, (max-width: 179px) 100vw, 179px\" \/>\t\t<\/figure>\n\t<\/div>\n\t<div class=\"dss-person-content\">\n\t\t<h3 class=\"dss-person-name\">Mette Yvonne Larsen<\/h3><p class=\"dss-person-position\">utvalgsmedlem<\/p><div class=\"dss-person-content\">\n\n<p>Mette Yvonne Larsen er cand. jur. fra 1989 og fikk advokatbevilling i 1996. Larsens spesialomr\u00e5der er strafferett, b\u00e5de som bistandsadvokat og forsvarer, barnevernssaker og erstatningssaker. Hun tar ogs\u00e5 oppdrag innen en rekke andre saksomr\u00e5der. Larsen har omfattende prosedyreerfaring. Hun har m\u00f8terett for H\u00f8yesterett og prosederer p\u00e5 alle niv\u00e5. Hun er ogs\u00e5 medforfatter av flere b\u00f8ker og artikkelsamlinger p\u00e5 barnerettens omr\u00e5de. Larsen er leder av Forsvarergruppen av 1977.<\/p>\n\n\n\n<p>Mette Yvonne Larsen er utpekt som medlem av Sal\u00e6rutvalget av Advokatforeningen. <\/p>\n\n<\/div>\t<\/div>\n\t<\/li>\n\n<li class=\"wp-block-dss-person\">\t<div class=\"dss-person-image\">\n\t\t<figure>\n\t\t\t<img loading=\"lazy\" decoding=\"async\" width=\"250\" height=\"181\" src=\"https:\/\/files.nettsteder.regjeringen.no\/wpuploads01\/sites\/605\/2025\/11\/Nyhus-Hege-Skaanes.jpg\" class=\"attachment-250x250 size-250x250\" alt=\"\" srcset=\"https:\/\/files.nettsteder.regjeringen.no\/wpuploads01\/sites\/605\/2025\/11\/Nyhus-Hege-Skaanes.jpg 2126w, https:\/\/files.nettsteder.regjeringen.no\/wpuploads01\/sites\/605\/2025\/11\/Nyhus-Hege-Skaanes-300x217.jpg 300w, https:\/\/files.nettsteder.regjeringen.no\/wpuploads01\/sites\/605\/2025\/11\/Nyhus-Hege-Skaanes-1024x739.jpg 1024w, https:\/\/files.nettsteder.regjeringen.no\/wpuploads01\/sites\/605\/2025\/11\/Nyhus-Hege-Skaanes-768x555.jpg 768w, https:\/\/files.nettsteder.regjeringen.no\/wpuploads01\/sites\/605\/2025\/11\/Nyhus-Hege-Skaanes-1536x1109.jpg 1536w, https:\/\/files.nettsteder.regjeringen.no\/wpuploads01\/sites\/605\/2025\/11\/Nyhus-Hege-Skaanes-2048x1479.jpg 2048w\" sizes=\"auto, (max-width: 250px) 100vw, 250px\" \/>\t\t<\/figure>\n\t<\/div>\n\t<div class=\"dss-person-content\">\n\t\t<h3 class=\"dss-person-name\">Hege Skaanes Nyhus<\/h3><p class=\"dss-person-position\">utvalgsmedlem<\/p><div class=\"dss-person-content\">\n\n<p>Hege Skaanes Nyhus er avdelingsdirekt\u00f8r i Juridisk avdeling ved Statsforvalteren i \u00d8stfold, Buskerud, Oslo og Akershus (og tidligere Statsforvalteren i Oslo og Viken og Fylkesmannen i Oslo og Akershus). Hun er utdannet jurist fra Universitetet i Oslo og har bred erfaring fra fagomr\u00e5dene som ligger til statsforvalteren, s\u00e6rlig ordningen med fri rettshjelp. Skaanes Nyhus har ogs\u00e5 erfaring fra Barne- og familiedepartementet.<\/p>\n\n\n\n<p>Foto: Sturlason\/Statsforvalteren<\/p>\n\n<\/div>\t<\/div>\n\t<\/li>\n<\/ul>","protected":false},"excerpt":{"rendered":"","protected":false},"author":2877,"featured_media":0,"parent":0,"menu_order":0,"comment_status":"closed","ping_status":"closed","template":"","meta":{"dss_simple_post_excerpt":"","dss_show_featured_image":true,"footnotes":""},"class_list":["post-9","page","type-page","status-publish","hentry"],"language":"nb-NO","_links":{"self":[{"href":"https:\/\/nettsteder.regjeringen.no\/salerutvalget\/wp-json\/wp\/v2\/pages\/9","targetHints":{"allow":["GET"]}}],"collection":[{"href":"https:\/\/nettsteder.regjeringen.no\/salerutvalget\/wp-json\/wp\/v2\/pages"}],"about":[{"href":"https:\/\/nettsteder.regjeringen.no\/salerutvalget\/wp-json\/wp\/v2\/types\/page"}],"author":[{"embeddable":true,"href":"https:\/\/nettsteder.regjeringen.no\/salerutvalget\/wp-json\/wp\/v2\/users\/2877"}],"replies":[{"embeddable":true,"href":"https:\/\/nettsteder.regjeringen.no\/salerutvalget\/wp-json\/wp\/v2\/comments?post=9"}],"version-history":[{"count":2,"href":"https:\/\/nettsteder.regjeringen.no\/salerutvalget\/wp-json\/wp\/v2\/pages\/9\/revisions"}],"predecessor-version":[{"id":118,"href":"https:\/\/nettsteder.regjeringen.no\/salerutvalget\/wp-json\/wp\/v2\/pages\/9\/revisions\/118"}],"wp:attachment":[{"href":"https:\/\/nettsteder.regjeringen.no\/salerutvalget\/wp-json\/wp\/v2\/media?parent=9"}],"curies":[{"name":"wp","href":"https:\/\/api.w.org\/{rel}","templated":true}]}}