{"id":8,"date":"2025-10-24T12:29:19","date_gmt":"2025-10-24T10:29:19","guid":{"rendered":"https:\/\/nettsteder.regjeringen.no\/salerutvalget\/?page_id=8"},"modified":"2025-10-24T13:07:29","modified_gmt":"2025-10-24T11:07:29","slug":"mandat","status":"publish","type":"page","link":"https:\/\/nettsteder.regjeringen.no\/salerutvalget\/mandat\/","title":{"rendered":"Mandat"},"content":{"rendered":"\n<h2 class=\"wp-block-heading\">Sal\u00e6rutvalgets mandat<\/h2>\n\n\n\n<h3 class=\"wp-block-heading\">1. Innledning<\/h3>\n\n\n\n<p>Regjeringen har besluttet \u00e5 sette ned et utvalg som skal utrede sal\u00e6rordningen og regelverket knyttet til den, jf. Prop. 1 S (2024\u20132025). M\u00e5let med utredningen er \u00e5 sikre et godt kunnskapsgrunnlag for reguleringen av godtgj\u00f8ring til advokater, sakkyndige og tolker i offentlige oppdrag. De tjenestene som godtgj\u00f8res under sal\u00e6rordningen er viktige for en velfungerende rettsstat. Det er s\u00e6rskilte problemstillinger rundt uavhengighet, kvalitet og tilgjengelighet i tilbudet av disse tjenestene, som gj\u00f8r at endringer i ordningen m\u00e5 bygge p\u00e5 et bredt kunnskapsgrunnlag. Utvalget skal foresl\u00e5 en helhetlig regulering og organisering av sal\u00e6rordningen, som legger til rette for \u00e5 ivareta kvaliteten p\u00e5 tjenestene som godtgj\u00f8res under sal\u00e6rordningen samtidig som statens ressurser benyttes s\u00e5 effektivt som mulig.<\/p>\n\n\n\n<h3 class=\"wp-block-heading\"><strong>2. Bakgrunn&nbsp;<\/strong><\/h3>\n\n\n\n<p>Staten bidrar til \u00e5 ivareta borgernes rettssikkerhet p\u00e5 flere ulike m\u00e5ter. Blant annet dekker det offentlige utgiftene til forsvarer og bistandsadvokat i straffesaker og til rettshjelp i saker etter rettshjelploven. Sal\u00e6rordningen har hjemmel i straffeprosessloven \u00a7\u00a7 78, 107 og 107 d, lov om vidners og sakkyndiges godtgj\u00f8relse m.v. \u00a7 10 og rettshjelpsloven. Den n\u00e6rmere reguleringen er gitt i forskrift om sal\u00e6r fra det offentlige til advokater mv. (sal\u00e6rforskriften) og forskrift om sal\u00e6r fra det offentlige til advokater m.fl. etter faste satser (stykkprissatser) ved fri rettshjelp og i straffesaker (stykkprisforskriften). Det er med hjemmel i straffeprosessloven \u00a7\u00a7 101 og 107 g ogs\u00e5 fastsatt egen forskrift om faste forsvarere og bistandsadvokater.<\/p>\n\n\n\n<p>Bakgrunnen for at departementet mener det er behov for \u00e5 utrede sal\u00e6rordningen og regelverket knyttet til den er sammensatt:<\/p>\n\n\n\n<p>For det f\u00f8rste kan reguleringen av sal\u00e6rordningen fremst\u00e5 uoversiktlig og fragmentarisk. Regelverket er utdatert og skj\u00f8nnspreget. I tillegg kommer at sal\u00e6rregelverket anvendes av mange akt\u00f8rer, noe som kan inneb\u00e6re en risiko for uensartet praksis.<\/p>\n\n\n\n<p>For det andre bruker staten betydelig ressurser p\u00e5 s\u00e6rskilte straffesaksutgifter og fri rettshjelp. I 2024 ble det brukt over 2 milliarder kroner til sal\u00e6r fra det offentlige, fordelt p\u00e5 1,6 milliarder kroner til s\u00e6rskilte straffesaksutgifter (kap. 466, post 01) og 652 millioner kroner til fri rettshjelp (kap. 470, post 01). Domstolene regnskapsf\u00f8rer 98 prosent av straffesaksutgiftene og om lag halvparten av de totale utgiftene til fri rettshjelp. I 2023 gikk om lag 65 prosent av de s\u00e6rskilte straffesaksutgiftene til forsvarere, 15 til 20 prosent til bistandsadvokater og mellom 5 og 10 prosent til henholdsvis tolker og sakkyndige. Utgiftene til bistandsadvokatene er den utgiftsposten som relativt sett har \u00f8kt mest siden 2015. I lys av utviklingen i statens utgifter og de hovedutfordringene norsk \u00f8konomi st\u00e5r overfor, jf. Meld. St. 31 (2023-2024)&nbsp;<em>Perspektivmeldingen 2024<\/em>, er det n\u00f8dvendig \u00e5 vurdere b\u00e5de kostnads- og form\u00e5lseffektiviteten i sal\u00e6rordningen. Det vises for \u00f8vrig til Menon Economics&nbsp;<a href=\"https:\/\/www.menon.no\/wp-content\/uploads\/2016-10-Analyse-av-statens-utgifter-til-fri-rettshjelp.pdf\"><em>Analyse av utviklingen i statens utgifter til fri rettshjelp og s\u00e6rskilte straffesaksutgifter i perioden 2008 til 2014<\/em><\/a>&nbsp;(2016), Menon Economics og Oxford Research&nbsp;<a href=\"https:\/\/www.regjeringen.no\/contentassets\/407386b3e25147e6aeb965595844995f\/menon-rapport-5-2019-stykkpris-salar.pdf\"><em>Analyse av stykkpris og medg\u00e5tt tid &#8211; For utbetaling av sal\u00e6r til advokater<\/em><\/a>&nbsp;(2019), Vista Analyse&nbsp;<a href=\"https:\/\/vista-analyse.no\/site\/assets\/files\/6791\/va-rapport_2020-04_evaluering_av_endring_i_salaerforskriften.pdf\"><em>Evaluering av endring i godtgj\u00f8ringsreglene ved reisefrav\u00e6r<\/em><\/a>&nbsp;(2020) og Sal\u00e6rr\u00e5dets anbefalinger til Justis- og beredskapsdepartementet.<\/p>\n\n\n\n<p>For det tredje kom regjeringen og Advokatforeningen 1. juli 2024 til enighet om flere tiltak knyttet til sal\u00e6rordningen, herunder at departementet \u00abvil sette i gang et st\u00f8rre arbeid i form av en utredning av sal\u00e6rordningen og regelverket knyttet til den\u00bb, jf. pressemelding nr. 74-2024. Enigheten kom i stand etter at Advokatforeningen aksjonerte for h\u00f8yere sal\u00e6rsats v\u00e5ren 2024. Dette var den andre aksjonen p\u00e5 f\u00e5 \u00e5r, der den forrige aksjonen resulterte i blant annet opprettelsen av Sal\u00e6rr\u00e5det, jf. avtale 24. juni 2022 mellom Advoktatforeningen og Justis- og beredskapsdepartementet.<\/p>\n\n\n\n<h3 class=\"wp-block-heading\"><strong>3. Mandat<\/strong><\/h3>\n\n\n\n<p>Utvalget skal foreta en helhetlig gjennomgang av sal\u00e6rordningen og regelverket som regulerer den. Det inneb\u00e6rer \u00e5 kartlegge og analysere sammenhengen mellom utgifter og akt\u00f8rer, sakstyper og godtgj\u00f8ringsform etter dagens ordning. M\u00e5let med utvalgets utredning er \u00e5 sikre et godt kunnskapsgrunnlag for reguleringen av godtgj\u00f8ring til advokater, sakkyndige og tolker i offentlige oppdrag. Utvalget skal foresl\u00e5 en helhetlig regulering og organisering av sal\u00e6rordningen som vil bidra til at ordningen og bruken av den skal bli rettferdig, kostnadseffektiv, anvendelig og kontrollerbar. Utvalget skal vektlegge hensynet til rettssikkerhet i forslagene til regulering og organisering av sal\u00e6rordningen, samt akt\u00f8renes mulighet for \u00e5 utf\u00f8re oppdraget p\u00e5 en forsvarlig m\u00e5te. Utvalget skal ikke utrede sp\u00f8rsm\u00e5l om hvilke sakstyper som gir rett p\u00e5 rettslig bistand i straffesaker eller etter rettshjelploven, men det er relevant \u00e5 se p\u00e5 omfanget av bistand til rettshjelp og utgifter knyttet til de enkelte sakstypene.<\/p>\n\n\n\n<p>Utvalget skal redegj\u00f8re for relevante menneskerettslige rammer og for tilsvarende ordninger i andre nordiske land, eventuelt ogs\u00e5 i andre land som det kan v\u00e6re naturlig \u00e5 se hen til.<\/p>\n\n\n\n<p>Utvalget bes s\u00e6rlig om \u00e5 utrede og vurdere f\u00f8lgende problemstillinger:<\/p>\n\n\n\n<ol class=\"wp-block-list is-layout-flow wp-block-list-is-layout-flow\">\n<li>Hvordan akt\u00f8rene i straffesaker og saker etter rettshjelpsloven skal godtgj\u00f8res.\n<ul class=\"wp-block-list is-layout-flow wp-block-list-is-layout-flow\">\n<li>Herunder skal utvalget gi departementet et grundig kunnskapsgrunnlag til arbeidet med \u00e5 fastsette hvordan akt\u00f8rene skal godtgj\u00f8res, herunder eventuelle hensyn som m\u00e5 tas i arbeidet med statsbudsjettet. For eksempel b\u00f8r utvalget redegj\u00f8re for hvilke faktorer det anser som relevante n\u00e5r sp\u00f8rsm\u00e5let om godtgj\u00f8ring for offentlige oppdrag skal behandles. Redegj\u00f8relsen skal ikke n\u00f8dvendigvis begrenses til en vurdering av de faktorene Sal\u00e6rr\u00e5det skal vektlegge i sine anbefalinger. Utvalget kan utrede alternative modeller til dagens ordning, som er at regjeringen foresl\u00e5r sal\u00e6rsatsens st\u00f8rrelse i sitt forslag til statsbudsjett.<\/li>\n\n\n\n<li>Kunnskapsgrunnlaget skal ogs\u00e5 redegj\u00f8re for inntjeningspotensialet til advokater som helt eller delvis baserer sin virksomhet p\u00e5 oppdrag som godtgj\u00f8res etter den offentlige sal\u00e6rsatsen.<br><\/li>\n<\/ul>\n<\/li>\n\n\n\n<li>Hvordan sal\u00e6rordningen skal reguleres, herunder om de samme godtgj\u00f8ringsreglene skal gjelde for alle akt\u00f8rene eller om det b\u00f8r fastsettes egne regler, godtgj\u00f8ringsmodeller eller satser for de ulike akt\u00f8rene eller for ulike typer oppdrag.\n<ul class=\"wp-block-list is-layout-flow wp-block-list-is-layout-flow\">\n<li>Utvalget skal foreta en helhetlig revisjon av stykkprisordningen, herunder om denne b\u00f8r benyttes i mindre eller st\u00f8rre utstrekning enn i dag eller utformes p\u00e5 en annen m\u00e5te. Det skal ogs\u00e5 utredes om det b\u00f8r innf\u00f8res andre former for standardisering knyttet til sakstyper, og om det b\u00f8r gj\u00f8res endringer i reguleringen av n\u00e5r oppdraget skal godtgj\u00f8res etter medg\u00e5tt tid.<\/li>\n\n\n\n<li>Godtgj\u00f8ring for reise og annet frav\u00e6r og niv\u00e5et p\u00e5 slik godtgj\u00f8ring, herunder reguleringen og praktiseringen av bostedsforbeholdet (at det som hovedregel ikke gis dekning for merutgifter som f\u00f8lge av at det er valgt advokat utenfor rettskretsen eller utenfor rimelig n\u00e6rhet av rettshjelpmottakerens bo- eller oppholdssted).<\/li>\n\n\n\n<li>Om og eventuelt hvordan utgifter som p\u00e5l\u00f8per i forbindelse med frav\u00e6r skal kompenseres.<\/li>\n\n\n\n<li>Om og eventuelt hvordan det b\u00f8r godtgj\u00f8res s\u00e6rskilt for p\u00e5krevet arbeid utover normal arbeidstid, for eksempel som f\u00f8lge av rettsm\u00f8ter, avh\u00f8r eller lignende.<\/li>\n\n\n\n<li>Godtgj\u00f8ring ved utsettelse eller bortfall av rettsm\u00f8te eller oppdrag.<\/li>\n\n\n\n<li>Godtgj\u00f8ring ved bytte av advokat underveis i en sak og i saker med flere advokater. Utvalget skal herunder unders\u00f8ke omfanget av advokatbytter og praksis knyttet til avkortning i den nye akt\u00f8rens sal\u00e6r.<br><\/li>\n<\/ul>\n<\/li>\n\n\n\n<li>Hvordan sal\u00e6rordningen b\u00f8r organiseres og forvaltes. Herunder skal utvalget vurdere:\n<ul class=\"wp-block-list is-layout-flow wp-block-list-is-layout-flow\">\n<li>Hvem som skal ha myndigheten til \u00e5 fastsette og utbetale sal\u00e6r.<\/li>\n\n\n\n<li>Tiltak som legger til rette for effektiv innlevering av sal\u00e6rkrav for akt\u00f8rene og effektiv saksbehandling og kontroll for myndighetene.<\/li>\n\n\n\n<li>Tiltak som sikrer tilgang p\u00e5 advokat, sakkyndig og tolk i saker der det er p\u00e5krevd, slik at politi, p\u00e5tale og domstol kan gjennomf\u00f8re n\u00f8dvendig arbeid i saker der s\u00e6rlig viktige interesser st\u00e5r p\u00e5 spill.<\/li>\n\n\n\n<li>Hvorvidt oppdrag som i dag godtgj\u00f8res etter den offentlige sal\u00e6rsatsen eller ytes av privatpraktiserende advokater, b\u00f8r gj\u00f8res tilgjengelig gjennom andre ordninger.<\/li>\n\n\n\n<li>Ved vurderingen av eventuelle nye modeller, skal konsekvenser for uavhengighet, tilgjengelighet og kvalitet utredes.<\/li>\n<\/ul>\n<\/li>\n<\/ol>\n\n\n\n<h3 class=\"wp-block-heading\">4. Utvalgets arbeid<\/h3>\n\n\n\n<p>Utvalget skal foreta de unders\u00f8kelsene og innhente de opplysningene som er n\u00f8dvendige for \u00e5 besvare mandatet. Utvalget skal innhente en ekstern kartlegging som kan bidra til \u00e5 opplyse problemstillingen i punkt 1 andre kulepunkt (om inntjeningspotensialet til advokatene). Utvalget skal involvere relevante akt\u00f8rer, for eksempel gjennom innspillm\u00f8ter eller invitasjon til skriftlige innspill, herunder, men ikke begrenset til Sentralenheten for barneverns- og helsenemnda, relevante arbeidstaker- og arbeidsgiverorganisasjoner og andre relevante fagmilj\u00f8er mv.<\/p>\n\n\n\n<p>\u00d8konomiske, administrative og andre vesentlige konsekvenser av utvalgets forslag, herunder forslagenes betydning for rekruttering til og tilgjengelighet av og kvalitet ved tjenestene, skal fremg\u00e5 av utredningen. Utredningsinstruksen skal ligge til grunn for utvalgets arbeid, herunder problemforst\u00e5else og vurderinger av ulike tiltak. Minst ett av utvalgets forslag skal ta utgangspunkt i uendret ressursbruk for staten totalt sett. Anslagene for \u00f8konomiske konsekvenser over tid skal beskrives, herunder ogs\u00e5 for drift og forvaltning av eventuelle digitale l\u00f8sninger (livsl\u00f8p). For tiltak med vesentlige nytte- eller kostnadsvirkninger skal det gjennomf\u00f8res en analyse i samsvar med gjeldende rundskriv for samfunns\u00f8konomiske analyser. Utvalgets forslag b\u00f8r v\u00e6re realiserbare, og utvalget b\u00f8r ha dialog med relevante virksomheter for \u00e5 sikre et godt grunnlag for \u00e5 beskrive \u00f8konomiske og administrative konsekvenser, herunder digitale behov og behov for data og statistikk.<\/p>\n\n\n\n<p>Utvalget skal utforme lov- og forskriftsforslag i tr\u00e5d med anbefalingene Justis- og beredskapsdepartementets veiledning&nbsp;<em>Lovteknikk og lovforberedelse<\/em>&nbsp;(2000). Et vesentlig siktem\u00e5l med regelarbeidet er \u00e5 oppn\u00e5 brukervennlige regler. Lov- og forskriftsforslagene b\u00f8r derfor ha god systematikk og et enkelt og klart spr\u00e5k. Utvalget kan i den forbindelse vurdere om begrepsbruken i ordningen er hensiktsmessig. Utformingen av regler skal v\u00e6re teknologin\u00f8ytrale og ta h\u00f8yde for st\u00f8rre grad av digitalisering av saksbehandling og oppgavel\u00f8sning, herunder automatisering av saksbehandlingsprosesser og avgj\u00f8relser.<\/p>\n\n\n\n<p>Utvalgets budsjett vil bli fastsatt s\u00e6rskilt. Om godtgj\u00f8ring gjelder de til enhver tid gjeldene bestemmelser i&nbsp;<em>Statens personalh\u00e5ndbok<\/em>&nbsp;om godtgj\u00f8ring mv. til leder, medlemmer og sekret\u00e6rer i utvalg, samt supplerende retningslinjer fastsatt av Justis- og beredskapsdepartementet. Om arkivordningen gjelder forskrift om offentlege arkiv \u00a7 2 og eventuelle utfyllende bestemmelser. Det vises for \u00f8vrig til Digitaliserings- og forvaltningsdepartementets veileder&nbsp;<em>Utvalgsarbeid i staten<\/em>&nbsp;(oppdatert desember 2024).<\/p>\n\n\n\n<p>Utvalget skal levere sin utredning innen 31. desember 2026.<\/p>\n\n\n\n<p><\/p>\n\n\n\n<p>Lenke til mandatet p\u00e5 regjeringen.no: <a href=\"https:\/\/www.regjeringen.no\/no\/dep\/jd\/org\/styre-rad-og-utval\/tidsbegrensede-styrer-rad-og-utvalg\/offentlig-utvalg-som-skal-utrede-ordningen-med-godtgjoring-til-advokater-sakkyndige-og-tolker-i-offentlige-oppdrag\/id3110413\/?expand=factbox3110417\">Utvalg som skal utrede ordningen med godtgj\u00f8ring til advokater, sakkyndige og tolker i offentlige oppdrag &#8211; regjeringen.no<\/a><\/p>\n","protected":false},"excerpt":{"rendered":"<p>Sal\u00e6rutvalgets mandat 1. Innledning Regjeringen har besluttet \u00e5 sette ned et utvalg som skal utrede sal\u00e6rordningen og regelverket knyttet til den, jf. Prop. 1 S (2024\u20132025). M\u00e5let med utredningen er \u00e5 sikre et godt kunnskapsgrunnlag for reguleringen av godtgj\u00f8ring til advokater, sakkyndige og tolker i offentlige oppdrag. De tjenestene som godtgj\u00f8res under sal\u00e6rordningen er viktige\u2026<\/p>\n","protected":false},"author":2877,"featured_media":0,"parent":0,"menu_order":0,"comment_status":"closed","ping_status":"closed","template":"","meta":{"dss_simple_post_excerpt":"","dss_show_featured_image":true,"footnotes":""},"class_list":["post-8","page","type-page","status-publish","hentry"],"language":"nb-NO","_links":{"self":[{"href":"https:\/\/nettsteder.regjeringen.no\/salerutvalget\/wp-json\/wp\/v2\/pages\/8","targetHints":{"allow":["GET"]}}],"collection":[{"href":"https:\/\/nettsteder.regjeringen.no\/salerutvalget\/wp-json\/wp\/v2\/pages"}],"about":[{"href":"https:\/\/nettsteder.regjeringen.no\/salerutvalget\/wp-json\/wp\/v2\/types\/page"}],"author":[{"embeddable":true,"href":"https:\/\/nettsteder.regjeringen.no\/salerutvalget\/wp-json\/wp\/v2\/users\/2877"}],"replies":[{"embeddable":true,"href":"https:\/\/nettsteder.regjeringen.no\/salerutvalget\/wp-json\/wp\/v2\/comments?post=8"}],"version-history":[{"count":2,"href":"https:\/\/nettsteder.regjeringen.no\/salerutvalget\/wp-json\/wp\/v2\/pages\/8\/revisions"}],"predecessor-version":[{"id":41,"href":"https:\/\/nettsteder.regjeringen.no\/salerutvalget\/wp-json\/wp\/v2\/pages\/8\/revisions\/41"}],"wp:attachment":[{"href":"https:\/\/nettsteder.regjeringen.no\/salerutvalget\/wp-json\/wp\/v2\/media?parent=8"}],"curies":[{"name":"wp","href":"https:\/\/api.w.org\/{rel}","templated":true}]}}