{"id":6,"date":"2025-10-24T12:29:08","date_gmt":"2025-10-24T10:29:08","guid":{"rendered":"https:\/\/nettsteder.regjeringen.no\/salerutvalget\/?page_id=6"},"modified":"2026-03-30T15:22:53","modified_gmt":"2026-03-30T13:22:53","slug":"om-utvalget","status":"publish","type":"page","link":"https:\/\/nettsteder.regjeringen.no\/salerutvalget\/","title":{"rendered":"Om utvalget"},"content":{"rendered":"\n<p>Sal\u00e6rutvalget ble oppnevnt ved kongelig resolusjon 20. juni 2025. Utvalget best\u00e5r av en utvalgsleder og fire medlemmer med bred erfaring og ekspertkompetanse innen juss, \u00f8konomi og forvaltning. Utvalget skal foreta en helhetlig gjennomgang av sal\u00e6rordningen og regelverket som regulerer den. Utvalget skal foresl\u00e5 en helhetlig regulering og organisering av sal\u00e6rordningen, som legger til rette for \u00e5 ivareta kvaliteten p\u00e5 tjenestene som godtgj\u00f8res under ordningen samtidig som statens ressurser benyttes s\u00e5 effektivt som mulig. Utvalgets arbeid skal resultere i en NOU som skal leveres til Justis- og beredskapsdepartementet innen 31. desember 2026.<\/p>\n\n\n\n<h1 class=\"wp-block-heading\">Aktuelt fra utvalget<\/h1>\n\n\n<ul class=\"is-style-list-image wp-block-dss-simple-posts\"><li class=\"wp-block-dss-simple-post\"><a href=\"https:\/\/nettsteder.regjeringen.no\/salerutvalget\/2026\/03\/30\/utvalgsmote-i-tromso\/\" class=\"wp-block-dss-simple-post__link\"><div class=\"wp-block-dss-simple-post__image-wrapper\"><div class=\"wp-block-dss-simple-post__image\"><img loading=\"lazy\" decoding=\"async\" width=\"300\" height=\"120\" src=\"https:\/\/files.nettsteder.regjeringen.no\/wpuploads01\/sites\/605\/2026\/03\/Utvalgsmote-Tromso-300x120.jpg\" class=\"attachment-medium size-medium wp-post-image\" alt=\"\" srcset=\"https:\/\/files.nettsteder.regjeringen.no\/wpuploads01\/sites\/605\/2026\/03\/Utvalgsmote-Tromso-300x120.jpg 300w, https:\/\/files.nettsteder.regjeringen.no\/wpuploads01\/sites\/605\/2026\/03\/Utvalgsmote-Tromso.jpg 640w\" sizes=\"auto, (max-width: 300px) 100vw, 300px\" \/><\/div><\/div><div class=\"wp-block-dss-simple-post__content\"><h2>Utvalgsm\u00f8te i Troms\u00f8<\/h2><p class=\"wp-block-dss-simple-post__excerpt\">Torsdag 26. og fredag 27. mars m\u00f8ttes Sal\u00e6rutvalget i Troms\u00f8 for sitt \u00e5ttende utvalgsm\u00f8te. Etter m\u00f8tet p\u00e5 torsdag ble det andre \u00e5pne dialogm\u00f8tet i dialogm\u00f8teserien arrangert i sal 1 p\u00e5 Troms\u00f8 tinghus, der en rekke akt\u00f8rer og interessenter m\u00f8ttes for innspill og dialog om sal\u00e6rordningen.<\/p><\/div><\/a><\/li><li class=\"wp-block-dss-simple-post\"><a href=\"https:\/\/nettsteder.regjeringen.no\/salerutvalget\/2026\/03\/09\/dialogmote-om-salaerordningen-i-tromso-26-mars\/\" class=\"wp-block-dss-simple-post__link\"><div class=\"wp-block-dss-simple-post__content\"><h2>Dialogm\u00f8te om sal\u00e6rordningen i Troms\u00f8 26. mars<\/h2><p class=\"wp-block-dss-simple-post__excerpt\">Bli med p\u00e5 \u00e5pent dialogm\u00f8te om sal\u00e6rordningen!<\/p><\/div><\/a><\/li><li class=\"wp-block-dss-simple-post\"><a href=\"https:\/\/nettsteder.regjeringen.no\/salerutvalget\/2026\/03\/09\/andre-berven\/\" class=\"wp-block-dss-simple-post__link\"><div class=\"wp-block-dss-simple-post__content\"><h2>Andre Berven<\/h2><\/div><\/a><\/li><li class=\"wp-block-dss-simple-post\"><a href=\"https:\/\/nettsteder.regjeringen.no\/salerutvalget\/2026\/03\/09\/ellen-stokland\/\" class=\"wp-block-dss-simple-post__link\"><div class=\"wp-block-dss-simple-post__content\"><h2>Ellen Stokland<\/h2><\/div><\/a><\/li><li class=\"wp-block-dss-simple-post\"><a href=\"https:\/\/nettsteder.regjeringen.no\/salerutvalget\/2026\/03\/09\/utvalgsmote-2-februar-i-trondheim\/\" class=\"wp-block-dss-simple-post__link\"><div class=\"wp-block-dss-simple-post__image-wrapper\"><div class=\"wp-block-dss-simple-post__image\"><img loading=\"lazy\" decoding=\"async\" width=\"300\" height=\"225\" src=\"https:\/\/files.nettsteder.regjeringen.no\/wpuploads01\/sites\/605\/2026\/03\/Dialogmote-Trondheim-300x225.jpg\" class=\"attachment-medium size-medium wp-post-image\" alt=\"\" srcset=\"https:\/\/files.nettsteder.regjeringen.no\/wpuploads01\/sites\/605\/2026\/03\/Dialogmote-Trondheim-300x225.jpg 300w, https:\/\/files.nettsteder.regjeringen.no\/wpuploads01\/sites\/605\/2026\/03\/Dialogmote-Trondheim-1024x768.jpg 1024w, https:\/\/files.nettsteder.regjeringen.no\/wpuploads01\/sites\/605\/2026\/03\/Dialogmote-Trondheim-768x576.jpg 768w, https:\/\/files.nettsteder.regjeringen.no\/wpuploads01\/sites\/605\/2026\/03\/Dialogmote-Trondheim-1536x1152.jpg 1536w, https:\/\/files.nettsteder.regjeringen.no\/wpuploads01\/sites\/605\/2026\/03\/Dialogmote-Trondheim-2048x1536.jpg 2048w\" sizes=\"auto, (max-width: 300px) 100vw, 300px\" \/><\/div><\/div><div class=\"wp-block-dss-simple-post__content\"><h2>Utvalgsm\u00f8te 2. februar i Trondheim<\/h2><p class=\"wp-block-dss-simple-post__excerpt\">2. februar m\u00f8ttes Sal\u00e6rutvalget i Trondheim, med p\u00e5f\u00f8lgende dialogm\u00f8te p\u00e5 ettermiddagen.<\/p><\/div><\/a><\/li>\t<div class=\"dss-pagination\">\n\t\t<div class=\"dss-pagination__page-link\">\n\t\t\t\t\t<\/div>\n\t\t<div class=\"dss-pagination__pages\">\n\t\t\t<div class=\"screen-reader-text\">\n\t\t\t\tSide 1 av 3\t\t\t<\/div>\n\t\t\t<span class=\"dss-pagination-page is-active\">1<\/span><a href=\"https:\/\/nettsteder.regjeringen.no\/salerutvalget\/wp-json\/wp\/v2\/pages\/6\/page\/2\/\" class=\"dss-pagination-page\">2<\/a><a href=\"https:\/\/nettsteder.regjeringen.no\/salerutvalget\/wp-json\/wp\/v2\/pages\/6\/page\/3\/\" class=\"dss-pagination-page\">3<\/a>\t\t<\/div>\n\t\t<div class=\"dss-pagination__page-link dss-pagination__page-link--next\">\n\t\t\t<a href=\"https:\/\/nettsteder.regjeringen.no\/salerutvalget\/wp-json\/wp\/v2\/pages\/6\/page\/2\/\">Neste <span class=\"screen-reader-text\">side<\/span> &#8594;<\/a>\t\t<\/div>\n\t<\/div>\n\t<\/ul>\n\n<ul class=\"is-style-list wp-block-dss-simple-posts\">\n\n<\/ul>\n\n\n<p><\/p>\n\n\n\n<h1 class=\"wp-block-heading\">Kalender<\/h1>\n\n\n<p class=\"t2-ingress wp-block-t2-ingress\">Nedenfor f\u00f8lger Sal\u00e6rutvalgets m\u00f8teplan. Den oppdateres l\u00f8pende og det tas forbehold om endringer. <\/p>\n\n\n<figure class=\"wp-block-table\"><table class=\"has-fixed-layout\"><tbody><tr><td><strong>M\u00f8te<\/strong><\/td><td><strong>Dato<\/strong><\/td><td><strong>Sted<\/strong><\/td><\/tr><tr><td>Utvalgsm\u00f8te nr. 3<\/td><td>15. &#8211; 16. desember 2025<\/td><td>Oslo<\/td><\/tr><tr><td>Utvalgsm\u00f8te nr. 4<\/td><td>15. &#8211; 16. januar 2026<\/td><td>Oslo<\/td><\/tr><tr><td>Utvalgsm\u00f8te nr. 5<\/td><td>2. februar 2026<\/td><td>Trondheim<\/td><\/tr><tr><td><em>Dialogm\u00f8te <\/em><\/td><td><em>2. februar 2026<\/em><\/td><td><em>Trondheim<\/em><\/td><\/tr><tr><td>Utvalgsm\u00f8te nr. 6<\/td><td>5. februar 2026<\/td><td>Digitalt<\/td><\/tr><tr><td>Utvalgsm\u00f8te nr. 7<\/td><td>16. februar 2026<\/td><td>Digitalt<\/td><\/tr><tr><td>Utvalgsm\u00f8te nr. 8<\/td><td>26. &#8211; 27. mars 2026<\/td><td>Troms\u00f8<\/td><\/tr><tr><td><em>Dialogm\u00f8te<\/em><\/td><td><em>26. mars 2026<\/em><\/td><td><em>Troms\u00f8<\/em><\/td><\/tr><tr><td>Utvalgsm\u00f8te nr. 9<\/td><td>16. april 2026<\/td><td>Digitalt<\/td><\/tr><tr><td>Utvalgsm\u00f8te nr. 10<\/td><td>21. &#8211; 22. april 2026<\/td><td>Bergen<\/td><\/tr><tr><td><em>Dialogm\u00f8te<\/em><\/td><td><em>21. april 2026<\/em><\/td><td><em>Bergen<\/em><\/td><\/tr><tr><td>Utvalgsm\u00f8te nr. 11<\/td><td>11. &#8211; 12. mai 2026<\/td><td>Oslo<\/td><\/tr><tr><td><em>Dialogm\u00f8te<\/em><\/td><td><em>12. mai 2026<\/em><\/td><td><em>Oslo<\/em><\/td><\/tr><tr><td>Studietur<\/td><td>1. &#8211; 3. juni 2026<\/td><td>&#8211;<\/td><\/tr><tr><td>Utvalgsm\u00f8te nr. 12<\/td><td>22. &#8211; 23. juni 2026<\/td><td>Oslo<\/td><\/tr><tr><td>Utvalgsm\u00f8te nr. 13<\/td><td>17. &#8211; 19. august 2026<\/td><td>&#8211;<\/td><\/tr><tr><td>Utvalgsm\u00f8te nr. 14<\/td><td>17. &#8211; 18. september 2026<\/td><td>Oslo<\/td><\/tr><tr><td>Utvalgsm\u00f8te nr. 15<\/td><td>12. &#8211; 13. oktober 2026<\/td><td>Oslo<\/td><\/tr><tr><td>Utvalgsm\u00f8te nr. 16<\/td><td>29. &#8211; 30. oktober 2026<\/td><td>Oslo<\/td><\/tr><tr><td>Utvalgsm\u00f8te nr. 17<\/td><td>17. &#8211; 18. november 2026<\/td><td>Oslo<\/td><\/tr><\/tbody><\/table><\/figure>\n","protected":false},"excerpt":{"rendered":"<p>Sal\u00e6rutvalget ble oppnevnt ved kongelig resolusjon 20. juni 2025. Utvalget best\u00e5r av en utvalgsleder og fire medlemmer med bred erfaring og ekspertkompetanse innen juss, \u00f8konomi og forvaltning. Utvalget skal foreta en helhetlig gjennomgang av sal\u00e6rordningen og regelverket som regulerer den. Utvalget skal foresl\u00e5 en helhetlig regulering og organisering av sal\u00e6rordningen, som legger til rette for\u2026<\/p>\n","protected":false},"author":2877,"featured_media":0,"parent":0,"menu_order":0,"comment_status":"closed","ping_status":"closed","template":"","meta":{"dss_simple_post_excerpt":"","dss_show_featured_image":true,"footnotes":""},"class_list":["post-6","page","type-page","status-publish","hentry"],"language":"nb-NO","_links":{"self":[{"href":"https:\/\/nettsteder.regjeringen.no\/salerutvalget\/wp-json\/wp\/v2\/pages\/6","targetHints":{"allow":["GET"]}}],"collection":[{"href":"https:\/\/nettsteder.regjeringen.no\/salerutvalget\/wp-json\/wp\/v2\/pages"}],"about":[{"href":"https:\/\/nettsteder.regjeringen.no\/salerutvalget\/wp-json\/wp\/v2\/types\/page"}],"author":[{"embeddable":true,"href":"https:\/\/nettsteder.regjeringen.no\/salerutvalget\/wp-json\/wp\/v2\/users\/2877"}],"replies":[{"embeddable":true,"href":"https:\/\/nettsteder.regjeringen.no\/salerutvalget\/wp-json\/wp\/v2\/comments?post=6"}],"version-history":[{"count":3,"href":"https:\/\/nettsteder.regjeringen.no\/salerutvalget\/wp-json\/wp\/v2\/pages\/6\/revisions"}],"predecessor-version":[{"id":162,"href":"https:\/\/nettsteder.regjeringen.no\/salerutvalget\/wp-json\/wp\/v2\/pages\/6\/revisions\/162"}],"wp:attachment":[{"href":"https:\/\/nettsteder.regjeringen.no\/salerutvalget\/wp-json\/wp\/v2\/media?parent=6"}],"curies":[{"name":"wp","href":"https:\/\/api.w.org\/{rel}","templated":true}]}}