{"id":9,"date":"2025-11-13T15:03:56","date_gmt":"2025-11-13T14:03:56","guid":{"rendered":"https:\/\/nettsteder.regjeringen.no\/rusbehandlingsutvalget\/?page_id=9"},"modified":"2026-03-05T15:49:55","modified_gmt":"2026-03-05T14:49:55","slug":"medlemmer","status":"publish","type":"page","link":"https:\/\/nettsteder.regjeringen.no\/rusbehandlingsutvalget\/medlemmer\/","title":{"rendered":"Medlemmer"},"content":{"rendered":"<ul class=\"wp-block-dss-people\">\n<li class=\"wp-block-dss-person\">\t<div class=\"dss-person-image\">\n\t\t<figure>\n\t\t\t<img loading=\"lazy\" decoding=\"async\" width=\"212\" height=\"250\" src=\"https:\/\/files.nettsteder.regjeringen.no\/wpuploads01\/sites\/608\/2025\/12\/Bilde-Guri.png\" class=\"attachment-250x250 size-250x250\" alt=\"\" srcset=\"https:\/\/files.nettsteder.regjeringen.no\/wpuploads01\/sites\/608\/2025\/12\/Bilde-Guri.png 300w, https:\/\/files.nettsteder.regjeringen.no\/wpuploads01\/sites\/608\/2025\/12\/Bilde-Guri-255x300.png 255w\" sizes=\"auto, (max-width: 212px) 100vw, 212px\" \/>\t\t<\/figure>\n\t<\/div>\n\t<div class=\"dss-person-content\">\n\t\t<h3 class=\"dss-person-name\">Guri Spilhaug<\/h3><p class=\"dss-person-position\">Utvalgsleder<\/p><div class=\"dss-person-content\">\n\n<p>Pensjonist, spesialist i rus- og avhengighetsmedisin, tidligere leder av Nasjonal kompetansetjeneste TSB<\/p>\n\n<\/div>\t<\/div>\n\t<\/li>\n\n<li class=\"wp-block-dss-person\">\t<div class=\"dss-person-image\">\n\t\t<figure>\n\t\t\t<img decoding=\"async\" src=\"https:\/\/nettsteder.regjeringen.no\/content\/plugins\/nettsteder-gutenberg-setup\/build\/block-library\/people\/person\/placeholder.jpg\" alt=\"\" \/>\t\t<\/figure>\n\t<\/div>\n\t<div class=\"dss-person-content\">\n\t\t<h3 class=\"dss-person-name\">Marianne Cook Pierron<\/h3><p class=\"dss-person-position\">Utvalgsmedlem<\/p><div class=\"dss-person-content\">\n\n<p>Daglig leder ved Huset Bergen, r\u00e5dgiver proLAR-Nett<\/p>\n\n<\/div>\t<\/div>\n\t<\/li>\n\n<li class=\"wp-block-dss-person\">\t<div class=\"dss-person-image\">\n\t\t<figure>\n\t\t\t<img loading=\"lazy\" decoding=\"async\" width=\"197\" height=\"250\" src=\"https:\/\/files.nettsteder.regjeringen.no\/wpuploads01\/sites\/608\/2026\/01\/Bilde-Hoy-opplosning-Tommy_S.-23.04.24.jpg\" class=\"attachment-250x250 size-250x250\" alt=\"\" srcset=\"https:\/\/files.nettsteder.regjeringen.no\/wpuploads01\/sites\/608\/2026\/01\/Bilde-Hoy-opplosning-Tommy_S.-23.04.24.jpg 1894w, https:\/\/files.nettsteder.regjeringen.no\/wpuploads01\/sites\/608\/2026\/01\/Bilde-Hoy-opplosning-Tommy_S.-23.04.24-236x300.jpg 236w, https:\/\/files.nettsteder.regjeringen.no\/wpuploads01\/sites\/608\/2026\/01\/Bilde-Hoy-opplosning-Tommy_S.-23.04.24-807x1024.jpg 807w, https:\/\/files.nettsteder.regjeringen.no\/wpuploads01\/sites\/608\/2026\/01\/Bilde-Hoy-opplosning-Tommy_S.-23.04.24-768x975.jpg 768w, https:\/\/files.nettsteder.regjeringen.no\/wpuploads01\/sites\/608\/2026\/01\/Bilde-Hoy-opplosning-Tommy_S.-23.04.24-1210x1536.jpg 1210w, https:\/\/files.nettsteder.regjeringen.no\/wpuploads01\/sites\/608\/2026\/01\/Bilde-Hoy-opplosning-Tommy_S.-23.04.24-1614x2048.jpg 1614w\" sizes=\"auto, (max-width: 197px) 100vw, 197px\" \/>\t\t<\/figure>\n\t<\/div>\n\t<div class=\"dss-person-content\">\n\t\t<h3 class=\"dss-person-name\">Tommy Sj\u00e5fjell<\/h3><p class=\"dss-person-position\">Utvalgsmedlem<\/p><div class=\"dss-person-content\">\n\n<p>R\u00e5dgiver i A-larm, medarbeider Korus S\u00f8r<\/p>\n\n<\/div>\t<\/div>\n\t<\/li>\n\n<li class=\"wp-block-dss-person\">\t<div class=\"dss-person-image\">\n\t\t<figure>\n\t\t\t<img loading=\"lazy\" decoding=\"async\" width=\"237\" height=\"250\" src=\"https:\/\/files.nettsteder.regjeringen.no\/wpuploads01\/sites\/608\/2025\/12\/profilbilde-lars.jpg\" class=\"attachment-250x250 size-250x250\" alt=\"\" srcset=\"https:\/\/files.nettsteder.regjeringen.no\/wpuploads01\/sites\/608\/2025\/12\/profilbilde-lars.jpg 957w, https:\/\/files.nettsteder.regjeringen.no\/wpuploads01\/sites\/608\/2025\/12\/profilbilde-lars-285x300.jpg 285w, https:\/\/files.nettsteder.regjeringen.no\/wpuploads01\/sites\/608\/2025\/12\/profilbilde-lars-768x810.jpg 768w\" sizes=\"auto, (max-width: 237px) 100vw, 237px\" \/>\t\t<\/figure>\n\t<\/div>\n\t<div class=\"dss-person-content\">\n\t\t<h3 class=\"dss-person-name\">Lars Ravn \u00d8hlckers<\/h3><p class=\"dss-person-position\">Utvalgsmedlem<\/p><div class=\"dss-person-content\">\n\n<p>Ass. fagdirekt\u00f8r Helse Vest RHF, ansvar for TSB og psykisk helsevern, psykologspesialist<\/p>\n\n<\/div>\t<\/div>\n\t<\/li>\n\n<li class=\"wp-block-dss-person\">\t<div class=\"dss-person-image\">\n\t\t<figure>\n\t\t\t<img loading=\"lazy\" decoding=\"async\" width=\"250\" height=\"169\" src=\"https:\/\/files.nettsteder.regjeringen.no\/wpuploads01\/sites\/608\/2025\/12\/Stian-Biong_bilde-scaled.jpg\" class=\"attachment-250x250 size-250x250\" alt=\"\" srcset=\"https:\/\/files.nettsteder.regjeringen.no\/wpuploads01\/sites\/608\/2025\/12\/Stian-Biong_bilde-scaled.jpg 2560w, https:\/\/files.nettsteder.regjeringen.no\/wpuploads01\/sites\/608\/2025\/12\/Stian-Biong_bilde-300x203.jpg 300w, https:\/\/files.nettsteder.regjeringen.no\/wpuploads01\/sites\/608\/2025\/12\/Stian-Biong_bilde-1024x692.jpg 1024w, https:\/\/files.nettsteder.regjeringen.no\/wpuploads01\/sites\/608\/2025\/12\/Stian-Biong_bilde-768x519.jpg 768w, https:\/\/files.nettsteder.regjeringen.no\/wpuploads01\/sites\/608\/2025\/12\/Stian-Biong_bilde-1536x1038.jpg 1536w, https:\/\/files.nettsteder.regjeringen.no\/wpuploads01\/sites\/608\/2025\/12\/Stian-Biong_bilde-2048x1384.jpg 2048w\" sizes=\"auto, (max-width: 250px) 100vw, 250px\" \/><span class=\"t2-image-credit\">\n\t\t\t\t<button type=\"button\" class=\"t2-image-credit-toggle\" aria-expanded=\"false\" aria-controls=\"image-credit\" aria-label=\"Toggle image credit\"><svg xmlns=\"http:\/\/www.w3.org\/2000\/svg\" viewBox=\"0 0 24 24\" height=\"24\" width=\"24\" class=\"t2-icon t2-icon-info\" aria-hidden=\"true\" focusable=\"false\"><path d=\"M12 17c.3 0 .5-.1.7-.3s.3-.4.3-.7v-4c0-.3-.1-.5-.3-.7-.2-.2-.4-.3-.7-.3s-.5.1-.7.3c-.2.2-.3.4-.3.7v4c0 .3.1.5.3.7s.4.3.7.3zm0-8c.3 0 .5-.1.7-.3.2-.2.3-.4.3-.7 0-.3-.1-.5-.3-.7-.2-.2-.4-.3-.7-.3s-.5.1-.7.3c-.2.2-.3.4-.3.7 0 .3.1.5.3.7.2.2.4.3.7.3zm0 13c-1.4 0-2.7-.3-3.9-.8-1.2-.5-2.3-1.2-3.2-2.1s-1.6-2-2.1-3.2S2 13.4 2 12s.3-2.7.8-3.9S4 5.8 4.9 4.9s2-1.6 3.2-2.1S10.6 2 12 2s2.7.3 3.9.8 2.3 1.2 3.2 2.1 1.6 2 2.1 3.2c.5 1.2.8 2.5.8 3.9s-.3 2.7-.8 3.9c-.5 1.2-1.2 2.3-2.1 3.2s-2 1.6-3.2 2.1c-1.2.5-2.5.8-3.9.8z\" fill=\"currentColor\" \/><\/svg><\/button>\n\t\t\t\t<span class=\"t2-image-credit-text wp-element-caption\" id=\"image-credit\" hidden>Foto: erik m sundt<\/span>\n\t\t\t<\/span>\t\t<\/figure>\n\t<\/div>\n\t<div class=\"dss-person-content\">\n\t\t<h3 class=\"dss-person-name\">Stian Nissen Biong<\/h3><p class=\"dss-person-position\">Utvalgsmedlem<\/p><div class=\"dss-person-content\">\n\n<p>Fagsjef i Byr\u00e5dsavdelingen for sosiale tjenester i Oslo, sykepleier og professor i psykisk helsearbeid<\/p>\n\n<\/div>\t<\/div>\n\t<\/li>\n\n<li class=\"wp-block-dss-person\">\t<div class=\"dss-person-image\">\n\t\t<figure>\n\t\t\t<img loading=\"lazy\" decoding=\"async\" width=\"233\" height=\"250\" src=\"https:\/\/files.nettsteder.regjeringen.no\/wpuploads01\/sites\/608\/2025\/12\/DSC6928-0136-preview_.jpeg\" class=\"attachment-250x250 size-250x250\" alt=\"\" srcset=\"https:\/\/files.nettsteder.regjeringen.no\/wpuploads01\/sites\/608\/2025\/12\/DSC6928-0136-preview_.jpeg 617w, https:\/\/files.nettsteder.regjeringen.no\/wpuploads01\/sites\/608\/2025\/12\/DSC6928-0136-preview_-280x300.jpeg 280w\" sizes=\"auto, (max-width: 233px) 100vw, 233px\" \/>\t\t<\/figure>\n\t<\/div>\n\t<div class=\"dss-person-content\">\n\t\t<h3 class=\"dss-person-name\">Marianne Hindrum Hyldmo<\/h3><p class=\"dss-person-position\">Utvalgsmedlem<\/p><div class=\"dss-person-content\">\n\n<p>Kommunaldirekt\u00f8r for Byr\u00e5dsomr\u00e5det sosiale tjenester i Trondheim, sosionom med tilleggsutdanning i \u00f8konomi, administrasjon og ledelse<\/p>\n\n<\/div>\t<\/div>\n\t<\/li>\n\n<li class=\"wp-block-dss-person\">\t<div class=\"dss-person-image\">\n\t\t<figure>\n\t\t\t<img decoding=\"async\" src=\"https:\/\/nettsteder.regjeringen.no\/content\/plugins\/nettsteder-gutenberg-setup\/build\/block-library\/people\/person\/placeholder.jpg\" alt=\"\" \/>\t\t<\/figure>\n\t<\/div>\n\t<div class=\"dss-person-content\">\n\t\t<h3 class=\"dss-person-name\">Espen Kristian Ajo Arnevik<\/h3><p class=\"dss-person-position\">Utvalgsmedlem<\/p><div class=\"dss-person-content\">\n\n<p>Avdelingsleder ved Avd. rus- og avhengighet, Oslo Universitetssykehus HF, klinisk psykolog<\/p>\n\n<\/div>\t<\/div>\n\t<\/li>\n\n<li class=\"wp-block-dss-person\">\t<div class=\"dss-person-image\">\n\t\t<figure>\n\t\t\t<img loading=\"lazy\" decoding=\"async\" width=\"250\" height=\"241\" src=\"https:\/\/files.nettsteder.regjeringen.no\/wpuploads01\/sites\/608\/2025\/12\/minna.jpg\" class=\"attachment-250x250 size-250x250\" alt=\"\" srcset=\"https:\/\/files.nettsteder.regjeringen.no\/wpuploads01\/sites\/608\/2025\/12\/minna.jpg 2206w, https:\/\/files.nettsteder.regjeringen.no\/wpuploads01\/sites\/608\/2025\/12\/minna-300x289.jpg 300w, https:\/\/files.nettsteder.regjeringen.no\/wpuploads01\/sites\/608\/2025\/12\/minna-1024x986.jpg 1024w, https:\/\/files.nettsteder.regjeringen.no\/wpuploads01\/sites\/608\/2025\/12\/minna-768x739.jpg 768w, https:\/\/files.nettsteder.regjeringen.no\/wpuploads01\/sites\/608\/2025\/12\/minna-1536x1479.jpg 1536w, https:\/\/files.nettsteder.regjeringen.no\/wpuploads01\/sites\/608\/2025\/12\/minna-2048x1972.jpg 2048w\" sizes=\"auto, (max-width: 250px) 100vw, 250px\" \/>\t\t<\/figure>\n\t<\/div>\n\t<div class=\"dss-person-content\">\n\t\t<h3 class=\"dss-person-name\">Minna Annikki Kuoppam\u00e4ki Hansen<\/h3><p class=\"dss-person-position\">Utvalgsmedlem<\/p><div class=\"dss-person-content\">\n\n<p>Overlege ved Universitetssykehuset i Nord-Norge HF og Finnmarkssykehuset HF, spesialist i rus- og avhengighetsmedisin<\/p>\n\n<\/div>\t<\/div>\n\t<\/li>\n\n<li class=\"wp-block-dss-person\">\t<div class=\"dss-person-image\">\n\t\t<figure>\n\t\t\t<img loading=\"lazy\" decoding=\"async\" width=\"237\" height=\"250\" src=\"https:\/\/files.nettsteder.regjeringen.no\/wpuploads01\/sites\/608\/2025\/12\/portrett-kine.png\" class=\"attachment-250x250 size-250x250\" alt=\"\" srcset=\"https:\/\/files.nettsteder.regjeringen.no\/wpuploads01\/sites\/608\/2025\/12\/portrett-kine.png 822w, https:\/\/files.nettsteder.regjeringen.no\/wpuploads01\/sites\/608\/2025\/12\/portrett-kine-285x300.png 285w, https:\/\/files.nettsteder.regjeringen.no\/wpuploads01\/sites\/608\/2025\/12\/portrett-kine-768x809.png 768w\" sizes=\"auto, (max-width: 237px) 100vw, 237px\" \/>\t\t<\/figure>\n\t<\/div>\n\t<div class=\"dss-person-content\">\n\t\t<h3 class=\"dss-person-name\">Kine Haugen<\/h3><p class=\"dss-person-position\">Utvalgsmedlem<\/p><div class=\"dss-person-content\">\n\n<p>Seksjonsleder ved Seksjon for rus- og avhengighetspoliklinikker, Oslo Universitetssykehus HF, styreleder i Rusfeltets hovedorganisasjon, sosionom med master i psykososialt arbeid, fordypning i avhengighet<\/p>\n\n\n\n<p><sub>Foto: <em><em>Leif-Erik S\u00f8rensen<\/em><\/em><\/sub><\/p>\n\n<\/div>\t<\/div>\n\t<\/li>\n\n<li class=\"wp-block-dss-person\">\t<div class=\"dss-person-image\">\n\t\t<figure>\n\t\t\t<img loading=\"lazy\" decoding=\"async\" width=\"250\" height=\"167\" src=\"https:\/\/files.nettsteder.regjeringen.no\/wpuploads01\/sites\/608\/2026\/01\/Hanne-Lorimer-Aamodt-foto-Anders-Bisgaard-3-scaled.jpg\" class=\"attachment-250x250 size-250x250\" alt=\"\" srcset=\"https:\/\/files.nettsteder.regjeringen.no\/wpuploads01\/sites\/608\/2026\/01\/Hanne-Lorimer-Aamodt-foto-Anders-Bisgaard-3-scaled.jpg 2560w, https:\/\/files.nettsteder.regjeringen.no\/wpuploads01\/sites\/608\/2026\/01\/Hanne-Lorimer-Aamodt-foto-Anders-Bisgaard-3-300x200.jpg 300w, https:\/\/files.nettsteder.regjeringen.no\/wpuploads01\/sites\/608\/2026\/01\/Hanne-Lorimer-Aamodt-foto-Anders-Bisgaard-3-1024x683.jpg 1024w, https:\/\/files.nettsteder.regjeringen.no\/wpuploads01\/sites\/608\/2026\/01\/Hanne-Lorimer-Aamodt-foto-Anders-Bisgaard-3-768x512.jpg 768w, https:\/\/files.nettsteder.regjeringen.no\/wpuploads01\/sites\/608\/2026\/01\/Hanne-Lorimer-Aamodt-foto-Anders-Bisgaard-3-1536x1024.jpg 1536w, https:\/\/files.nettsteder.regjeringen.no\/wpuploads01\/sites\/608\/2026\/01\/Hanne-Lorimer-Aamodt-foto-Anders-Bisgaard-3-2048x1365.jpg 2048w\" sizes=\"auto, (max-width: 250px) 100vw, 250px\" \/>\t\t<\/figure>\n\t<\/div>\n\t<div class=\"dss-person-content\">\n\t\t<h3 class=\"dss-person-name\">Hanne Lorimer Aamodt<\/h3><p class=\"dss-person-position\">Utvalgsmedlem<\/p><div class=\"dss-person-content\">\n\n<p>Fagleder for forskning og utvikling ved Tyrilistiftelsen, psykiatrisk sykepleier med master i psykisk helsearbeid<\/p>\n\n\n\n<p><em><sub>Foto: Anders Bisgaard<\/sub><\/em><\/p>\n\n<\/div>\t<\/div>\n\t<\/li>\n\n<li class=\"wp-block-dss-person\">\t<div class=\"dss-person-image\">\n\t\t<figure>\n\t\t\t<img loading=\"lazy\" decoding=\"async\" width=\"148\" height=\"197\" src=\"https:\/\/files.nettsteder.regjeringen.no\/wpuploads01\/sites\/608\/2025\/12\/Bilde-Dagfinn.jpg\" class=\"attachment-250x250 size-250x250\" alt=\"\" \/>\t\t<\/figure>\n\t<\/div>\n\t<div class=\"dss-person-content\">\n\t\t<h3 class=\"dss-person-name\">Dagfinn Haarr<\/h3><p class=\"dss-person-position\">Utvalgsmedlem<\/p><div class=\"dss-person-content\">\n\n<p>Pensjonist, spesialist i allmennmedisin, tidligere fastlege i Kristiansand<\/p>\n\n<\/div>\t<\/div>\n\t<\/li>\n\n<li class=\"wp-block-dss-person\">\t<div class=\"dss-person-image\">\n\t\t<figure>\n\t\t\t<img decoding=\"async\" src=\"https:\/\/nettsteder.regjeringen.no\/content\/plugins\/nettsteder-gutenberg-setup\/build\/block-library\/people\/person\/placeholder.jpg\" alt=\"\" \/>\t\t<\/figure>\n\t<\/div>\n\t<div class=\"dss-person-content\">\n\t\t<h3 class=\"dss-person-name\">J\u00f8rgen Gustav Bramness<\/h3><p class=\"dss-person-position\">Utvalgsmedlem<\/p><div class=\"dss-person-content\">\n\n<p>Psykiater og forsker med spesialisering i rusmiddelbruk og psykiatrisk epidemiologi, professor i psykiatri<\/p>\n\n<\/div>\t<\/div>\n\t<\/li>\n\n<li class=\"wp-block-dss-person\">\t<div class=\"dss-person-image\">\n\t\t<figure>\n\t\t\t<img loading=\"lazy\" decoding=\"async\" width=\"218\" height=\"250\" src=\"https:\/\/files.nettsteder.regjeringen.no\/wpuploads01\/sites\/608\/2025\/12\/Espen.jpg\" class=\"attachment-250x250 size-250x250\" alt=\"\" srcset=\"https:\/\/files.nettsteder.regjeringen.no\/wpuploads01\/sites\/608\/2025\/12\/Espen.jpg 409w, https:\/\/files.nettsteder.regjeringen.no\/wpuploads01\/sites\/608\/2025\/12\/Espen-262x300.jpg 262w\" sizes=\"auto, (max-width: 218px) 100vw, 218px\" \/>\t\t<\/figure>\n\t<\/div>\n\t<div class=\"dss-person-content\">\n\t\t<h3 class=\"dss-person-name\">Espen Gade Rolland<\/h3><p class=\"dss-person-position\">Utvalgsmedlem<\/p><div class=\"dss-person-content\">\n\n<p>F\u00f8rstelektor ved Lovisenberg diakonale h\u00f8gskole, leder i NSFs faggruppe for sykepleiere innen psykisk helse og rus, styreleder i P\u00e5r\u00f8rendealliansen<\/p>\n\n<\/div>\t<\/div>\n\t<\/li>\n\n<li class=\"wp-block-dss-person\">\t<div class=\"dss-person-image\">\n\t\t<figure>\n\t\t\t<img loading=\"lazy\" decoding=\"async\" width=\"245\" height=\"250\" src=\"https:\/\/files.nettsteder.regjeringen.no\/wpuploads01\/sites\/608\/2025\/12\/26_Karl-Harald-Sovig_12_full_-scaled.jpg\" class=\"attachment-250x250 size-250x250\" alt=\"\" srcset=\"https:\/\/files.nettsteder.regjeringen.no\/wpuploads01\/sites\/608\/2025\/12\/26_Karl-Harald-Sovig_12_full_-scaled.jpg 2508w, https:\/\/files.nettsteder.regjeringen.no\/wpuploads01\/sites\/608\/2025\/12\/26_Karl-Harald-Sovig_12_full_-294x300.jpg 294w, https:\/\/files.nettsteder.regjeringen.no\/wpuploads01\/sites\/608\/2025\/12\/26_Karl-Harald-Sovig_12_full_-1003x1024.jpg 1003w, https:\/\/files.nettsteder.regjeringen.no\/wpuploads01\/sites\/608\/2025\/12\/26_Karl-Harald-Sovig_12_full_-768x784.jpg 768w, https:\/\/files.nettsteder.regjeringen.no\/wpuploads01\/sites\/608\/2025\/12\/26_Karl-Harald-Sovig_12_full_-1505x1536.jpg 1505w, https:\/\/files.nettsteder.regjeringen.no\/wpuploads01\/sites\/608\/2025\/12\/26_Karl-Harald-Sovig_12_full_-2007x2048.jpg 2007w\" sizes=\"auto, (max-width: 245px) 100vw, 245px\" \/><span class=\"t2-image-credit\">\n\t\t\t\t<button type=\"button\" class=\"t2-image-credit-toggle\" aria-expanded=\"false\" aria-controls=\"image-credit-1\" aria-label=\"Toggle image credit\"><svg xmlns=\"http:\/\/www.w3.org\/2000\/svg\" viewBox=\"0 0 24 24\" height=\"24\" width=\"24\" class=\"t2-icon t2-icon-info\" aria-hidden=\"true\" focusable=\"false\"><path d=\"M12 17c.3 0 .5-.1.7-.3s.3-.4.3-.7v-4c0-.3-.1-.5-.3-.7-.2-.2-.4-.3-.7-.3s-.5.1-.7.3c-.2.2-.3.4-.3.7v4c0 .3.1.5.3.7s.4.3.7.3zm0-8c.3 0 .5-.1.7-.3.2-.2.3-.4.3-.7 0-.3-.1-.5-.3-.7-.2-.2-.4-.3-.7-.3s-.5.1-.7.3c-.2.2-.3.4-.3.7 0 .3.1.5.3.7.2.2.4.3.7.3zm0 13c-1.4 0-2.7-.3-3.9-.8-1.2-.5-2.3-1.2-3.2-2.1s-1.6-2-2.1-3.2S2 13.4 2 12s.3-2.7.8-3.9S4 5.8 4.9 4.9s2-1.6 3.2-2.1S10.6 2 12 2s2.7.3 3.9.8 2.3 1.2 3.2 2.1 1.6 2 2.1 3.2c.5 1.2.8 2.5.8 3.9s-.3 2.7-.8 3.9c-.5 1.2-1.2 2.3-2.1 3.2s-2 1.6-3.2 2.1c-1.2.5-2.5.8-3.9.8z\" fill=\"currentColor\" \/><\/svg><\/button>\n\t\t\t\t<span class=\"t2-image-credit-text wp-element-caption\" id=\"image-credit-1\" hidden>Foto: Eivind Senneset<\/span>\n\t\t\t<\/span>\t\t<\/figure>\n\t<\/div>\n\t<div class=\"dss-person-content\">\n\t\t<h3 class=\"dss-person-name\">Karl Harald S\u00f8vig<\/h3><p class=\"dss-person-position\">Utvalgsmedlem<\/p><div class=\"dss-person-content\">\n\n<p>Professor og tidligere dekan ved Juridisk fakultet, Universitetet i Bergen, og har s\u00e6rlig jobbet med helse- og sosialrett, forvaltningsrett og barnevern<\/p>\n\n<\/div>\t<\/div>\n\t<\/li>\n\n<li class=\"wp-block-dss-person\">\t<div class=\"dss-person-image\">\n\t\t<figure>\n\t\t\t<img loading=\"lazy\" decoding=\"async\" width=\"250\" height=\"142\" src=\"https:\/\/files.nettsteder.regjeringen.no\/wpuploads01\/sites\/608\/2025\/12\/profilbilde_Kristin.jpg\" class=\"attachment-250x250 size-250x250\" alt=\"\" srcset=\"https:\/\/files.nettsteder.regjeringen.no\/wpuploads01\/sites\/608\/2025\/12\/profilbilde_Kristin.jpg 1259w, https:\/\/files.nettsteder.regjeringen.no\/wpuploads01\/sites\/608\/2025\/12\/profilbilde_Kristin-300x170.jpg 300w, https:\/\/files.nettsteder.regjeringen.no\/wpuploads01\/sites\/608\/2025\/12\/profilbilde_Kristin-1024x580.jpg 1024w, https:\/\/files.nettsteder.regjeringen.no\/wpuploads01\/sites\/608\/2025\/12\/profilbilde_Kristin-768x435.jpg 768w, https:\/\/files.nettsteder.regjeringen.no\/wpuploads01\/sites\/608\/2025\/12\/profilbilde_Kristin-1200x675.jpg 1200w\" sizes=\"auto, (max-width: 250px) 100vw, 250px\" \/>\t\t<\/figure>\n\t<\/div>\n\t<div class=\"dss-person-content\">\n\t\t<h3 class=\"dss-person-name\">Kristin Johannessen Kirsebom<\/h3><p class=\"dss-person-position\">Utvalgsmedlem<\/p><div class=\"dss-person-content\">\n\n<p>Kommunedirekt\u00f8r i F\u00e6rder kommune, representerer KS<\/p>\n\n<\/div>\t<\/div>\n\t<\/li>\n\n<li class=\"wp-block-dss-person\">\t<div class=\"dss-person-image\">\n\t\t<figure>\n\t\t\t<img decoding=\"async\" src=\"https:\/\/nettsteder.regjeringen.no\/content\/plugins\/nettsteder-gutenberg-setup\/build\/block-library\/people\/person\/placeholder.jpg\" alt=\"\" \/>\t\t<\/figure>\n\t<\/div>\n\t<div class=\"dss-person-content\">\n\t\t<h3 class=\"dss-person-name\">Per Gunnar Karstenson Dahl<\/h3><p class=\"dss-person-position\">Utvalgsmedlem<\/p><div class=\"dss-person-content\">\n\n<p>Fungerende bransjedirekt\u00f8r i Virke innen omr\u00e5det ideelle og frivillighet, folkehelseviter og master i ledelse og helsemanagement<\/p>\n\n<\/div>\t<\/div>\n\t<\/li>\n\n<li class=\"wp-block-dss-person\">\t<div class=\"dss-person-image\">\n\t\t<figure>\n\t\t\t<img loading=\"lazy\" decoding=\"async\" width=\"250\" height=\"141\" src=\"https:\/\/files.nettsteder.regjeringen.no\/wpuploads01\/sites\/608\/2026\/03\/Marianne_Solberg2025.png\" class=\"attachment-250x250 size-250x250\" alt=\"\" srcset=\"https:\/\/files.nettsteder.regjeringen.no\/wpuploads01\/sites\/608\/2026\/03\/Marianne_Solberg2025.png 1600w, https:\/\/files.nettsteder.regjeringen.no\/wpuploads01\/sites\/608\/2026\/03\/Marianne_Solberg2025-300x169.png 300w, https:\/\/files.nettsteder.regjeringen.no\/wpuploads01\/sites\/608\/2026\/03\/Marianne_Solberg2025-1024x576.png 1024w, https:\/\/files.nettsteder.regjeringen.no\/wpuploads01\/sites\/608\/2026\/03\/Marianne_Solberg2025-768x432.png 768w, https:\/\/files.nettsteder.regjeringen.no\/wpuploads01\/sites\/608\/2026\/03\/Marianne_Solberg2025-1536x864.png 1536w, https:\/\/files.nettsteder.regjeringen.no\/wpuploads01\/sites\/608\/2026\/03\/Marianne_Solberg2025-1200x675.png 1200w\" sizes=\"auto, (max-width: 250px) 100vw, 250px\" \/>\t\t<\/figure>\n\t<\/div>\n\t<div class=\"dss-person-content\">\n\t\t<h3 class=\"dss-person-name\">Marianne Mel\u00e5s Solberg<\/h3><p class=\"dss-person-position\">Utvalgsmedlem<\/p><div class=\"dss-person-content\">\n\n<p>Forbundsleder i Fellesorganisasjonen (FO), vernepleier<\/p>\n\n<\/div>\t<\/div>\n\t<\/li>\n\n<li class=\"wp-block-dss-person\">\t<div class=\"dss-person-image\">\n\t\t<figure>\n\t\t\t<img loading=\"lazy\" decoding=\"async\" width=\"250\" height=\"177\" src=\"https:\/\/files.nettsteder.regjeringen.no\/wpuploads01\/sites\/608\/2025\/12\/ase.png\" class=\"attachment-250x250 size-250x250\" alt=\"\" srcset=\"https:\/\/files.nettsteder.regjeringen.no\/wpuploads01\/sites\/608\/2025\/12\/ase.png 726w, https:\/\/files.nettsteder.regjeringen.no\/wpuploads01\/sites\/608\/2025\/12\/ase-300x213.png 300w\" sizes=\"auto, (max-width: 250px) 100vw, 250px\" \/>\t\t<\/figure>\n\t<\/div>\n\t<div class=\"dss-person-content\">\n\t\t<h3 class=\"dss-person-name\">\u00c5se Prestvik<\/h3><p class=\"dss-person-position\">Utvalgsmedlem<\/p><div class=\"dss-person-content\">\n\n<p>Fagsjef ved Bl\u00e5 Kors klinikk Lade, klinisk sosionom med videreutdanning i rusbehandling<\/p>\n\n<\/div>\t<\/div>\n\t<\/li>\n\n<li class=\"wp-block-dss-person\">\t<div class=\"dss-person-image\">\n\t\t<figure>\n\t\t\t<img decoding=\"async\" src=\"https:\/\/nettsteder.regjeringen.no\/content\/plugins\/nettsteder-gutenberg-setup\/build\/block-library\/people\/person\/placeholder.jpg\" alt=\"\" \/>\t\t<\/figure>\n\t<\/div>\n\t<div class=\"dss-person-content\">\n\t\t<h3 class=\"dss-person-name\">Ragnhild Torvik Refsnes<\/h3><p class=\"dss-person-position\">Utvalgsmedlem<\/p><div class=\"dss-person-content\">\n\n<p>Psykolog, leder for MOVE, Molde kommune<\/p>\n\n<\/div>\t<\/div>\n\t<\/li>\n\n\n<\/ul>","protected":false},"excerpt":{"rendered":"","protected":false},"author":2877,"featured_media":0,"parent":0,"menu_order":0,"comment_status":"closed","ping_status":"closed","template":"","meta":{"dss_simple_post_excerpt":"","dss_show_featured_image":true,"footnotes":""},"class_list":["post-9","page","type-page","status-publish","hentry"],"language":"nb-NO","_links":{"self":[{"href":"https:\/\/nettsteder.regjeringen.no\/rusbehandlingsutvalget\/wp-json\/wp\/v2\/pages\/9","targetHints":{"allow":["GET"]}}],"collection":[{"href":"https:\/\/nettsteder.regjeringen.no\/rusbehandlingsutvalget\/wp-json\/wp\/v2\/pages"}],"about":[{"href":"https:\/\/nettsteder.regjeringen.no\/rusbehandlingsutvalget\/wp-json\/wp\/v2\/types\/page"}],"author":[{"embeddable":true,"href":"https:\/\/nettsteder.regjeringen.no\/rusbehandlingsutvalget\/wp-json\/wp\/v2\/users\/2877"}],"replies":[{"embeddable":true,"href":"https:\/\/nettsteder.regjeringen.no\/rusbehandlingsutvalget\/wp-json\/wp\/v2\/comments?post=9"}],"version-history":[{"count":3,"href":"https:\/\/nettsteder.regjeringen.no\/rusbehandlingsutvalget\/wp-json\/wp\/v2\/pages\/9\/revisions"}],"predecessor-version":[{"id":172,"href":"https:\/\/nettsteder.regjeringen.no\/rusbehandlingsutvalget\/wp-json\/wp\/v2\/pages\/9\/revisions\/172"}],"wp:attachment":[{"href":"https:\/\/nettsteder.regjeringen.no\/rusbehandlingsutvalget\/wp-json\/wp\/v2\/media?parent=9"}],"curies":[{"name":"wp","href":"https:\/\/api.w.org\/{rel}","templated":true}]}}