{"id":65,"date":"2025-11-28T14:02:16","date_gmt":"2025-11-28T13:02:16","guid":{"rendered":"https:\/\/nettsteder.regjeringen.no\/rusbehandlingsutvalget\/?page_id=65"},"modified":"2025-12-02T10:04:33","modified_gmt":"2025-12-02T09:04:33","slug":"arrangementer","status":"publish","type":"page","link":"https:\/\/nettsteder.regjeringen.no\/rusbehandlingsutvalget\/arrangementer\/","title":{"rendered":"Arrangementer"},"content":{"rendered":"\n<h2 class=\"wp-block-heading\"><strong>Digitalt innspillsm\u00f8te for bruker- og p\u00e5r\u00f8rendeorganisasjoner 11. desember kl. 13.30<\/strong><\/h2>\n\n\n\n<p>Det er sendt ut invitasjon til et digitalt innspillsm\u00f8te for bruker- og p\u00e5r\u00f8rendeorganisasjoner innen rusmiddel- og avhengighetsfeltet torsdag 11. desember kl. 13.30.<\/p>\n\n\n\n<p>Innspill fra brukere og p\u00e5r\u00f8rende er et viktig grunnlag for utvalgets arbeid. I m\u00f8tet vil dere har mulighet til \u00e5 dele med hele utvalget hva som er viktig for dere i fremtidens rusmiddel- og avhengighetsbehandling. I henhold til mandatet skal pasienter og p\u00e5r\u00f8rende, herunder barn og unge, gis anledning til \u00e5 medvirke til utvalgets arbeid tidlig i prosessen. Utvalget \u00f8nsker derfor \u00e5 invitere bruker- og p\u00e5r\u00f8rendeorganisasjoner&nbsp;til et f\u00f8rste innspillsm\u00f8te, og vi h\u00e5per s\u00e5 mange som mulig har anledning til \u00e5 delta for \u00e5 dele verdifulle perspektiver. M\u00f8tet vil foreg\u00e5 digitalt.<\/p>\n\n\n\n<p>I m\u00f8tet vil vi gjerne ha forberedte innspill p\u00e5 inntil 3 minutter, et innspill per organisasjon. Dere st\u00e5r fritt til \u00e5 komme med innspill p\u00e5 hele utvalgets mandat, men vi vil s\u00e6rlig har innspill p\u00e5 f\u00f8lgende sp\u00f8rsm\u00e5l:&nbsp;<\/p>\n\n\n\n<ul class=\"wp-block-list is-layout-flow wp-block-list-is-layout-flow\">\n<li>Hva er det viktigste for dere i fremtidens rusmiddel- og avhengighetsbehandling? Noen stikkord fra utvalgets mandatet er \u00abansvars- og oppgavedeling og samhandling\u00bb og god kvalitet i behandling.<\/li>\n<\/ul>\n\n\n\n<p>Dersom dere ikke har mottatt invitasjon, men likevel \u00f8nsker \u00e5 delta kan dere sende e-post til rusbehandlingsutvalget@hod.dep.no, merket med &laquo;deltakelse innspillsm\u00f8te bruker- og p\u00e5r\u00f8rendeorg&raquo;. Deretter vil dere i god tid f\u00f8r m\u00f8tet motta en teamslenke som dere m\u00e5 benytte for deltakelse.<\/p>\n\n\n\n<p>For \u00e5 gj\u00f8re det tilgjengelig for alle utvalgets medlemmer vil vi gj\u00f8re opptak av teamsm\u00f8tet, som vil bli slettet etter 2 m\u00e5neder.<\/p>\n\n\n\n<p>Det vil ogs\u00e5 v\u00e6re mulig \u00e5 levere skriftlige innspill til utvalget p\u00e5 <a href=\"mailto:rusbehandlingsutvalget@hod.dep.no\">rusbehandlingsutvalget@hod.dep.no<\/a><\/p>\n\n\n\n<p><\/p>\n\n\n\n<h2 class=\"wp-block-heading\"><strong>Digitalt innspillsm\u00f8te for private leverand\u00f8rer 6. januar kl. 10<\/strong>.<strong>00<\/strong><\/h2>\n\n\n\n<p>Utvalget som skal utrede fremtidens rusmiddel- og avhengighetsbehandling \u00f8nsker med dette \u00e5 invitere private ideelle akt\u00f8rer som tilbyr rusmiddel- og avhengighetsbehandling, eller planlegger oppstart, til et innspillsm\u00f8te tirsdag 6. januar kl. 10.00. M\u00f8tet vil v\u00e6re en mulighet til \u00e5 dele deres innspill og erfaringer med hele utvalget.<\/p>\n\n\n\n<p>I m\u00f8tet vil vi gjerne ha forberedte innlegg p\u00e5 inntil 3 minutter, et innspill per virksomhet. Hver deltager st\u00e5r fritt til \u00e5 gi innspill p\u00e5 flere temaer, men utvalget ber s\u00e6rlig om innspill p\u00e5 utfordringer i samarbeidet mellom offentlige tiltak og private akt\u00f8rer, samt p\u00e5 punktet i mandatet som gjelder samarbeid med private ideelle akt\u00f8rer:<\/p>\n\n\n\n<ul class=\"wp-block-list is-layout-flow wp-block-list-is-layout-flow\">\n<li>Utrede og foresl\u00e5 hensiktsmessig organisering, samhandling og finansiering av private tjenester<\/li>\n\n\n\n<li>Vurdere offentlige anskaffelser\/anbudskonkurranser<\/li>\n\n\n\n<li>Vurdere andre former for \u00f8konomiske virkemidler enn tilskuddsordninger<\/li>\n<\/ul>\n\n\n\n<p>Utvalget h\u00e5per s\u00e5 mange som mulig har anledning til \u00e5 delta og dele verdifulle perspektiver. Interesseorganisasjoner eller partsorganisasjoner i arbeidslivet er ogs\u00e5 velkommen til \u00e5 delta.<\/p>\n\n\n\n<p>P\u00e5melding til innspillsm\u00f8tet gj\u00f8res ved \u00e5 sende en e-post til rusbehandlingsutvalget@hod.dep.no, merket &laquo;deltakelse innspillm\u00f8te private leverand\u00f8rer&raquo;. Vi ber om at dere ved p\u00e5melding oppgir navn p\u00e5 virksomhet, navn p\u00e5 deltaker og om dere \u00f8nsker \u00e5 holde et innlegg. Deretter vil dere i god tid f\u00f8r m\u00f8tet motta en m\u00f8teinvitasjon med en teamslenke som dere m\u00e5 benytte for deltakelse.<\/p>\n\n\n\n<p>For \u00e5 gj\u00f8re det tilgjengelig for alle utvalgets medlemmer vil vi gj\u00f8re opptak av teamsm\u00f8tet, som vil bli slettet etter 2 m\u00e5neder.<\/p>\n\n\n\n<p>Det vil ogs\u00e5 v\u00e6re mulig \u00e5 levere skriftlige innspill til utvalget p\u00e5 <a href=\"mailto:rusbehandlingsutvalget@hod.dep.no\">rusbehandlingsutvalget@hod.dep.no<\/a><\/p>\n","protected":false},"excerpt":{"rendered":"<p>Digitalt innspillsm\u00f8te for bruker- og p\u00e5r\u00f8rendeorganisasjoner 11. desember kl. 13.30 Det er sendt ut invitasjon til et digitalt innspillsm\u00f8te for bruker- og p\u00e5r\u00f8rendeorganisasjoner innen rusmiddel- og avhengighetsfeltet torsdag 11. desember kl. 13.30. Innspill fra brukere og p\u00e5r\u00f8rende er et viktig grunnlag for utvalgets arbeid. I m\u00f8tet vil dere har mulighet til \u00e5 dele med hele\u2026<\/p>\n","protected":false},"author":3494,"featured_media":0,"parent":0,"menu_order":0,"comment_status":"closed","ping_status":"closed","template":"","meta":{"dss_simple_post_excerpt":"","dss_show_featured_image":true,"footnotes":""},"class_list":["post-65","page","type-page","status-publish","hentry"],"language":"nb-NO","_links":{"self":[{"href":"https:\/\/nettsteder.regjeringen.no\/rusbehandlingsutvalget\/wp-json\/wp\/v2\/pages\/65","targetHints":{"allow":["GET"]}}],"collection":[{"href":"https:\/\/nettsteder.regjeringen.no\/rusbehandlingsutvalget\/wp-json\/wp\/v2\/pages"}],"about":[{"href":"https:\/\/nettsteder.regjeringen.no\/rusbehandlingsutvalget\/wp-json\/wp\/v2\/types\/page"}],"author":[{"embeddable":true,"href":"https:\/\/nettsteder.regjeringen.no\/rusbehandlingsutvalget\/wp-json\/wp\/v2\/users\/3494"}],"replies":[{"embeddable":true,"href":"https:\/\/nettsteder.regjeringen.no\/rusbehandlingsutvalget\/wp-json\/wp\/v2\/comments?post=65"}],"version-history":[{"count":3,"href":"https:\/\/nettsteder.regjeringen.no\/rusbehandlingsutvalget\/wp-json\/wp\/v2\/pages\/65\/revisions"}],"predecessor-version":[{"id":101,"href":"https:\/\/nettsteder.regjeringen.no\/rusbehandlingsutvalget\/wp-json\/wp\/v2\/pages\/65\/revisions\/101"}],"wp:attachment":[{"href":"https:\/\/nettsteder.regjeringen.no\/rusbehandlingsutvalget\/wp-json\/wp\/v2\/media?parent=65"}],"curies":[{"name":"wp","href":"https:\/\/api.w.org\/{rel}","templated":true}]}}