{"id":5,"date":"2025-11-13T15:03:12","date_gmt":"2025-11-13T14:03:12","guid":{"rendered":"https:\/\/nettsteder.regjeringen.no\/rusbehandlingsutvalget\/?page_id=5"},"modified":"2026-03-23T12:02:50","modified_gmt":"2026-03-23T11:02:50","slug":"om-utvalget","status":"publish","type":"page","link":"https:\/\/nettsteder.regjeringen.no\/rusbehandlingsutvalget\/","title":{"rendered":"Om utvalget"},"content":{"rendered":"\n<p>Utvalget som skal utrede fremtidens rusmiddel- og avhengighetsbehandling (rusbehandlingsutvalget) ble oppnevnt i statsr\u00e5d 24. juni 2025. Form\u00e5let med utvalgets utredning er \u00e5 sikre god kvalitet i tjenestene og rask tilgang til riktig behandling p\u00e5 best effektive omsorgsniv\u00e5. <\/p>\n\n\n\n<p>Utvalget skal blant annet utrede og foresl\u00e5 en form\u00e5lstjenlig oppgave- og funksjonsfordeling og samhandling mellom spesialisthelsetjenesten og den kommunal helse- og omsorgstjenesten, og en hensiktsmessig organisering, samhandling og finansiering av private ideelle tjenester. Utvalget skal ogs\u00e5 vurdere om finansiering, organisering og regulering av legemiddelassistert rehabilitering (LAR) er form\u00e5lstjenlig innrettet ulike pasienters individuelle behov og og likeverdig tilgang til LAR. <\/p>\n\n\n\n<figure class=\"wp-block-image size-full\"><img loading=\"lazy\" decoding=\"async\" width=\"1000\" height=\"600\" src=\"https:\/\/files.nettsteder.regjeringen.no\/wpuploads01\/sites\/608\/2025\/11\/Foto-av-utvalg.jpg\" alt=\"\" class=\"wp-image-60\" srcset=\"https:\/\/files.nettsteder.regjeringen.no\/wpuploads01\/sites\/608\/2025\/11\/Foto-av-utvalg.jpg 1000w, https:\/\/files.nettsteder.regjeringen.no\/wpuploads01\/sites\/608\/2025\/11\/Foto-av-utvalg-300x180.jpg 300w, https:\/\/files.nettsteder.regjeringen.no\/wpuploads01\/sites\/608\/2025\/11\/Foto-av-utvalg-768x461.jpg 768w\" sizes=\"auto, (max-width: 1000px) 100vw, 1000px\" \/><figcaption class=\"wp-element-caption\">Espen Ajo Arnevik var ikke tilstede da bildet ble tatt. Foto: Helse- og omsorgsdepartementet<\/figcaption><\/figure>\n\n\n\n<p><strong>F\u00f8rste m\u00f8te 19. og 20 november 2025<\/strong><\/p>\n\n\n\n<p>Utvalget hadde sitt f\u00f8rste m\u00f8te 19. og 20. november 2025.&nbsp;M\u00f8tet ble brukt til \u00e5 gjennomg\u00e5 og f\u00e5 en god forst\u00e5else av mandatet, og bli kjent med utvalgsmedlemmene.<\/p>\n\n\n\n<p><strong>Andre m\u00f8tet 14. og 15. januar 2026<\/strong><\/p>\n\n\n\n<p>Helse- og omsorgsminister Jan Christian Vestre hilste p\u00e5 utvalgsmedlemmene og formildet sine forventninger til utvalget. Hovedtema for m\u00f8tet var \u00e5 f\u00e5 en forst\u00e5else av dagens organisering av rusmiddel- og avhengighetsbehandling, status for kunnskapsgrunnlaget for behandlingen, og anskaffelser av tjenester fra private ideelle akt\u00f8rer. Brittelise Bakstad fra Helsedirektoratet orienterte om status for nasjonale retningslinjer for rusmiddelbehandling og flere fra Folkehelseinstituttet innledet om status for bruk av ulike rusmidler. Gunnar Bovim orienterte om helsereformutvalget. <\/p>\n\n\n\n<p><strong>Tredje m\u00f8tet 23. og 24. februar 2026<\/strong><\/p>\n\n\n\n<p>Hovedtema for det tredje m\u00f8tet var legemiddelassistert rehabilitering, LAR. Ulike m\u00e5ter \u00e5 organisere LAR p\u00e5 ble presentert, i tillegg til utfordringer ved LAR og brukernes syn p\u00e5 LAR. I tillegg ble utfordringsbildet ved alkoholbrukslidelser og avhengighetsskapende legemidler diskutert. <\/p>\n\n\n\n<p>M\u00f8tet ble gjennomf\u00f8rt i Bergen og enkelte av utvalgets medlemmer fikk anledning til \u00e5 bes\u00f8ket Huset &#8211; et brukerstyrt hus for personer i aktiv rus og under rehabilitering, i sentrum av Bergen. <\/p>\n\n\n\n<figure class=\"wp-block-image size-large is-resized\"><img loading=\"lazy\" decoding=\"async\" width=\"768\" height=\"1024\" src=\"https:\/\/files.nettsteder.regjeringen.no\/wpuploads01\/sites\/608\/2026\/03\/Bildet-fra-Huset-768x1024.jpeg\" alt=\"\" class=\"wp-image-175\" style=\"width:526px;height:auto\" srcset=\"https:\/\/files.nettsteder.regjeringen.no\/wpuploads01\/sites\/608\/2026\/03\/Bildet-fra-Huset-768x1024.jpeg 768w, https:\/\/files.nettsteder.regjeringen.no\/wpuploads01\/sites\/608\/2026\/03\/Bildet-fra-Huset-225x300.jpeg 225w, https:\/\/files.nettsteder.regjeringen.no\/wpuploads01\/sites\/608\/2026\/03\/Bildet-fra-Huset-1152x1536.jpeg 1152w, https:\/\/files.nettsteder.regjeringen.no\/wpuploads01\/sites\/608\/2026\/03\/Bildet-fra-Huset-1536x2048.jpeg 1536w, https:\/\/files.nettsteder.regjeringen.no\/wpuploads01\/sites\/608\/2026\/03\/Bildet-fra-Huset-scaled.jpeg 1920w\" sizes=\"auto, (max-width: 768px) 100vw, 768px\" \/><\/figure>\n\n\n\n<p><strong>Fjerde m\u00f8te 18. og 19. mars 2026<\/strong><\/p>\n\n\n\n<p>Det fjerde m\u00f8tet i utvalget var lagt til Stavanger, og hovedtema for m\u00f8tet var kvalitet i behandling. Utvalgsmedlem Lars Ravn \u00d8hlckers innledet om kvalitetsbegrepet, f\u00f8r utvalget diskuterte ulike dimensjoner ved kvalitet relatert til rusmiddelbehandling, herunder virksom, sikker og brukersentrert behandling. Medlemmer i utvalget bidro med innlegg om virkning av behandling og brukersentrert behandling. Utvalget fikk presentert gode eksempler fra Stavanger p\u00e5 hvordan de jobber, blant annet hvordan de jobber med vurdering av henvisninger i inntaks- og oppstartsteamet og MO Ung. <\/p>\n\n\n\n<p>Tema for m\u00f8tet var ogs\u00e5 rus og somatikk. Torgeir Gilje Lid innledet om somatiske konsekvenser ved bruk av ulike rusmidler og verkt\u00f8y i somatikken for \u00e5 avdekke og ta opp dette, og Nathalie Ids\u00f8e presenterte hvordan de jobber med dette ved tverrfaglig observasjons- og behandlingspost (SUS). Aleksander Erga presenterte Stayer-studien (Korfor) og analyser av hva som har effekt i behandling. <\/p>\n\n\n\n<figure class=\"wp-block-image size-full is-resized\"><img loading=\"lazy\" decoding=\"async\" width=\"640\" height=\"480\" src=\"https:\/\/files.nettsteder.regjeringen.no\/wpuploads01\/sites\/608\/2026\/03\/utvalget-stavanger.jpg\" alt=\"\" class=\"wp-image-179\" style=\"width:537px;height:auto\" srcset=\"https:\/\/files.nettsteder.regjeringen.no\/wpuploads01\/sites\/608\/2026\/03\/utvalget-stavanger.jpg 640w, https:\/\/files.nettsteder.regjeringen.no\/wpuploads01\/sites\/608\/2026\/03\/utvalget-stavanger-300x225.jpg 300w\" sizes=\"auto, (max-width: 640px) 100vw, 640px\" \/><\/figure>\n\n\n\n<p>  <\/p>\n","protected":false},"excerpt":{"rendered":"<p>Utvalget som skal utrede fremtidens rusmiddel- og avhengighetsbehandling (rusbehandlingsutvalget) ble oppnevnt i statsr\u00e5d 24. juni 2025. Form\u00e5let med utvalgets utredning er \u00e5 sikre god kvalitet i tjenestene og rask tilgang til riktig behandling p\u00e5 best effektive omsorgsniv\u00e5. Utvalget skal blant annet utrede og foresl\u00e5 en form\u00e5lstjenlig oppgave- og funksjonsfordeling og samhandling mellom spesialisthelsetjenesten og den\u2026<\/p>\n","protected":false},"author":2877,"featured_media":0,"parent":0,"menu_order":0,"comment_status":"closed","ping_status":"closed","template":"","meta":{"dss_simple_post_excerpt":"","dss_show_featured_image":true,"footnotes":""},"class_list":["post-5","page","type-page","status-publish","hentry"],"language":"nb-NO","_links":{"self":[{"href":"https:\/\/nettsteder.regjeringen.no\/rusbehandlingsutvalget\/wp-json\/wp\/v2\/pages\/5","targetHints":{"allow":["GET"]}}],"collection":[{"href":"https:\/\/nettsteder.regjeringen.no\/rusbehandlingsutvalget\/wp-json\/wp\/v2\/pages"}],"about":[{"href":"https:\/\/nettsteder.regjeringen.no\/rusbehandlingsutvalget\/wp-json\/wp\/v2\/types\/page"}],"author":[{"embeddable":true,"href":"https:\/\/nettsteder.regjeringen.no\/rusbehandlingsutvalget\/wp-json\/wp\/v2\/users\/2877"}],"replies":[{"embeddable":true,"href":"https:\/\/nettsteder.regjeringen.no\/rusbehandlingsutvalget\/wp-json\/wp\/v2\/comments?post=5"}],"version-history":[{"count":3,"href":"https:\/\/nettsteder.regjeringen.no\/rusbehandlingsutvalget\/wp-json\/wp\/v2\/pages\/5\/revisions"}],"predecessor-version":[{"id":181,"href":"https:\/\/nettsteder.regjeringen.no\/rusbehandlingsutvalget\/wp-json\/wp\/v2\/pages\/5\/revisions\/181"}],"wp:attachment":[{"href":"https:\/\/nettsteder.regjeringen.no\/rusbehandlingsutvalget\/wp-json\/wp\/v2\/media?parent=5"}],"curies":[{"name":"wp","href":"https:\/\/api.w.org\/{rel}","templated":true}]}}