{"id":10,"date":"2025-11-13T15:04:14","date_gmt":"2025-11-13T14:04:14","guid":{"rendered":"https:\/\/nettsteder.regjeringen.no\/rusbehandlingsutvalget\/?page_id=10"},"modified":"2025-12-08T13:18:34","modified_gmt":"2025-12-08T12:18:34","slug":"gi-innspill","status":"publish","type":"page","link":"https:\/\/nettsteder.regjeringen.no\/rusbehandlingsutvalget\/gi-innspill\/","title":{"rendered":"Gi innspill"},"content":{"rendered":"\n<p>Utvalget har et omfattende mandat og \u00f8nsker \u00e5 f\u00e5 belyst de ulike temaene som mandatet omtaler p\u00e5 ulike m\u00e5ter. Vi vil derfor sv\u00e6rt gjerne ha innspill p\u00e5 hva som er viktig i fremtidens rusmiddel- og avhengighetsbehandling. Hva oppleves som hovedutfordringer ved dagens organisering og hva kan v\u00e6re gode samhandlingsmodeller? <\/p>\n\n\n\n<p>Utvalget vil invitere til innspillm\u00f8ter, men vi vil ogs\u00e5 sv\u00e6rt gjerne ha skriftlige innspill. Disse kan sendes til <a href=\"mailto:rusbehandlingsutvalget@hod.dep.no\">rusbehandlingsutvalget@hod.dep.no<\/a><\/p>\n\n\n\n<p><\/p>\n\n\n\n<p><\/p>\n","protected":false},"excerpt":{"rendered":"<p>Utvalget har et omfattende mandat og \u00f8nsker \u00e5 f\u00e5 belyst de ulike temaene som mandatet omtaler p\u00e5 ulike m\u00e5ter. Vi vil derfor sv\u00e6rt gjerne ha innspill p\u00e5 hva som er viktig i fremtidens rusmiddel- og avhengighetsbehandling. Hva oppleves som hovedutfordringer ved dagens organisering og hva kan v\u00e6re gode samhandlingsmodeller? Utvalget vil invitere til innspillm\u00f8ter, men\u2026<\/p>\n","protected":false},"author":2877,"featured_media":0,"parent":0,"menu_order":0,"comment_status":"closed","ping_status":"closed","template":"","meta":{"dss_simple_post_excerpt":"","dss_show_featured_image":true,"footnotes":""},"class_list":["post-10","page","type-page","status-publish","hentry"],"language":"nb-NO","_links":{"self":[{"href":"https:\/\/nettsteder.regjeringen.no\/rusbehandlingsutvalget\/wp-json\/wp\/v2\/pages\/10","targetHints":{"allow":["GET"]}}],"collection":[{"href":"https:\/\/nettsteder.regjeringen.no\/rusbehandlingsutvalget\/wp-json\/wp\/v2\/pages"}],"about":[{"href":"https:\/\/nettsteder.regjeringen.no\/rusbehandlingsutvalget\/wp-json\/wp\/v2\/types\/page"}],"author":[{"embeddable":true,"href":"https:\/\/nettsteder.regjeringen.no\/rusbehandlingsutvalget\/wp-json\/wp\/v2\/users\/2877"}],"replies":[{"embeddable":true,"href":"https:\/\/nettsteder.regjeringen.no\/rusbehandlingsutvalget\/wp-json\/wp\/v2\/comments?post=10"}],"version-history":[{"count":3,"href":"https:\/\/nettsteder.regjeringen.no\/rusbehandlingsutvalget\/wp-json\/wp\/v2\/pages\/10\/revisions"}],"predecessor-version":[{"id":131,"href":"https:\/\/nettsteder.regjeringen.no\/rusbehandlingsutvalget\/wp-json\/wp\/v2\/pages\/10\/revisions\/131"}],"wp:attachment":[{"href":"https:\/\/nettsteder.regjeringen.no\/rusbehandlingsutvalget\/wp-json\/wp\/v2\/media?parent=10"}],"curies":[{"name":"wp","href":"https:\/\/api.w.org\/{rel}","templated":true}]}}