{"id":5,"date":"2024-11-05T10:09:02","date_gmt":"2024-11-05T09:09:02","guid":{"rendered":"https:\/\/nettsteder.regjeringen.no\/rsu\/?page_id=5"},"modified":"2026-03-16T15:01:00","modified_gmt":"2026-03-16T14:01:00","slug":"om-utvalget","status":"publish","type":"page","link":"https:\/\/nettsteder.regjeringen.no\/rsu\/","title":{"rendered":"Om R\u00e5d for studieforberedende utdanningsprogram"},"content":{"rendered":"\n<p>R\u00e5d for studieforberedende utdanningsprogram skal v\u00e6re et r\u00e5dgivende organ for<br>statlige utdanningsmyndigheter. R\u00e5dets arbeid skal v\u00e6re overordnet, strategisk og<br>langsiktig og v\u00e6re forankret i samfunnsoppdraget uttrykt i oppl\u00e6ringsloven med<br>forskrifter. R\u00e5det skal i sitt arbeid ivareta alle de studieforberedende<br>utdanningsprogrammene, se dem i et helhetlig perspektiv, og bidra til utvikling av disse.<br>R\u00e5det skal involveres i relevante saker og bidra til at disse blir belyst fra ulike<br>perspektiver, men kan ogs\u00e5 ta selvstendige initiativ og fremme saker for myndighetene.<\/p>\n\n\n\n<p>R\u00e5d for studieforberedende utdanningsprogram skal, i saker som p\u00e5virker samisk<br>oppl\u00e6ringstilbud, gi r\u00e5d og st\u00f8tte til Sametinget. I saker som ber\u00f8rer b\u00e5de yrkesfaglige og<br>studieforberedende utdanningsprogram, skal Utdanningsdirektoratet vurdere om det er<br>behov for dialog med SRY eller andre parter. R\u00e5det skal ikke behandle forhandlingssp\u00f8rsm\u00e5l som ligger til partene i arbeidslivet.<\/p>\n\n\n\n<p><strong>R\u00e5det skal:<\/strong> <\/p>\n\n\n\n<ul class=\"wp-block-list is-layout-flow wp-block-list-is-layout-flow\">\n<li>bli involvert i og gi r\u00e5d i prosesser knyttet til gjennomgang og utvikling av<br>studieforberedende tilbudsstruktur, fag- og timefordeling, og krav til<br>studiekompetanse.<\/li>\n\n\n\n<li>gi r\u00e5d i prosesser knyttet til l\u00e6replanutvikling og vurdering p\u00e5 et overordnet niv\u00e5.<\/li>\n\n\n\n<li>v\u00e6re et bindeledd mellom utdanningsmyndighetene, studieforberedende<br>videreg\u00e5ende oppl\u00e6ring og UH-sektoren, og bidra til en \u00e5pen dialog og gjensidig<br>informasjonsflyt og erfaringsdeling om det \u00e5 v\u00e6re studieforberedt.<\/li>\n\n\n\n<li>bidra til et godt kunnskapsgrunnlag om hvilken kompetanse som gj\u00f8r elevene<br>forberedt til h\u00f8yere utdanning, og om bedre overganger i utdanningsl\u00f8pet, s\u00e6rlig<br>mellom videreg\u00e5ende oppl\u00e6ring og h\u00f8yere utdanning.<\/li>\n<\/ul>\n\n\n\n<p>Kunnskapsdepartementet oppnevner og fastsetter mandat for r\u00e5det. R\u00e5det kan ved behov opprette midlertidige arbeidsgrupper som kan bist\u00e5 r\u00e5det i<br>enkeltsaker.<\/p>\n\n\n\n<p>Medlemmer og varamedlemmer i r\u00e5det er personlig oppnevnt. Student- og elevmedlemmene oppnevnes for ett \u00e5r om gangen mens \u00f8vrige medlemmer<br>oppnevnes for fire \u00e5r. Utdanningsdirektoratet leder og er sekretariat for r\u00e5det.<\/p>\n\n\n\n<p>R\u00e5det skal ha representanter fra f\u00f8lgende akt\u00f8rer: Utdanningsdirektoratet, Direktoratet for h\u00f8yere utdanning og kompetanse, Sametinget, fylkeskommunene (v\/ FKU), Universitets og h\u00f8gskoler\u00e5det, Elevorganisasjonen, Norsk studentorganisasjon, Skolenes landsforbund, Utdanningsforbundet, Norsk lektorlag, Skolelederforbundet og Forskerforbundet.<\/p>\n\n\n\n<p><\/p>\n","protected":false},"excerpt":{"rendered":"<p>R\u00e5d for studieforberedende utdanningsprogram skal v\u00e6re et r\u00e5dgivende organ forstatlige utdanningsmyndigheter. R\u00e5dets arbeid skal v\u00e6re overordnet, strategisk oglangsiktig og v\u00e6re forankret i samfunnsoppdraget uttrykt i oppl\u00e6ringsloven medforskrifter. R\u00e5det skal i sitt arbeid ivareta alle de studieforberedendeutdanningsprogrammene, se dem i et helhetlig perspektiv, og bidra til utvikling av disse.R\u00e5det skal involveres i relevante saker og bidra\u2026<\/p>\n","protected":false},"author":2877,"featured_media":0,"parent":0,"menu_order":0,"comment_status":"closed","ping_status":"closed","template":"","meta":{"dss_simple_post_excerpt":"","dss_show_featured_image":true,"footnotes":""},"class_list":["post-5","page","type-page","status-publish","hentry"],"language":"nb-NO","_links":{"self":[{"href":"https:\/\/nettsteder.regjeringen.no\/rsu\/wp-json\/wp\/v2\/pages\/5","targetHints":{"allow":["GET"]}}],"collection":[{"href":"https:\/\/nettsteder.regjeringen.no\/rsu\/wp-json\/wp\/v2\/pages"}],"about":[{"href":"https:\/\/nettsteder.regjeringen.no\/rsu\/wp-json\/wp\/v2\/types\/page"}],"author":[{"embeddable":true,"href":"https:\/\/nettsteder.regjeringen.no\/rsu\/wp-json\/wp\/v2\/users\/2877"}],"replies":[{"embeddable":true,"href":"https:\/\/nettsteder.regjeringen.no\/rsu\/wp-json\/wp\/v2\/comments?post=5"}],"version-history":[{"count":4,"href":"https:\/\/nettsteder.regjeringen.no\/rsu\/wp-json\/wp\/v2\/pages\/5\/revisions"}],"predecessor-version":[{"id":74,"href":"https:\/\/nettsteder.regjeringen.no\/rsu\/wp-json\/wp\/v2\/pages\/5\/revisions\/74"}],"wp:attachment":[{"href":"https:\/\/nettsteder.regjeringen.no\/rsu\/wp-json\/wp\/v2\/media?parent=5"}],"curies":[{"name":"wp","href":"https:\/\/api.w.org\/{rel}","templated":true}]}}