{"id":38,"date":"2025-06-18T10:32:20","date_gmt":"2025-06-18T08:32:20","guid":{"rendered":"https:\/\/nettsteder.regjeringen.no\/rsu\/?page_id=38"},"modified":"2026-05-04T10:45:16","modified_gmt":"2026-05-04T08:45:16","slug":"medlemmer","status":"publish","type":"page","link":"https:\/\/nettsteder.regjeringen.no\/rsu\/medlemmer\/","title":{"rendered":"Medlemmer"},"content":{"rendered":"\n<p><strong>Medlemmer<\/strong><\/p>\n\n\n\n<ul class=\"wp-block-list is-layout-flow wp-block-list-is-layout-flow\">\n<li>Bj\u00f8rg Rafoss Tronsli, Utdanningsdirektoratet, leder<\/li>\n\n\n\n<li>Zaid Norzai, Elevorganisasjonen<\/li>\n\n\n\n<li>Oumou Hawa Diallo, Elevorganisasjonen<\/li>\n\n\n\n<li>Helle Christin Nyhuus, Norsk lektorlag<\/li>\n\n\n\n<li>Dorothea Blix, Skolelederforbundet<\/li>\n\n\n\n<li>Vemund Viken, Skolenes landsforbund<\/li>\n\n\n\n<li>Thom Jambak, Utdanningsforbundet<\/li>\n\n\n\n<li>Helge Galdal, fylkeskommunene<\/li>\n\n\n\n<li>Vibeke Larsen Kjesbu, fylkeskommunene<\/li>\n\n\n\n<li>Ann Elin Bratteb\u00f8 Andersen, Universitets- og h\u00f8gskoler\u00e5det<\/li>\n\n\n\n<li>Vemund Barsta Bermingrud, Universitets- og h\u00f8gskoler\u00e5det&nbsp;<\/li>\n\n\n\n<li>Nathalie Woldengen, Norsk studentorganisasjon<\/li>\n\n\n\n<li>Willy Gjerde, Direktoratet for h\u00f8yere utdanning og kompetanse<\/li>\n\n\n\n<li>Kari Skoglund Sara, Sametinget<\/li>\n\n\n\n<li>Hilde Gunn Slottemo, Forskerforbundet&nbsp;<\/li>\n<\/ul>\n\n\n\n<p><strong>Varamedlemmer<\/strong><\/p>\n\n\n\n<ul class=\"wp-block-list is-layout-flow wp-block-list-is-layout-flow\">\n<li>Hedda Birgitte Huse, Utdanningsdirektoratet<\/li>\n\n\n\n<li>Emma Helle Loffeld, Elevorganisasjonen<\/li>\n\n\n\n<li>Sofie Gismervik Andersen, Elevorganisasjonen &nbsp;<\/li>\n\n\n\n<li>Wenche Bakkebr\u00e5ten Rasen, Norsk lektorlag<\/li>\n\n\n\n<li>Alf B. Aschim, Skolelederforbundet<\/li>\n\n\n\n<li>Andreas Grossmann, Skolenes landsforbund<\/li>\n\n\n\n<li>Kristin Vik, Utdanningsforbundet<\/li>\n\n\n\n<li>Andreas Skjelbred Knudsen, Fylkeskommunene (v\/FKU)<\/li>\n\n\n\n<li>Ann-Christin Hoel Lervik, Fylkeskommunene (v\/FKU)<\/li>\n\n\n\n<li>Hege Bolstad Pettersen,\u202fUniversitets- og h\u00f8gskoler\u00e5det<\/li>\n\n\n\n<li>Bente Rimglund Bun\u00e6s,\u202fUniversitets- og h\u00f8gskoler\u00e5det<\/li>\n\n\n\n<li>H\u00e5kon Kolltveit Larsen,\u202fNorsk studentorganisasjon<\/li>\n\n\n\n<li>Torstein Nielsen Hole,\u202fDirektoratet for h\u00f8yere utdanning og kompetanse<\/li>\n\n\n\n<li>Marit Elisabeth Eira,\u202fSametinget<\/li>\n\n\n\n<li>\u00c5shild Olaussen, Forskerforbundet&nbsp;<\/li>\n<\/ul>\n","protected":false},"excerpt":{"rendered":"<p>Medlemmer Varamedlemmer<\/p>\n","protected":false},"author":3463,"featured_media":0,"parent":0,"menu_order":0,"comment_status":"closed","ping_status":"closed","template":"","meta":{"dss_simple_post_excerpt":"","dss_show_featured_image":true,"footnotes":""},"class_list":["post-38","page","type-page","status-publish","hentry"],"language":"nb-NO","_links":{"self":[{"href":"https:\/\/nettsteder.regjeringen.no\/rsu\/wp-json\/wp\/v2\/pages\/38","targetHints":{"allow":["GET"]}}],"collection":[{"href":"https:\/\/nettsteder.regjeringen.no\/rsu\/wp-json\/wp\/v2\/pages"}],"about":[{"href":"https:\/\/nettsteder.regjeringen.no\/rsu\/wp-json\/wp\/v2\/types\/page"}],"author":[{"embeddable":true,"href":"https:\/\/nettsteder.regjeringen.no\/rsu\/wp-json\/wp\/v2\/users\/3463"}],"replies":[{"embeddable":true,"href":"https:\/\/nettsteder.regjeringen.no\/rsu\/wp-json\/wp\/v2\/comments?post=38"}],"version-history":[{"count":3,"href":"https:\/\/nettsteder.regjeringen.no\/rsu\/wp-json\/wp\/v2\/pages\/38\/revisions"}],"predecessor-version":[{"id":90,"href":"https:\/\/nettsteder.regjeringen.no\/rsu\/wp-json\/wp\/v2\/pages\/38\/revisions\/90"}],"wp:attachment":[{"href":"https:\/\/nettsteder.regjeringen.no\/rsu\/wp-json\/wp\/v2\/media?parent=38"}],"curies":[{"name":"wp","href":"https:\/\/api.w.org\/{rel}","templated":true}]}}