{"id":35,"date":"2017-12-20T14:11:06","date_gmt":"2017-12-20T13:11:06","guid":{"rendered":"https:\/\/nettsteder.regjeringen.no\/romanitater\/?page_id=35"},"modified":"2019-05-20T10:36:23","modified_gmt":"2019-05-20T08:36:23","slug":"forside","status":"publish","type":"page","link":"https:\/\/nettsteder.regjeringen.no\/romanitater\/","title":{"rendered":"Oppf\u00f8lging av tater-\/romaniutvalgets rapport"},"content":{"rendered":"<div id=\"module-0\" class=\"hogan-module hogan-module-image hogan-module-0 hogan-image-size-medium-full text-wrap\"><div class=\"hogan-module-inner no-image-border\"><figure class=\"wp-caption size-medium-full\"><img loading=\"lazy\" decoding=\"async\" width=\"800\" height=\"160\" src=\"https:\/\/files.nettsteder.regjeringen.no\/wpuploads01\/blogs.dir\/261\/files\/2018\/04\/s-DSC_6509kongsoe.jpg\" class=\"\" alt=\"Foto: Stig Bachmann Nielsen\/Naturplan\" srcset=\"https:\/\/files.nettsteder.regjeringen.no\/wpuploads01\/blogs.dir\/261\/files\/2018\/04\/s-DSC_6509kongsoe.jpg 4275w, https:\/\/files.nettsteder.regjeringen.no\/wpuploads01\/blogs.dir\/261\/files\/2018\/04\/s-DSC_6509kongsoe-300x60.jpg 300w, https:\/\/files.nettsteder.regjeringen.no\/wpuploads01\/blogs.dir\/261\/files\/2018\/04\/s-DSC_6509kongsoe-768x154.jpg 768w, https:\/\/files.nettsteder.regjeringen.no\/wpuploads01\/blogs.dir\/261\/files\/2018\/04\/s-DSC_6509kongsoe-1024x205.jpg 1024w\" sizes=\"auto, (max-width: 800px) 100vw, 800px\" \/><\/figure><\/div><\/div><div id=\"module-1\" class=\"hogan-module hogan-module-dss_sidebar hogan-module-1\"><div class=\"hogan-module-inner\"><div class=\"columns sidebar-columns\">\n\t<div class=\"column text-wrap\">\n\t\t<p>Kommunal- og moderniseringsdepartementet har etablert en referansegruppe fra romanifolket\/taterne \u00a0som skal bidra i arbeidet. Det f\u00f8rste temaet for oppf\u00f8lgingen er hvordan den kollektive oppreisningen til romanifolket\/taterne skal forvaltes videre, etter at Stortinget i 2017 bestemte at Stiftelsen Romanifolkets\/taternes kulturfond ikke lenger skal f\u00e5 midler over statsbudsjettet.<\/p>\n<p>Denne nettsiden er opprettet som en informasjonskanal fra Kommunal- og moderniseringsdepartementet om arbeidet med oppf\u00f8lgingen av NOU 2015: 7. Departementet vil jevnlig oppdatere nettsiden med det siste som gjelder oppf\u00f8lgingen, men ogs\u00e5 med andre saker som vi tror kan ha interesse.<\/p>\n<p>Hvis du vil ha beskjed n\u00e5r det blir lagt ut ny informasjon, kan du abonnere p\u00e5 nyheter ved \u00e5 legge inn e-postadressen din p\u00e5 h\u00f8yre side av denne siden, og klikke p\u00e5\u00a0&laquo;Abonner&raquo;.\u00a0Da vil du automatisk f\u00e5 en e-post hver gang vi legger ut noe nytt p\u00e5 siden. E-postadressen din blir ikke lagret hos oss til bruk for andre form\u00e5l.<\/p>\n<ul>\n<li><a href=\"https:\/\/nettsteder.regjeringen.no\/romanitater\/nou-2015-7\/\">Les mer om NOU 2015: 7<\/a><\/li>\n<\/ul>\t<\/div>\n\t<div class=\"column text-wrap\">\n\t\t\n\t\t<section class=\"widget recent-posts-3 widget_recent_entries\">\n\t\t<h3>Aktuelt<\/h3>\n\t\t<ul>\n\t\t\t\t\t\t\t\t\t\t\t<li>\n\t\t\t\t\t<a href=\"https:\/\/nettsteder.regjeringen.no\/romanitater\/nyheter\/tater-romaniutvalgets-rapport-folges-opp-i-ny-stortingsmelding\/\">Tater-\/romaniutvalgets rapport f\u00f8lges opp i ny stortingsmelding<\/a>\n\t\t\t\t\t\t\t\t\t<\/li>\n\t\t\t\t\t\t\t\t\t\t\t<li>\n\t\t\t\t\t<a href=\"https:\/\/nettsteder.regjeringen.no\/romanitater\/nyheter\/gi-innspill-til-norges-rapportering-pa-rammekonvensjonen-og-minoritetssprakpakta\/\">Gi innspill til Norges rapportering p\u00e5 rammekonvensjonen og minoritetsspr\u00e5kpakta<\/a>\n\t\t\t\t\t\t\t\t\t<\/li>\n\t\t\t\t\t\t\t\t\t\t\t<li>\n\t\t\t\t\t<a href=\"https:\/\/nettsteder.regjeringen.no\/romanitater\/nyheter\/kulturradet-inviterer-til-digitalt-infomote\/\">Kulturr\u00e5det inviterer til digitalt infom\u00f8te<\/a>\n\t\t\t\t\t\t\t\t\t<\/li>\n\t\t\t\t\t\t\t\t\t\t\t<li>\n\t\t\t\t\t<a href=\"https:\/\/nettsteder.regjeringen.no\/romanitater\/nyheter\/midlene-som-er-holdt-tilbake-blir-ikke-borte\/\">Midlene som er holdt tilbake, blir ikke borte<\/a>\n\t\t\t\t\t\t\t\t\t<\/li>\n\t\t\t\t\t\t\t\t\t\t\t<li>\n\t\t\t\t\t<a href=\"https:\/\/nettsteder.regjeringen.no\/romanitater\/nyheter\/forskrift-om-tilskudd-til-romanifolket-taterne-er-vedtatt\/\">Forskrift om tilskudd til romanifolket\/taterne er vedtatt<\/a>\n\t\t\t\t\t\t\t\t\t<\/li>\n\t\t\t\t\t<\/ul>\n\n\t\t<\/section><section class=\"widget text-4 widget_text\">\t\t\t<div class=\"textwidget\"><p><a href=\"https:\/\/nettsteder.regjeringen.no\/romanitater\/nyheter\/\">Les flere aktueltsaker<\/a><\/p>\n<\/div>\n\t\t<\/section><section class=\"widget_text widget custom_html-2 widget_custom_html\"><h3>Abonner p\u00e5 v\u00e5rt epostvarsel<\/h3><div class=\"textwidget custom-html-widget\">[mailpoet_form id=\"1\"]<\/div><\/section>\t<\/div>\n<\/div>\n<\/div><\/div>","protected":false},"excerpt":{"rendered":"<p>Tater-\/romaniutvalget leverte sin rapport i juni 2015 \u2013 NOU 2015: 7 Assimilering og motstand. Rapporten beskriver norsk politikk overfor romanifolket\/taterne &#8230;<\/p>\n","protected":false},"author":533,"featured_media":0,"parent":0,"menu_order":0,"comment_status":"closed","ping_status":"closed","template":"","meta":{"_acf_changed":false,"footnotes":""},"class_list":["post-35","page","type-page","status-publish","hentry"],"acf":[],"language":"nb-NO","_links":{"self":[{"href":"https:\/\/nettsteder.regjeringen.no\/romanitater\/wp-json\/wp\/v2\/pages\/35","targetHints":{"allow":["GET"]}}],"collection":[{"href":"https:\/\/nettsteder.regjeringen.no\/romanitater\/wp-json\/wp\/v2\/pages"}],"about":[{"href":"https:\/\/nettsteder.regjeringen.no\/romanitater\/wp-json\/wp\/v2\/types\/page"}],"author":[{"embeddable":true,"href":"https:\/\/nettsteder.regjeringen.no\/romanitater\/wp-json\/wp\/v2\/users\/533"}],"replies":[{"embeddable":true,"href":"https:\/\/nettsteder.regjeringen.no\/romanitater\/wp-json\/wp\/v2\/comments?post=35"}],"version-history":[{"count":26,"href":"https:\/\/nettsteder.regjeringen.no\/romanitater\/wp-json\/wp\/v2\/pages\/35\/revisions"}],"predecessor-version":[{"id":685,"href":"https:\/\/nettsteder.regjeringen.no\/romanitater\/wp-json\/wp\/v2\/pages\/35\/revisions\/685"}],"wp:attachment":[{"href":"https:\/\/nettsteder.regjeringen.no\/romanitater\/wp-json\/wp\/v2\/media?parent=35"}],"curies":[{"name":"wp","href":"https:\/\/api.w.org\/{rel}","templated":true}]}}