{"id":31,"date":"2017-12-20T14:10:44","date_gmt":"2017-12-20T13:10:44","guid":{"rendered":"https:\/\/nettsteder.regjeringen.no\/romanitater\/?page_id=31"},"modified":"2018-07-30T14:49:36","modified_gmt":"2018-07-30T12:49:36","slug":"kontakt","status":"publish","type":"page","link":"https:\/\/nettsteder.regjeringen.no\/romanitater\/kontakt\/","title":{"rendered":"Kontakt"},"content":{"rendered":"<div id=\"module-0\" class=\"hogan-module hogan-module-dss_sidebar hogan-module-0\"><div class=\"hogan-module-inner\"><div class=\"columns sidebar-columns\">\n\t<div class=\"column text-wrap\">\n\t\t<p>Dersom du har sp\u00f8rsm\u00e5l til departementet om oppf\u00f8lgingen av\u00a0tater-\/romaniutvalgets rapport, eller andre sp\u00f8rsm\u00e5l som gjelder romanifolket\/taterne, ber vi om at du\u00a0sjekker om svaret allerede finnes i artikkelen <a href=\"https:\/\/nettsteder.regjeringen.no\/romanitater\/sporsmal-og-svar\/\">Sp\u00f8rsm\u00e5l og svar<\/a>.<\/p>\n<p>Hvis du\u00a0ikke finner svar p\u00e5 siden\u00a0kan du sende en e-post til <a href=\"mailto:postmottak@kmd.dep.no\">postmottak@kmd.dep.no.<\/a><\/p>\n<p>Dersom sp\u00f8rsm\u00e5let ditt\u00a0er relevant for flere vil vi legge ut svaret under <a href=\"https:\/\/nettsteder.regjeringen.no\/romanitater\/sporsmal-og-svar\/\">Sp\u00f8rsm\u00e5l og svar<\/a>. Det blir ikke lagt ut navn p\u00e5 den som har sendt sp\u00f8rsm\u00e5let.<\/p>\t<\/div>\n\t<div class=\"column text-wrap\">\n\t\t\n\t\t<section class=\"widget recent-posts-3 widget_recent_entries\">\n\t\t<h3>Aktuelt<\/h3>\n\t\t<ul>\n\t\t\t\t\t\t\t\t\t\t\t<li>\n\t\t\t\t\t<a href=\"https:\/\/nettsteder.regjeringen.no\/romanitater\/nyheter\/tater-romaniutvalgets-rapport-folges-opp-i-ny-stortingsmelding\/\">Tater-\/romaniutvalgets rapport f\u00f8lges opp i ny stortingsmelding<\/a>\n\t\t\t\t\t\t\t\t\t<\/li>\n\t\t\t\t\t\t\t\t\t\t\t<li>\n\t\t\t\t\t<a href=\"https:\/\/nettsteder.regjeringen.no\/romanitater\/nyheter\/gi-innspill-til-norges-rapportering-pa-rammekonvensjonen-og-minoritetssprakpakta\/\">Gi innspill til Norges rapportering p\u00e5 rammekonvensjonen og minoritetsspr\u00e5kpakta<\/a>\n\t\t\t\t\t\t\t\t\t<\/li>\n\t\t\t\t\t\t\t\t\t\t\t<li>\n\t\t\t\t\t<a href=\"https:\/\/nettsteder.regjeringen.no\/romanitater\/nyheter\/kulturradet-inviterer-til-digitalt-infomote\/\">Kulturr\u00e5det inviterer til digitalt infom\u00f8te<\/a>\n\t\t\t\t\t\t\t\t\t<\/li>\n\t\t\t\t\t\t\t\t\t\t\t<li>\n\t\t\t\t\t<a href=\"https:\/\/nettsteder.regjeringen.no\/romanitater\/nyheter\/midlene-som-er-holdt-tilbake-blir-ikke-borte\/\">Midlene som er holdt tilbake, blir ikke borte<\/a>\n\t\t\t\t\t\t\t\t\t<\/li>\n\t\t\t\t\t\t\t\t\t\t\t<li>\n\t\t\t\t\t<a href=\"https:\/\/nettsteder.regjeringen.no\/romanitater\/nyheter\/forskrift-om-tilskudd-til-romanifolket-taterne-er-vedtatt\/\">Forskrift om tilskudd til romanifolket\/taterne er vedtatt<\/a>\n\t\t\t\t\t\t\t\t\t<\/li>\n\t\t\t\t\t<\/ul>\n\n\t\t<\/section><section class=\"widget text-4 widget_text\">\t\t\t<div class=\"textwidget\"><p><a href=\"https:\/\/nettsteder.regjeringen.no\/romanitater\/nyheter\/\">Les flere aktueltsaker<\/a><\/p>\n<\/div>\n\t\t<\/section><section class=\"widget_text widget custom_html-2 widget_custom_html\"><h3>Abonner p\u00e5 v\u00e5rt epostvarsel<\/h3><div class=\"textwidget custom-html-widget\">[mailpoet_form id=\"1\"]<\/div><\/section>\t<\/div>\n<\/div>\n<\/div><\/div>","protected":false},"excerpt":{"rendered":"<p>Dersom du har sp\u00f8rsm\u00e5l til departementet om oppf\u00f8lgingen av\u00a0tater-\/romaniutvalgets rapport, eller andre sp\u00f8rsm\u00e5l som gjelder romanifolket\/taterne, ber vi om at &#8230;<\/p>\n","protected":false},"author":533,"featured_media":0,"parent":0,"menu_order":0,"comment_status":"closed","ping_status":"closed","template":"","meta":{"_acf_changed":false,"footnotes":""},"class_list":["post-31","page","type-page","status-publish","hentry"],"acf":[],"language":"nb-NO","_links":{"self":[{"href":"https:\/\/nettsteder.regjeringen.no\/romanitater\/wp-json\/wp\/v2\/pages\/31","targetHints":{"allow":["GET"]}}],"collection":[{"href":"https:\/\/nettsteder.regjeringen.no\/romanitater\/wp-json\/wp\/v2\/pages"}],"about":[{"href":"https:\/\/nettsteder.regjeringen.no\/romanitater\/wp-json\/wp\/v2\/types\/page"}],"author":[{"embeddable":true,"href":"https:\/\/nettsteder.regjeringen.no\/romanitater\/wp-json\/wp\/v2\/users\/533"}],"replies":[{"embeddable":true,"href":"https:\/\/nettsteder.regjeringen.no\/romanitater\/wp-json\/wp\/v2\/comments?post=31"}],"version-history":[{"count":8,"href":"https:\/\/nettsteder.regjeringen.no\/romanitater\/wp-json\/wp\/v2\/pages\/31\/revisions"}],"predecessor-version":[{"id":523,"href":"https:\/\/nettsteder.regjeringen.no\/romanitater\/wp-json\/wp\/v2\/pages\/31\/revisions\/523"}],"wp:attachment":[{"href":"https:\/\/nettsteder.regjeringen.no\/romanitater\/wp-json\/wp\/v2\/media?parent=31"}],"curies":[{"name":"wp","href":"https:\/\/api.w.org\/{rel}","templated":true}]}}