{"id":263,"date":"2018-04-20T13:59:26","date_gmt":"2018-04-20T11:59:26","guid":{"rendered":"https:\/\/nettsteder.regjeringen.no\/romanitater\/?page_id=263"},"modified":"2018-07-30T14:50:06","modified_gmt":"2018-07-30T12:50:06","slug":"nou-2015-7","status":"publish","type":"page","link":"https:\/\/nettsteder.regjeringen.no\/romanitater\/nou-2015-7\/","title":{"rendered":"NOU 2015: 7"},"content":{"rendered":"<div id=\"module-0\" class=\"hogan-module hogan-module-dss_sidebar hogan-module-0\"><div class=\"hogan-module-inner\"><div class=\"columns sidebar-columns\">\n\t<div class=\"column text-wrap\">\n\t\t<p>Utvalget har sett p\u00e5 norsk politikk og tiltak overfor romanifolket\/taterne fra 1850 til i dag. Utredningen viser at folkegruppen p\u00e5 1900-tallet ble utsatt for en hardhendt assimileringspolitikk fra norske myndigheter.\u00a0De sentrale\u00a0 tiltakene var omsorgsovertagelse av barn og bosetting, delvis med tvang. Den private organisasjonen Norsk misjon blant hjeml\u00f8se administrerte tiltakene overfor folkegruppen. Politikken har hatt sv\u00e6rt negative konsekvenser for enkeltpersoner og folkegruppen som helhet, og p\u00e5virker forholdet mellom taterne\/romanifolket og storsamfunnet ogs\u00e5 i dag. Utredningen anbefaler at norske myndigheter b\u00f8r vurdere tiltak p\u00e5 flere omr\u00e5der for \u00e5 oppn\u00e5 rettferdig og forsoning.<\/p>\n<p>Du kan lese dokumentene her, i PDF-format:<\/p>\n<ul>\n<li><a href=\"https:\/\/www.regjeringen.no\/contentassets\/4298afb537254b48a6d350dba871d4ce\/no\/pdfs\/nou201520150007000dddpdfs.pdf\">NOU 2015: 7 <em>Assimilering og motstand<\/em><\/a><\/li>\n<li><a href=\"https:\/\/www.regjeringen.no\/contentassets\/4298afb537254b48a6d350dba871d4ce\/NO\/SVED\/Vedlegg_Assimilering.pdf\">Vedlegg til NOU 2015: 7<\/a><\/li>\n<li><a href=\"https:\/\/www.regjeringen.no\/contentassets\/84eb037813614ea28476e78880d83a07\/nou-2015_7_sammendrag.pdf\">Kortversjon av NOU 2015: 7<\/a><\/li>\n<\/ul>\t<\/div>\n\t<div class=\"column text-wrap\">\n\t\t\n\t\t<section class=\"widget recent-posts-3 widget_recent_entries\">\n\t\t<h3>Aktuelt<\/h3>\n\t\t<ul>\n\t\t\t\t\t\t\t\t\t\t\t<li>\n\t\t\t\t\t<a href=\"https:\/\/nettsteder.regjeringen.no\/romanitater\/nyheter\/tater-romaniutvalgets-rapport-folges-opp-i-ny-stortingsmelding\/\">Tater-\/romaniutvalgets rapport f\u00f8lges opp i ny stortingsmelding<\/a>\n\t\t\t\t\t\t\t\t\t<\/li>\n\t\t\t\t\t\t\t\t\t\t\t<li>\n\t\t\t\t\t<a href=\"https:\/\/nettsteder.regjeringen.no\/romanitater\/nyheter\/gi-innspill-til-norges-rapportering-pa-rammekonvensjonen-og-minoritetssprakpakta\/\">Gi innspill til Norges rapportering p\u00e5 rammekonvensjonen og minoritetsspr\u00e5kpakta<\/a>\n\t\t\t\t\t\t\t\t\t<\/li>\n\t\t\t\t\t\t\t\t\t\t\t<li>\n\t\t\t\t\t<a href=\"https:\/\/nettsteder.regjeringen.no\/romanitater\/nyheter\/kulturradet-inviterer-til-digitalt-infomote\/\">Kulturr\u00e5det inviterer til digitalt infom\u00f8te<\/a>\n\t\t\t\t\t\t\t\t\t<\/li>\n\t\t\t\t\t\t\t\t\t\t\t<li>\n\t\t\t\t\t<a href=\"https:\/\/nettsteder.regjeringen.no\/romanitater\/nyheter\/midlene-som-er-holdt-tilbake-blir-ikke-borte\/\">Midlene som er holdt tilbake, blir ikke borte<\/a>\n\t\t\t\t\t\t\t\t\t<\/li>\n\t\t\t\t\t\t\t\t\t\t\t<li>\n\t\t\t\t\t<a href=\"https:\/\/nettsteder.regjeringen.no\/romanitater\/nyheter\/forskrift-om-tilskudd-til-romanifolket-taterne-er-vedtatt\/\">Forskrift om tilskudd til romanifolket\/taterne er vedtatt<\/a>\n\t\t\t\t\t\t\t\t\t<\/li>\n\t\t\t\t\t<\/ul>\n\n\t\t<\/section><section class=\"widget text-4 widget_text\">\t\t\t<div class=\"textwidget\"><p><a href=\"https:\/\/nettsteder.regjeringen.no\/romanitater\/nyheter\/\">Les flere aktueltsaker<\/a><\/p>\n<\/div>\n\t\t<\/section><section class=\"widget_text widget custom_html-2 widget_custom_html\"><h3>Abonner p\u00e5 v\u00e5rt epostvarsel<\/h3><div class=\"textwidget custom-html-widget\">[mailpoet_form id=\"1\"]<\/div><\/section>\t<\/div>\n<\/div>\n<\/div><\/div>","protected":false},"excerpt":{"rendered":"<p>Tater-\/romanituvalget ble oppnevnt ved en kongelig resolusjon 3. januar 2011. De leverte sin rapport 1. juni 2015.<\/p>\n","protected":false},"author":533,"featured_media":0,"parent":0,"menu_order":0,"comment_status":"closed","ping_status":"closed","template":"","meta":{"_acf_changed":false,"footnotes":""},"class_list":["post-263","page","type-page","status-publish","hentry"],"acf":[],"language":"nb-NO","_links":{"self":[{"href":"https:\/\/nettsteder.regjeringen.no\/romanitater\/wp-json\/wp\/v2\/pages\/263","targetHints":{"allow":["GET"]}}],"collection":[{"href":"https:\/\/nettsteder.regjeringen.no\/romanitater\/wp-json\/wp\/v2\/pages"}],"about":[{"href":"https:\/\/nettsteder.regjeringen.no\/romanitater\/wp-json\/wp\/v2\/types\/page"}],"author":[{"embeddable":true,"href":"https:\/\/nettsteder.regjeringen.no\/romanitater\/wp-json\/wp\/v2\/users\/533"}],"replies":[{"embeddable":true,"href":"https:\/\/nettsteder.regjeringen.no\/romanitater\/wp-json\/wp\/v2\/comments?post=263"}],"version-history":[{"count":9,"href":"https:\/\/nettsteder.regjeringen.no\/romanitater\/wp-json\/wp\/v2\/pages\/263\/revisions"}],"predecessor-version":[{"id":527,"href":"https:\/\/nettsteder.regjeringen.no\/romanitater\/wp-json\/wp\/v2\/pages\/263\/revisions\/527"}],"wp:attachment":[{"href":"https:\/\/nettsteder.regjeringen.no\/romanitater\/wp-json\/wp\/v2\/media?parent=263"}],"curies":[{"name":"wp","href":"https:\/\/api.w.org\/{rel}","templated":true}]}}