{"id":23,"date":"2017-12-20T14:10:13","date_gmt":"2017-12-20T13:10:13","guid":{"rendered":"https:\/\/nettsteder.regjeringen.no\/romanitater\/?page_id=23"},"modified":"2019-03-20T18:05:49","modified_gmt":"2019-03-20T17:05:49","slug":"sporsmal-og-svar","status":"publish","type":"page","link":"https:\/\/nettsteder.regjeringen.no\/romanitater\/sporsmal-og-svar\/","title":{"rendered":"Sp\u00f8rsm\u00e5l og svar"},"content":{"rendered":"<div id=\"module-0\" class=\"hogan-module hogan-module-text hogan-module-0 text-wrap\"><div class=\"hogan-module-inner clearfix\"><p><a href=\"https:\/\/www.regjeringen.no\/no\/dokument\/dep\/kmd\/hoeringer\/hoeringsdok\/2015\/horing---oppfolging-av-tater-romaniutvalgets-rapport\/sporsmal-og-svar-i-horingen-av-tater-romaniutvalgets-rapport\/id2484766\/\">Sp\u00f8rsm\u00e5l og svar i forbindelse med h\u00f8ringen av NOU 2015: 7 finner du her.<\/a><\/p><\/div><\/div><div id=\"module-1\" class=\"hogan-module hogan-module-expandable_list hogan-module-1\"><div class=\"hogan-module-inner text-wrap list-items\">\t<div class=\"hogan-expandable-list-item list-item\">\n\t\t<div class=\"anchor\" id=\"panel-1-0\">&nbsp;<\/div>\n\t\t<a href=\"#panel-1-0\">\n\t\t\t<div class=\"hogan-expandable-list-item-title\">Finnes det registre p\u00e5 romanifolket\/taterne?<\/div>\t\t\t<span><\/span>\n\t\t<\/a>\n\t\t<div aria-expanded=\"false\">\n\t\t\t<p>Nei, myndighetene kan ikke lage registre over hvem som tilh\u00f8rer romanifolket\/taterne. Registrering p\u00e5 etnisk grunnlag er forbudt i Norge. Det finnes noen slike lister i Riksarkivet fra f\u00f8rste halvdel av 1900-tallet, (blant annet fra Norsk misjon blant hjeml\u00f8se), men disse er klausulert (sperret for innsyn) og kan ikke brukes av myndighetene lenger. I tillegg har en del gitt informasjon om etnisiteten sin n\u00e5r de har s\u00f8kt erstatning, men dette ligger bare som informasjon i den enkelte s\u00f8knaden.<\/p>\n<p>Tater-\/romaniutvalget har ikke laget oversikt over hvem de har snakket med i forbindelse med utvalgets arbeid. Forskere som har sett p\u00e5 saker hvor enkeltpersoner er omtalt, som har utarbeidet statistikk til bruk i utvalgets arbeid, eller som har hatt samtaler med enkeltpersoner som har fortalt sin historie, har makulert eller anonymisert materialet sitt.<\/p>\n<p>Departementet forholder seg i hovedsak til organisasjoner i dialogen vi har med gruppen. I tilfeller hvor vi \u00f8nsker \u00e5 n\u00e5 bredere ut, for eksempel med informasjon om h\u00f8ringen, sender vi ogs\u00e5 informasjon til enkeltpersoner som har v\u00e6rt i kontakt med oss, og som har bedt om \u00e5 f\u00e5 slik informasjon. Departementet har ikke lister over disse personene, bare e-postadresser.<\/p>\n\t\t<\/div>\n\t<\/div>\n\t<div class=\"hogan-expandable-list-item list-item\">\n\t\t<div class=\"anchor\" id=\"panel-1-1\">&nbsp;<\/div>\n\t\t<a href=\"#panel-1-1\">\n\t\t\t<div class=\"hogan-expandable-list-item-title\">Hvilke erstatninger\/oppreisninger er gitt til romanifolket\/taterne?<\/div>\t\t\t<span><\/span>\n\t\t<\/a>\n\t\t<div aria-expanded=\"false\">\n\t\t\t<p>Dette finner du informasjon om p\u00e5 sidene:<\/p>\n<ul>\n<li><a href=\"https:\/\/nettsteder.regjeringen.no\/romanitater\/kollektiv-oppreisning\/\">Kollektiv oppreisning<\/a><\/li>\n<li><a href=\"https:\/\/nettsteder.regjeringen.no\/romanitater\/individuelle-erstatninger\/\">Individuelle erstatninger<\/a><\/li>\n<\/ul>\n\t\t<\/div>\n\t<\/div>\n\t<div class=\"hogan-expandable-list-item list-item\">\n\t\t<div class=\"anchor\" id=\"panel-1-2\">&nbsp;<\/div>\n\t\t<a href=\"#panel-1-2\">\n\t\t\t<div class=\"hogan-expandable-list-item-title\">Hvilken dialog har departementet med organisasjonene?<\/div>\t\t\t<span><\/span>\n\t\t<\/a>\n\t\t<div aria-expanded=\"false\">\n\t\t\t<p>Kommunal- og moderniseringsdepartementet arrangerer jevnlig et Kontaktforum mellom nasjonale minoriteter og statlige myndigheter. Deltakerne p\u00e5 kontaktforum er organisasjoner som f\u00e5r driftstilskudd.<\/p>\n<p>I tillegg har departementet kontakt med organisasjonene i ulike sammenhenger, for eksempel n\u00e5r det er naturlig \u00e5 f\u00e5 innspill fra organisasjonene. Eksempler kan v\u00e6re at departementet skal rapportere p\u00e5 Europar\u00e5dets minoritetsspr\u00e5kpakt eller Rammekonvensjonen om beskyttelse av nasjonale minoriteter. Det kan ogs\u00e5 v\u00e6re aktuelt n\u00e5r det er h\u00f8ringssaker som ber\u00f8rer nasjonale minoriteter.<\/p>\n<p>Departementet har ogs\u00e5 m\u00f8ter med organisasjonene n\u00e5r det er behov for det. Noen ganger tar ogs\u00e5 organisasjonene initiativ til m\u00f8ter.<\/p>\n\t\t<\/div>\n\t<\/div>\n\t<div class=\"hogan-expandable-list-item list-item\">\n\t\t<div class=\"anchor\" id=\"panel-1-3\">&nbsp;<\/div>\n\t\t<a href=\"#panel-1-3\">\n\t\t\t<div class=\"hogan-expandable-list-item-title\">Hvilke organisasjoner f\u00e5r driftstilskudd fra departementet?<\/div>\t\t\t<span><\/span>\n\t\t<\/a>\n\t\t<div aria-expanded=\"false\">\n\t\t\t<p>Kommunal- og moderniseringsdepartementet har en tilskuddsordning hvor det blir gitt driftstilskudd til nasjonale minoriteters organisasjoner, hvis de oppfyller visse krav. Departementet vil fortsatt gi driftstilskudd til de av romanifolket\/taternes organisasjoner som oppfyller kravene for \u00e5 f\u00e5 driftstilskudd. Kravene er blant annet at organisasjonen m\u00e5 ha minst 100 medlemmer og v\u00e6re demokratisk oppbygd. Niv\u00e5et p\u00e5 driftstilskuddet er avhengig av hvor mye Stortinget setter av p\u00e5 tilskuddsposten. Departementet bestemmer hvor mye hver organisasjon f\u00e5r i st\u00f8tte, avhengig av antall medlemmer og aktivitetsniv\u00e5 i organisasjonen. Ansvaret for driftstilskudd og prosjektst\u00f8tte til nasjonale minoriteter vil fortsatte ligge i Kommunal- og moderniseringsdepartementet.<\/p>\n<p>Totalt sju av nasjonale minoriteters organisasjoner f\u00e5r driftstilskudd fra denne ordningen i 2018. To av disse er romani-\/taterorganisasjoner:<\/p>\n<ul>\n<li>Landsorganisasjonen for romanifolket<\/li>\n<li>Taternes Landsforening<\/li>\n<\/ul>\n\t\t<\/div>\n\t<\/div>\n\t<div class=\"hogan-expandable-list-item list-item\">\n\t\t<div class=\"anchor\" id=\"panel-1-4\">&nbsp;<\/div>\n\t\t<a href=\"#panel-1-4\">\n\t\t\t<div class=\"hogan-expandable-list-item-title\">Dagens undervisning om romanifolket\/taterne<\/div>\t\t\t<span><\/span>\n\t\t<\/a>\n\t\t<div aria-expanded=\"false\">\n\t\t\t<p>Romanifolket\/taterne er en av fem\u00a0<a href=\"https:\/\/www.regjeringen.no\/no\/tema\/urfolk-og-minoriteter\/nasjonale-minoriteter\/id1404\/\">nasjonale minoriteter i Norge<\/a>. Gjennom\u00a0<i>Europar\u00e5dets rammekonvensjon om beskyttelse av nasjonale minoriteter<\/i>\u00a0er Norge forpliktet\u00a0til\u00a0fremme kunnskap om nasjonale minoriteters kultur, historie, spr\u00e5k og religion. Dette gjelder ogs\u00e5 i skolen. De nasjonale minoritetene \u2013 og deriblant romanifolket\/taterne \u2013 er ogs\u00e5 en viktig del av den norske historien som myndighetene mener det er viktig at barn l\u00e6rer om.<\/p>\n<p>Rammeplan og l\u00e6replanverket for barnehager og skoler sier at alle barn og elever skal l\u00e6re om v\u00e5re nasjonale minoriteter.<\/p>\n<p>Det er skolene selv som bestemmer hvordan undervisningen skal legges opp.<\/p>\n<p>Les mer\u00a0om dette under\u00a0<a href=\"https:\/\/nettsteder.regjeringen.no\/romanitater\/utdanning-og-forskning\/\">Utdanning og forskning<\/a>.<\/p>\n<p><i>Materiell for barnehager og skoler<\/i><br \/>\nUtdanningsdirektoratet har utarbeidet et materiell til hjelp for de ansatte i barnehager og skoler som skal v\u00e6re til hjelp for \u00e5 forst\u00e5 bakgrunnen til elever som har bakgrunn fra en av de nasjonale minoritetene, deriblant romanifolket\/taterne. Materiellet er laget i samarbeid med representanter fra de nasjonale minoritetenes organisasjoner. I 2015 ble materiellet sendt ut til alle kommuner, fylkeskommuner,\u00a0grunn- og videreg\u00e5ende skoler og barnehager. Det er ogs\u00e5 sendt ut til elevorganisasjoner, Utdanningsforbundet og andre relevante mottakere.<\/p>\n<ul>\n<li><a href=\"http:\/\/www.udir.no\/contentassets\/2bf7d00bc0c040d2886f8cdaa8acc22d\/nasjonale_minoriteter_udir.pdf\">Utdanningsdirektoratets veileder til ansatte i barnehager og skoler om nasjonale minoriteter<\/a>\u00a0(PDF)<\/li>\n<\/ul>\n<p>Minstemme.no er et nettsted som skal fremme demokrati og deltagelse i barnehage og skole. Nettstedet tilbyr oppgaver og undervisningsopplegg innenfor en rekke temaer. Eksempler p\u00e5 temaer er demokrati, menneskerettigheter, nasjonale minoriteter \u2013 og deriblant romanifolket\/taterne.<\/p>\n<p>Min stemme er utviklet av\u00a0\u00a0Senter for IKT i utdanningen i samarbeid med\u00a0Utdanningsdirektoratet.<\/p>\n<ul>\n<li><a href=\"http:\/\/xn--www-rp0a.minstemme.no\/\">http:\/\/www.minstemme.no<\/a><\/li>\n<\/ul>\n\t\t<\/div>\n\t<\/div>\n\t<div class=\"hogan-expandable-list-item list-item\">\n\t\t<div class=\"anchor\" id=\"panel-1-5\">&nbsp;<\/div>\n\t\t<a href=\"#panel-1-5\">\n\t\t\t<div class=\"hogan-expandable-list-item-title\">Hvordan er medlemmene til referansegruppen valgt ut?<\/div>\t\t\t<span><\/span>\n\t\t<\/a>\n\t\t<div aria-expanded=\"false\">\n\t\t\t<p>Da\u00a0departementet skulle opprette en referansegruppe som skal se p\u00e5 oppf\u00f8lgingen av NOU 2015: 7, var vi opptatt av \u00e5 ha med bredden i romanifolket\/taterne. Normalt har vi forholdt oss til de etablerte organisasjonene n\u00e5r vi skal ha innspill til ulike temaer. Ettersom det er f\u00e5 av romanifolket\/taterne som er organisert, har vi i denne saken\u00a0g\u00e5tt bredt ut og bedt om\u00a0forslag\u00a0p\u00e5 enkeltpersoner som kan gi gode innspill til arbeidet.<\/p>\n<p>De uorganiserte\/enkeltpersonene som deltar i referansegruppen, kan bare snakke p\u00e5 vegne av seg selv. N\u00e5r en person er foresl\u00e5tt av flere, vurderer departementet det likevel slik at flere mener denne personen vil ha viktige innspill i arbeidet.<\/p>\n<p>Organisasjoner har en viktig funksjon i det norske demokratiet, og myndighetene har en plikt til \u00e5 involvere organisasjonene i saker som gjelder dem.\u00a0Det er opp til organisasjonene \u00e5 bestemme hvem som skal representere dem.<\/p>\n<p>Seks organisasjoner har oppnevnt en person hver til referansegruppen. Departementet fikk forslag p\u00e5 atten uorganiserte\/enkeltpersoner, og av disse har vi plukket ut fem personer. I valget har vi lagt vekt p\u00e5 \u00e5 f\u00e5 inn ulike aldersgrupper og ha geografisk spredning. Vi har ogs\u00e5 sett p\u00e5 hvor mange som har foresl\u00e5tt personen.<\/p>\n<ul>\n<li><a href=\"https:\/\/nettsteder.regjeringen.no\/romanitater\/2018\/04\/19\/departementet-har-opprettet-en-referansegruppe\/\">Les mer om referansegruppen og\u00a0medlemmene i gruppen<\/a><\/li>\n<\/ul>\n\t\t<\/div>\n\t<\/div>\n\t<div class=\"hogan-expandable-list-item list-item\">\n\t\t<div class=\"anchor\" id=\"panel-1-6\">&nbsp;<\/div>\n\t\t<a href=\"#panel-1-6\">\n\t\t\t<div class=\"hogan-expandable-list-item-title\">Hva har skjedd med Stiftelsen Romanifolkets\/taternes kulturfond?<\/div>\t\t\t<span><\/span>\n\t\t<\/a>\n\t\t<div aria-expanded=\"false\">\n\t\t\t<p>Departementet har siden 2015 holdt tilbake midler til Stiftelsen Romanifolkets\/taternes kulturfond p\u00e5 grunn av tvil om midlene ble brukt etter det som var intensjonen med fondet. I 2017 bestemte Stortinget at det ikke lenger skal utbetales midler til fondet over statsbudsjettet. Fondet ble sl\u00e5tt konkurs i Oslo tingrett i februar 2018. Tingretten har oppnevnt en bostyrer som n\u00e5 har startet en gjennomgang av hvordan stiftelsens midler har blitt brukt. Departementet har ingen informasjon om n\u00e5r arbeidet vil v\u00e6re ferdig.<\/p>\n<p>Romanifolkets\/taternes senter ble sl\u00e5tt konkurs i desember 2017. Det er lagt opp til samarbeid mellom bostyrerne i fondet og senteret.<\/p>\n\t\t<\/div>\n\t<\/div>\n\t<div class=\"hogan-expandable-list-item list-item\">\n\t\t<div class=\"anchor\" id=\"panel-1-7\">&nbsp;<\/div>\n\t\t<a href=\"#panel-1-7\">\n\t\t\t<div class=\"hogan-expandable-list-item-title\">Hvordan ble medlemmene i styret for Stiftelsen Romanifolkets\/taternes kulturfond valgt ut?<\/div>\t\t\t<span><\/span>\n\t\t<\/a>\n\t\t<div aria-expanded=\"false\">\n\t\t\t<p>If\u00f8lge stiftelsens vedtekter skal organisasjonene som har rett til \u00e5 oppnevne medlemmer til styret i stiftelsen, velge \u00e9n representant og \u00e9n vararepresentant hver til styret. I tillegg skal det departementet som har ansvar for saker som gjelder nasjonale minoriteter, velge en styrerepresentant og en vararepresentant. For tiden er det Kommunal- og moderniseringsdepartementet (KMD) som har ansvaret for politikken overfor nasjonale minoriteter.<\/p>\n<p>Da nye representanter til styret skulle velges i 2017, hadde stiftelsen saks\u00f8kt KMD fordi midlene til stiftelsen var holdt tilbake. I en slik situasjon kunne KMD derfor bli ansett som inhabilt til \u00e5 velge styremedlemmer til stiftelsen. Regjeringen bestemte, gjennom en kongelig resolusjon, at ansvaret for \u00e5 oppnevne styremedlemmer til stiftelsen midlertidig skulle overf\u00f8res til N\u00e6rings- og fiskeridepartementet (NFD). En av \u00e5rsakene til at akkurat NFD ble valgt, er at dette departementet sitter med stor kompetanse p\u00e5 \u00e5 velge styremedlemmer til ulike statlige styrer.<\/p>\n<p>If\u00f8lge Grunnloven har Kongen full instruksjonsrett n\u00e5r det gjelder hvordan saker skal fordeles mellom de ulike departementene. Dette gjelder selv om vedtektene til fondet sier noe annet.<\/p>\n<p>Stiftelsestilsynet har avvist en klage fra representanter fra romanifolket\/taternes organisasjoner p\u00e5 hvordan styremedlemmene oppnevnt av staten er blitt valgt. Klagen er n\u00e5 til behandling hos Stiftelsesklagenemda.<\/p>\n\t\t<\/div>\n\t<\/div>\n\t<div class=\"hogan-expandable-list-item list-item\">\n\t\t<div class=\"anchor\" id=\"panel-1-8\">&nbsp;<\/div>\n\t\t<a href=\"#panel-1-8\">\n\t\t\t<div class=\"hogan-expandable-list-item-title\">Kan departementet instruere styremedlemmer oppnevnt av staten?<\/div>\t\t\t<span><\/span>\n\t\t<\/a>\n\t\t<div aria-expanded=\"false\">\n\t\t\t<p>Styremedlemmene oppnevnt av staten er selvstendige styremedlemmer, p\u00e5 lik linje med\u00a0styremedlemmene som er oppnevnt av organisasjonene. Departementet kan ikke instruere styremedlemmene p\u00e5 noen som helst m\u00e5te.<\/p>\n<p>For \u00e5 f\u00e5 styremedlemmer med rett kompetanse har\u00a0departementet tilbudt\u00a0medlemmene som er oppnevnt av staten, en utvalgsgodtgj\u00f8relse etter de satsene som g\u00e5r fram av\u00a0<a href=\"https:\/\/lovdata.no\/dokument\/SPH\/sph-2018\">Statens personalh\u00e5ndbok<\/a>. Det blir ikke utbetalt noen bonus eller annen tilleggsbetaling utover dette.<\/p>\n\t\t<\/div>\n\t<\/div>\n\t<div class=\"hogan-expandable-list-item list-item\">\n\t\t<div class=\"anchor\" id=\"panel-1-9\">&nbsp;<\/div>\n\t\t<a href=\"#panel-1-9\">\n\t\t\t<div class=\"hogan-expandable-list-item-title\">Hvorfor ble det ingen rettssak mot staten?<\/div>\t\t\t<span><\/span>\n\t\t<\/a>\n\t\t<div aria-expanded=\"false\">\n\t\t\t<p>Styret i Stiftelsen Romanifolkets\/taternes kulturfond saks\u00f8kte i 2016 Kommunal- og moderniseringsdepartementet for \u00e5 f\u00e5 utbetalt de midlene som var holdt tilbake siden 2015.<\/p>\n<p>Det nye styret som tr\u00e5dte i kraft v\u00e5ren 2017, vurderte saken og besluttet \u00e5 trekke s\u00f8ksm\u00e5let mot departementet. En av \u00e5rsakene var at det ikke var holdt av midler til \u00e5 kunne gjennomf\u00f8re en slik rettssak. Departementet har ikke v\u00e6rt involvert i denne avgj\u00f8relsen, og har heller ikke deltatt i m\u00f8tene hvor avgj\u00f8relsen ble tatt.<\/p>\n\t\t<\/div>\n\t<\/div>\n\t<div class=\"hogan-expandable-list-item list-item\">\n\t\t<div class=\"anchor\" id=\"panel-1-10\">&nbsp;<\/div>\n\t\t<a href=\"#panel-1-10\">\n\t\t\t<div class=\"hogan-expandable-list-item-title\">Hvor er det blitt av pengene til den kollektive oppreisningen?<\/div>\t\t\t<span><\/span>\n\t\t<\/a>\n\t\t<div aria-expanded=\"false\">\n\t\t\t<p>I perioden 2008 til og med 2014 ble det betalt ut 36,6 millioner kroner til Stiftelsen Romanifolkets\/taternes kulturfond. Av dette har ca. 9,9 millioner kroner blitt betalt ut som tilskudd\u00a0til\u00a0totalt 155 ulike prosjekter.<\/p>\n<p>Bostyrer er i gang med \u00e5 se p\u00e5 hvordan resten av midlene som er utbetalt til stiftelsen er blitt brukt.<\/p>\n<p>Departementet har ikke betalt ut midler til Stiftelsen Romanifolkets\/taternes kulturfond siden 2014. Midlene st\u00e5r p\u00e5 departementets konto, og det er disse midlene som n\u00e5 skal forvaltes av Kulturr\u00e5det.<\/p>\n<p>Samlet bel\u00f8p som Kulturr\u00e5det skal forvalte fra 2019 er 21 731 000 kroner. Bel\u00f8pet gjelder de \u00e5rlige bevilgningene fra 2015 til og med 2019, fratrukket midler som er gitt som tilskudd over den midlertidige tilskuddsordningen i 2017 og 2018.<\/p>\n\t\t<\/div>\n\t<\/div>\n\t<div class=\"hogan-expandable-list-item list-item\">\n\t\t<div class=\"anchor\" id=\"panel-1-11\">&nbsp;<\/div>\n\t\t<a href=\"#panel-1-11\">\n\t\t\t<div class=\"hogan-expandable-list-item-title\">Hvordan kan de uorganiserte bli h\u00f8rt?<\/div>\t\t\t<span><\/span>\n\t\t<\/a>\n\t\t<div aria-expanded=\"false\">\n\t\t\t<p>Departementene forholder seg som hovedregel til organisasjoner i saker som gjelder de nasjonale minoritetene. Vi har ikke mulighet til \u00e5 snakke med alle enkeltpersonene i minoritetsgruppene hver gang en politisk beslutning skal tas, men enkeltpersoner har anledning til \u00e5 levere innspill til aktuelle h\u00f8ringer.<\/p>\n<p>Vi oppfordrer de som vil v\u00e6re med \u00e5 p\u00e5virke politikkutviklingen til \u00e5 melde seg inn i en av de etablerte medlemsorganisasjonene, eller \u00e5 danne egne demokratiske organisasjoner.<\/p>\n<p>Gjennom denne nettsiden vil departementet orientere om saker som kan ha betydning for romanifolket\/taterne.<\/p>\n\t\t<\/div>\n\t<\/div>\n\t<div class=\"hogan-expandable-list-item list-item\">\n\t\t<div class=\"anchor\" id=\"panel-1-12\">&nbsp;<\/div>\n\t\t<a href=\"#panel-1-12\">\n\t\t\t<div class=\"hogan-expandable-list-item-title\">Hvordan g\u00e5r jeg frem for \u00e5 finne informasjon i arkivene?<\/div>\t\t\t<span><\/span>\n\t\t<\/a>\n\t\t<div aria-expanded=\"false\">\n\t\t\t<p>Alle har som hovedregel rett til \u00e5 f\u00e5 se opplysninger om seg selv i arkivene.<\/p>\n<p>Hvis du vil s\u00f8ke innsyn i saker som gjelder deg selv (partsinnsyn), m\u00e5 du sende en s\u00f8knad til Arkivverket p\u00e5\u00a0<a href=\"mailto:post@arkivverket.no\">post@arkivverket.no<\/a>. I s\u00f8knaden m\u00e5 du gj\u00f8re rede for hvilken tilknytning du har til saken, hvorfor du \u00f8nsker innsyn, og legge ved en kopi av legitimasjonen din.<\/p>\n<p>Du kan ogs\u00e5 be en advokat s\u00f8ke for deg, eller gi en annen person fullmakt til \u00e5 s\u00f8ke for deg.<\/p>\n<ul>\n<li><strong><a href=\"https:\/\/www.arkivverket.no\/kom-i-gang-med-arkiv\/taushetsbelagte-opplysninger\">Les mer hos Arkivverket<\/a><\/strong><\/li>\n<\/ul>\n\t\t<\/div>\n\t<\/div>\n<\/div><\/div>","protected":false},"excerpt":{"rendered":"<p>Her har vi samlet en del av de sp\u00f8rsm\u00e5lene vi oftest f\u00e5r om NOU 2015: 7, om oppf\u00f8lgingen av rapporten &#8230;<\/p>\n","protected":false},"author":533,"featured_media":0,"parent":0,"menu_order":0,"comment_status":"closed","ping_status":"closed","template":"","meta":{"_acf_changed":false,"footnotes":""},"class_list":["post-23","page","type-page","status-publish","hentry"],"acf":[],"language":"nb-NO","_links":{"self":[{"href":"https:\/\/nettsteder.regjeringen.no\/romanitater\/wp-json\/wp\/v2\/pages\/23","targetHints":{"allow":["GET"]}}],"collection":[{"href":"https:\/\/nettsteder.regjeringen.no\/romanitater\/wp-json\/wp\/v2\/pages"}],"about":[{"href":"https:\/\/nettsteder.regjeringen.no\/romanitater\/wp-json\/wp\/v2\/types\/page"}],"author":[{"embeddable":true,"href":"https:\/\/nettsteder.regjeringen.no\/romanitater\/wp-json\/wp\/v2\/users\/533"}],"replies":[{"embeddable":true,"href":"https:\/\/nettsteder.regjeringen.no\/romanitater\/wp-json\/wp\/v2\/comments?post=23"}],"version-history":[{"count":25,"href":"https:\/\/nettsteder.regjeringen.no\/romanitater\/wp-json\/wp\/v2\/pages\/23\/revisions"}],"predecessor-version":[{"id":633,"href":"https:\/\/nettsteder.regjeringen.no\/romanitater\/wp-json\/wp\/v2\/pages\/23\/revisions\/633"}],"wp:attachment":[{"href":"https:\/\/nettsteder.regjeringen.no\/romanitater\/wp-json\/wp\/v2\/media?parent=23"}],"curies":[{"name":"wp","href":"https:\/\/api.w.org\/{rel}","templated":true}]}}