{"id":185,"date":"2018-04-04T13:37:45","date_gmt":"2018-04-04T11:37:45","guid":{"rendered":"https:\/\/nettsteder.regjeringen.no\/romanitater\/?page_id=185"},"modified":"2018-07-30T14:48:29","modified_gmt":"2018-07-30T12:48:29","slug":"individuelle-erstatninger","status":"publish","type":"page","link":"https:\/\/nettsteder.regjeringen.no\/romanitater\/individuelle-erstatninger\/","title":{"rendered":"Individuelle erstatninger"},"content":{"rendered":"<div id=\"module-0\" class=\"hogan-module hogan-module-dss_sidebar hogan-module-0\"><div class=\"hogan-module-inner\"><div class=\"columns sidebar-columns\">\n\t<div class=\"column text-wrap\">\n\t\t<p>Noen synes det er vanskelig \u00e5 orientere seg i ordningene. Hvis du er usikker p\u00e5 om du kan s\u00f8ke, eller du trenger hjelp til s\u00f8knaden, kan du f\u00e5 hjelp til de statlige ordningene fra Statens sivilrettsforvaltning p\u00e5 telefon 22 99 13 25 hverdager mellom kl. 10 og 15. Du kan ogs\u00e5 f\u00e5\u00a0hjelp og veiledning fra Stiftelsen Rettferd for taperne, p\u00e5 telefon 61 11 89 90.<\/p>\n<ul>\n<li><a href=\"http:\/\/www.taperne.no\/\">Stiftelsen rettferd for taperne<\/a><\/li>\n<\/ul>\n<h2>Statlige erstatningsordninger<\/h2>\n<p>Romanifolk\/tatere kan som andre s\u00f8ke erstatning (vederlag) gjennom Stortingets ordin\u00e6re rettferdsvederlagsordning. Rettferdsvederlag (erstatning) blir som hovedregel gitt i tilfeller hvor myndighetene har opptr\u00e5dt kritikkverdig, og dette har p\u00e5f\u00f8rt en person skade eller ulempe. Eksempler kan v\u00e6re feil gjort av barnevernet eller mangelfull skolegang. Ordningen er ikke ment \u00e5 dekke hele det \u00f8konomiske tapet man har hatt, men er ment \u00e5 v\u00e6re et &laquo;plaster p\u00e5 s\u00e5ret&raquo;.<\/p>\n<p>Stortinget kan gi inntil 250 000 kroner per s\u00f8ker. Ordningen med rettferdsvederlag er \u00e5pen for romanifolk\/tatere p\u00e5 lik linje med andre.<\/p>\n<h2>S\u00e6rordning for romanifolk\/tatere<\/h2>\n<p>I 2004 ble det laget en s\u00e6rskilt ordning for s\u00f8kere med romani-\/taterbakgrunn. Gjennom denne ordningen kan romanifolk\/tatere f\u00e5 erstatning for mobbing p\u00e5 grunn av sitt opphav, tvangssterilisering og opphold p\u00e5 Svanviken arbeidskoloni. Fram til\u00a02015 har totalt 1251 personer med romani-\/taterbakgrunn s\u00f8kt oppreisning\u00a0innenfor denne s\u00e6rordningen, av disse har\u00a01231 personer\u00a0f\u00e5tt\u00a0erstatning. I tillegg har mange romanifolk\/tatere s\u00f8kt om, og f\u00e5tt, erstatning for mangelfull skolegang og feil i barnevernet. Det finnes ikke tall p\u00e5 hvor mange romanifolk\/tatere som har f\u00e5tt innvilget vederlag for slike forhold. De som har f\u00e5tt h\u00f8yest oppreisningssum, har f\u00e5tt for flere grunnlag samtidig \u2013 for eksempel b\u00e5de for mobbing, tvangssterilisering, opphold p\u00e5 Svanviken, mangelfull skolegang og svikt i barnevernet.<\/p>\n<p>Romanifolket\/taterne er den eneste gruppen som kan f\u00e5 erstatning for flere forhold samtidig, uten at erstatningen blir kortet ned. Samlet erstatning kan alts\u00e5 komme over det maksimale erstatningsbel\u00f8pet p\u00e5 250 000 kroner.<\/p>\n<p>Det er ingen andre grupper i samfunnet som i dag har en slik ordning som romanifolket\/taterne, hvor det blir gitt 20 000 kroner i erstatning for mobbing bare p\u00e5 grunnlag av en egenerkl\u00e6ring. De som kan dokumentere at mobbingen har f\u00f8rt til alvorlig skade kan f\u00e5 en h\u00f8yere erstatning.\u00a0Slik dokumentasjon kan\u00a0for eksempel v\u00e6re legeerkl\u00e6ring, journaler eller epikriser. Den s\u00e6rlige ordningen for erstatning p\u00e5 grunn av mobbing gjelder for forhold som skjedde fram til 1997.<\/p>\n<h2>S\u00e6rordning for tidligere barnehjemsbarn<\/h2>\n<p>I 2005 ble det ogs\u00e5 laget en s\u00e6rskilt ordning for tidligere barnehjemsbarn. Det finnes ingen oversikt over hvor mange romanifolk\/tatere som har s\u00f8kt og\/eller f\u00e5tt innvilget vederlag gjennom denne ordningen.<\/p>\n<ul>\n<li><a href=\"http:\/\/www.sivilrett.no\/rettferdsvederlag-fra-staten.304193.no.html\">Les mer om rettferdsvederlag og hvordan du s\u00f8ker erstatning<\/a><\/li>\n<li><a href=\"http:\/\/www.sivilrett.no\/tatereromanifolk.305319.no.html\">Les mer om s\u00e6rordningen for romanifolk\/tatere<\/a><\/li>\n<li><a href=\"http:\/\/www.sivilrett.no\/tidligere-barnehjemsbarn-mv-.305292.no.html\">Les mer om s\u00e6rordningen for tidligere barnehjemsbarn<\/a><\/li>\n<\/ul>\n<h2>Kommunale erstatningsordninger for tidligere barnevernsbarn<\/h2>\n<p>Mange kommuner har hatt egne oppreisingsordninger for tidligere barnevernsbarn. De fleste av disse er avsluttet, s\u00e5nn at det ikke lenger er mulig \u00e5 s\u00f8ke om erstatning.<\/p>\n<p>Hvis du er tidligere barnevernsbarn og har v\u00e6rt utsatt for overgrep eller opplevd uverdige omsorgsforhold under det kommunale barnevernet, kan du ta kontakt med din kommune eller fylkeskommune, eller kommunen du var plassert i, for \u00e5 finne ut om du kan ha krav p\u00e5 erstatning. Du kan ogs\u00e5 ta kontakt med Stiftelsen Rettferd for taperne p\u00e5 telefon 61 11 89 90, hvis du ikke vil kontakte kommunen direkte.<\/p>\n<p>Erstatningsbel\u00f8pene som har blitt utbetalt fra de kommunale ordningene, varierer fra 30 000 kroner til 750 000 kroner.<\/p>\n<h2>Utvalgets syn og innspill fra h\u00f8ringen om de individuelle erstatningene<\/h2>\n<p>Utvalget og innspillene i h\u00f8ringsprosessen peker p\u00e5 fem hovedproblemer med dagens ordninger:<\/p>\n<ul>\n<li>Mange\u00a0synes det er vanskelig \u00e5 s\u00f8ke.<\/li>\n<li>Det er vanskelig \u00e5 finne dokumentasjon i arkivene.<\/li>\n<li>Det er vanskelig \u00e5 finne ut hvilken kommune som hadde ansvaret.<\/li>\n<li>De innvilgede bel\u00f8pene er lave, spesielt de 20 000 kronene som gis som standardbel\u00f8p for mobbing p\u00e5 grunn av opphav.<\/li>\n<li>Mange oppfatter ordningene som urettferdige.<\/li>\n<\/ul>\n<p>Departementet jobber med \u00e5 se p\u00e5 hvordan vi kan f\u00f8lge opp utvalgets anbefalinger og innspillene fra h\u00f8ringen.<\/p>\t<\/div>\n\t<div class=\"column text-wrap\">\n\t\t\n\t\t<section class=\"widget recent-posts-3 widget_recent_entries\">\n\t\t<h3>Aktuelt<\/h3>\n\t\t<ul>\n\t\t\t\t\t\t\t\t\t\t\t<li>\n\t\t\t\t\t<a href=\"https:\/\/nettsteder.regjeringen.no\/romanitater\/nyheter\/tater-romaniutvalgets-rapport-folges-opp-i-ny-stortingsmelding\/\">Tater-\/romaniutvalgets rapport f\u00f8lges opp i ny stortingsmelding<\/a>\n\t\t\t\t\t\t\t\t\t<\/li>\n\t\t\t\t\t\t\t\t\t\t\t<li>\n\t\t\t\t\t<a href=\"https:\/\/nettsteder.regjeringen.no\/romanitater\/nyheter\/gi-innspill-til-norges-rapportering-pa-rammekonvensjonen-og-minoritetssprakpakta\/\">Gi innspill til Norges rapportering p\u00e5 rammekonvensjonen og minoritetsspr\u00e5kpakta<\/a>\n\t\t\t\t\t\t\t\t\t<\/li>\n\t\t\t\t\t\t\t\t\t\t\t<li>\n\t\t\t\t\t<a href=\"https:\/\/nettsteder.regjeringen.no\/romanitater\/nyheter\/kulturradet-inviterer-til-digitalt-infomote\/\">Kulturr\u00e5det inviterer til digitalt infom\u00f8te<\/a>\n\t\t\t\t\t\t\t\t\t<\/li>\n\t\t\t\t\t\t\t\t\t\t\t<li>\n\t\t\t\t\t<a href=\"https:\/\/nettsteder.regjeringen.no\/romanitater\/nyheter\/midlene-som-er-holdt-tilbake-blir-ikke-borte\/\">Midlene som er holdt tilbake, blir ikke borte<\/a>\n\t\t\t\t\t\t\t\t\t<\/li>\n\t\t\t\t\t\t\t\t\t\t\t<li>\n\t\t\t\t\t<a href=\"https:\/\/nettsteder.regjeringen.no\/romanitater\/nyheter\/forskrift-om-tilskudd-til-romanifolket-taterne-er-vedtatt\/\">Forskrift om tilskudd til romanifolket\/taterne er vedtatt<\/a>\n\t\t\t\t\t\t\t\t\t<\/li>\n\t\t\t\t\t<\/ul>\n\n\t\t<\/section><section class=\"widget text-4 widget_text\">\t\t\t<div class=\"textwidget\"><p><a href=\"https:\/\/nettsteder.regjeringen.no\/romanitater\/nyheter\/\">Les flere aktueltsaker<\/a><\/p>\n<\/div>\n\t\t<\/section><section class=\"widget_text widget custom_html-2 widget_custom_html\"><h3>Abonner p\u00e5 v\u00e5rt epostvarsel<\/h3><div class=\"textwidget custom-html-widget\">[mailpoet_form id=\"1\"]<\/div><\/section>\t<\/div>\n<\/div>\n<\/div><\/div>","protected":false},"excerpt":{"rendered":"<p>Det finnes flere individuelle oppreisingsordninger for mennesker som har opplevd overgrep. Det finnes b\u00e5de statlige ordninger og egne kommunale ordninger.<\/p>\n","protected":false},"author":74,"featured_media":0,"parent":0,"menu_order":0,"comment_status":"closed","ping_status":"closed","template":"","meta":{"_acf_changed":false,"footnotes":""},"class_list":["post-185","page","type-page","status-publish","hentry"],"acf":[],"language":"nb-NO","_links":{"self":[{"href":"https:\/\/nettsteder.regjeringen.no\/romanitater\/wp-json\/wp\/v2\/pages\/185","targetHints":{"allow":["GET"]}}],"collection":[{"href":"https:\/\/nettsteder.regjeringen.no\/romanitater\/wp-json\/wp\/v2\/pages"}],"about":[{"href":"https:\/\/nettsteder.regjeringen.no\/romanitater\/wp-json\/wp\/v2\/types\/page"}],"author":[{"embeddable":true,"href":"https:\/\/nettsteder.regjeringen.no\/romanitater\/wp-json\/wp\/v2\/users\/74"}],"replies":[{"embeddable":true,"href":"https:\/\/nettsteder.regjeringen.no\/romanitater\/wp-json\/wp\/v2\/comments?post=185"}],"version-history":[{"count":19,"href":"https:\/\/nettsteder.regjeringen.no\/romanitater\/wp-json\/wp\/v2\/pages\/185\/revisions"}],"predecessor-version":[{"id":517,"href":"https:\/\/nettsteder.regjeringen.no\/romanitater\/wp-json\/wp\/v2\/pages\/185\/revisions\/517"}],"wp:attachment":[{"href":"https:\/\/nettsteder.regjeringen.no\/romanitater\/wp-json\/wp\/v2\/media?parent=185"}],"curies":[{"name":"wp","href":"https:\/\/api.w.org\/{rel}","templated":true}]}}