{"id":71,"date":"2023-06-16T14:41:48","date_gmt":"2023-06-16T12:41:48","guid":{"rendered":"https:\/\/nettsteder.regjeringen.no\/rnik\/?page_id=71"},"modified":"2026-03-31T09:54:02","modified_gmt":"2026-03-31T07:54:02","slug":"paralelle-sesjoner","status":"publish","type":"page","link":"https:\/\/nettsteder.regjeringen.no\/rnik\/paralelle-sesjoner\/","title":{"rendered":"Bolker"},"content":{"rendered":"\n<p class=\"has-medium-font-size\"><strong>Bolk 1: Kvalifisering og h\u00f8yere arbeidsdeltakelse<\/strong><\/p>\n\n\n\n<p>Hvordan kan vi sikre at flere innvandrere f\u00e5r n\u00f8dvendig kvalifisering for \u00e5 komme i arbeid?<\/p>\n\n\n\n<p>Det er viktig for god integrering at innvandrere kommer ut i arbeidslivet. For \u00e5 sikre dette er kvalifisering avgj\u00f8rende. I dag er det et betydelig sysselsettingsgap mellom innvandrere og resten av befolkingen, s\u00e6rlig blant flyktninger og blant innvandrerkvinner. Vi vet at begrensede norskferdigheter og mangel p\u00e5 formell kvalifisering p\u00e5 videreg\u00e5ende niv\u00e5 er noen av barrierene disse gruppene opplever. Staten, kommunene, privat sektor og frivillige akt\u00f8rer har alle en rolle i \u00e5 bidra til gode muligheter for kompetansebygging og mer stabile tilknytninger til arbeidslivet.<\/p>\n\n\n\n<p class=\"has-medium-font-size\"><strong>Bolk 2: Bedre levek\u00e5r og mindre segregering<\/strong><\/p>\n\n\n\n<p>Hvordan kan staten, kommunene og frivilligheten bidra til sterkere lokale fellesskap, og bedre levek\u00e5r i utsatte byomr\u00e5der?<\/p>\n\n\n\n<p>Vi vet at gode levek\u00e5r er viktig for \u00e5 sikre tilh\u00f8righet og god integrering. I enkelte kommuner er det omr\u00e5der med levek\u00e5rsutfordringer og levek\u00e5rsulikhet, som d\u00e5rlig psykisk og fysisk helse og svak \u00f8konomi i noen grupper. Barn og unge med innvandrerbakgrunn er overrepresentert blant dem som vokser opp i familier med lavinntekt.<\/p>\n\n\n\n<p>Flytting til en annen kommune etter bosetting kan i noen tilfeller bidra til ytterligere konsentrasjon av slike utfordringer i noen omr\u00e5der. Tiltak som omr\u00e5desatsinger og samarbeid med frivillig sektor er viktige virkemidler for \u00e5 styrke n\u00e6rmilj\u00f8ene og skape inkluderende lokalsamfunn.<\/p>\n\n\n\n<p class=\"has-medium-font-size\"><strong>Bolk 3: Kulturelle barrierer for deltakelse og verdifelleskap<\/strong><\/p>\n\n\n\n<p>Hvordan kan vi styrke dialogen, bryte ned kulturelle barrierer og bidra til et samfunn der flere opplever tilh\u00f8righet og reell mulighet til deltakelse?<\/p>\n\n\n\n<p>Kulturelle normer, verdier, forventninger og oppfatninger kan p\u00e5virke innvandreres muligheter for deltakelse i samfunns- og arbeidsliv. Barrierene kan v\u00e6re knyttet til mangelfull informasjon og dialog, eller diskriminering og fordommer. Tros- og livssynssamfunn, frivillige organisasjoner og offentlige myndigheter spiller alle en rolle i \u00e5 bygge broer, ha dialog om sentrale verdier og redusere hindringer som skaper avstand.<\/p>\n","protected":false},"excerpt":{"rendered":"<p>Bolk 1: Kvalifisering og h\u00f8yere arbeidsdeltakelse Hvordan kan vi sikre at flere innvandrere f\u00e5r n\u00f8dvendig kvalifisering for \u00e5 komme i arbeid? Det er viktig for god integrering at innvandrere kommer ut i arbeidslivet. For \u00e5 sikre dette er kvalifisering avgj\u00f8rende. I dag er det et betydelig sysselsettingsgap mellom innvandrere og resten av befolkingen, s\u00e6rlig blant\u2026<\/p>\n","protected":false},"author":2877,"featured_media":0,"parent":0,"menu_order":0,"comment_status":"closed","ping_status":"closed","template":"","meta":{"dss_simple_post_excerpt":"","dss_show_featured_image":true,"dss_show_title":false,"footnotes":""},"class_list":["post-71","page","type-page","status-publish","hentry"],"language":"nb-NO","_links":{"self":[{"href":"https:\/\/nettsteder.regjeringen.no\/rnik\/wp-json\/wp\/v2\/pages\/71","targetHints":{"allow":["GET"]}}],"collection":[{"href":"https:\/\/nettsteder.regjeringen.no\/rnik\/wp-json\/wp\/v2\/pages"}],"about":[{"href":"https:\/\/nettsteder.regjeringen.no\/rnik\/wp-json\/wp\/v2\/types\/page"}],"author":[{"embeddable":true,"href":"https:\/\/nettsteder.regjeringen.no\/rnik\/wp-json\/wp\/v2\/users\/2877"}],"replies":[{"embeddable":true,"href":"https:\/\/nettsteder.regjeringen.no\/rnik\/wp-json\/wp\/v2\/comments?post=71"}],"version-history":[{"count":3,"href":"https:\/\/nettsteder.regjeringen.no\/rnik\/wp-json\/wp\/v2\/pages\/71\/revisions"}],"predecessor-version":[{"id":384,"href":"https:\/\/nettsteder.regjeringen.no\/rnik\/wp-json\/wp\/v2\/pages\/71\/revisions\/384"}],"wp:attachment":[{"href":"https:\/\/nettsteder.regjeringen.no\/rnik\/wp-json\/wp\/v2\/media?parent=71"}],"curies":[{"name":"wp","href":"https:\/\/api.w.org\/{rel}","templated":true}]}}