{"id":6,"date":"2023-06-16T14:40:58","date_gmt":"2023-06-16T12:40:58","guid":{"rendered":"https:\/\/nettsteder.regjeringen.no\/rnik\/?page_id=6"},"modified":"2026-03-31T09:02:00","modified_gmt":"2026-03-31T07:02:00","slug":"forside","status":"publish","type":"page","link":"https:\/\/nettsteder.regjeringen.no\/rnik\/","title":{"rendered":"Forside"},"content":{"rendered":"\n<div class=\"wp-block-cover alignfull is-light\" style=\"min-height:461px;aspect-ratio:unset;\"><img loading=\"lazy\" decoding=\"async\" width=\"1920\" height=\"1080\" class=\"wp-block-cover__image-background wp-image-74\" alt=\"\" src=\"https:\/\/files.nettsteder.regjeringen.no\/wpuploads01\/sites\/513\/2022\/08\/AID_webbanner_1920x1080.png\" style=\"object-position:45% 58%\" data-object-fit=\"cover\" data-object-position=\"45% 58%\" srcset=\"https:\/\/files.nettsteder.regjeringen.no\/wpuploads01\/sites\/513\/2022\/08\/AID_webbanner_1920x1080.png 1920w, https:\/\/files.nettsteder.regjeringen.no\/wpuploads01\/sites\/513\/2022\/08\/AID_webbanner_1920x1080-300x169.png 300w, https:\/\/files.nettsteder.regjeringen.no\/wpuploads01\/sites\/513\/2022\/08\/AID_webbanner_1920x1080-1024x576.png 1024w, https:\/\/files.nettsteder.regjeringen.no\/wpuploads01\/sites\/513\/2022\/08\/AID_webbanner_1920x1080-768x432.png 768w, https:\/\/files.nettsteder.regjeringen.no\/wpuploads01\/sites\/513\/2022\/08\/AID_webbanner_1920x1080-1536x864.png 1536w, https:\/\/files.nettsteder.regjeringen.no\/wpuploads01\/sites\/513\/2022\/08\/AID_webbanner_1920x1080-1200x675.png 1200w\" sizes=\"auto, (max-width: 1920px) 100vw, 1920px\" \/><span aria-hidden=\"true\" class=\"wp-block-cover__background has-background-dim-0 has-background-dim\"><\/span><div class=\"wp-block-cover__inner-container is-layout-flow wp-block-cover-is-layout-flow\">\n<p class=\"has-text-align-center has-black-color has-text-color\" style=\"font-size:clamp(29.303px, 1.831rem + ((1vw - 3.2px) * 2.679), 51px);\"><strong>Regjeringens nasjonale integreringskonferanse 2026<\/strong><\/p>\n\n\n\n<h2 class=\"wp-block-heading has-text-align-center has-medium-font-size\">Fremtidens integrering \u2013 veien til \u00f8kt deltakelse<\/h2>\n\n\n\n<h2 class=\"wp-block-heading has-text-align-center has-medium-font-size\">Mandag 1. juni 2026, Oslo<\/h2>\n<\/div><\/div>\n\n\n\n<div class=\"wp-block-group alignwide is-layout-constrained wp-block-group-is-layout-constrained\">\n<p class=\"has-text-align-center\">Konferansens hovedtemaer i \u00e5r er <strong><em>kvalifisering og h\u00f8yere arbeidsdeltakelse, bedre levek\u00e5r og mindre segregering, og kulturelle barrierer for deltakelse og verdifellesskap<\/em><\/strong>.<\/p>\n\n\n\n<p class=\"has-text-align-center\">Integreringskonferansen skal v\u00e6re en viktig arena for innspill til regjeringens nye integreringsstrategi.<\/p>\n\n\n\n<p class=\"has-text-align-center\"><strong>Ytterligere informasjon om konferansen publiseres fortl\u00f8pende<\/strong>.<\/p>\n\n\n\n<p><\/p>\n\n\n\n<figure class=\"wp-block-image size-full\"><img loading=\"lazy\" decoding=\"async\" width=\"1000\" height=\"667\" src=\"https:\/\/files.nettsteder.regjeringen.no\/wpuploads01\/sites\/513\/2024\/05\/Regjeringas-nasjonale-integreringskonferanse-2024-12.png\" alt=\"\" class=\"wp-image-317\" srcset=\"https:\/\/files.nettsteder.regjeringen.no\/wpuploads01\/sites\/513\/2024\/05\/Regjeringas-nasjonale-integreringskonferanse-2024-12.png 1000w, https:\/\/files.nettsteder.regjeringen.no\/wpuploads01\/sites\/513\/2024\/05\/Regjeringas-nasjonale-integreringskonferanse-2024-12-300x200.png 300w, https:\/\/files.nettsteder.regjeringen.no\/wpuploads01\/sites\/513\/2024\/05\/Regjeringas-nasjonale-integreringskonferanse-2024-12-768x512.png 768w\" sizes=\"auto, (max-width: 1000px) 100vw, 1000px\" \/><figcaption class=\"wp-element-caption\">Foto fra 2024: Simen Gald<\/figcaption><\/figure>\n<\/div>\n","protected":false},"excerpt":{"rendered":"<p>Konferansens hovedtemaer i \u00e5r er kvalifisering og h\u00f8yere arbeidsdeltakelse, bedre levek\u00e5r og mindre segregering, og kulturelle barrierer for deltakelse og verdifellesskap. Integreringskonferansen skal v\u00e6re en viktig arena for innspill til regjeringens nye integreringsstrategi. Ytterligere informasjon om konferansen publiseres fortl\u00f8pende.<\/p>\n","protected":false},"author":2877,"featured_media":0,"parent":0,"menu_order":0,"comment_status":"closed","ping_status":"closed","template":"","meta":{"dss_simple_post_excerpt":"","dss_show_featured_image":true,"dss_show_title":true,"footnotes":""},"class_list":["post-6","page","type-page","status-publish","hentry"],"language":"nb-NO","_links":{"self":[{"href":"https:\/\/nettsteder.regjeringen.no\/rnik\/wp-json\/wp\/v2\/pages\/6","targetHints":{"allow":["GET"]}}],"collection":[{"href":"https:\/\/nettsteder.regjeringen.no\/rnik\/wp-json\/wp\/v2\/pages"}],"about":[{"href":"https:\/\/nettsteder.regjeringen.no\/rnik\/wp-json\/wp\/v2\/types\/page"}],"author":[{"embeddable":true,"href":"https:\/\/nettsteder.regjeringen.no\/rnik\/wp-json\/wp\/v2\/users\/2877"}],"replies":[{"embeddable":true,"href":"https:\/\/nettsteder.regjeringen.no\/rnik\/wp-json\/wp\/v2\/comments?post=6"}],"version-history":[{"count":3,"href":"https:\/\/nettsteder.regjeringen.no\/rnik\/wp-json\/wp\/v2\/pages\/6\/revisions"}],"predecessor-version":[{"id":382,"href":"https:\/\/nettsteder.regjeringen.no\/rnik\/wp-json\/wp\/v2\/pages\/6\/revisions\/382"}],"wp:attachment":[{"href":"https:\/\/nettsteder.regjeringen.no\/rnik\/wp-json\/wp\/v2\/media?parent=6"}],"curies":[{"name":"wp","href":"https:\/\/api.w.org\/{rel}","templated":true}]}}