{"id":95,"date":"2026-03-09T13:43:59","date_gmt":"2026-03-09T12:43:59","guid":{"rendered":"https:\/\/nettsteder.regjeringen.no\/politirolleutvalget\/?page_id=95"},"modified":"2026-03-25T09:34:14","modified_gmt":"2026-03-25T08:34:14","slug":"moter","status":"publish","type":"page","link":"https:\/\/nettsteder.regjeringen.no\/politirolleutvalget\/moter\/","title":{"rendered":"Utvalgsm\u00f8ter"},"content":{"rendered":"\n<h2 class=\"wp-block-heading\">12. &#8211; 13. februar 2026 &#8211; Politih\u00f8gskolen Kongsvinger<\/h2>\n\n\n\n<figure class=\"wp-block-image size-large\"><img loading=\"lazy\" decoding=\"async\" width=\"768\" height=\"1024\" src=\"https:\/\/files.nettsteder.regjeringen.no\/wpuploads01\/sites\/598\/2026\/03\/PHS-768x1024.jpg\" alt=\"\" class=\"wp-image-130\" style=\"aspect-ratio:1;object-fit:cover\" srcset=\"https:\/\/files.nettsteder.regjeringen.no\/wpuploads01\/sites\/598\/2026\/03\/PHS-768x1024.jpg 768w, https:\/\/files.nettsteder.regjeringen.no\/wpuploads01\/sites\/598\/2026\/03\/PHS-225x300.jpg 225w, https:\/\/files.nettsteder.regjeringen.no\/wpuploads01\/sites\/598\/2026\/03\/PHS-1152x1536.jpg 1152w, https:\/\/files.nettsteder.regjeringen.no\/wpuploads01\/sites\/598\/2026\/03\/PHS-1536x2048.jpg 1536w, https:\/\/files.nettsteder.regjeringen.no\/wpuploads01\/sites\/598\/2026\/03\/PHS-scaled.jpg 1920w\" sizes=\"auto, (max-width: 768px) 100vw, 768px\" \/><figcaption class=\"wp-element-caption\">PHS ligger idyllisk til utenfor Kongsvinger. <em>Foto: Truls Olaussen S\u00e6trang <\/em><\/figcaption><\/figure>\n\n\n\n<p>Utvalget var samlet p\u00e5 i landlige omgivelser Politih\u00f8gskolens studiested p\u00e5 S\u00e6ter g\u00e5rd ved Kongsvinger. Temaene for m\u00f8tet var i all hovedsak utdanning, kunnskap og kompetanse. Det var innlegg fra Politih\u00f8gskolens ledelse, Nasjonalt cyberkrimsenter (NC3) i Kripos, Institutt for forsvarsstudier, Universitet i Stavanger og forskerinnlegg.<\/p>\n\n\n\n<h2 class=\"wp-block-heading\">20. januar 2026 &#8211; Hovedredningssentralen Sola<\/h2>\n\n\n\n<p>Utvalget var samlet p\u00e5 Hovedredningssentralen S\u00f8r-Norge p\u00e5 Sola. Temaet for m\u00f8tet var i hovedsak politiets samhandling med andre akt\u00f8rer, herunder spesielt knyttet til redning. Utvalget fikk bes\u00f8k av politimester, visepolitimester i S\u00f8r-Vest politidistrikt. Videre var det innlegg fra ansatte i politidistriktet, som fortalte om arbeid der politiet samhandlet med andre akt\u00f8rer. Det var ogs\u00e5 et innlegg fra Nord-J\u00e6ren ungdomsprosjekt.  <\/p>\n\n\n\n<figure class=\"wp-block-image size-large\"><img loading=\"lazy\" decoding=\"async\" width=\"768\" height=\"1024\" src=\"https:\/\/files.nettsteder.regjeringen.no\/wpuploads01\/sites\/598\/2026\/03\/Politirolleutvalget-HRS-Stavanger-768x1024.jpg\" alt=\"\" class=\"wp-image-129\" style=\"aspect-ratio:16\/9;object-fit:cover\" srcset=\"https:\/\/files.nettsteder.regjeringen.no\/wpuploads01\/sites\/598\/2026\/03\/Politirolleutvalget-HRS-Stavanger-768x1024.jpg 768w, https:\/\/files.nettsteder.regjeringen.no\/wpuploads01\/sites\/598\/2026\/03\/Politirolleutvalget-HRS-Stavanger-225x300.jpg 225w, https:\/\/files.nettsteder.regjeringen.no\/wpuploads01\/sites\/598\/2026\/03\/Politirolleutvalget-HRS-Stavanger-1152x1536.jpg 1152w, https:\/\/files.nettsteder.regjeringen.no\/wpuploads01\/sites\/598\/2026\/03\/Politirolleutvalget-HRS-Stavanger-1536x2048.jpg 1536w, https:\/\/files.nettsteder.regjeringen.no\/wpuploads01\/sites\/598\/2026\/03\/Politirolleutvalget-HRS-Stavanger-scaled.jpg 1920w\" sizes=\"auto, (max-width: 768px) 100vw, 768px\" \/><figcaption class=\"wp-element-caption\">Politirolleutvalget sammen med bl.a. politimester og visepolitimester i S\u00f8r-Vest politidistrikt, samt andre representanter fra politiet og Hovedredningssentralen<em>. Foto: Truls Olaussen S\u00e6trang  <\/em><\/figcaption><\/figure>\n\n\n\n<h2 class=\"wp-block-heading\">27. &#8211; 28. november 2025 &#8211; Oslo<\/h2>\n\n\n\n<p>Utvalget var samlet to dager i regjeringskvartalet i Oslo. Overordnet tema for m\u00f8tet var disposisjon for utvalgets rapport og tolkning og avgrensninger av mandatet.<\/p>\n\n\n\n<p>M\u00f8tet startet med et et innspillsm\u00f8te der relevante fagforeninger var invitert. Temaet var politiets 10 grunnprinsipper, og fagforeningene kom med vurdering av prinsippene i dag og behovet for fremtiden. Videre var det innlegg fra Helge Ren\u00e5 om norsk politi fra 1994 til i dag. Samt fra forskere fra Vista Analyse og Frischsenteret som fortalte om forel\u00f8pige funn fra et forskningsprosjekt om ressursbruk og effektivitet i politiet. <\/p>\n\n\n\n<h2 class=\"wp-block-heading\">13. oktober 2025 &#8211; Gardermoen politistasjon <\/h2>\n\n\n\n<p>Politirolleutvalgets andre utvalgsm\u00f8tet fant sted p\u00e5 Gardermoen politistasjon. M\u00f8tet handlet i stort om \u00e5 gi en introduksjon til politiet. Hvordan er politiet styrt, organisert, hva slags oppgaver m.m. Utvalget fikk bes\u00f8k av politimester i \u00d8st politidistrikt, samt fra grensekontrollen ved Gardermoen som fortalte om politiets grenseoppdrag.<\/p>\n\n\n\n<figure class=\"wp-block-image size-large is-resized\"><img loading=\"lazy\" decoding=\"async\" width=\"567\" height=\"1024\" src=\"https:\/\/files.nettsteder.regjeringen.no\/wpuploads01\/sites\/598\/2026\/03\/Gardermoen-567x1024.jpeg\" alt=\"\" class=\"wp-image-122\" style=\"width:288px;height:auto\" srcset=\"https:\/\/files.nettsteder.regjeringen.no\/wpuploads01\/sites\/598\/2026\/03\/Gardermoen-567x1024.jpeg 567w, https:\/\/files.nettsteder.regjeringen.no\/wpuploads01\/sites\/598\/2026\/03\/Gardermoen-166x300.jpeg 166w, https:\/\/files.nettsteder.regjeringen.no\/wpuploads01\/sites\/598\/2026\/03\/Gardermoen-768x1387.jpeg 768w, https:\/\/files.nettsteder.regjeringen.no\/wpuploads01\/sites\/598\/2026\/03\/Gardermoen-851x1536.jpeg 851w, https:\/\/files.nettsteder.regjeringen.no\/wpuploads01\/sites\/598\/2026\/03\/Gardermoen-1134x2048.jpeg 1134w, https:\/\/files.nettsteder.regjeringen.no\/wpuploads01\/sites\/598\/2026\/03\/Gardermoen-scaled.jpeg 1418w\" sizes=\"auto, (max-width: 567px) 100vw, 567px\" \/><\/figure>\n\n\n\n<h2 class=\"wp-block-heading\">19. august 2025 &#8211; Oppstartsm\u00f8te<\/h2>\n\n\n\n<p>F\u00f8rste utvalgsm\u00f8te fant sted hos Justis- og beredskapsdepartementet i Nydalen, Oslo. F\u00f8rste m\u00f8te handlet om \u00e5 bli kjent, forventningsavklaringer og fremdrift fremover. Utvalget fikk bes\u00f8k statsr\u00e5den og Politiavdelingen i Justis- og beredskapsdepartementet. <\/p>\n\n\n\n<figure class=\"wp-block-image size-full\"><img loading=\"lazy\" decoding=\"async\" width=\"1000\" height=\"600\" src=\"https:\/\/files.nettsteder.regjeringen.no\/wpuploads01\/sites\/598\/2026\/02\/Politirolleutvalget2025.jpg\" alt=\"\" class=\"wp-image-97\" srcset=\"https:\/\/files.nettsteder.regjeringen.no\/wpuploads01\/sites\/598\/2026\/02\/Politirolleutvalget2025.jpg 1000w, https:\/\/files.nettsteder.regjeringen.no\/wpuploads01\/sites\/598\/2026\/02\/Politirolleutvalget2025-300x180.jpg 300w, https:\/\/files.nettsteder.regjeringen.no\/wpuploads01\/sites\/598\/2026\/02\/Politirolleutvalget2025-768x461.jpg 768w\" sizes=\"auto, (max-width: 1000px) 100vw, 1000px\" \/><figcaption class=\"wp-element-caption\">Foto: Ellen Brit Sekkelsten, Justis- og beredskapsdepartementet <\/figcaption><\/figure>\n","protected":false},"excerpt":{"rendered":"<p>12. &#8211; 13. februar 2026 &#8211; Politih\u00f8gskolen Kongsvinger Utvalget var samlet p\u00e5 i landlige omgivelser Politih\u00f8gskolens studiested p\u00e5 S\u00e6ter g\u00e5rd ved Kongsvinger. Temaene for m\u00f8tet var i all hovedsak utdanning, kunnskap og kompetanse. Det var innlegg fra Politih\u00f8gskolens ledelse, Nasjonalt cyberkrimsenter (NC3) i Kripos, Institutt for forsvarsstudier, Universitet i Stavanger og forskerinnlegg. 20. januar 2026\u2026<\/p>\n","protected":false},"author":3475,"featured_media":0,"parent":0,"menu_order":0,"comment_status":"closed","ping_status":"closed","template":"","meta":{"dss_simple_post_excerpt":"","dss_show_featured_image":true,"footnotes":""},"class_list":["post-95","page","type-page","status-publish","hentry"],"language":"nb-NO","_links":{"self":[{"href":"https:\/\/nettsteder.regjeringen.no\/politirolleutvalget\/wp-json\/wp\/v2\/pages\/95","targetHints":{"allow":["GET"]}}],"collection":[{"href":"https:\/\/nettsteder.regjeringen.no\/politirolleutvalget\/wp-json\/wp\/v2\/pages"}],"about":[{"href":"https:\/\/nettsteder.regjeringen.no\/politirolleutvalget\/wp-json\/wp\/v2\/types\/page"}],"author":[{"embeddable":true,"href":"https:\/\/nettsteder.regjeringen.no\/politirolleutvalget\/wp-json\/wp\/v2\/users\/3475"}],"replies":[{"embeddable":true,"href":"https:\/\/nettsteder.regjeringen.no\/politirolleutvalget\/wp-json\/wp\/v2\/comments?post=95"}],"version-history":[{"count":3,"href":"https:\/\/nettsteder.regjeringen.no\/politirolleutvalget\/wp-json\/wp\/v2\/pages\/95\/revisions"}],"predecessor-version":[{"id":178,"href":"https:\/\/nettsteder.regjeringen.no\/politirolleutvalget\/wp-json\/wp\/v2\/pages\/95\/revisions\/178"}],"wp:attachment":[{"href":"https:\/\/nettsteder.regjeringen.no\/politirolleutvalget\/wp-json\/wp\/v2\/media?parent=95"}],"curies":[{"name":"wp","href":"https:\/\/api.w.org\/{rel}","templated":true}]}}