{"id":6,"date":"2025-08-20T12:28:35","date_gmt":"2025-08-20T10:28:35","guid":{"rendered":"https:\/\/nettsteder.regjeringen.no\/politirolleutvalget\/?page_id=6"},"modified":"2026-03-25T09:30:45","modified_gmt":"2026-03-25T08:30:45","slug":"forside","status":"publish","type":"page","link":"https:\/\/nettsteder.regjeringen.no\/politirolleutvalget\/","title":{"rendered":"Om utvalget"},"content":{"rendered":"\n<p><em>Foto: Espen Strai \/ Politiet<\/em><\/p>\n\n\n\n<p><strong>Hva slags politi trenger Norge i \u00e5rene som kommer? Dette sp\u00f8rsm\u00e5let skal det nye politirolleutvalget unders\u00f8ke.<\/strong><\/p>\n\n\n\n<p>Juni 2025 satte regjeringen ned et utvalg som skal bidra til \u00e5 definere og tydeliggj\u00f8re politirollen. Utvalget skal gj\u00f8re grundige prinsipielle vurderinger av sentrale dilemmaer og konkurrerende verdier som f\u00f8lger av politiets brede samfunnsoppdrag. <\/p>\n\n\n\n<p>Det er nesten 40 \u00e5r siden forrige politirolleutvalg i Norge. Forrige politirolleutvalg leverte to delutredninger i henholdsvis 1981 og 1987. Utvalget stilte opp 10 grunnprinsipper for norsk politiet som har v\u00e6rt styrende for politiet siden.&nbsp;<\/p>\n\n\n\n<p>Det nye politirolleutvalget skal vurdere relevansen av de ti grunnprinsippene for politiet for dagens og morgendagens samfunn. Utvalget skal dr\u00f8fte fordeler og ulemper med \u00e5 operere med fastsatte grunnprinsipper for politiet, og vurdere om det fortsatt er behov for grunnprinsipper for politiet som virksomhet.<\/p>\n\n\n\n<p>Utvalget ledes av professor Geir Sverre Braut, og skal levere sin utredning innen 15. februar 2027.<\/p>\n\n\n\n<h2 class=\"wp-block-heading\">Nyheter <\/h2>\n\n\n\n<p><a href=\"https:\/\/nettsteder.regjeringen.no\/politirolleutvalget\/moter-og-reiser\/\">Oppsummering fra Politirolleutvalgets studiereise til Nederland og Skottland<\/a> (25. mars 2026)<\/p>\n\n\n\n<p><a href=\"https:\/\/www.regjeringen.no\/no\/aktuelt\/nytt-utvalg-skal-se-pa-framtidens-politi\/id3111730\/\">Nytt utvalg skal se p\u00e5 framtidens politi &#8211; regjeringen.no<\/a> (24.06.2025)<\/p>\n","protected":false},"excerpt":{"rendered":"<p>Foto: Espen Strai \/ Politiet Hva slags politi trenger Norge i \u00e5rene som kommer? Dette sp\u00f8rsm\u00e5let skal det nye politirolleutvalget unders\u00f8ke. Juni 2025 satte regjeringen ned et utvalg som skal bidra til \u00e5 definere og tydeliggj\u00f8re politirollen. Utvalget skal gj\u00f8re grundige prinsipielle vurderinger av sentrale dilemmaer og konkurrerende verdier som f\u00f8lger av politiets brede samfunnsoppdrag.\u2026<\/p>\n","protected":false},"author":181,"featured_media":65,"parent":0,"menu_order":0,"comment_status":"closed","ping_status":"closed","template":"","meta":{"dss_simple_post_excerpt":"","dss_show_featured_image":true,"footnotes":""},"class_list":["post-6","page","type-page","status-publish","has-post-thumbnail","hentry"],"language":"nb-NO","_links":{"self":[{"href":"https:\/\/nettsteder.regjeringen.no\/politirolleutvalget\/wp-json\/wp\/v2\/pages\/6","targetHints":{"allow":["GET"]}}],"collection":[{"href":"https:\/\/nettsteder.regjeringen.no\/politirolleutvalget\/wp-json\/wp\/v2\/pages"}],"about":[{"href":"https:\/\/nettsteder.regjeringen.no\/politirolleutvalget\/wp-json\/wp\/v2\/types\/page"}],"author":[{"embeddable":true,"href":"https:\/\/nettsteder.regjeringen.no\/politirolleutvalget\/wp-json\/wp\/v2\/users\/181"}],"replies":[{"embeddable":true,"href":"https:\/\/nettsteder.regjeringen.no\/politirolleutvalget\/wp-json\/wp\/v2\/comments?post=6"}],"version-history":[{"count":3,"href":"https:\/\/nettsteder.regjeringen.no\/politirolleutvalget\/wp-json\/wp\/v2\/pages\/6\/revisions"}],"predecessor-version":[{"id":177,"href":"https:\/\/nettsteder.regjeringen.no\/politirolleutvalget\/wp-json\/wp\/v2\/pages\/6\/revisions\/177"}],"wp:featuredmedia":[{"embeddable":true,"href":"https:\/\/nettsteder.regjeringen.no\/politirolleutvalget\/wp-json\/wp\/v2\/media\/65"}],"wp:attachment":[{"href":"https:\/\/nettsteder.regjeringen.no\/politirolleutvalget\/wp-json\/wp\/v2\/media?parent=6"}],"curies":[{"name":"wp","href":"https:\/\/api.w.org\/{rel}","templated":true}]}}