{"id":164,"date":"2026-03-24T14:16:31","date_gmt":"2026-03-24T13:16:31","guid":{"rendered":"https:\/\/nettsteder.regjeringen.no\/politirolleutvalget\/?page_id=164"},"modified":"2026-03-24T14:36:21","modified_gmt":"2026-03-24T13:36:21","slug":"motekalender","status":"publish","type":"page","link":"https:\/\/nettsteder.regjeringen.no\/politirolleutvalget\/motekalender\/","title":{"rendered":"M\u00f8tekalender"},"content":{"rendered":"\n<p>Under er Politirolleutvalgets planlagte m\u00f8tekalender. Merk at det kan forekomme endringer. <\/p>\n\n\n\n<figure class=\"wp-block-table\"><table class=\"has-fixed-layout\"><tbody><tr><td><strong>Dato<\/strong><\/td><td><strong>M\u00f8tetype<\/strong><\/td><td><strong>Tema<\/strong><\/td><td><strong>Sted<\/strong><\/td><\/tr><tr><td><strong>19. august 2025<\/strong><\/td><td>Utvalgsm\u00f8te<\/td><td>Oppstartsm\u00f8te<\/td><td>&nbsp;Justis- og beredskapsdepartementet, Oslo<\/td><\/tr><tr><td><strong>12. oktober 2025<\/strong><\/td><td>Utvalgsm\u00f8te<\/td><td>Hva er politiet?<\/td><td>Gardermoen politistasjon, Ullensaker<\/td><\/tr><tr><td><strong>27.-28. november<\/strong> <strong>2025<\/strong><\/td><td>Utvalgsm\u00f8te<\/td><td>Mer om politiet, innspillsm\u00f8te med politiforeningene om politiets grunnprinsipper og disposisjon<\/td><td>Regjeringskvartalet, Oslo <\/td><\/tr><tr><td><strong>20. januar 2026<\/strong><\/td><td>Utvalgsm\u00f8te<\/td><td>Samarbeid med andre akt\u00f8rer og rettighetssamfunnet<\/td><td>&nbsp;Hovedredningssentralen i S\u00f8r-Norge, Sola <\/td><\/tr><tr><td><strong>12.-13. februar 2026<\/strong><\/td><td>Utvalgsm\u00f8te<\/td><td>Kompetanse, utdanning og kunnskap<\/td><td>Politih\u00f8gskolens utdanningssenter p\u00e5 Kongsvinger<\/td><\/tr><tr><td><strong>26. mars 2026<\/strong><\/td><td>Utvalgsm\u00f8te<\/td><td>Prinsipper og politiets verdigrunnlag<\/td><td>Gardermoen politistasjon<\/td><\/tr><tr><td><strong>27.-28. april 2026<\/strong><\/td><td>Utvalgsm\u00f8te<\/td><td>Styring&nbsp;og prioriteringer\/Digitalisering\/Tillit<\/td><td>Bod\u00f8 politistasjon \/ Statsforvalteren i Nordland<\/td><\/tr><tr><td><strong>19.-20. mai 2026<\/strong><\/td><td>Utvalgsm\u00f8te<\/td><td>Maktut\u00f8velse\/Forebygging&nbsp;<\/td><td>Bergen sentrum politistasjon<\/td><\/tr><tr><td><strong>17.-19. juni 2026<\/strong><\/td><td>Utvalgsm\u00f8te<\/td><td>Politiets oppgaveportef\u00f8lje<\/td><td>Lillestr\u00f8m<\/td><\/tr><tr><td><strong>17.\u201318. august 2026<\/strong><\/td><td>Utvalgsm\u00f8te<\/td><td>Fortsettelse av tidligere diskusjoner\/grunnprinsipper\/tiltak<\/td><td>Regjeringskvartalet, Oslo<\/td><\/tr><tr><td><strong>21. september 2026<\/strong><\/td><td>Utvalgsm\u00f8te<\/td><td>&nbsp;<\/td><td><\/td><\/tr><tr><td><strong>19.-20. oktober 2026<\/strong><\/td><td>Utvalgsm\u00f8te<\/td><td>&nbsp;<\/td><td><\/td><\/tr><tr><td><strong>23. november 2026<\/strong><\/td><td>Utvalgsm\u00f8te<\/td><td><\/td><td><\/td><\/tr><tr><td><strong>6.-8. januar 2027<\/strong><\/td><td>Utvalgsm\u00f8te<\/td><td><\/td><td><\/td><\/tr><\/tbody><\/table><\/figure>\n","protected":false},"excerpt":{"rendered":"<p>Under er Politirolleutvalgets planlagte m\u00f8tekalender. Merk at det kan forekomme endringer. Dato M\u00f8tetype Tema Sted 19. august 2025 Utvalgsm\u00f8te Oppstartsm\u00f8te &nbsp;Justis- og beredskapsdepartementet, Oslo 12. oktober 2025 Utvalgsm\u00f8te Hva er politiet? Gardermoen politistasjon, Ullensaker 27.-28. november 2025 Utvalgsm\u00f8te Mer om politiet, innspillsm\u00f8te med politiforeningene om politiets grunnprinsipper og disposisjon Regjeringskvartalet, Oslo 20. januar 2026 Utvalgsm\u00f8te\u2026<\/p>\n","protected":false},"author":3472,"featured_media":0,"parent":0,"menu_order":0,"comment_status":"closed","ping_status":"closed","template":"","meta":{"dss_simple_post_excerpt":"","dss_show_featured_image":true,"footnotes":""},"class_list":["post-164","page","type-page","status-publish","hentry"],"language":"nb-NO","_links":{"self":[{"href":"https:\/\/nettsteder.regjeringen.no\/politirolleutvalget\/wp-json\/wp\/v2\/pages\/164","targetHints":{"allow":["GET"]}}],"collection":[{"href":"https:\/\/nettsteder.regjeringen.no\/politirolleutvalget\/wp-json\/wp\/v2\/pages"}],"about":[{"href":"https:\/\/nettsteder.regjeringen.no\/politirolleutvalget\/wp-json\/wp\/v2\/types\/page"}],"author":[{"embeddable":true,"href":"https:\/\/nettsteder.regjeringen.no\/politirolleutvalget\/wp-json\/wp\/v2\/users\/3472"}],"replies":[{"embeddable":true,"href":"https:\/\/nettsteder.regjeringen.no\/politirolleutvalget\/wp-json\/wp\/v2\/comments?post=164"}],"version-history":[{"count":3,"href":"https:\/\/nettsteder.regjeringen.no\/politirolleutvalget\/wp-json\/wp\/v2\/pages\/164\/revisions"}],"predecessor-version":[{"id":173,"href":"https:\/\/nettsteder.regjeringen.no\/politirolleutvalget\/wp-json\/wp\/v2\/pages\/164\/revisions\/173"}],"wp:attachment":[{"href":"https:\/\/nettsteder.regjeringen.no\/politirolleutvalget\/wp-json\/wp\/v2\/media?parent=164"}],"curies":[{"name":"wp","href":"https:\/\/api.w.org\/{rel}","templated":true}]}}