{"id":13,"date":"2025-08-20T12:31:56","date_gmt":"2025-08-20T10:31:56","guid":{"rendered":"https:\/\/nettsteder.regjeringen.no\/politirolleutvalget\/?page_id=13"},"modified":"2026-02-18T11:04:15","modified_gmt":"2026-02-18T10:04:15","slug":"medlemmer","status":"publish","type":"page","link":"https:\/\/nettsteder.regjeringen.no\/politirolleutvalget\/medlemmer\/","title":{"rendered":"Medlemmer av utvalget"},"content":{"rendered":"<ul class=\"wp-block-dss-people\">\n<li class=\"wp-block-dss-person\">\t<div class=\"dss-person-image\">\n\t\t<figure>\n\t\t\t<img loading=\"lazy\" decoding=\"async\" width=\"250\" height=\"250\" src=\"https:\/\/files.nettsteder.regjeringen.no\/wpuploads01\/sites\/598\/2026\/02\/large_thumb_GSB.jpeg\" class=\"attachment-250x250 size-250x250\" alt=\"\" srcset=\"https:\/\/files.nettsteder.regjeringen.no\/wpuploads01\/sites\/598\/2026\/02\/large_thumb_GSB.jpeg 256w, https:\/\/files.nettsteder.regjeringen.no\/wpuploads01\/sites\/598\/2026\/02\/large_thumb_GSB-150x150.jpeg 150w\" sizes=\"auto, (max-width: 250px) 100vw, 250px\" \/>\t\t<\/figure>\n\t<\/div>\n\t<div class=\"dss-person-content\">\n\t\t<h3 class=\"dss-person-name\">Geir Sverre Braut<\/h3><p class=\"dss-person-position\">Leder av utvalget<\/p><div class=\"dss-person-content\">\n\n<p>Geir Sverre Braut har erfaring fra utvalgsarbeid, blant annet som medlem i koronakommisjonen. Braut har ogs\u00e5 nylig v\u00e6rt utvalgsleder i HODs oppnevnte ekspertgruppe som i 2024 leverte forslag for \u00e5 endre norske helseforskjeller. Videre har han forskerkompetanse, lederkompetanse, kunnskap og forvaltningskompetanse fra helsesektoren, som kan ha overf\u00f8ringsverdi til politiet og mandatet, jf. bl.a. punkt om \u00e5 vurdere prioriteringskriterier hvor det kan ses hen til helsesektoren.<\/p>\n\n\n\n<p><sub>Foto: Store norske leksikon<\/sub><\/p>\n\n<\/div>\t<\/div>\n\t<\/li>\n\n<li class=\"wp-block-dss-person\">\t<div class=\"dss-person-image\">\n\t\t<figure>\n\t\t\t<img loading=\"lazy\" decoding=\"async\" width=\"200\" height=\"250\" src=\"https:\/\/files.nettsteder.regjeringen.no\/wpuploads01\/sites\/598\/2026\/02\/tom_cato_karlsen_web.jpg\" class=\"attachment-250x250 size-250x250\" alt=\"\" srcset=\"https:\/\/files.nettsteder.regjeringen.no\/wpuploads01\/sites\/598\/2026\/02\/tom_cato_karlsen_web.jpg 500w, https:\/\/files.nettsteder.regjeringen.no\/wpuploads01\/sites\/598\/2026\/02\/tom_cato_karlsen_web-240x300.jpg 240w\" sizes=\"auto, (max-width: 200px) 100vw, 200px\" \/>\t\t<\/figure>\n\t<\/div>\n\t<div class=\"dss-person-content\">\n\t\t<h3 class=\"dss-person-name\">Tom Cato Karlsen<\/h3><p class=\"dss-person-position\">Utvalgsmedlem<\/p><div class=\"dss-person-content\">\n\n<p>Tom Cato Karlsen er statsforvalter i Nordland, og har god kjennskap til politiet som samvirkeakt\u00f8r i bl.a. fylkesberedskapsr\u00e5det. Karlsen har bakgrunn som overlege ved akuttmedisinsk klinikk p\u00e5 Nordlandssykehuset i Bod\u00f8. Karlsen ledet ogs\u00e5 Generalistkommuneutvalget (2023), og har gjennom dette arbeidet oppdatert kunnskap om kommunene, som er en viktig samvirkeakt\u00f8r for politiet.<\/p>\n\n\n\n<p><sub>Foto: Statsforvalteren i Nordland<\/sub><\/p>\n\n<\/div>\t<\/div>\n\t<\/li>\n\n<li class=\"wp-block-dss-person\">\t<div class=\"dss-person-image\">\n\t\t<figure>\n\t\t\t<img loading=\"lazy\" decoding=\"async\" width=\"250\" height=\"158\" src=\"https:\/\/files.nettsteder.regjeringen.no\/wpuploads01\/sites\/598\/2026\/02\/7e6af8b4-a8da-4c99-a175-0c8efe102138.jpg\" class=\"attachment-250x250 size-250x250\" alt=\"\" srcset=\"https:\/\/files.nettsteder.regjeringen.no\/wpuploads01\/sites\/598\/2026\/02\/7e6af8b4-a8da-4c99-a175-0c8efe102138.jpg 980w, https:\/\/files.nettsteder.regjeringen.no\/wpuploads01\/sites\/598\/2026\/02\/7e6af8b4-a8da-4c99-a175-0c8efe102138-300x190.jpg 300w, https:\/\/files.nettsteder.regjeringen.no\/wpuploads01\/sites\/598\/2026\/02\/7e6af8b4-a8da-4c99-a175-0c8efe102138-768x486.jpg 768w\" sizes=\"auto, (max-width: 250px) 100vw, 250px\" \/>\t\t<\/figure>\n\t<\/div>\n\t<div class=\"dss-person-content\">\n\t\t<h3 class=\"dss-person-name\">Vivi Lasssen<\/h3><p class=\"dss-person-position\">Utvalgsmedlem<\/p><div class=\"dss-person-content\">\n\n<p>Vivi Lassen er utdannet jurist og har bred forvaltnings- og utredningskompetanse med 30 \u00e5r i Statskonsult, senere Difi og DF\u00d8. Hun har v\u00e6rt sentral i DF\u00d8\/Difi sine evalueringer av n\u00e6rpolitireformen, som mottok Evalueringsprisen 2021. Lassen bidro ogs\u00e5 i DF\u00d8s evaluering av PODs direktoratsrolle (2023).<\/p>\n\n\n\n<p><sub>\u00a0Foto: Vidar Ruud, NTB scanpix<\/sub><\/p>\n\n<\/div>\t<\/div>\n\t<\/li>\n\n<li class=\"wp-block-dss-person\">\t<div class=\"dss-person-image\">\n\t\t<figure>\n\t\t\t<img loading=\"lazy\" decoding=\"async\" width=\"250\" height=\"199\" src=\"https:\/\/files.nettsteder.regjeringen.no\/wpuploads01\/sites\/598\/2026\/02\/Skjermbilde-2026-02-18-103924.png\" class=\"attachment-250x250 size-250x250\" alt=\"\" srcset=\"https:\/\/files.nettsteder.regjeringen.no\/wpuploads01\/sites\/598\/2026\/02\/Skjermbilde-2026-02-18-103924.png 729w, https:\/\/files.nettsteder.regjeringen.no\/wpuploads01\/sites\/598\/2026\/02\/Skjermbilde-2026-02-18-103924-300x239.png 300w\" sizes=\"auto, (max-width: 250px) 100vw, 250px\" \/>\t\t<\/figure>\n\t<\/div>\n\t<div class=\"dss-person-content\">\n\t\t<h3 class=\"dss-person-name\">Ole Bredrup S\u00e6verud <\/h3><p class=\"dss-person-position\">Utvalgsmedlem<\/p><div class=\"dss-person-content\">\n\n<p>Ole Bredrup S\u00e6verud er politimester i S\u00f8r-\u00d8st politidistrikt, og har bakgrunn som f\u00f8rste f\u00f8rstestatsadvokat i Troms og Finnmark og som politimester i Troms politidistrikt.  Han er fra januar 2026 l\u00e5nt ut til POD, for \u00e5 lede et program som skal sikre gjennomf\u00f8ringen av en helhetlig digitalisering i politiet. S\u00e6verud har kompetanse om politiet og h\u00f8yere p\u00e5talemyndighet, og har god kjennskap til digitaliseringsarbeid i politiet.<\/p>\n\n\n\n<p><sub>Foto: Politiet<\/sub><\/p>\n\n<\/div>\t<\/div>\n\t<\/li>\n\n<li class=\"wp-block-dss-person\">\t<div class=\"dss-person-image\">\n\t\t<figure>\n\t\t\t<img loading=\"lazy\" decoding=\"async\" width=\"217\" height=\"250\" src=\"https:\/\/files.nettsteder.regjeringen.no\/wpuploads01\/sites\/598\/2026\/02\/Skjermbilde-2026-02-18-103529.png\" class=\"attachment-250x250 size-250x250\" alt=\"\" \/>\t\t<\/figure>\n\t<\/div>\n\t<div class=\"dss-person-content\">\n\t\t<h3 class=\"dss-person-name\">Masood Fazal<\/h3><p class=\"dss-person-position\">Utvalgsmedlem<\/p><div class=\"dss-person-content\">\n\n<p>Masood Fazal, jobber i Oslo politidistrikt som politioverbetjent i enhet \u00d8st. Han er initiativtaker bak oppl\u00e6ringskonseptet Rettferdig politisom fokuserer p\u00e5 kommunikasjon og konflikth\u00e5ndtering mellom politiet og publikum i et mangfoldig Norge. Fazal har jobbet med tiltaket i hele landet, ogs\u00e5 med tanke p\u00e5 andre minoritetsgruppe<\/p>\n\n\n\n<p><sub>Foto: Karianne Grindem<\/sub><\/p>\n\n<\/div>\t<\/div>\n\t<\/li>\n\n<li class=\"wp-block-dss-person\">\t<div class=\"dss-person-image\">\n\t\t<figure>\n\t\t\t<img loading=\"lazy\" decoding=\"async\" width=\"250\" height=\"167\" src=\"https:\/\/files.nettsteder.regjeringen.no\/wpuploads01\/sites\/598\/2026\/02\/5_20_1254311PPR_5538_1.jpg\" class=\"attachment-250x250 size-250x250\" alt=\"\" srcset=\"https:\/\/files.nettsteder.regjeringen.no\/wpuploads01\/sites\/598\/2026\/02\/5_20_1254311PPR_5538_1.jpg 1200w, https:\/\/files.nettsteder.regjeringen.no\/wpuploads01\/sites\/598\/2026\/02\/5_20_1254311PPR_5538_1-300x200.jpg 300w, https:\/\/files.nettsteder.regjeringen.no\/wpuploads01\/sites\/598\/2026\/02\/5_20_1254311PPR_5538_1-1024x684.jpg 1024w, https:\/\/files.nettsteder.regjeringen.no\/wpuploads01\/sites\/598\/2026\/02\/5_20_1254311PPR_5538_1-768x513.jpg 768w\" sizes=\"auto, (max-width: 250px) 100vw, 250px\" \/>\t\t<\/figure>\n\t<\/div>\n\t<div class=\"dss-person-content\">\n\t\t<h3 class=\"dss-person-name\">Janne By Voldset<\/h3><p class=\"dss-person-position\">Utvalgsmedlem<\/p><div class=\"dss-person-content\">\n\n<p>Janne By Vollset er politf\u00f8rsteibetjent og leder for det lokalt forebyggende arbeidet ved Halden politistasjon i \u00d8st politidistrikt.<\/p>\n\n\n\n<p><sub>Foto: Petrit Prenaj<\/sub><\/p>\n\n<\/div>\t<\/div>\n\t<\/li>\n\n<li class=\"wp-block-dss-person\">\t<div class=\"dss-person-image\">\n\t\t<figure>\n\t\t\t<img loading=\"lazy\" decoding=\"async\" width=\"250\" height=\"250\" src=\"https:\/\/files.nettsteder.regjeringen.no\/wpuploads01\/sites\/598\/2026\/02\/Skjermbilde-2026-02-18-102023-300x300.png\" class=\"attachment-250x250 size-250x250\" alt=\"\" srcset=\"https:\/\/files.nettsteder.regjeringen.no\/wpuploads01\/sites\/598\/2026\/02\/Skjermbilde-2026-02-18-102023-300x300.png 300w, https:\/\/files.nettsteder.regjeringen.no\/wpuploads01\/sites\/598\/2026\/02\/Skjermbilde-2026-02-18-102023-150x150.png 150w, https:\/\/files.nettsteder.regjeringen.no\/wpuploads01\/sites\/598\/2026\/02\/Skjermbilde-2026-02-18-102023.png 310w\" sizes=\"auto, (max-width: 250px) 100vw, 250px\" \/>\t\t<\/figure>\n\t<\/div>\n\t<div class=\"dss-person-content\">\n\t\t<h3 class=\"dss-person-name\">Nils Kalstad<\/h3><p class=\"dss-person-position\">Utvalgsmedlem<\/p><div class=\"dss-person-content\">\n\n<p>Nils Kalstad, var Direkt\u00f8r for NTNU Samfunnssikkerhet og beredskap, men er n\u00e5 bonde og director cybersecurity i KPMG.\u00a0Han har doktorgrad i informasjonssikkerhet fra Institutt for informatikk (Universitetet i Oslo). Kalstad har tidligere ledet NTNUs Institutt for informasjonssikkerhet og kommunikasjonsteknologi, v\u00e6rt direkt\u00f8r for NTNUs Center for Cyber and Information Security og ledet aktiviteten ved Norwegian Cyber Range.<\/p>\n\n\n\n<p><sub>Foto: NTNU<\/sub><\/p>\n\n<\/div>\t<\/div>\n\t<\/li>\n\n<li class=\"wp-block-dss-person\">\t<div class=\"dss-person-image\">\n\t\t<figure>\n\t\t\t<img loading=\"lazy\" decoding=\"async\" width=\"200\" height=\"250\" src=\"https:\/\/files.nettsteder.regjeringen.no\/wpuploads01\/sites\/598\/2026\/02\/10-07.JPG.avif\" class=\"attachment-250x250 size-250x250\" alt=\"\" srcset=\"https:\/\/files.nettsteder.regjeringen.no\/wpuploads01\/sites\/598\/2026\/02\/10-07.JPG.avif 420w, https:\/\/files.nettsteder.regjeringen.no\/wpuploads01\/sites\/598\/2026\/02\/10-07.JPG-240x300.avif 240w\" sizes=\"auto, (max-width: 200px) 100vw, 200px\" \/>\t\t<\/figure>\n\t<\/div>\n\t<div class=\"dss-person-content\">\n\t\t<h3 class=\"dss-person-name\">Lise Helleb\u00f8 Rykkja<\/h3><p class=\"dss-person-position\">Utvalgsmedlem<\/p><div class=\"dss-person-content\">\n\n<p>Lise Helleb\u00f8 Rykkja er instituttleder ved institutt for politikk og forvaltning ved Universitetet i Bergen. Hun har forsket p\u00e5 gjenstridige samfunnsproblemer som samfunnssikkerhet, kriseh\u00e5ndtering og digitalisering i offentlig sektor.<\/p>\n\n\n\n<p><sub>Foto: Eivind Senneset, UiB<\/sub><\/p>\n\n<\/div>\t<\/div>\n\t<\/li>\n\n<li class=\"wp-block-dss-person\">\t<div class=\"dss-person-image\">\n\t\t<figure>\n\t\t\t<img loading=\"lazy\" decoding=\"async\" width=\"250\" height=\"167\" src=\"https:\/\/files.nettsteder.regjeringen.no\/wpuploads01\/sites\/598\/2026\/02\/41Z7870-Edit-scaled.jpg\" class=\"attachment-250x250 size-250x250\" alt=\"\" srcset=\"https:\/\/files.nettsteder.regjeringen.no\/wpuploads01\/sites\/598\/2026\/02\/41Z7870-Edit-scaled.jpg 2560w, https:\/\/files.nettsteder.regjeringen.no\/wpuploads01\/sites\/598\/2026\/02\/41Z7870-Edit-300x200.jpg 300w, https:\/\/files.nettsteder.regjeringen.no\/wpuploads01\/sites\/598\/2026\/02\/41Z7870-Edit-1024x683.jpg 1024w, https:\/\/files.nettsteder.regjeringen.no\/wpuploads01\/sites\/598\/2026\/02\/41Z7870-Edit-768x512.jpg 768w, https:\/\/files.nettsteder.regjeringen.no\/wpuploads01\/sites\/598\/2026\/02\/41Z7870-Edit-1536x1024.jpg 1536w, https:\/\/files.nettsteder.regjeringen.no\/wpuploads01\/sites\/598\/2026\/02\/41Z7870-Edit-2048x1365.jpg 2048w\" sizes=\"auto, (max-width: 250px) 100vw, 250px\" \/>\t\t<\/figure>\n\t<\/div>\n\t<div class=\"dss-person-content\">\n\t\t<h3 class=\"dss-person-name\">Marianne Haraldsvik<\/h3><p class=\"dss-person-position\">Utvalgsmedlem<\/p><div class=\"dss-person-content\">\n\n<p>Marianne Haraldsvik er samfunns\u00f8konom og forskningssjef ved Senter for \u00f8konomisk forskning. Hun har bred erfaring fra forsknings- og utviklingsprosjekter i offentlig sektor, og har utvalgserfaring b\u00e5de som medlem og leder, bl.a ledet hun Inntektssystemutvalget (2022).<\/p>\n\n\n\n<p><sub>Foto: NTNU Samfunnsforskning AS<\/sub><\/p>\n\n<\/div>\t<\/div>\n\t<\/li>\n<\/ul>","protected":false},"excerpt":{"rendered":"","protected":false},"author":181,"featured_media":0,"parent":0,"menu_order":0,"comment_status":"closed","ping_status":"closed","template":"","meta":{"dss_simple_post_excerpt":"","dss_show_featured_image":true,"footnotes":""},"class_list":["post-13","page","type-page","status-publish","hentry"],"language":"nb-NO","_links":{"self":[{"href":"https:\/\/nettsteder.regjeringen.no\/politirolleutvalget\/wp-json\/wp\/v2\/pages\/13","targetHints":{"allow":["GET"]}}],"collection":[{"href":"https:\/\/nettsteder.regjeringen.no\/politirolleutvalget\/wp-json\/wp\/v2\/pages"}],"about":[{"href":"https:\/\/nettsteder.regjeringen.no\/politirolleutvalget\/wp-json\/wp\/v2\/types\/page"}],"author":[{"embeddable":true,"href":"https:\/\/nettsteder.regjeringen.no\/politirolleutvalget\/wp-json\/wp\/v2\/users\/181"}],"replies":[{"embeddable":true,"href":"https:\/\/nettsteder.regjeringen.no\/politirolleutvalget\/wp-json\/wp\/v2\/comments?post=13"}],"version-history":[{"count":2,"href":"https:\/\/nettsteder.regjeringen.no\/politirolleutvalget\/wp-json\/wp\/v2\/pages\/13\/revisions"}],"predecessor-version":[{"id":120,"href":"https:\/\/nettsteder.regjeringen.no\/politirolleutvalget\/wp-json\/wp\/v2\/pages\/13\/revisions\/120"}],"wp:attachment":[{"href":"https:\/\/nettsteder.regjeringen.no\/politirolleutvalget\/wp-json\/wp\/v2\/media?parent=13"}],"curies":[{"name":"wp","href":"https:\/\/api.w.org\/{rel}","templated":true}]}}