{"id":281,"date":"2018-07-20T12:51:20","date_gmt":"2018-07-20T10:51:20","guid":{"rendered":"https:\/\/nettsteder.regjeringen.no\/personvern\/?page_id=281"},"modified":"2019-03-26T12:29:21","modified_gmt":"2019-03-26T11:29:21","slug":"oversikt-over-nettsteder","status":"publish","type":"page","link":"https:\/\/nettsteder.regjeringen.no\/personvern\/oversikt-over-nettsteder\/","title":{"rendered":"Oversikt over nettsteder"},"content":{"rendered":"<div id=\"module-0\" class=\"hogan-module hogan-module-text hogan-module-0 text-wrap\"><div class=\"hogan-module-inner clearfix\"><ul class=\"network-portfolio-list\"><li><a href=\"https:\/\/helenorgeeksporterer.no\"><\/a><\/li><li><a href=\"https:\/\/responsiblebusiness.no\">Ansvarlig N\u00e6ringsliv<\/a><\/li><li><a href=\"https:\/\/nettsteder.regjeringen.no\/ansvarlignaringsliv2\">Ansvarlig N\u00e6ringsliv<\/a><\/li><li><a href=\"https:\/\/nettsteder.regjeringen.no\/stylu\">Arbeid med mer overordnet styring av l\u00e6rerutdanningene<\/a><\/li><li><a href=\"https:\/\/nettsteder.regjeringen.no\/attache\">Attach\u00e9 Portal<\/a><\/li><li><a href=\"https:\/\/bluejustice.org\">Blue Justice<\/a><\/li><li><a href=\"https:\/\/nettsteder.regjeringen.no\/bostotteutvalget\">Bost\u00f8tteutvalget<\/a><\/li><li><a href=\"https:\/\/berekraft.regjeringen.no\">B\u00e6rekraftsm\u00e5lene for Norge<\/a><\/li><li><a href=\"https:\/\/nettsteder.regjeringen.no\/standarddesign\">design.dep.no<\/a><\/li><li><a href=\"https:\/\/design.dep.no\">Designprogrammet for departementene<\/a><\/li><li><a href=\"https:\/\/nettsteder.regjeringen.no\/diony\">DIO<\/a><\/li><li><a href=\"https:\/\/www.dio.dep.no\">DIO<\/a><\/li><li><a href=\"https:\/\/nettsteder.regjeringen.no\">DIO NETTSTEDER<\/a><\/li><li><a href=\"https:\/\/www.dss.dep.no\">DSS - Sammen for fellesskapet<\/a><\/li><li><a href=\"https:\/\/nettsteder.regjeringen.no\/dss\">DSS - Sammen for fellesskapet<\/a><\/li><li><a href=\"https:\/\/nettsteder.regjeringen.no\/dss3\">DSS Test i standardmal<\/a><\/li><li><a href=\"https:\/\/eierskapskonferansen.no\">EIERSKAPSKONFERANSEN 2026<\/a><\/li><li><a href=\"https:\/\/nettsteder.regjeringen.no\/etakbu\">Ekspertgruppe om tiltak mot alvorlig kriminalitet blant barn og unge<\/a><\/li><li><a href=\"https:\/\/nettsteder.regjeringen.no\/ekspertsirkulaer\">Ekspertgruppen for virkemidler for \u00e5 fremme sirkul\u00e6re aktiviteter <\/a><\/li><li><a href=\"https:\/\/nettsteder.regjeringen.no\/esika\">Ekspertgruppen om samarbeid og informasjonsdeling i kriminalitetsforebyggende arbeid<\/a><\/li><li><a href=\"https:\/\/nettsteder.regjeringen.no\/ekspertutvalgbpa\">Ekspertutvalg om brukerstyrt personlig assistanse (BPA)<\/a><\/li><li><a href=\"https:\/\/nettsteder.regjeringen.no\/klimatilpasning\">Ekspertutvalget om klimatilpasning<\/a><\/li><li><a href=\"https:\/\/nettsteder.regjeringen.no\/ekspropriasjonsavklaringsutvalget\">Ekspropriasjons&shy;avklarings&shy;utvalget<\/a><\/li><li><a href=\"https:\/\/etikkradet.no\">Etikkr\u00e5det<\/a><\/li><li><a href=\"https:\/\/nettsteder.regjeringen.no\/etikkradet4\">Etikkr\u00e5det<\/a><\/li><li><a href=\"https:\/\/nettsteder.regjeringen.no\/eosmidleneny\">E\u00d8S-midlene<\/a><\/li><li><a href=\"https:\/\/nettsteder.regjeringen.no\/frlu\">Faglig r\u00e5d for L\u00e6rerutdanning 2025<\/a><\/li><li><a href=\"https:\/\/nettsteder.regjeringen.no\/fryu\">Faglige r\u00e5d for yrkesfaglige utdanningsprogram<\/a><\/li><li><a href=\"https:\/\/nettsteder.regjeringen.no\/familieportalen26\">FAMILIEPORTALEN<\/a><\/li><li><a href=\"https:\/\/familieportalen.mfa.no\">Familieportalen<\/a><\/li><li><a href=\"https:\/\/nettsteder.regjeringen.no\/fdarrangement\">FD arrangement og m\u00f8ter<\/a><\/li><li><a href=\"https:\/\/www.forsvarsfondet.no\">Forsvarsfondet<\/a><\/li><li><a href=\"https:\/\/nettsteder.regjeringen.no\/ffspm\">Forum for statens prosjektmodell<\/a><\/li><li><a href=\"https:\/\/utenlandsadopsjonsutvalget.no\">Granskingsutvalget for utenlandsadopsjoner<\/a><\/li><li><a href=\"https:\/\/www.hatogtrusler.no\">Hat og trusler<\/a><\/li><li><a href=\"https:\/\/nettsteder.regjeringen.no\/helseiarbeidnav\">Helse i arbeid NAV<\/a><\/li><li><a href=\"https:\/\/nettsteder.regjeringen.no\/helseiarbeid\">HelseIArbeid<\/a><\/li><li><a href=\"https:\/\/nettsteder.regjeringen.no\/helsereformutvalget\">Helsereformutvalget<\/a><\/li><li><a href=\"https:\/\/nettsteder.regjeringen.no\/husleielovutvalget\">Husleielovutvalget<\/a><\/li><li><a href=\"https:\/\/idrettsanlegg.no\">idrettsanlegg.no<\/a><\/li><li><a href=\"https:\/\/nettsteder.regjeringen.no\/isu\">Innovasjons- og samskapingsutvalget<\/a><\/li><li><a href=\"https:\/\/interreg.no\">Interreg.no<\/a><\/li><li><a href=\"https:\/\/www.jobbienergidepartementet.no\">Jobb i Energidepartementet<\/a><\/li><li><a href=\"https:\/\/jobbifin.dep.no\">Jobb i FIN<\/a><\/li><li><a href=\"https:\/\/nettsteder.regjeringen.no\/karantenenemnda\">Karantenenemnda<\/a><\/li><li><a href=\"https:\/\/nettsteder.regjeringen.no\/kjernekraftutvalget\">Kjernekraftutvalget<\/a><\/li><li><a href=\"https:\/\/nettsteder.regjeringen.no\/kommunekommisjonen\">Kommunekommisjonen<\/a><\/li><li><a href=\"https:\/\/konkurranselovutvalget.no\">Konkurranselovutvalget<\/a><\/li><li><a href=\"https:\/\/nettsteder.regjeringen.no\/kontaktkonferansen\">Kontaktkonferansen 2025<\/a><\/li><li><a href=\"https:\/\/kontaktkonferansen.no\">Kontaktkonferansen 2026<\/a><\/li><li><a href=\"https:\/\/www.koronakommisjonen.no\">Koronakommisjonen<\/a><\/li><li><a href=\"https:\/\/kulturmiljolovutvalet.no\">Kulturmilj\u00f8lovutvalet<\/a><\/li><li><a href=\"https:\/\/lesekommisjonen.no\">Lesekommisjonen<\/a><\/li><li><a href=\"https:\/\/malthesorenssenutvalget.no\">Malthe-S\u00f8renssen-utvalget<\/a><\/li><li><a href=\"https:\/\/nettsteder.regjeringen.no\/matsystemutvalget\">Matsystemutvalget<\/a><\/li><li><a href=\"https:\/\/nettsteder.regjeringen.no\/miljorapport\">Milj\u00f8rapport<\/a><\/li><li><a href=\"https:\/\/nettsteder.regjeringen.no\/musikkutvalget\">Musikkutvalget<\/a><\/li><li><a href=\"https:\/\/folkepanel.regjeringen.no\">Nasjonalt folkepanel om b\u00e6rekraftig forbruk<\/a><\/li><li><a href=\"https:\/\/activecitizensfund.no\">NGO Norway<\/a><\/li><li><a href=\"https:\/\/nettsteder.regjeringen.no\/nmlam\">NORDIC MILITARY LEGAL ADVISORS&#039; MEETING<\/a><\/li><li><a href=\"https:\/\/www.nicfi.no\">Norway&#039;s International Climate and Forest Initiative<\/a><\/li><li><a href=\"https:\/\/punktskriftutvalget.no\">Offentlig utvalg for punktskrift, OUP<\/a><\/li><li><a href=\"https:\/\/nettsteder.regjeringen.no\/partilovutvalget\">Partilovutvalget<\/a><\/li><li><a href=\"https:\/\/nettsteder.regjeringen.no\/pbrlovutvalget\">Pasient- og brukerrettighetslovutvalget<\/a><\/li><li><a href=\"https:\/\/nettsteder.regjeringen.no\/pertest\">Per sin sandkasse<\/a><\/li><li><a href=\"https:\/\/nettsteder.regjeringen.no\/personvern\">Personvernerkl\u00e6ring<\/a><\/li><li><a href=\"https:\/\/personvernnemnda.no\">Personvernnemnda<\/a><\/li><li><a href=\"https:\/\/nettsteder.regjeringen.no\/politirolleutvalget\">Politirolleutvalget<\/a><\/li><li><a href=\"https:\/\/postutvalget.no\">Postutvalget<\/a><\/li><li><a href=\"https:\/\/publikasjoner.dep.no\">Publikasjoner.dep.no<\/a><\/li><li><a href=\"https:\/\/nettsteder.regjeringen.no\/reserve\">Regjeringen.no<\/a><\/li><li><a href=\"https:\/\/nettsteder.regjeringen.no\/rnik\">Regjeringens nasjonale integreringskonferanse<\/a><\/li><li><a href=\"https:\/\/riksvalgstyret.no\">Riksvalgstyret<\/a><\/li><li><a href=\"https:\/\/nettsteder.regjeringen.no\/rusbehandlingsutvalget\">Rusbehandlingsutvalget<\/a><\/li><li><a href=\"https:\/\/nettsteder.regjeringen.no\/rsu\">R\u00e5det for studieforberedende utdanningsprogram<\/a><\/li><li><a href=\"https:\/\/finanspolitikkutvalget.no\">R\u00e5dgivende utvalg for finanspolitiske analyser<\/a><\/li><li><a href=\"https:\/\/nettsteder.regjeringen.no\/salerutvalget\">Sal\u00e6rutvalget<\/a><\/li><li><a href=\"https:\/\/nettsteder.regjeringen.no\/sry\">Samarbeidsr\u00e5det for fag- og yrkesoppl\u00e6ringen (SRY)<\/a><\/li><li><a href=\"https:\/\/sivilklareringsmyndighet.no\">Sivil klareringsmyndighet<\/a><\/li><li><a href=\"https:\/\/skjermbrukutvalget.no\">Skjermbrukutvalget<\/a><\/li><li><a href=\"https:\/\/snowpark.no\">Snowpark<\/a><\/li><li><a href=\"https:\/\/statenslonnsutvalg.no\">Statens l\u00f8nnsutvalg (SLU)<\/a><\/li><li><a href=\"https:\/\/www.foodsfromtheocean.no\">Sustainable Food from the Oceans and Inland Waters for Food Security and Nutrition<\/a><\/li><li><a href=\"https:\/\/nettsteder.regjeringen.no\/foodfromtheocean\">Sustainable Food from the Oceans and Inland Waters for Food Security and Nutrition<\/a><\/li><li><a href=\"https:\/\/www.seedvault.no\">Svalbard Global Seed Vault <\/a><\/li><li><a href=\"https:\/\/nettsteder.regjeringen.no\/tbu\">Teknisk beregningsutvalg for kommunal og fylkeskommunal \u00f8konomi (TBU)<\/a><\/li><li><a href=\"https:\/\/nettsteder.regjeringen.no\/yngviltest\">Test<\/a><\/li><li><a href=\"https:\/\/nettsteder.regjeringen.no\/test-av-ny-mal\">Test av ny mal<\/a><\/li><li><a href=\"https:\/\/ud2024.no\">UD2024<\/a><\/li><li><a href=\"https:\/\/unesco.no\">UNESCO<\/a><\/li><li><a href=\"https:\/\/nettsteder.regjeringen.no\/ungdomsloftet\">Ungdomsl\u00f8ftet<\/a><\/li><li><a href=\"https:\/\/nettsteder.regjeringen.no\/ufvb\">Utvalg om f\u00f8dselstall og velferdsordninger for barnefamilier <\/a><\/li><li><a href=\"https:\/\/nettsteder.regjeringen.no\/uerspu\">Utvalg som skal vurdere det etiske rammeverket for Statens pensjonsfond utland<\/a><\/li><li><a href=\"https:\/\/fellesskoleutvalget.no\">Utvalget for framtidens fellesskole<\/a><\/li><li><a href=\"https:\/\/utdanningsstotteutvalget.no\">Utvalget for framtidens utdanningsst\u00f8tte<\/a><\/li><li><a href=\"https:\/\/veglovutvalget.no\">Veglovutvalget<\/a><\/li><li><a href=\"https:\/\/nettsteder.regjeringen.no\/visum\">Visum til tjenestereiser og utenlandsopphold<\/a><\/li><li><a href=\"https:\/\/open.regjeringa.no\">\u00c5penhet i forvaltningen<\/a><\/li><\/ul><\/div><\/div>","protected":false},"excerpt":{"rendered":"<p>Ansvarlig N\u00e6ringslivAnsvarlig N\u00e6ringslivArbeid med mer overordnet styring av l\u00e6rerutdanningeneAttach\u00e9 PortalBlue JusticeBost\u00f8tteutvalgetB\u00e6rekraftsm\u00e5lene for Norgedesign.dep.noDesignprogrammet for departementeneDIODIODIO NETTSTEDERDSS &#8211; Sammen for fellesskapetDSS &#8230;<\/p>\n","protected":false},"author":181,"featured_media":0,"parent":0,"menu_order":0,"comment_status":"closed","ping_status":"closed","template":"","meta":{"_acf_changed":false,"footnotes":""},"class_list":["post-281","page","type-page","status-publish","hentry"],"acf":[],"language":"nb-NO","_links":{"self":[{"href":"https:\/\/nettsteder.regjeringen.no\/personvern\/wp-json\/wp\/v2\/pages\/281","targetHints":{"allow":["GET"]}}],"collection":[{"href":"https:\/\/nettsteder.regjeringen.no\/personvern\/wp-json\/wp\/v2\/pages"}],"about":[{"href":"https:\/\/nettsteder.regjeringen.no\/personvern\/wp-json\/wp\/v2\/types\/page"}],"author":[{"embeddable":true,"href":"https:\/\/nettsteder.regjeringen.no\/personvern\/wp-json\/wp\/v2\/users\/181"}],"replies":[{"embeddable":true,"href":"https:\/\/nettsteder.regjeringen.no\/personvern\/wp-json\/wp\/v2\/comments?post=281"}],"version-history":[{"count":4,"href":"https:\/\/nettsteder.regjeringen.no\/personvern\/wp-json\/wp\/v2\/pages\/281\/revisions"}],"predecessor-version":[{"id":539,"href":"https:\/\/nettsteder.regjeringen.no\/personvern\/wp-json\/wp\/v2\/pages\/281\/revisions\/539"}],"wp:attachment":[{"href":"https:\/\/nettsteder.regjeringen.no\/personvern\/wp-json\/wp\/v2\/media?parent=281"}],"curies":[{"name":"wp","href":"https:\/\/api.w.org\/{rel}","templated":true}]}}