{"id":5,"date":"2022-01-25T11:44:50","date_gmt":"2022-01-25T10:44:50","guid":{"rendered":"https:\/\/nettsteder.regjeringen.no\/persontilpassetmedisin\/?page_id=5"},"modified":"2022-04-29T13:07:00","modified_gmt":"2022-04-29T11:07:00","slug":"om-vart-arbeid","status":"publish","type":"page","link":"https:\/\/nettsteder.regjeringen.no\/persontilpassetmedisin\/","title":{"rendered":"Om arbeidet"},"content":{"rendered":"\n<p>Helse- og omsorgsdepartementet skal i 2022 revidere nasjonal strategi for persontilpasset medisin. P\u00e5 denne siden kan du gi innspill til arbeidet. <\/p>\n\n\n\n<p>Oversikt over oppdrag til helseregionene, Norges forskningsr\u00e5d og HODs underliggende etater ligger <a href=\"https:\/\/files.nettsteder.regjeringen.no\/wpuploads01\/sites\/499\/2022\/03\/Revisjon-PM-strategi-oppdrag-i-2022.pdf\" data-type=\"URL\" data-id=\"https:\/\/files.nettsteder.regjeringen.no\/wpuploads01\/sites\/499\/2022\/03\/Revisjon-PM-strategi-oppdrag-i-2022.pdf\">her<\/a>. <\/p>\n\n\n\n<p>I arbeidets f\u00f8rste fase (februar til april 2022) er det utarbeidet notater som beskriver status for fem omr\u00e5der: <a href=\"https:\/\/files.nettsteder.regjeringen.no\/wpuploads01\/sites\/499\/2022\/04\/1-Notat-Revisjon-PM-strategi-delprosjekt1-21-04-22.docx\" data-type=\"URL\">spesialisthelsetjenesten<\/a>, <a href=\"https:\/\/files.nettsteder.regjeringen.no\/wpuploads01\/sites\/499\/2022\/04\/2-PM_Hdir_khotj-og-tannhelse.pdf\" data-type=\"URL\">prim\u00e6rhelsetjenesten<\/a>, <a href=\"https:\/\/files.nettsteder.regjeringen.no\/wpuploads01\/sites\/499\/2022\/04\/3-Folkehelse-og-forebygging.docx\" data-type=\"URL\">folkehelseomr\u00e5det<\/a>, <a href=\"https:\/\/files.nettsteder.regjeringen.no\/wpuploads01\/sites\/499\/2022\/04\/5-Strategi-PM-delprosjekt-forskning-og-innovasjon-notat-20-04-2022.docx\" data-type=\"URL\">forskning og innovasjon<\/a> og <a href=\"https:\/\/files.nettsteder.regjeringen.no\/wpuploads01\/sites\/499\/2022\/04\/4-Notat-om-persontilpasset-medisin-delprosjekt-data-og-infrastruktur-med-vedlegg.pdf\" data-type=\"URL\">infrastruktur og data<\/a>. Vi gj\u00f8r oppmerksom p\u00e5 at at dette er forel\u00f8pige arbeidsdokumenter som er utarbeidet med kort frist. HOD deler dem likevel av hensyn til meroffentlighet og \u00f8nsket om en \u00e5pen prosess. Mandat for de fem delprosjektene ligger <a href=\"https:\/\/files.nettsteder.regjeringen.no\/wpuploads01\/sites\/499\/2022\/03\/Mandat-delprosjekter-Revidering-persontilpasset-medisin.pdf\">her<\/a>.<\/p>\n\n\n\n<p><\/p>\n\n\n\n<figure class=\"wp-block-image size-large\"><img loading=\"lazy\" decoding=\"async\" width=\"1024\" height=\"448\" src=\"https:\/\/files.nettsteder.regjeringen.no\/wpuploads01\/sites\/499\/2022\/01\/COLOURBOX19364458-1024x448.jpg\" alt=\"\" class=\"wp-image-58\" srcset=\"https:\/\/files.nettsteder.regjeringen.no\/wpuploads01\/sites\/499\/2022\/01\/COLOURBOX19364458-1024x448.jpg 1024w, https:\/\/files.nettsteder.regjeringen.no\/wpuploads01\/sites\/499\/2022\/01\/COLOURBOX19364458-300x131.jpg 300w, https:\/\/files.nettsteder.regjeringen.no\/wpuploads01\/sites\/499\/2022\/01\/COLOURBOX19364458-768x336.jpg 768w, https:\/\/files.nettsteder.regjeringen.no\/wpuploads01\/sites\/499\/2022\/01\/COLOURBOX19364458-1536x672.jpg 1536w, https:\/\/files.nettsteder.regjeringen.no\/wpuploads01\/sites\/499\/2022\/01\/COLOURBOX19364458-2048x897.jpg 2048w\" sizes=\"auto, (max-width: 1024px) 100vw, 1024px\" \/><figcaption>Gensekvensering. Bilde: Colourbox<\/figcaption><\/figure>\n","protected":false},"excerpt":{"rendered":"<p>Helse- og omsorgsdepartementet skal i 2022 revidere nasjonal strategi for persontilpasset medisin. P\u00e5 denne siden kan du gi innspill til arbeidet. Oversikt over oppdrag til helseregionene, Norges forskningsr\u00e5d og HODs underliggende etater ligger her. I arbeidets f\u00f8rste fase (februar til april 2022) er det utarbeidet notater som beskriver status for fem omr\u00e5der: spesialisthelsetjenesten, prim\u00e6rhelsetjenesten, folkehelseomr\u00e5det,\u2026<\/p>\n","protected":false},"author":2877,"featured_media":0,"parent":0,"menu_order":0,"comment_status":"closed","ping_status":"closed","template":"","meta":{"dss_simple_post_excerpt":"","dss_show_featured_image":true,"footnotes":""},"class_list":["post-5","page","type-page","status-publish","hentry"],"language":"nb-NO","_links":{"self":[{"href":"https:\/\/nettsteder.regjeringen.no\/persontilpassetmedisin\/wp-json\/wp\/v2\/pages\/5","targetHints":{"allow":["GET"]}}],"collection":[{"href":"https:\/\/nettsteder.regjeringen.no\/persontilpassetmedisin\/wp-json\/wp\/v2\/pages"}],"about":[{"href":"https:\/\/nettsteder.regjeringen.no\/persontilpassetmedisin\/wp-json\/wp\/v2\/types\/page"}],"author":[{"embeddable":true,"href":"https:\/\/nettsteder.regjeringen.no\/persontilpassetmedisin\/wp-json\/wp\/v2\/users\/2877"}],"replies":[{"embeddable":true,"href":"https:\/\/nettsteder.regjeringen.no\/persontilpassetmedisin\/wp-json\/wp\/v2\/comments?post=5"}],"version-history":[{"count":3,"href":"https:\/\/nettsteder.regjeringen.no\/persontilpassetmedisin\/wp-json\/wp\/v2\/pages\/5\/revisions"}],"predecessor-version":[{"id":92,"href":"https:\/\/nettsteder.regjeringen.no\/persontilpassetmedisin\/wp-json\/wp\/v2\/pages\/5\/revisions\/92"}],"wp:attachment":[{"href":"https:\/\/nettsteder.regjeringen.no\/persontilpassetmedisin\/wp-json\/wp\/v2\/media?parent=5"}],"curies":[{"name":"wp","href":"https:\/\/api.w.org\/{rel}","templated":true}]}}