{"id":21,"date":"2022-01-25T14:24:51","date_gmt":"2022-01-25T13:24:51","guid":{"rendered":"https:\/\/nettsteder.regjeringen.no\/persontilpassetmedisin\/?page_id=21"},"modified":"2022-01-26T10:23:20","modified_gmt":"2022-01-26T09:23:20","slug":"bakgrunn","status":"publish","type":"page","link":"https:\/\/nettsteder.regjeringen.no\/persontilpassetmedisin\/bakgrunn\/","title":{"rendered":"Bakgrunn"},"content":{"rendered":"\n<p id=\"id0011_p11\">Persontilpasset\u00a0medisin er forebygging, diagnostikk, behandling og oppf\u00f8lging tilpasset biologiske forhold hos den enkelte pasient. Hensikten er \u00e5 tilby pasientene mer presis og m\u00e5lrettet diagnostikk og behandling, og samtidig unng\u00e5 behandling som ikke har effekt.\u00a0Persontilpasset\u00a0medisin omfatter blant annet behandling med legemidler som er utviklet for \u00e5 virke direkte \u00e5rsaksrettet, og er s\u00e6rlig aktuelt for pasienter med noen sjeldne kreftformer og for pasienter med sjeldne genetiske sykdommer.<\/p>\n\n\n\n<p>Helsedirektoratet har ansvar for koordinering av oppf\u00f8lgingen av\u00a0<a rel=\"noreferrer noopener\" href=\"https:\/\/www.helsedirektoratet.no\/rapporter\/strategi-for-persontilpasset-medisin-i-helsetjenesten\/Nasjonal%20strategi%20for%20persontilpasset%20medisin%20i%20helsetjenesten.pdf\/_\/attachment\/inline\/b1d01025-21b2-4efc-a38a-d310781b5e10:81b9e4f8918378a1380704f2d18219960c688859\/Nasjonal%20strategi%20for%20persontilpasset%20medisin%20i%20helsetjenesten.pdf\" target=\"_blank\">Nasjonal strategi for\u00a0persontilpasset\u00a0medisin i helsetjenesten 2017\u20132021<\/a>. Strategien har anbefalinger innen omr\u00e5dene kompetanse og informasjon, kvalitet og fagutvikling, helseregistre, informasjons- og kommunikasjons-teknologi samt forskning og innovasjon. <\/p>\n\n\n\n<p>Viktige prinsipper for strategien er at pasienter i hele landet skal ha et likeverdig tilbud om\u00a0persontilpasset\u00a0medisin, at innf\u00f8ring av\u00a0persontilpasset\u00a0medisin skal ivareta den enkeltes integritet og r\u00e5derett over informasjon om eget biologisk materiale, og at nye metoder innenfor\u00a0persontilpasset\u00a0medisin skal innf\u00f8res p\u00e5 en m\u00e5te som er samfunns\u00f8konomisk b\u00e6rekraftig og i tr\u00e5d med gjeldende kriterier for prioritering. Den nasjonale strategien for\u00a0persontilpasset\u00a0medisin forlenges ut 2022.<\/p>\n\n\n\n<p>Det er besluttet at Helse- og omsorgsdepartementet skal lede arbeidet med \u00e5 revidere strategien. <\/p>\n","protected":false},"excerpt":{"rendered":"<p>Persontilpasset\u00a0medisin er forebygging, diagnostikk, behandling og oppf\u00f8lging tilpasset biologiske forhold hos den enkelte pasient. Hensikten er \u00e5 tilby pasientene mer presis og m\u00e5lrettet diagnostikk og behandling, og samtidig unng\u00e5 behandling som ikke har effekt.\u00a0Persontilpasset\u00a0medisin omfatter blant annet behandling med legemidler som er utviklet for \u00e5 virke direkte \u00e5rsaksrettet, og er s\u00e6rlig aktuelt for pasienter med\u2026<\/p>\n","protected":false},"author":2877,"featured_media":0,"parent":0,"menu_order":0,"comment_status":"closed","ping_status":"closed","template":"","meta":{"dss_simple_post_excerpt":"","dss_show_featured_image":true,"footnotes":""},"class_list":["post-21","page","type-page","status-publish","hentry"],"language":"nb-NO","_links":{"self":[{"href":"https:\/\/nettsteder.regjeringen.no\/persontilpassetmedisin\/wp-json\/wp\/v2\/pages\/21","targetHints":{"allow":["GET"]}}],"collection":[{"href":"https:\/\/nettsteder.regjeringen.no\/persontilpassetmedisin\/wp-json\/wp\/v2\/pages"}],"about":[{"href":"https:\/\/nettsteder.regjeringen.no\/persontilpassetmedisin\/wp-json\/wp\/v2\/types\/page"}],"author":[{"embeddable":true,"href":"https:\/\/nettsteder.regjeringen.no\/persontilpassetmedisin\/wp-json\/wp\/v2\/users\/2877"}],"replies":[{"embeddable":true,"href":"https:\/\/nettsteder.regjeringen.no\/persontilpassetmedisin\/wp-json\/wp\/v2\/comments?post=21"}],"version-history":[{"count":2,"href":"https:\/\/nettsteder.regjeringen.no\/persontilpassetmedisin\/wp-json\/wp\/v2\/pages\/21\/revisions"}],"predecessor-version":[{"id":44,"href":"https:\/\/nettsteder.regjeringen.no\/persontilpassetmedisin\/wp-json\/wp\/v2\/pages\/21\/revisions\/44"}],"wp:attachment":[{"href":"https:\/\/nettsteder.regjeringen.no\/persontilpassetmedisin\/wp-json\/wp\/v2\/media?parent=21"}],"curies":[{"name":"wp","href":"https:\/\/api.w.org\/{rel}","templated":true}]}}