{"id":7,"date":"2026-01-08T13:36:51","date_gmt":"2026-01-08T12:36:51","guid":{"rendered":"https:\/\/nettsteder.regjeringen.no\/pbrlovutvalget\/?page_id=7"},"modified":"2026-01-19T13:20:23","modified_gmt":"2026-01-19T12:20:23","slug":"mandat","status":"publish","type":"page","link":"https:\/\/nettsteder.regjeringen.no\/pbrlovutvalget\/mandat\/","title":{"rendered":"Mandat"},"content":{"rendered":"\n<p><strong>Mandat for offentlig utredning av ny pasient- og brukerrettighetslov<br>(Pasient- og brukerrettighetslovutvalget)<\/strong><\/p>\n\n\n\n<p>Tilgangen til n\u00f8dvendige helse- og omsorgstjenester er avgj\u00f8rende for den enkeltes velferd. N\u00e5r vi opplever helsesvikt, skal vi kunne forvente \u00e5 f\u00e5 n\u00f8dvendig hjelp i tide, med forsvarlig innhold og med respekt for v\u00e5r verdighet og integritet.<\/p>\n\n\n\n<p>Pasient- og brukerrettighetsloven har siden 2001 v\u00e6rt et sentralt virkemiddel for \u00e5 sikre<br>pasienter og brukere likeverdig tilgang til helse- og omsorgstjenester og for \u00e5 underst\u00f8tte<br>gode pasientforl\u00f8p. Medisinske og teknologiske fremskritt, endringer i trygde- og<br>finansieringsordninger og befolkningssammensetningen har siden skapt en ny virkelighet.<br>Loven har i tillegg v\u00e6rt gjenstand for en rekke endringer, noe som har bidratt til et<br>omfattende og delvis uoversiktlig regelverk som kan v\u00e6re krevende \u00e5 forst\u00e5 og anvende.<br>Behovet for en helhetlig gjennomgang forsterkes av endringer i befolkningens behov, i<br>tjenestenes innhold og organisering, og i samfunnets forventninger til rettigheter, finansiering og ansvar.<\/p>\n\n\n\n<p><br><strong>Mandat for utvalgets arbeid<\/strong><br>Utvalget skal gjennomf\u00f8re en fullstendig revisjon av loven for \u00e5 sikre et klarere og mer<br>brukervennlig lovverk. Utvalget skal vurdere hvordan rettigheter kan reguleres p\u00e5 en m\u00e5te som er forst\u00e5elig og anvendelig for b\u00e5de pasienter, brukere og helsepersonell. Rettighetsreguleringen m\u00e5 fremme tillit og likeverdig tilgang til helse- og omsorgstjenester for hele befolkningen. Videre m\u00e5 reguleringen tydeliggj\u00f8re roller og ansvar, gi n\u00f8dvendig rom for faglige vurderinger og lokal tilpasning, og st\u00f8tte opp under god samhandling p\u00e5 tvers av tjenesteniv\u00e5er og ansvarsomr\u00e5der.<\/p>\n\n\n\n<p><br>Arbeidet skal bygge p\u00e5 et bredt kunnskapsgrunnlag. Utvalget skal blant annet innhente<br>kunnskap om hvordan dagens rettigheter forst\u00e5s og oppleves av ulike brukergrupper i<br>forskjellige aldre, herunder erfaringer med gjeldende klageordninger. I tillegg skal utvalget innhente kunnskap om hvordan loven praktiseres i tjenestene, og vurdere hvordan rettighetenes utforming p\u00e5virker prioritering, ressursbruk og den faktiske tilgjengeligheten til helse- og omsorgstjenester. Kunnskapsgrunnlaget skal samlet sett gi et tydelig bilde av hvordan dagens lov fungerer i praksis for ulike akt\u00f8rer i tjenesten og gi grunnlag for forslag til en ny pasient- og brukerrettighetslov.<\/p>\n\n\n\n<p><br>Videre skal utvalget hente inspirasjon fra andre land som har lykkes med \u00e5 utvikle et klart,<br>oversiktlig og brukervennlig regelverk innen helse- og omsorgsfeltet. Dette omfatter b\u00e5de<br>vurdering av reguleringsstruktur, og hvordan andre land balanserer rettighetsbestemmelser med hensyn til ansvar, prioritering og tjenesteyting.<br>Utvalget skal legge til grunn at det parallelt p\u00e5g\u00e5r et utvalgsarbeid hvor fremtidig organisering av helse- og omsorgstjenestene utredes, og etablere dialog med Helsereformutvalget. Regelverket m\u00e5 derfor v\u00e6re egnet til \u00e5 fungere i samspill med mulige modeller for fremtidig tjenesteorganisering. Utvalget skal ogs\u00e5 etablere dialog med Kommunekommisjonen.<\/p>\n\n\n\n<p><br><strong>Rammer for utvalgets arbeid<\/strong><br>Utvalgets forslag til ny lov skal utredes og beskrives i samsvar med utredningsinstruksen,<br>med s\u00e6rlig vekt p\u00e5 \u00f8konomiske, administrative og personellmessige konsekvenser av<br>forslagene. I samsvar med nevnte instruks skal ogs\u00e5 forholdet til folkerettslige forpliktelser, herunder menneskerettighetene utredes. Eventuelle endringer i loven skal samlet sett ikke f\u00f8re til \u00f8kt ressursbruk, men legge til rette for bedre bruk av personell og kompetanse \u2013 og dermed bidra til at vi f\u00e5r mest mulig igjen for de ressursene vi bruker i helse- og omsorgstjenestene.<\/p>\n\n\n\n<p><br>Utvalget skal ogs\u00e5 identifisere og beskrive behov for endringer i annet relevant regelverk for helse- og omsorgstjenesten dersom dette er n\u00f8dvendig for \u00e5 gjennomf\u00f8re forslagene.<br>Det er etablert en referansegruppe for Helsereformutvalget som ogs\u00e5 skal brukes av dette utvalget. Utvalget skal holde referansegruppen orientert og f\u00e5 innspill til sitt arbeid.<br>Utvalget kan ved behov ta opp sp\u00f8rsm\u00e5l om mandatet med Helse- og<br>omsorgsdepartementet.<\/p>\n\n\n\n<p><br><strong>Utvalgets leveranse<\/strong><br>Utvalget skal levere sin utredning i form av Norsk offentlig utredning (NOU) innen 14. mai 2027.<\/p>\n","protected":false},"excerpt":{"rendered":"<p>Mandat for offentlig utredning av ny pasient- og brukerrettighetslov(Pasient- og brukerrettighetslovutvalget) Tilgangen til n\u00f8dvendige helse- og omsorgstjenester er avgj\u00f8rende for den enkeltes velferd. N\u00e5r vi opplever helsesvikt, skal vi kunne forvente \u00e5 f\u00e5 n\u00f8dvendig hjelp i tide, med forsvarlig innhold og med respekt for v\u00e5r verdighet og integritet. Pasient- og brukerrettighetsloven har siden 2001 v\u00e6rt\u2026<\/p>\n","protected":false},"author":2877,"featured_media":0,"parent":0,"menu_order":0,"comment_status":"closed","ping_status":"closed","template":"","meta":{"dss_simple_post_excerpt":"","dss_show_featured_image":true,"footnotes":""},"class_list":["post-7","page","type-page","status-publish","hentry"],"language":"nb-NO","_links":{"self":[{"href":"https:\/\/nettsteder.regjeringen.no\/pbrlovutvalget\/wp-json\/wp\/v2\/pages\/7","targetHints":{"allow":["GET"]}}],"collection":[{"href":"https:\/\/nettsteder.regjeringen.no\/pbrlovutvalget\/wp-json\/wp\/v2\/pages"}],"about":[{"href":"https:\/\/nettsteder.regjeringen.no\/pbrlovutvalget\/wp-json\/wp\/v2\/types\/page"}],"author":[{"embeddable":true,"href":"https:\/\/nettsteder.regjeringen.no\/pbrlovutvalget\/wp-json\/wp\/v2\/users\/2877"}],"replies":[{"embeddable":true,"href":"https:\/\/nettsteder.regjeringen.no\/pbrlovutvalget\/wp-json\/wp\/v2\/comments?post=7"}],"version-history":[{"count":2,"href":"https:\/\/nettsteder.regjeringen.no\/pbrlovutvalget\/wp-json\/wp\/v2\/pages\/7\/revisions"}],"predecessor-version":[{"id":44,"href":"https:\/\/nettsteder.regjeringen.no\/pbrlovutvalget\/wp-json\/wp\/v2\/pages\/7\/revisions\/44"}],"wp:attachment":[{"href":"https:\/\/nettsteder.regjeringen.no\/pbrlovutvalget\/wp-json\/wp\/v2\/media?parent=7"}],"curies":[{"name":"wp","href":"https:\/\/api.w.org\/{rel}","templated":true}]}}