{"id":54,"date":"2026-01-26T13:47:30","date_gmt":"2026-01-26T12:47:30","guid":{"rendered":"https:\/\/nettsteder.regjeringen.no\/pbrlovutvalget\/?page_id=54"},"modified":"2026-02-06T10:45:54","modified_gmt":"2026-02-06T09:45:54","slug":"nyheter","status":"publish","type":"page","link":"https:\/\/nettsteder.regjeringen.no\/pbrlovutvalget\/nyheter\/","title":{"rendered":"2. m\u00f8tet i utvalget (3. og 4. februar 2026)"},"content":{"rendered":"\n<h2 class=\"wp-block-heading\">Innspill til utvalget<\/h2>\n\n\n\n<p>Utvalget jobber n\u00e5 med faktainnhentingen. P\u00e5 dette m\u00f8tet hadde utvalget invitert flere til \u00e5 gi innspill; Sivilombudet, leder av Kommunekommisjonen og Ukom.<\/p>\n\n\n\n<p>Sivilombud Hanne Harlem<\/p>\n\n\n\n<figure class=\"wp-block-image size-large\"><img loading=\"lazy\" decoding=\"async\" width=\"1024\" height=\"768\" src=\"https:\/\/files.nettsteder.regjeringen.no\/wpuploads01\/sites\/614\/2026\/02\/IMG_0508-1024x768.jpeg\" alt=\"\" class=\"wp-image-90\" srcset=\"https:\/\/files.nettsteder.regjeringen.no\/wpuploads01\/sites\/614\/2026\/02\/IMG_0508-1024x768.jpeg 1024w, https:\/\/files.nettsteder.regjeringen.no\/wpuploads01\/sites\/614\/2026\/02\/IMG_0508-300x225.jpeg 300w, https:\/\/files.nettsteder.regjeringen.no\/wpuploads01\/sites\/614\/2026\/02\/IMG_0508-768x576.jpeg 768w, https:\/\/files.nettsteder.regjeringen.no\/wpuploads01\/sites\/614\/2026\/02\/IMG_0508-1536x1152.jpeg 1536w, https:\/\/files.nettsteder.regjeringen.no\/wpuploads01\/sites\/614\/2026\/02\/IMG_0508.jpeg 2048w\" sizes=\"auto, (max-width: 1024px) 100vw, 1024px\" \/><\/figure>\n\n\n\n<h2 class=\"wp-block-heading\"><\/h2>\n\n\n\n<p>Lederen av Kommunekommisjonen<\/p>\n\n\n\n<p>Eivind Dale <\/p>\n\n\n\n<figure class=\"wp-block-image size-large\"><img loading=\"lazy\" decoding=\"async\" width=\"1024\" height=\"768\" src=\"https:\/\/files.nettsteder.regjeringen.no\/wpuploads01\/sites\/614\/2026\/02\/kommunekom-1024x768.jpg\" alt=\"\" class=\"wp-image-91\" srcset=\"https:\/\/files.nettsteder.regjeringen.no\/wpuploads01\/sites\/614\/2026\/02\/kommunekom-1024x768.jpg 1024w, https:\/\/files.nettsteder.regjeringen.no\/wpuploads01\/sites\/614\/2026\/02\/kommunekom-300x225.jpg 300w, https:\/\/files.nettsteder.regjeringen.no\/wpuploads01\/sites\/614\/2026\/02\/kommunekom-768x576.jpg 768w, https:\/\/files.nettsteder.regjeringen.no\/wpuploads01\/sites\/614\/2026\/02\/kommunekom-1536x1152.jpg 1536w, https:\/\/files.nettsteder.regjeringen.no\/wpuploads01\/sites\/614\/2026\/02\/kommunekom-2048x1536.jpg 2048w\" sizes=\"auto, (max-width: 1024px) 100vw, 1024px\" \/><\/figure>\n\n\n\n<p><\/p>\n","protected":false},"excerpt":{"rendered":"<p>Innspill til utvalget Utvalget jobber n\u00e5 med faktainnhentingen. P\u00e5 dette m\u00f8tet hadde utvalget invitert flere til \u00e5 gi innspill; Sivilombudet, leder av Kommunekommisjonen og Ukom. Sivilombud Hanne Harlem Lederen av Kommunekommisjonen Eivind Dale<\/p>\n","protected":false},"author":2877,"featured_media":0,"parent":0,"menu_order":0,"comment_status":"closed","ping_status":"closed","template":"","meta":{"dss_simple_post_excerpt":"","dss_show_featured_image":true,"footnotes":""},"class_list":["post-54","page","type-page","status-publish","hentry"],"language":"nb-NO","_links":{"self":[{"href":"https:\/\/nettsteder.regjeringen.no\/pbrlovutvalget\/wp-json\/wp\/v2\/pages\/54","targetHints":{"allow":["GET"]}}],"collection":[{"href":"https:\/\/nettsteder.regjeringen.no\/pbrlovutvalget\/wp-json\/wp\/v2\/pages"}],"about":[{"href":"https:\/\/nettsteder.regjeringen.no\/pbrlovutvalget\/wp-json\/wp\/v2\/types\/page"}],"author":[{"embeddable":true,"href":"https:\/\/nettsteder.regjeringen.no\/pbrlovutvalget\/wp-json\/wp\/v2\/users\/2877"}],"replies":[{"embeddable":true,"href":"https:\/\/nettsteder.regjeringen.no\/pbrlovutvalget\/wp-json\/wp\/v2\/comments?post=54"}],"version-history":[{"count":3,"href":"https:\/\/nettsteder.regjeringen.no\/pbrlovutvalget\/wp-json\/wp\/v2\/pages\/54\/revisions"}],"predecessor-version":[{"id":98,"href":"https:\/\/nettsteder.regjeringen.no\/pbrlovutvalget\/wp-json\/wp\/v2\/pages\/54\/revisions\/98"}],"wp:attachment":[{"href":"https:\/\/nettsteder.regjeringen.no\/pbrlovutvalget\/wp-json\/wp\/v2\/media?parent=54"}],"curies":[{"name":"wp","href":"https:\/\/api.w.org\/{rel}","templated":true}]}}