{"id":5,"date":"2026-01-08T13:36:39","date_gmt":"2026-01-08T12:36:39","guid":{"rendered":"https:\/\/nettsteder.regjeringen.no\/pbrlovutvalget\/?page_id=5"},"modified":"2026-01-26T11:29:01","modified_gmt":"2026-01-26T10:29:01","slug":"om-utvalget","status":"publish","type":"page","link":"https:\/\/nettsteder.regjeringen.no\/pbrlovutvalget\/","title":{"rendered":"Om utvalget"},"content":{"rendered":"\n<p>Utvalget skal utrede ny pasient- og brukerrettighetslov. M\u00e5let for arbeidet er \u00e5 f\u00e5 en lov som er lettere \u00e5 forst\u00e5 for pasienter, brukere, p\u00e5r\u00f8rende og fagfolk, og som samtidig bidrar til likeverdig tilgang til helse- og omsorgstjenester.<br><\/p>\n\n\n\n<figure class=\"wp-block-image size-large\"><img loading=\"lazy\" decoding=\"async\" width=\"1024\" height=\"683\" src=\"https:\/\/files.nettsteder.regjeringen.no\/wpuploads01\/sites\/614\/2026\/01\/9J4A1615red3-1024x683.jpg\" alt=\"Mennesker som st\u00e5r sammen i en gruppe\" class=\"wp-image-51\" srcset=\"https:\/\/files.nettsteder.regjeringen.no\/wpuploads01\/sites\/614\/2026\/01\/9J4A1615red3-1024x683.jpg 1024w, https:\/\/files.nettsteder.regjeringen.no\/wpuploads01\/sites\/614\/2026\/01\/9J4A1615red3-300x200.jpg 300w, https:\/\/files.nettsteder.regjeringen.no\/wpuploads01\/sites\/614\/2026\/01\/9J4A1615red3-768x512.jpg 768w, https:\/\/files.nettsteder.regjeringen.no\/wpuploads01\/sites\/614\/2026\/01\/9J4A1615red3-1536x1024.jpg 1536w, https:\/\/files.nettsteder.regjeringen.no\/wpuploads01\/sites\/614\/2026\/01\/9J4A1615red3-2048x1365.jpg 2048w\" sizes=\"auto, (max-width: 1024px) 100vw, 1024px\" \/><\/figure>\n","protected":false},"excerpt":{"rendered":"<p>Utvalget skal utrede ny pasient- og brukerrettighetslov. M\u00e5let for arbeidet er \u00e5 f\u00e5 en lov som er lettere \u00e5 forst\u00e5 for pasienter, brukere, p\u00e5r\u00f8rende og fagfolk, og som samtidig bidrar til likeverdig tilgang til helse- og omsorgstjenester.<\/p>\n","protected":false},"author":2877,"featured_media":0,"parent":0,"menu_order":0,"comment_status":"closed","ping_status":"closed","template":"","meta":{"dss_simple_post_excerpt":"","dss_show_featured_image":true,"footnotes":""},"class_list":["post-5","page","type-page","status-publish","hentry"],"language":"nb-NO","_links":{"self":[{"href":"https:\/\/nettsteder.regjeringen.no\/pbrlovutvalget\/wp-json\/wp\/v2\/pages\/5","targetHints":{"allow":["GET"]}}],"collection":[{"href":"https:\/\/nettsteder.regjeringen.no\/pbrlovutvalget\/wp-json\/wp\/v2\/pages"}],"about":[{"href":"https:\/\/nettsteder.regjeringen.no\/pbrlovutvalget\/wp-json\/wp\/v2\/types\/page"}],"author":[{"embeddable":true,"href":"https:\/\/nettsteder.regjeringen.no\/pbrlovutvalget\/wp-json\/wp\/v2\/users\/2877"}],"replies":[{"embeddable":true,"href":"https:\/\/nettsteder.regjeringen.no\/pbrlovutvalget\/wp-json\/wp\/v2\/comments?post=5"}],"version-history":[{"count":3,"href":"https:\/\/nettsteder.regjeringen.no\/pbrlovutvalget\/wp-json\/wp\/v2\/pages\/5\/revisions"}],"predecessor-version":[{"id":52,"href":"https:\/\/nettsteder.regjeringen.no\/pbrlovutvalget\/wp-json\/wp\/v2\/pages\/5\/revisions\/52"}],"wp:attachment":[{"href":"https:\/\/nettsteder.regjeringen.no\/pbrlovutvalget\/wp-json\/wp\/v2\/media?parent=5"}],"curies":[{"name":"wp","href":"https:\/\/api.w.org\/{rel}","templated":true}]}}