{"id":169,"date":"2026-04-08T13:06:39","date_gmt":"2026-04-08T11:06:39","guid":{"rendered":"https:\/\/nettsteder.regjeringen.no\/pbrlovutvalget\/?page_id=169"},"modified":"2026-04-08T13:15:15","modified_gmt":"2026-04-08T11:15:15","slug":"forste-digitale-innspillsmote","status":"publish","type":"page","link":"https:\/\/nettsteder.regjeringen.no\/pbrlovutvalget\/forste-digitale-innspillsmote\/","title":{"rendered":"F\u00f8rste digitale innspillsm\u00f8te"},"content":{"rendered":"\n<p>I m\u00f8tet 9. mars 2026 inviterte vi interesseorganisasjoner for p\u00e5r\u00f8rende, pasienter og brukere. I alt var det 17 organisasjoner\/foreninger som bidro med verdifulle innspill og erfaringer.<\/p>\n","protected":false},"excerpt":{"rendered":"<p>I m\u00f8tet 9. mars 2026 inviterte vi interesseorganisasjoner for p\u00e5r\u00f8rende, pasienter og brukere. I alt var det 17 organisasjoner\/foreninger som bidro med verdifulle innspill og erfaringer.<\/p>\n","protected":false},"author":2877,"featured_media":0,"parent":0,"menu_order":0,"comment_status":"closed","ping_status":"closed","template":"","meta":{"dss_simple_post_excerpt":"","dss_show_featured_image":true,"footnotes":""},"class_list":["post-169","page","type-page","status-publish","hentry"],"language":"nb-NO","_links":{"self":[{"href":"https:\/\/nettsteder.regjeringen.no\/pbrlovutvalget\/wp-json\/wp\/v2\/pages\/169","targetHints":{"allow":["GET"]}}],"collection":[{"href":"https:\/\/nettsteder.regjeringen.no\/pbrlovutvalget\/wp-json\/wp\/v2\/pages"}],"about":[{"href":"https:\/\/nettsteder.regjeringen.no\/pbrlovutvalget\/wp-json\/wp\/v2\/types\/page"}],"author":[{"embeddable":true,"href":"https:\/\/nettsteder.regjeringen.no\/pbrlovutvalget\/wp-json\/wp\/v2\/users\/2877"}],"replies":[{"embeddable":true,"href":"https:\/\/nettsteder.regjeringen.no\/pbrlovutvalget\/wp-json\/wp\/v2\/comments?post=169"}],"version-history":[{"count":3,"href":"https:\/\/nettsteder.regjeringen.no\/pbrlovutvalget\/wp-json\/wp\/v2\/pages\/169\/revisions"}],"predecessor-version":[{"id":176,"href":"https:\/\/nettsteder.regjeringen.no\/pbrlovutvalget\/wp-json\/wp\/v2\/pages\/169\/revisions\/176"}],"wp:attachment":[{"href":"https:\/\/nettsteder.regjeringen.no\/pbrlovutvalget\/wp-json\/wp\/v2\/media?parent=169"}],"curies":[{"name":"wp","href":"https:\/\/api.w.org\/{rel}","templated":true}]}}